{"id":1150,"date":"2024-09-07T17:22:12","date_gmt":"2024-09-07T15:22:12","guid":{"rendered":"https:\/\/artheodoc.fr\/?page_id=1150"},"modified":"2025-11-19T18:32:27","modified_gmt":"2025-11-19T17:32:27","slug":"openmediavault","status":"publish","type":"page","link":"https:\/\/artheodoc.fr\/index.php\/openmediavault\/","title":{"rendered":"OpenMediaVault"},"content":{"rendered":"\n<p><em>OpenMediaVault est une distribution Linux sous licence libre, bas\u00e9e sur Debian, destin\u00e9e aux serveurs de stockage en r\u00e9seau NAS, fournissant une interface Web pour sa configuration.<\/em><\/p>\n\n\n\n<p><em>Wikip\u00e9dia<\/em><\/p>\n\n\n\n<p>Si l\u2019on veut tester OpenMediaVault, on peut parfaitement le virtualiser dans VirtualBox et cr\u00e9er plusieurs disques virtuels suppl\u00e9mentaires pour la configuration du RAID. On peut \u00e9galement virtualiser Proxmox avec VirtualBox. Si l\u2019on met ces deux machines virtuelles sur le m\u00eame r\u00e9seau, on peut tester le transfert d\u2019images ISO depuis Proxmox vers les partages r\u00e9seau NFS et SAMBA. J\u2019ai test\u00e9 cela, j\u2019ai \u00e9galement install\u00e9 OpenMediaVault sur une machine physique.<\/p>\n\n\n\n<p>Dominique Renaudeau<\/p>\n\n\n\n<figure class=\"wp-block-embed is-type-video is-provider-youtube wp-block-embed-youtube wp-embed-aspect-16-9 wp-has-aspect-ratio\"><div class=\"wp-block-embed__wrapper\">\n<iframe loading=\"lazy\" title=\"Installer OpenMediaVault dans VirtualBox\" width=\"500\" height=\"281\" src=\"https:\/\/www.youtube.com\/embed\/SDpSLwvOIR0?feature=oembed\" frameborder=\"0\" allow=\"accelerometer; autoplay; clipboard-write; encrypted-media; gyroscope; picture-in-picture; web-share\" referrerpolicy=\"strict-origin-when-cross-origin\" allowfullscreen><\/iframe>\n<\/div><figcaption class=\"wp-element-caption\"><br>Installation d\u2019OpenMediaVault dans une machine virtuelle avec VirtualBox.<\/figcaption><\/figure>\n\n\n\n<p><br>Si vous voulez tester la configuration de stockages sous Proxmox install\u00e9s dans OpenMediaVault. Vous pouvez \u00e9galement installer <a href=\"https:\/\/artheodoc.fr\/index.php\/virtualbox\/\" data-type=\"page\" data-id=\"2104\" target=\"_blank\" rel=\"noreferrer noopener\">Proxmox dans VirtualBox<\/a>. Vous pourrez par exemple tester le transfert d\u2019images ISO. Vous trouverez un exemple d\u2019installation sur ma page consacr\u00e9e \u00e0 <a href=\"https:\/\/artheodoc.fr\/index.php\/proxmox\/\" data-type=\"page\" data-id=\"120\" target=\"_blank\" rel=\"noreferrer noopener\">Proxmox<\/a> (\u00e0 adapter). Maintenant que vous savez installer une machine virtuelle sous VirtualBox\u2026<\/p>\n\n\n\n<hr class=\"wp-block-separator has-alpha-channel-opacity is-style-wide\"\/>\n\n\n\n<h2 class=\"wp-block-heading has-pale-ocean-gradient-background has-background has-medium-font-size\"><strong>Installation et configuration de OpenMediaVault<\/strong><\/h2>\n\n\n\n<p>On peut t\u00e9l\u00e9charger l\u2019image iSO d\u2019OpenMediaVault depuis le site&nbsp;:<\/p>\n\n\n\n<p><a href=\"https:\/\/www.openmediavault.org\/\" target=\"_blank\" rel=\"noreferrer noopener\">https:\/\/www.openmediavault.org\/<\/a><\/p>\n\n\n\n<p>Pour installer OpenMediaVault sur une machine physique, on peut utiliser Ventoy (cl\u00e9 USB bootable). On cr\u00e9e le mot de passe root durant l\u2019installation.<\/p>\n\n\n\n<p>On se connecte \u00e0 la machine sous OpenMediaVault depuis un navigateur WEB en HTTP avec son IP sur le r\u00e9seau local. Login\/Mot de passe par d\u00e9faut <strong>admin<\/strong>\/<strong>openmediavault<\/strong>.<\/p>\n\n\n\n<h2 class=\"wp-block-heading has-pale-ocean-gradient-background has-background has-medium-font-size\">On peut ensuite personnaliser le mot de passe du login admin<\/h2>\n\n\n\n<p><strong>Pr\u00e9f\u00e9rences utilisateur<\/strong> ==&gt; <strong>Modifier le mot de passe<\/strong><\/p>\n\n\n\n<p><em>Changer le mot de passe<\/em><\/p>\n\n\n\n<p>Cliquez sur <strong>[Enregistre<\/strong><strong>r<\/strong><strong>]<\/strong><\/p>\n\n\n\n<h2 class=\"wp-block-heading has-pale-ocean-gradient-background has-background has-medium-font-size\">On peut configurer l\u2019adresse en IP fixe et les serveurs DNS<\/h2>\n\n\n\n<p><strong>R\u00e9seau<\/strong> ==&gt; <strong>Interfaces<\/strong><\/p>\n\n\n\n<p><em>S\u00e9lectionnez votre interface<\/em> ==&gt; <strong>Modifier<\/strong><\/p>\n\n\n\n<p>Dans IPv4 M\u00e9thode <strong>Statique<\/strong><\/p>\n\n\n\n<p>Configurer l\u2019adresse, le masque r\u00e9seau et la passerelle.<\/p>\n\n\n\n<p>Dans param\u00e8tres avanc\u00e9s Serveur DNS.<\/p>\n\n\n\n<p>Saisir deux IPs de serveurs DNS s\u00e9par\u00e9e par une ,<\/p>\n\n\n\n<p>Cliquez sur <strong>[Enregistrer]<\/strong><\/p>\n\n\n\n<p><strong>Appliquez<\/strong> \u00ab&nbsp;Changements de configuration en attente&nbsp;\u00bb<\/p>\n\n\n\n<hr class=\"wp-block-separator has-alpha-channel-opacity is-style-wide\"\/>\n\n\n\n<h2 class=\"wp-block-heading has-pale-ocean-gradient-background has-background has-medium-font-size\"><strong>Configuration du RAID<\/strong><\/h2>\n\n\n\n<p>Pour pouvoir g\u00e9rer le raid, on doit installer l\u2019extension openmediavault-md.<\/p>\n\n\n\n<p><strong>Sy<\/strong><strong>s<\/strong><strong>t\u00e8me<\/strong> ==&gt; <strong>Extensions<\/strong><\/p>\n\n\n\n<p>S\u00e9lectionnez openmediavault-md<\/p>\n\n\n\n<p>Cliquez sur <strong>Installer<\/strong><\/p>\n\n\n\n<p><strong>Appliquez<\/strong> \u00ab&nbsp;Changements de configuration en attente&nbsp;\u00bb<\/p>\n\n\n\n<h2 class=\"wp-block-heading has-pale-ocean-gradient-background has-background has-medium-font-size\">On peut ensuite cr\u00e9er le raid 5<\/h2>\n\n\n\n<p><strong>Stockage<\/strong> \u21d2 <strong>Volumes RAID<\/strong><\/p>\n\n\n\n<p><strong>[+] Cr\u00e9er<\/strong><\/p>\n\n\n\n<p>Dans Configuration s\u00e9lectionnez le type de raid (<em>RAID 5 dans mon cas<\/em>).<\/p>\n\n\n\n<p>Dans P\u00e9riph\u00e9riques s\u00e9lectionnez les disques concern\u00e9s.<\/p>\n\n\n\n<p>Cliquez sur <strong>[Enregistrer]<\/strong><\/p>\n\n\n\n<p><strong>Appliquez<\/strong> \u00ab&nbsp;Changements de configuration en attente&nbsp;\u00bb<\/p>\n\n\n\n<h2 class=\"wp-block-heading has-pale-ocean-gradient-background has-background has-medium-font-size\">Montage du RAID 5<\/h2>\n\n\n\n<p><strong>Stockage<\/strong> ==&gt; <strong>Syst\u00e8mes de fichiers<\/strong> ==&gt; <strong>[<\/strong><strong>+<\/strong><strong>] <\/strong><strong>Cr\u00e9er et m<\/strong><strong>onter un syst\u00e8me de fichier<\/strong><\/p>\n\n\n\n<p>S\u00e9lectionnez un Type de fichier (<em>EXT4 dans mon cas<\/em>).<\/p>\n\n\n\n<p><strong>S\u00e9lectionnez un sp\u00e9riph\u00e9rique \u2026<\/strong><\/p>\n\n\n\n<p><em>Vous s\u00e9lectionnez votre RAID.<\/em><\/p>\n\n\n\n<p>Cliquez sur <strong>[Enregistrer]<\/strong><\/p>\n\n\n\n<h2 class=\"wp-block-heading has-medium-font-size\">Si le syst\u00e8me de fichiers n\u2019est pas mont\u00e9<\/h2>\n\n\n\n<p><strong>Appliquez<\/strong> \u00ab&nbsp;Changements de configuration en attente&nbsp;\u00bb<\/p>\n\n\n\n<p><strong>Stockage<\/strong> ==&gt; <strong>Syst\u00e8mes de fichiers<\/strong> ==&gt; <strong>[<\/strong><strong>&gt;<\/strong><strong>] <\/strong><strong>M<\/strong><strong>onter un syst\u00e8me de fichier <\/strong><strong>existant<\/strong><\/p>\n\n\n\n<p>S\u00e9lectionnez votre syst\u00e8me de fichiers.<\/p>\n\n\n\n<p>Cliquez sur <strong>[Enregistrer]<\/strong><\/p>\n\n\n\n<p><strong>Appliquez<\/strong> \u00ab&nbsp;Changements de configuration en attente&nbsp;\u00bb<\/p>\n\n\n\n<h2 class=\"wp-block-heading has-pale-ocean-gradient-background has-background has-medium-font-size\"><strong>Activer les services<\/strong><\/h2>\n\n\n\n<p>Pour NFS <strong>Services<\/strong> ==&gt; <strong>NFS<\/strong> ==&gt; <strong>Param\u00e8tres<\/strong><\/p>\n\n\n\n<p>Cochez <strong>Activ\u00e9<\/strong><\/p>\n\n\n\n<p>Cliquez sur <strong>[Enregistrer]<\/strong><\/p>\n\n\n\n<p><strong>Appliquez \u00ab&nbsp;Changements de configuration en attente&nbsp;\u00bb<\/strong><\/p>\n\n\n\n<p><strong>Pour <\/strong><strong>SMB\/CIFS<\/strong><strong> Services ==&gt; <\/strong><strong>SMB\/CIFS<\/strong><strong> ==&gt; Param\u00e8tres<\/strong><\/p>\n\n\n\n<p>Cochez <strong>Activ\u00e9<\/strong><\/p>\n\n\n\n<p>Cliquez sur <strong>[Enregistrer]<\/strong><\/p>\n\n\n\n<p><strong>Appliquez \u00ab&nbsp;Changements de configuration en attente&nbsp;\u00bb<\/strong><\/p>\n\n\n\n<hr class=\"wp-block-separator has-alpha-channel-opacity is-style-wide\"\/>\n\n\n\n<h2 class=\"wp-block-heading has-pale-ocean-gradient-background has-background has-medium-font-size\"><strong>Cr\u00e9er un dossier <\/strong><strong>partag\u00e9<\/strong> pour le NFS<\/h2>\n\n\n\n<p><strong>Stockage<\/strong> ==&gt; <strong>Dossiers partag\u00e9s<\/strong> ==&gt; <strong>[+] <\/strong><strong>Cr\u00e9er<\/strong><\/p>\n\n\n\n<p>Nom&nbsp;: Nom du dossier (<em>savenfs dans mon cas<\/em>)<\/p>\n\n\n\n<p>Syst\u00e8me de fichiers&nbsp;: Mon RAID (<em>\/dev\/md0<\/em>)<\/p>\n\n\n\n<p>Chemin relatif&nbsp;: <em>nom du dossier<\/em>\/ (<em>savenfs\/ dans mon cas<\/em>)<\/p>\n\n\n\n<p>Permissions&nbsp;: <em>Les droits <\/em><em>en lecture\/\u00e9criture pour tous.<\/em><\/p>\n\n\n\n<p>Etiquettes&nbsp;: <em>Un commentaire sur le dossier<\/em><\/p>\n\n\n\n<p>Cliquez sur <strong>[Enregistrer]<\/strong><\/p>\n\n\n\n<p><strong>Appliquez<\/strong> \u00ab&nbsp;Changements de configuration en attente&nbsp;\u00bb<\/p>\n\n\n\n<h2 class=\"wp-block-heading has-pale-ocean-gradient-background has-background has-medium-font-size\"><strong>Cr\u00e9ation du partage NFS<\/strong><\/h2>\n\n\n\n<p>Cr\u00e9ation du partage NFS du dossier<\/p>\n\n\n\n<p><strong>Services<\/strong> ==&gt; <strong>NFS<\/strong> \u21d2 <strong>Partages<\/strong> ==&gt; <strong>[+] <\/strong><strong>Cr\u00e9er<\/strong><\/p>\n\n\n\n<p>Shared Folder *&nbsp;: Mon dossier pour le partage NFS (<em>savenfs dans mon cas<\/em>)<\/p>\n\n\n\n<p>Client *&nbsp;: Mon reseau local <em>192.168.1.0\/24 dans mon cas<\/em> &#8211; On peut limiter l&rsquo;acc\u00e8s \u00e0 une adresse (celle de Proxmox par exemple).<\/p>\n\n\n\n<p>Permission&nbsp;: Par exemple Lecture\/\u00c9criture.<\/p>\n\n\n\n<p>Options suppl\u00e9mentaires&nbsp;: par d\u00e9faut subtree_check,insecure<\/p>\n\n\n\n<p>\u00c9tiquettes&nbsp;: <em>Un commentaire sur le dossier<\/em><\/p>\n\n\n\n<p>Cliquez sur <strong>[Enregistrer]<\/strong><\/p>\n\n\n\n<p><em><strong>Appliquez<\/strong><\/em><em> \u00ab&nbsp;Changements de configuration en attente&nbsp;\u00bb<\/em><\/p>\n\n\n\n<hr class=\"wp-block-separator has-alpha-channel-opacity is-style-wide\"\/>\n\n\n\n<h2 class=\"wp-block-heading has-blush-light-purple-gradient-background has-background has-medium-font-size\"><strong>C<\/strong><strong>onfiguration du partage NFS dans Proxmox<\/strong><\/h2>\n\n\n\n<p><strong>C<\/strong><strong>entre de donn\u00e9es<\/strong> ==&gt; <strong>Stockage<\/strong> ==&gt; <strong>[Ajouter]<\/strong> ==&gt; <strong>NFS<\/strong><\/p>\n\n\n\n<figure class=\"wp-block-image size-full\"><img loading=\"lazy\" decoding=\"async\" width=\"620\" height=\"267\" src=\"https:\/\/artheodoc.fr\/wp-content\/uploads\/2024\/09\/Stockage_NFS_Proxmox.png\" alt=\"\" class=\"wp-image-1151\" srcset=\"https:\/\/artheodoc.fr\/wp-content\/uploads\/2024\/09\/Stockage_NFS_Proxmox.png 620w, https:\/\/artheodoc.fr\/wp-content\/uploads\/2024\/09\/Stockage_NFS_Proxmox-300x129.png 300w\" sizes=\"auto, (max-width: 620px) 100vw, 620px\" \/><\/figure>\n\n\n\n<p>J\u2019ai nomm\u00e9 mon stockage NFS <em>NAS-NFS<\/em> l\u2019IP de mon serveur OpenMediaVault sur le r\u00e9seau local est <em>192.168.1.250<\/em> mon dossier partag\u00e9 se nomme <em>savenfs <\/em>pour le contenu, j\u2019ai ajout\u00e9 les images iSO. Mon Proxmox est virtualis\u00e9 sous VirtualBox pour mes tests (je vais tester le transfert d\u2019images ISO.).<\/p>\n\n\n\n<p>Depuis le n\u0153ud <em>pve dans mon cas<\/em> je peux s\u00e9lectionner mon partage NFS et t\u00e9l\u00e9verser un image ISO si j\u2019ai configurer ce stockage pour les images ISO.<\/p>\n\n\n\n<p>Cliquez sur <strong>[Ajouter]<\/strong>.<\/p>\n\n\n\n<hr class=\"wp-block-separator has-alpha-channel-opacity is-style-wide\"\/>\n\n\n\n<h2 class=\"wp-block-heading has-pale-ocean-gradient-background has-background has-medium-font-size\"><strong> SAMBA<\/strong> <strong>SMB\/CIFS<\/strong><\/h2>\n\n\n\n<p><strong>Cr\u00e9er un utilisateur<\/strong><\/p>\n\n\n\n<p><strong>Utilisateurs<\/strong> ==&gt; <strong>Utilisateurs<\/strong> ==&gt; <strong>[+] <\/strong><strong>Cr\u00e9er<\/strong><\/p>\n\n\n\n<p>Nom *&nbsp;: <em>winuser (dans mon cas)<\/em><\/p>\n\n\n\n<p>D\u00e9finir le mot de passe.<\/p>\n\n\n\n<p>Shell&nbsp;: \/bin\/sh<\/p>\n\n\n\n<p>S\u00e9lectionner le groupe (<em>users<\/em><em> dans mon cas<\/em>).<\/p>\n\n\n\n<p>On peut interdire la modification de compte par l\u2019utilisateur.<\/p>\n\n\n\n<p>Cliquez sur <strong>[Enregistrer]<\/strong><\/p>\n\n\n\n<p><strong>Appliquez<\/strong> \u00ab&nbsp;Changements de configuration en attente&nbsp;\u00bb<\/p>\n\n\n\n<h2 class=\"wp-block-heading has-pale-ocean-gradient-background has-background has-medium-font-size\"><strong>Cr\u00e9er un dossier <\/strong><strong>partag\u00e9<\/strong> pour SAMBA<\/h2>\n\n\n\n<p>On doit commencer par cr\u00e9er un dossier partag\u00e9 comme vu pr\u00e9c\u00e9demment.<\/p>\n\n\n\n<p><strong>Stockage<\/strong> ==&gt; <strong>Dossiers partag\u00e9s<\/strong> ==&gt; <strong>[+] <\/strong><strong>Cr\u00e9er<\/strong><\/p>\n\n\n\n<p>Nom&nbsp;: Nom du dossier (<em>save<\/em><em>samba<\/em><em> dans mon cas<\/em>)<\/p>\n\n\n\n<p>Syst\u00e8me de fichiers&nbsp;: Mon RAID (<em>\/dev\/md0<\/em>)<\/p>\n\n\n\n<p>Chemin relatif&nbsp;: <em>nom du dossier<\/em>\/ (<em>save<\/em><em>samba<\/em><em>\/ dans mon cas<\/em>)<\/p>\n\n\n\n<p>Permissions&nbsp;: <em>Les droits <\/em><em>A<\/em><em>dministrateur: lect.\/\u00e9crit., Utilisateur: lect.\/\u00e9crit., Autres: pas d&rsquo;acc\u00e8s<\/em><\/p>\n\n\n\n<p>Etiquettes&nbsp;: <em>Un commentaire sur le dossier<\/em><\/p>\n\n\n\n<p>Cliquez sur <strong>[Enregistrer]<\/strong><\/p>\n\n\n\n<p><strong>Appliquez<\/strong> \u00ab&nbsp;Changements de configuration en attente&nbsp;\u00bb<\/p>\n\n\n\n<p><strong>Stockage<\/strong> \u21d2 <strong>Dossiers partag\u00e9s<\/strong><\/p>\n\n\n\n<p>S\u00e9lectionnez votre partage SAMBA (<em>savesamba dans mon cas<\/em>).<\/p>\n\n\n\n<p><strong>Liste des droits avanc\u00e9s<\/strong><\/p>\n\n\n\n<p>Remplacer toutes les permissions existantes&nbsp;: coch\u00e9<\/p>\n\n\n\n<p>R\u00e9cursif&nbsp;: coch\u00e9<\/p>\n\n\n\n<p>Propri\u00e9taire&nbsp;: <em>winuser (dans mon cas)<\/em><\/p>\n\n\n\n<p>Permissions&nbsp;: Lecture\/\u00c9criture\/Ex\u00e9cution<\/p>\n\n\n\n<p>Permission du groupe&nbsp;: Aucun<\/p>\n\n\n\n<p>Autre&nbsp;: Aucun<\/p>\n\n\n\n<p>Cliquez sur <strong>[Enregistrer]<\/strong><\/p>\n\n\n\n<h2 class=\"wp-block-heading has-pale-ocean-gradient-background has-background has-medium-font-size\"><strong>Cr\u00e9ation du partage SAMBA<\/strong><\/h2>\n\n\n\n<p>Cr\u00e9ation du partage SAMBA du dossier<\/p>\n\n\n\n<p><strong>Services<\/strong> ==&gt; <strong>SMB\/CIFS<\/strong> ==&gt; <strong>Partages<\/strong> ==&gt; <strong>[+] <\/strong><strong>Cr\u00e9er<\/strong><\/p>\n\n\n\n<p>Shared folder * S\u00e9lectionnez votre dossier partag\u00e9 (<em>savesamba dans mon cas<\/em>).<\/p>\n\n\n\n<p>Cliquez sur <strong>[Enregistrer]<\/strong><\/p>\n\n\n\n<p><strong>Appliquez<\/strong> \u00ab&nbsp;Changements de configuration en attente&nbsp;\u00bb<\/p>\n\n\n\n<hr class=\"wp-block-separator has-alpha-channel-opacity is-style-wide\"\/>\n\n\n\n<h2 class=\"wp-block-heading has-blush-light-purple-gradient-background has-background has-medium-font-size\"><strong>C<\/strong><strong>onfiguration du partage <\/strong><strong>SAMBA<\/strong><strong> dans Proxmox<\/strong><\/h2>\n\n\n\n<p><strong>C<\/strong><strong>entre de donn\u00e9es<\/strong> ==&gt; <strong>Stockage<\/strong> ==&gt; <strong>[Ajouter]<\/strong> ==&gt; <strong>SMB\/CIFS<\/strong><\/p>\n\n\n\n<figure class=\"wp-block-image size-full\"><img loading=\"lazy\" decoding=\"async\" width=\"616\" height=\"297\" src=\"https:\/\/artheodoc.fr\/wp-content\/uploads\/2024\/09\/Stockage_SAMBA_Proxmox.png\" alt=\"\" class=\"wp-image-1152\" srcset=\"https:\/\/artheodoc.fr\/wp-content\/uploads\/2024\/09\/Stockage_SAMBA_Proxmox.png 616w, https:\/\/artheodoc.fr\/wp-content\/uploads\/2024\/09\/Stockage_SAMBA_Proxmox-300x145.png 300w\" sizes=\"auto, (max-width: 616px) 100vw, 616px\" \/><\/figure>\n\n\n\n<p>J\u2019ai nomm\u00e9 mon stockage SMB\/CIFS <em>NAS-<\/em><em>SAMBA<\/em>, l\u2019IP de mon serveur OpenMediaVault sur le r\u00e9seau local est <em>192.168.1.250<\/em>, mon nom d\u2019utilisateur <em>winuser<\/em> (avec son mot de passe), mon dossier partag\u00e9 se nomme <em>save<\/em><em>samba<\/em>, pour le contenu j\u2019ai ajout\u00e9 les images iSO. Mon Proxmox est virtualis\u00e9 sous VirtualBox pour mes tests (je vais tester le transfert d\u2019images ISO.).<\/p>\n\n\n\n<p>Depuis le n\u0153ud <em>pve dans mon cas<\/em> je peux s\u00e9lectionner mon partage SAMBA et t\u00e9l\u00e9verser un image ISO si j\u2019ai configurer ce stockage pour les images ISO.<\/p>\n\n\n\n<p><strong>Cliquez sur [Ajouter].<\/strong><\/p>\n\n\n\n<hr class=\"wp-block-separator has-alpha-channel-opacity is-style-wide\"\/>\n\n\n\n<h2 class=\"wp-block-heading has-pale-ocean-gradient-background has-background has-medium-font-size\">Effacer un disque<\/h2>\n\n\n\n<p>Si vous avez besoin d\u2019effacer vos disques avant de les configurer en RAID.<\/p>\n\n\n\n<p><strong>Stockage<\/strong> ==&gt; <strong>Disques<\/strong><\/p>\n\n\n\n<p>S\u00e9lectionnez le disque.<\/p>\n\n\n\n<p><strong>Effacer<\/strong><\/p>\n\n\n\n<hr class=\"wp-block-separator has-alpha-channel-opacity is-style-wide\"\/>\n\n\n\n<h2 class=\"wp-block-heading has-blush-light-purple-gradient-background has-background has-medium-font-size\"><strong>Activer\/D\u00e9sactiver les stockages dans Proxmox<\/strong><\/h2>\n\n\n\n<p>Quand le NAS n\u2019est pas utilis\u00e9, vous pouvez d\u00e9sactiver les stockages.<\/p>\n\n\n\n<p><strong>Centre de donn\u00e9es<\/strong> ==&gt; <strong>Stockage<\/strong><\/p>\n\n\n\n<p>S\u00e9lectionnez votre stockage ==&gt; <strong>[\u00c9diter]<\/strong><\/p>\n\n\n\n<p>D\u00e9cochez \u00ab&nbsp;<strong>Activer<\/strong>&nbsp;\u00bb<\/p>\n\n\n\n<p><strong>[OK]<\/strong><\/p>\n\n\n\n<p>Vous pouvez faire l\u2019op\u00e9ration inverse pour activer le stockage.<\/p>\n\n\n\n<hr class=\"wp-block-separator has-alpha-channel-opacity is-style-wide\"\/>\n\n\n\n<p class=\"has-medium-font-size\">\u00c0 voir \u00e9galement&nbsp;:<\/p>\n\n\n\n<p><a href=\"https:\/\/artheodoc.fr\/index.php\/sauvegardes-des-machines-virtuelles-sous-proxmox\/\" data-type=\"page\" data-id=\"1255\" target=\"_blank\" rel=\"noreferrer noopener\">Sauvegardes des Machines Virtuelles sous Proxmox<\/a><\/p>\n\n\n\n<p><a href=\"https:\/\/artheodoc.fr\/index.php\/2025\/03\/05\/acceder-a-un-partage-samba-depuis-linux-mint\/\" data-type=\"post\" data-id=\"1875\" target=\"_blank\" rel=\"noreferrer noopener\">Acc\u00e9der \u00e0 un partage Samba depuis Linux Mint<\/a><\/p>\n\n\n\n<p><a href=\"https:\/\/artheodoc.fr\/index.php\/2025\/03\/05\/supprimer-completement-un-partage-samba-dans-openmediavault\/\" data-type=\"post\" data-id=\"1882\" target=\"_blank\" rel=\"noreferrer noopener\">Supprimer compl\u00e8tement un partage Samba dans OpenMediaVault<\/a><\/p>\n\n\n\n<p><a href=\"https:\/\/artheodoc.fr\/index.php\/2025\/11\/19\/installation-de-lextension-file-browser-dans-openmediavault\/\" data-type=\"post\" data-id=\"2607\" target=\"_blank\" rel=\"noreferrer noopener\">Installation de l\u2019extension File Browser dans OpenMediaVault<\/a><\/p>\n","protected":false},"excerpt":{"rendered":"<p>OpenMediaVault est une distribution Linux sous licence libre, bas\u00e9e sur Debian, destin\u00e9e aux serveurs de stockage en r\u00e9seau NAS, fournissant une interface Web pour sa configuration. Wikip\u00e9dia Si l\u2019on veut tester OpenMediaVault, on peut parfaitement le virtualiser dans VirtualBox et cr\u00e9er plusieurs disques virtuels suppl\u00e9mentaires pour la configuration du RAID. On peut \u00e9galement virtualiser Proxmox [&hellip;]<\/p>\n","protected":false},"author":2,"featured_media":0,"parent":0,"menu_order":0,"comment_status":"closed","ping_status":"closed","template":"","meta":{"site-sidebar-layout":"default","site-content-layout":"","ast-site-content-layout":"default","site-content-style":"default","site-sidebar-style":"default","ast-global-header-display":"","ast-banner-title-visibility":"","ast-main-header-display":"","ast-hfb-above-header-display":"","ast-hfb-below-header-display":"","ast-hfb-mobile-header-display":"","site-post-title":"","ast-breadcrumbs-content":"","ast-featured-img":"","footer-sml-layout":"","ast-disable-related-posts":"","theme-transparent-header-meta":"","adv-header-id-meta":"","stick-header-meta":"","header-above-stick-meta":"","header-main-stick-meta":"","header-below-stick-meta":"","astra-migrate-meta-layouts":"default","ast-page-background-enabled":"default","ast-page-background-meta":{"desktop":{"background-color":"var(--ast-global-color-4)","background-image":"","background-repeat":"repeat","background-position":"center center","background-size":"auto","background-attachment":"scroll","background-type":"","background-media":"","overlay-type":"","overlay-color":"","overlay-opacity":"","overlay-gradient":""},"tablet":{"background-color":"","background-image":"","background-repeat":"repeat","background-position":"center center","background-size":"auto","background-attachment":"scroll","background-type":"","background-media":"","overlay-type":"","overlay-color":"","overlay-opacity":"","overlay-gradient":""},"mobile":{"background-color":"","background-image":"","background-repeat":"repeat","background-position":"center center","background-size":"auto","background-attachment":"scroll","background-type":"","background-media":"","overlay-type":"","overlay-color":"","overlay-opacity":"","overlay-gradient":""}},"ast-content-background-meta":{"desktop":{"background-color":"var(--ast-global-color-5)","background-image":"","background-repeat":"repeat","background-position":"center center","background-size":"auto","background-attachment":"scroll","background-type":"","background-media":"","overlay-type":"","overlay-color":"","overlay-opacity":"","overlay-gradient":""},"tablet":{"background-color":"var(--ast-global-color-5)","background-image":"","background-repeat":"repeat","background-position":"center center","background-size":"auto","background-attachment":"scroll","background-type":"","background-media":"","overlay-type":"","overlay-color":"","overlay-opacity":"","overlay-gradient":""},"mobile":{"background-color":"var(--ast-global-color-5)","background-image":"","background-repeat":"repeat","background-position":"center center","background-size":"auto","background-attachment":"scroll","background-type":"","background-media":"","overlay-type":"","overlay-color":"","overlay-opacity":"","overlay-gradient":""}},"footnotes":""},"class_list":["post-1150","page","type-page","status-publish","hentry"],"_links":{"self":[{"href":"https:\/\/artheodoc.fr\/index.php\/wp-json\/wp\/v2\/pages\/1150","targetHints":{"allow":["GET"]}}],"collection":[{"href":"https:\/\/artheodoc.fr\/index.php\/wp-json\/wp\/v2\/pages"}],"about":[{"href":"https:\/\/artheodoc.fr\/index.php\/wp-json\/wp\/v2\/types\/page"}],"author":[{"embeddable":true,"href":"https:\/\/artheodoc.fr\/index.php\/wp-json\/wp\/v2\/users\/2"}],"replies":[{"embeddable":true,"href":"https:\/\/artheodoc.fr\/index.php\/wp-json\/wp\/v2\/comments?post=1150"}],"version-history":[{"count":19,"href":"https:\/\/artheodoc.fr\/index.php\/wp-json\/wp\/v2\/pages\/1150\/revisions"}],"predecessor-version":[{"id":2619,"href":"https:\/\/artheodoc.fr\/index.php\/wp-json\/wp\/v2\/pages\/1150\/revisions\/2619"}],"wp:attachment":[{"href":"https:\/\/artheodoc.fr\/index.php\/wp-json\/wp\/v2\/media?parent=1150"}],"curies":[{"name":"wp","href":"https:\/\/api.w.org\/{rel}","templated":true}]}}