{"id":1199,"date":"2024-09-24T12:09:55","date_gmt":"2024-09-24T10:09:55","guid":{"rendered":"https:\/\/artheodoc.fr\/?page_id=1199"},"modified":"2024-09-25T17:17:36","modified_gmt":"2024-09-25T15:17:36","slug":"le-reverse-proxy-apache","status":"publish","type":"page","link":"https:\/\/artheodoc.fr\/index.php\/le-reverse-proxy-apache\/","title":{"rendered":"Le Reverse Proxy Apache"},"content":{"rendered":"\n<p>1 &#8211; Exemple d\u2019installation d\u2019un Reverse Proxy pour le port 80 HTTP. Dans cet exemple, on utilise le nom de domaine <strong>exemple.memoirevive79.mooo.com<\/strong> et l\u2019on pointe sur l\u2019adresse <strong>IP 192.168.2.79.<\/strong><\/p>\n\n\n\n<p><a href=\"https:\/\/artheodoc.fr\/index.php\/installation-et-configuration-du-reverse-proxy-apache-pour-le-port80-http\/\" data-type=\"page\" data-id=\"78\" target=\"_blank\" rel=\"noreferrer noopener\">Installation et configuration du Reverse Proxy Apache pour le port80 (HTTP)<\/a><\/p>\n\n\n\n<p><br>2 &#8211; Certbot est un outil logiciel gratuit et open source permettant d&rsquo;utiliser automatiquement les certificats Let&rsquo;s Encrypt sur les sites Web administr\u00e9s manuellement pour activer HTTPS.<\/p>\n\n\n\n<p><a href=\"https:\/\/artheodoc.fr\/index.php\/installation-de-certbot\/\" data-type=\"page\" data-id=\"96\" target=\"_blank\" rel=\"noreferrer noopener\">Installation de Certbot<\/a><\/p>\n\n\n\n<p><br>3 &#8211; Exemple de configuration du Reverse Proxy pour le HTTPS avec certificats (Let\u2019s Encrypt). On utilise le m\u00eame nom de domaine et la m\u00eame IP que dans l\u2019exemple pr\u00e9c\u00e9dent (\u00e0 remplacer par vos param\u00e8tres).<\/p>\n\n\n\n<p><a href=\"https:\/\/artheodoc.fr\/index.php\/parametrage-du-reverse-proxy-avec-installation-des-certificats\/\" data-type=\"page\" data-id=\"85\" target=\"_blank\" rel=\"noreferrer noopener\">Param\u00e9trage du Reverse Proxy avec installation des certificats<\/a><\/p>\n\n\n\n<p><br>Pour plus d\u2019informations un exemple concret d\u2019installation d\u2019un certificat pour le nom de domaine <strong>domnextcloud.mooo.com.<\/strong><\/p>\n\n\n\n<p><a href=\"https:\/\/artheodoc.fr\/index.php\/exemple-dinstallation-dun-certificat-avec-certbot\/\" data-type=\"page\" data-id=\"998\" target=\"_blank\" rel=\"noreferrer noopener\">Exemple d\u2019installation d\u2019un certificat avec Certbot<\/a><br><\/p>\n\n\n\n<hr class=\"wp-block-separator has-alpha-channel-opacity is-style-wide\"\/>\n\n\n\n<p class=\"has-medium-font-size\">Plus d&rsquo;informations sur les certificats<\/p>\n\n\n\n<p><a href=\"https:\/\/artheodoc.fr\/index.php\/pour-renouveler-manuellement-les-certificats-lets-encrypt\/\" data-type=\"page\" data-id=\"102\" target=\"_blank\" rel=\"noreferrer noopener\">Pour renouveler manuellement les certificats Let\u2019s Encrypt<\/a><\/p>\n\n\n\n<p><a href=\"https:\/\/artheodoc.fr\/index.php\/gestion-des-certificats\/\" data-type=\"page\" data-id=\"650\" target=\"_blank\" rel=\"noreferrer noopener\">Gestion des certificats<\/a><\/p>\n","protected":false},"excerpt":{"rendered":"<p>1 &#8211; Exemple d\u2019installation d\u2019un Reverse Proxy pour le port 80 HTTP. Dans cet exemple, on utilise le nom de domaine exemple.memoirevive79.mooo.com et l\u2019on pointe sur l\u2019adresse IP 192.168.2.79. Installation et configuration du Reverse Proxy Apache pour le port80 (HTTP) 2 &#8211; Certbot est un outil logiciel gratuit et open source permettant d&rsquo;utiliser automatiquement les [&hellip;]<\/p>\n","protected":false},"author":2,"featured_media":0,"parent":0,"menu_order":0,"comment_status":"closed","ping_status":"closed","template":"","meta":{"site-sidebar-layout":"default","site-content-layout":"","ast-site-content-layout":"default","site-content-style":"default","site-sidebar-style":"default","ast-global-header-display":"","ast-banner-title-visibility":"","ast-main-header-display":"","ast-hfb-above-header-display":"","ast-hfb-below-header-display":"","ast-hfb-mobile-header-display":"","site-post-title":"","ast-breadcrumbs-content":"","ast-featured-img":"","footer-sml-layout":"","ast-disable-related-posts":"","theme-transparent-header-meta":"","adv-header-id-meta":"","stick-header-meta":"","header-above-stick-meta":"","header-main-stick-meta":"","header-below-stick-meta":"","astra-migrate-meta-layouts":"default","ast-page-background-enabled":"default","ast-page-background-meta":{"desktop":{"background-color":"var(--ast-global-color-4)","background-image":"","background-repeat":"repeat","background-position":"center center","background-size":"auto","background-attachment":"scroll","background-type":"","background-media":"","overlay-type":"","overlay-color":"","overlay-opacity":"","overlay-gradient":""},"tablet":{"background-color":"","background-image":"","background-repeat":"repeat","background-position":"center center","background-size":"auto","background-attachment":"scroll","background-type":"","background-media":"","overlay-type":"","overlay-color":"","overlay-opacity":"","overlay-gradient":""},"mobile":{"background-color":"","background-image":"","background-repeat":"repeat","background-position":"center center","background-size":"auto","background-attachment":"scroll","background-type":"","background-media":"","overlay-type":"","overlay-color":"","overlay-opacity":"","overlay-gradient":""}},"ast-content-background-meta":{"desktop":{"background-color":"var(--ast-global-color-5)","background-image":"","background-repeat":"repeat","background-position":"center center","background-size":"auto","background-attachment":"scroll","background-type":"","background-media":"","overlay-type":"","overlay-color":"","overlay-opacity":"","overlay-gradient":""},"tablet":{"background-color":"var(--ast-global-color-5)","background-image":"","background-repeat":"repeat","background-position":"center center","background-size":"auto","background-attachment":"scroll","background-type":"","background-media":"","overlay-type":"","overlay-color":"","overlay-opacity":"","overlay-gradient":""},"mobile":{"background-color":"var(--ast-global-color-5)","background-image":"","background-repeat":"repeat","background-position":"center center","background-size":"auto","background-attachment":"scroll","background-type":"","background-media":"","overlay-type":"","overlay-color":"","overlay-opacity":"","overlay-gradient":""}},"footnotes":""},"class_list":["post-1199","page","type-page","status-publish","hentry"],"_links":{"self":[{"href":"https:\/\/artheodoc.fr\/index.php\/wp-json\/wp\/v2\/pages\/1199","targetHints":{"allow":["GET"]}}],"collection":[{"href":"https:\/\/artheodoc.fr\/index.php\/wp-json\/wp\/v2\/pages"}],"about":[{"href":"https:\/\/artheodoc.fr\/index.php\/wp-json\/wp\/v2\/types\/page"}],"author":[{"embeddable":true,"href":"https:\/\/artheodoc.fr\/index.php\/wp-json\/wp\/v2\/users\/2"}],"replies":[{"embeddable":true,"href":"https:\/\/artheodoc.fr\/index.php\/wp-json\/wp\/v2\/comments?post=1199"}],"version-history":[{"count":3,"href":"https:\/\/artheodoc.fr\/index.php\/wp-json\/wp\/v2\/pages\/1199\/revisions"}],"predecessor-version":[{"id":1227,"href":"https:\/\/artheodoc.fr\/index.php\/wp-json\/wp\/v2\/pages\/1199\/revisions\/1227"}],"wp:attachment":[{"href":"https:\/\/artheodoc.fr\/index.php\/wp-json\/wp\/v2\/media?parent=1199"}],"curies":[{"name":"wp","href":"https:\/\/api.w.org\/{rel}","templated":true}]}}