{"id":120,"date":"2023-11-28T12:53:38","date_gmt":"2023-11-28T11:53:38","guid":{"rendered":"https:\/\/artheodoc.fr\/?page_id=120"},"modified":"2025-05-04T18:38:04","modified_gmt":"2025-05-04T16:38:04","slug":"proxmox","status":"publish","type":"page","link":"https:\/\/artheodoc.fr\/index.php\/proxmox\/","title":{"rendered":"Proxmox"},"content":{"rendered":"\n<div class=\"wp-block-group has-background is-layout-constrained wp-block-group-is-layout-constrained\" style=\"background-color:#ddf0fa\">\n<figure class=\"wp-block-image aligncenter size-full\"><img loading=\"lazy\" decoding=\"async\" width=\"347\" height=\"168\" src=\"https:\/\/artheodoc.fr\/wp-content\/uploads\/2023\/11\/Logo_Proxmox.jpg\" alt=\"\" class=\"wp-image-121\" srcset=\"https:\/\/artheodoc.fr\/wp-content\/uploads\/2023\/11\/Logo_Proxmox.jpg 347w, https:\/\/artheodoc.fr\/wp-content\/uploads\/2023\/11\/Logo_Proxmox-300x145.jpg 300w\" sizes=\"auto, (max-width: 347px) 100vw, 347px\" \/><\/figure>\n\n\n\n<p>Le syst\u00e8me install\u00e9 sur le serveur (<a href=\"https:\/\/artheodoc.fr\/index.php\/association-memoire-vive\/\" data-type=\"page\" data-id=\"154\" target=\"_blank\" rel=\"noreferrer noopener\">de l&rsquo;association M\u00e9moire Vive<\/a>) est Proxmox, c\u2019est un hyperviseur de type 1 (syst\u00e8me d\u2019exploitation et de virtualisation) il est bas\u00e9 sur la distribution GNU\/Linux Debian, concr\u00e8tement cela permet d\u2019installer des serveurs virtualis\u00e9s, on peut donc sur la machine physique avoir de nombreux serveurs virtuels dans la limite des ressources mat\u00e9rielles. Les utilisateurs de VirtualBox qui ont d\u00e9j\u00e0 des notions sur la virtualisation seront plus \u00e0 m\u00eame de comprendre rapidement ce syst\u00e8me. La virtualisation apporte une grande souplesse, on peut rapidement d\u00e9marrer, cr\u00e9er ou supprimer un serveur le cloner, etc. On pilote Proxmox depuis le r\u00e9seau local ou \u00e0 distance via une interface WEB en utilisant un navigateur.<\/p>\n<\/div>\n\n\n\n<div class=\"wp-block-group has-background is-layout-constrained wp-block-group-is-layout-constrained\" style=\"background-color:#faf4ed\">\n<h2 class=\"wp-block-heading\"><strong>Cr\u00e9ation d&rsquo;une cl\u00e9 USB bootable pour installer Proxmox VE<br><\/strong><\/h2>\n\n\n\n<p>J&rsquo;ai utilis\u00e9 cette cl\u00e9 pour une installation sur un ordinateur avec un BIOS non UEFI.<\/p>\n\n\n\n<p><a href=\"https:\/\/artheodoc.fr\/wp-content\/uploads\/2024\/08\/Utiliser_Rufus_pour_creer_une_cle_USB_bootable_pour_l_installation_de_Proxmox_8_2-1_MBR.pdf\" data-type=\"link\" data-id=\"https:\/\/artheodoc.fr\/wp-content\/uploads\/2024\/08\/Utiliser_Rufus_pour_creer_une_cle_USB_bootable_pour_l_installation_de_Proxmox_8_2-1_MBR.pdf\" target=\"_blank\" rel=\"noreferrer noopener\">Utiliser Rufus pour cr\u00e9er une cl\u00e9 USB bootable pour l\u2019installation de Proxmox 8.2-1 (MBR)<\/a><\/p>\n<\/div>\n\n\n\n<div class=\"wp-block-group is-layout-constrained wp-block-group-is-layout-constrained\">\n<h2 class=\"wp-block-heading wp-embed-aspect-16-9 wp-has-aspect-ratio\">Proc\u00e9dure d\u2019installation de Proxmox VE 8.2<\/h2>\n\n\n\n<figure class=\"wp-block-embed aligncenter is-type-video is-provider-youtube wp-block-embed-youtube wp-embed-aspect-16-9 wp-has-aspect-ratio\"><div class=\"wp-block-embed__wrapper\">\n<iframe loading=\"lazy\" title=\"Installation Proxmox VE 8.2\" width=\"500\" height=\"281\" src=\"https:\/\/www.youtube.com\/embed\/UwJMo1e-n4Q?feature=oembed\" frameborder=\"0\" allow=\"accelerometer; autoplay; clipboard-write; encrypted-media; gyroscope; picture-in-picture; web-share\" referrerpolicy=\"strict-origin-when-cross-origin\" allowfullscreen><\/iframe>\n<\/div><\/figure>\n<\/div>\n\n\n\n<div class=\"wp-block-group has-background is-layout-constrained wp-block-group-is-layout-constrained\" style=\"background-color:#faf4ed\">\n<h2 class=\"wp-block-heading\"><strong>Virtualiser Proxmox dans VirtualBox<\/strong><\/h2>\n\n\n\n<p class=\"has-pale-ocean-gradient-background has-background\">Vous n\u2019avez pas de serveur pour installer Proxmox&nbsp;? Vous pouvez utiliser VirtualBox sous Windows ou Linux pour le virtualiser si votre PC a les ressources n\u00e9cessaires. Vous trouverez ici les informations pour activer la virtualisation et le routage. Pour ce qui me concerne, cela peut \u00eatre int\u00e9ressant pour des tests ou la r\u00e9alisation de tutoriels.<\/p>\n\n\n\n<p><a href=\"https:\/\/artheodoc.fr\/index.php\/virtualbox\/\" data-type=\"page\" data-id=\"2104\" target=\"_blank\" rel=\"noreferrer noopener\">VirtualBox<\/a><\/p>\n\n\n\n<hr class=\"wp-block-separator has-alpha-channel-opacity is-style-wide\"\/>\n\n\n\n<h2 class=\"wp-block-heading\">Acc\u00e8s \u00e0 Proxmox VE en SSH<\/h2>\n\n\n\n<p><br>La connexion SSH en root fonctionne sur le r\u00e9seau local avec le port par d\u00e9faut (22). Exemples de connexions avec PuTTY sous Windows et depuis le terminal sous Linux.<\/p>\n\n\n\n<p><a href=\"https:\/\/artheodoc.fr\/index.php\/utilisation-de-putty-depuis-le-reseau-local-ou-a-distance\/\" data-type=\"page\" data-id=\"54\" target=\"_blank\" rel=\"noreferrer noopener\">Utilisation de PuTTY depuis le r\u00e9seau local ou \u00e0 distance<\/a><\/p>\n\n\n\n<hr class=\"wp-block-separator has-alpha-channel-opacity is-style-wide\"\/>\n\n\n\n<h2 class=\"wp-block-heading\">Transfert d&rsquo;images ISO<\/h2>\n\n\n\n<p class=\"has-pale-ocean-gradient-background has-background\">Avant de r\u00e9aliser des installations de machines virtuelles, on doit transf\u00e9rer les images ISO n\u00e9cessaires. Dans cet exemple, on transf\u00e8re une image ISO sur <strong>NAS-NFS (pve)<\/strong> un stockage que j&rsquo;ai ajout\u00e9 (<a href=\"https:\/\/artheodoc.fr\/index.php\/openmediavault\/\" data-type=\"page\" data-id=\"1150\" target=\"_blank\" rel=\"noreferrer noopener\">OpenMediaVault<\/a>), mais on peut \u00e9galement utiliser <strong>local (pve)<\/strong>.<\/p>\n\n\n\n<p><a href=\"https:\/\/artheodoc.fr\/index.php\/2024\/10\/19\/transferer-les-images-iso-dans-proxmox\/\" data-type=\"post\" data-id=\"1336\" target=\"_blank\" rel=\"noreferrer noopener\">Transf\u00e9rer les images ISO dans Proxmox<\/a><\/p>\n<\/div>\n\n\n\n<div style=\"height:15px\" aria-hidden=\"true\" class=\"wp-block-spacer\"><\/div>\n\n\n\n<h2 class=\"wp-block-heading has-large-font-size\">Installation d\u2019une machine virtuelle sous Debian 12 dans Proxmox VE<\/h2>\n\n\n\n<figure class=\"wp-block-embed is-type-video is-provider-youtube wp-block-embed-youtube wp-embed-aspect-16-9 wp-has-aspect-ratio\"><div class=\"wp-block-embed__wrapper\">\n<iframe loading=\"lazy\" title=\"Installation d\u2019une machine virtuelle sous Debian 12 dans Proxmox pour un futur serveur\" width=\"500\" height=\"281\" src=\"https:\/\/www.youtube.com\/embed\/e7cSvfLvBZs?feature=oembed\" frameborder=\"0\" allow=\"accelerometer; autoplay; clipboard-write; encrypted-media; gyroscope; picture-in-picture; web-share\" referrerpolicy=\"strict-origin-when-cross-origin\" allowfullscreen><\/iframe>\n<\/div><\/figure>\n\n\n\n<div class=\"wp-block-group has-background is-layout-constrained wp-block-group-is-layout-constrained\" style=\"background-color:#faf4ed\">\n<h2 class=\"wp-block-heading\">Pr\u00e9requis apr\u00e8s l&rsquo;installation d&rsquo;une machine virtuelle sous Debian 11 ou 12<\/h2>\n\n\n\n<p class=\"has-pale-ocean-gradient-background has-background\">Les premi\u00e8res choses que je fais lorsque j\u2019ai r\u00e9alis\u00e9 une installation de Debian sans interface graphique pour un futur serveur.<\/p>\n\n\n\n<p>Modification de la variable d\u2019environnement <strong>PATH<\/strong> pour pouvoir utiliser les commandes du Shell :<\/p>\n\n\n\n<p><a href=\"https:\/\/artheodoc.fr\/index.php\/modification-de-la-variable-denvironnement-path-pour-pouvoir-utiliser-les-commandes-du-shell\/\" target=\"_blank\" rel=\"noreferrer noopener\">https:\/\/artheodoc.fr\/index.php\/modification-de-la-variable-denvironnement-path-pour-pouvoir-utiliser-les-commandes-du-shell\/<\/a><\/p>\n\n\n\n<p>Modification du fichier sources.list :<\/p>\n\n\n\n<p><a href=\"https:\/\/artheodoc.fr\/index.php\/modification-du-fichier-sources-list-sous-debian-11\/\" target=\"_blank\" rel=\"noreferrer noopener\">https:\/\/artheodoc.fr\/index.php\/modification-du-fichier-sources-list-sous-debian-11\/<\/a><\/p>\n\n\n\n<p>Exemple de param\u00e9trages en IP fixe sous debian :<\/p>\n\n\n\n<p><a href=\"https:\/\/artheodoc.fr\/index.php\/exemple-de-parametrages-en-ip-fixe-sous-debian-11\/\" target=\"_blank\" rel=\"noreferrer noopener\">https:\/\/artheodoc.fr\/index.php\/exemple-de-parametrages-en-ip-fixe-sous-debian-11\/<\/a><\/p>\n\n\n\n<p>Changer le port pour SSH :<\/p>\n\n\n\n<p><a href=\"https:\/\/artheodoc.fr\/index.php\/changer-le-port-pour-ssh\/\" target=\"_blank\" rel=\"noreferrer noopener\">https:\/\/artheodoc.fr\/index.php\/changer-le-port-pour-ssh\/<\/a><\/p>\n<\/div>\n\n\n\n<hr class=\"wp-block-separator has-alpha-channel-opacity is-style-wide\"\/>\n\n\n\n<div class=\"wp-block-group has-background is-layout-constrained wp-block-group-is-layout-constrained\" style=\"background-color:#faf4ed\">\n<h2 class=\"wp-block-heading\">Cr\u00e9ation d&rsquo;un conteneur LXC<\/h2>\n\n\n\n<p>Les conteneurs LXC dans Proxmox :<\/p>\n\n\n\n<p><a href=\"https:\/\/artheodoc.fr\/wp-content\/uploads\/2024\/11\/installation_d_un_conteneur_dans_proxmox.pdf\" data-type=\"link\" data-id=\"https:\/\/artheodoc.fr\/wp-content\/uploads\/2024\/11\/installation_d_un_conteneur_dans_proxmox.pdf\" target=\"_blank\" rel=\"noreferrer noopener\">Installation d\u2019un conteneur dans Proxmox<\/a><\/p>\n\n\n\n<p><a href=\"https:\/\/artheodoc.fr\/wp-content\/uploads\/2024\/11\/sauvegardes_de_conteneurs_avec_proxmox.pdf\" data-type=\"link\" data-id=\"https:\/\/artheodoc.fr\/wp-content\/uploads\/2024\/11\/sauvegardes_de_conteneurs_avec_proxmox.pdf\" target=\"_blank\" rel=\"noreferrer noopener\">Sauvegardes de conteneurs avec Proxmox<\/a><\/p>\n\n\n\n<p>Exemple avec Alpine Linux :<\/p>\n\n\n\n<p><a href=\"https:\/\/artheodoc.fr\/index.php\/creer-un-conteneur-lxc-alpine-linux-avec-proxmox-ve\/\" data-type=\"page\" data-id=\"1543\" target=\"_blank\" rel=\"noreferrer noopener\">Cr\u00e9er un conteneur LXC Alpine Linux avec Proxmox VE<\/a><\/p>\n\n\n\n<p>Exemple d\u2019installation de PhotoPrism dans un conteneur LXC en utilisant un script&nbsp;:<\/p>\n\n\n\n<p><a href=\"https:\/\/artheodoc.fr\/index.php\/installation-photoprism-sous-proxmox\/\" data-type=\"page\" data-id=\"1679\" target=\"_blank\" rel=\"noreferrer noopener\">Installation de PhotoPrism sous Proxmox<\/a><\/p>\n<\/div>\n\n\n\n<hr class=\"wp-block-separator has-alpha-channel-opacity is-style-wide\"\/>\n\n\n\n<div class=\"wp-block-group has-background is-layout-constrained wp-block-group-is-layout-constrained\" style=\"background-color:#faf4ed\">\n<h2 class=\"wp-block-heading\">Mises \u00e0 jour de Proxmox VE<\/h2>\n\n\n\n<p>Configuration des mises \u00e0 jour (<em>Proxmox Virtual Environment 8.2.2 bas\u00e9 sur Debian 12.6 Bookworm proc\u00e9dure \u00e0 adapter selon les versions.<\/em>) :<\/p>\n\n\n\n<p><a href=\"https:\/\/artheodoc.fr\/index.php\/2024\/08\/18\/activer-les-mises-a-jour-sans-abonnement-no-subscription-dans-proxmox\/\" data-type=\"post\" data-id=\"1052\" target=\"_blank\" rel=\"noreferrer noopener\">Activer les mises \u00e0 jour sans abonnement (no-subscription) dans Proxmox<\/a><\/p>\n\n\n\n<p>Pour mettre \u00e0 jour Proxmox en lignes de commande :<\/p>\n\n\n\n<pre class=\"wp-block-preformatted\"><strong>apt update &amp;&amp; apt full-upgrade<\/strong><\/pre>\n\n\n\n<p>Red\u00e9marrer ensuite le syst\u00e8me si n\u00e9cessaire.<\/p>\n<\/div>\n\n\n\n<hr class=\"wp-block-separator has-alpha-channel-opacity is-style-wide\"\/>\n\n\n\n<div class=\"wp-block-group has-background is-layout-constrained wp-block-group-is-layout-constrained\" style=\"background-color:#faf4ed\">\n<h2 class=\"wp-block-heading\">Sauvegardes des machines virtuelles sous Proxmox<\/h2>\n\n\n\n<p>OpenMediaVault permet de transformer un ordinateur en NAS. On peut cr\u00e9er des partages NFS et SAMBA utilis\u00e9s comme stockages dans Proxmox pour les sauvegardes.<\/p>\n\n\n\n<p><a href=\"https:\/\/artheodoc.fr\/index.php\/openmediavault\/\" data-type=\"page\" data-id=\"1150\" target=\"_blank\" rel=\"noreferrer noopener\">OpenMediaVault<\/a><\/p>\n\n\n\n<p>Pour sauvegarder vos machines virtuelles sous Proxmox&nbsp;:<\/p>\n\n\n\n<p><a href=\"https:\/\/artheodoc.fr\/index.php\/sauvegardes-des-machines-virtuelles-sous-proxmox\/\" data-type=\"page\" data-id=\"1255\" target=\"_blank\" rel=\"noreferrer noopener\">Sauvegardes des Machines Virtuelles sous Proxmox<\/a><\/p>\n<\/div>\n\n\n\n<hr class=\"wp-block-separator has-alpha-channel-opacity is-style-wide\"\/>\n\n\n\n<div class=\"wp-block-group has-background is-layout-constrained wp-block-group-is-layout-constrained\" style=\"background-color:#ddf0fa\">\n<h2 class=\"wp-block-heading\">Les articles<\/h2>\n\n\n\n<p><a href=\"https:\/\/artheodoc.fr\/index.php\/2024\/10\/12\/qemu-guest-agent-avec-debian-affichage-de-ladresse-ip-dune-vm-dans-proxmox\/\" data-type=\"post\" data-id=\"1307\" target=\"_blank\" rel=\"noreferrer noopener\">Qemu-guest-agent avec Debian \u2013 Affichage de l\u2019adresse IP d\u2019une VM dans Proxmox<\/a><\/p>\n\n\n\n<p class=\"has-background\" style=\"background:linear-gradient(135deg,rgb(248,241,228) 0%,rgb(218,198,183) 100%)\">Un conteneur LXC Nginx sous Proxmox install\u00e9 \u00e0 l\u2019aide d\u2019un script permettant de g\u00e9rer un Reverse Proxy (Proxy Inverse) en utilisant une interface WEB. Une alternative au Reverse Proxy Apache que nous avons vu pr\u00e9c\u00e9demment avec <a href=\"https:\/\/artheodoc.fr\/index.php\/mes-supports-de-cours\/\" data-type=\"page\" data-id=\"875\" target=\"_blank\" rel=\"noreferrer noopener\">les supports de cours<\/a>.<\/p>\n\n\n\n<p><a href=\"https:\/\/artheodoc.fr\/index.php\/2025\/05\/01\/installation-du-nginx-proxy-manager-dans-proxmox-avec-un-script\/\" data-type=\"post\" data-id=\"2130\" target=\"_blank\" rel=\"noreferrer noopener\">Installation du Nginx Proxy Manager dans Proxmox avec un script<\/a><\/p>\n\n\n\n<hr class=\"wp-block-separator has-alpha-channel-opacity is-style-wide\"\/>\n\n\n\n<h2 class=\"wp-block-heading\">Tutoriels au format PDF<\/h2>\n\n\n\n<p><a href=\"https:\/\/artheodoc.fr\/wp-content\/uploads\/2024\/11\/exemple_d_agregation_de_cartes_reseau_dans_proxmox.pdf\" data-type=\"link\" data-id=\"https:\/\/artheodoc.fr\/wp-content\/uploads\/2024\/11\/exemple_d_agregation_de_cartes_reseau_dans_proxmox.pdf\" target=\"_blank\" rel=\"noreferrer noopener\">Agr\u00e9gations de cartes r\u00e9seau dans Proxmox<\/a><\/p>\n\n\n\n<p><a href=\"https:\/\/artheodoc.fr\/wp-content\/uploads\/2024\/11\/le_pare-feu_integre_de_proxmox.pdf\" data-type=\"link\" data-id=\"https:\/\/artheodoc.fr\/wp-content\/uploads\/2024\/11\/le_pare-feu_integre_de_proxmox.pdf\" target=\"_blank\" rel=\"noreferrer noopener\">Configuration du pare-feu dans Proxmox<\/a><\/p>\n\n\n\n<p><a href=\"https:\/\/artheodoc.fr\/wp-content\/uploads\/2024\/11\/ajouter_des_ressources_cpu_et_memoire_a_chaud_dans_une_vm_avec_proxmox.pdf\" data-type=\"link\" data-id=\"https:\/\/artheodoc.fr\/wp-content\/uploads\/2024\/11\/ajouter_des_ressources_cpu_et_memoire_a_chaud_dans_une_vm_avec_proxmox.pdf\" target=\"_blank\" rel=\"noreferrer noopener\">Ajouter des ressources CPU et m\u00e9moire vive \u00e0 chaud dans une VM avec Proxmox<\/a><\/p>\n<\/div>\n\n\n\n<hr class=\"wp-block-separator has-alpha-channel-opacity is-style-wide\"\/>\n\n\n\n<h2 class=\"wp-block-heading\">Archives<\/h2>\n\n\n\n<p>La page consacr\u00e9e \u00e0 Proxmox sur mon autre site&nbsp;:<\/p>\n\n\n\n<figure class=\"wp-block-embed is-type-wp-embed is-provider-artheodoc wp-block-embed-artheodoc\"><div class=\"wp-block-embed__wrapper\">\n<blockquote class=\"wp-embedded-content\" data-secret=\"KHjKbYft2t\"><a href=\"https:\/\/artheodoc.wordpress.com\/virtualisation\/proxmox-ve\/\">Proxmox VE<\/a><\/blockquote><iframe loading=\"lazy\" class=\"wp-embedded-content\" sandbox=\"allow-scripts\" security=\"restricted\" style=\"position: absolute; visibility: hidden;\" title=\"&laquo;&nbsp;Proxmox VE&nbsp;&raquo; &#8212; Artheodoc\" src=\"https:\/\/artheodoc.wordpress.com\/virtualisation\/proxmox-ve\/embed\/#?secret=fNGmkJJL9G#?secret=KHjKbYft2t\" data-secret=\"KHjKbYft2t\" width=\"500\" height=\"282\" frameborder=\"0\" marginwidth=\"0\" marginheight=\"0\" scrolling=\"no\"><\/iframe>\n<\/div><\/figure>\n","protected":false},"excerpt":{"rendered":"<p>Le syst\u00e8me install\u00e9 sur le serveur (de l&rsquo;association M\u00e9moire Vive) est Proxmox, c\u2019est un hyperviseur de type 1 (syst\u00e8me d\u2019exploitation et de virtualisation) il est bas\u00e9 sur la distribution GNU\/Linux Debian, concr\u00e8tement cela permet d\u2019installer des serveurs virtualis\u00e9s, on peut donc sur la machine physique avoir de nombreux serveurs virtuels dans la limite des ressources [&hellip;]<\/p>\n","protected":false},"author":2,"featured_media":0,"parent":0,"menu_order":0,"comment_status":"closed","ping_status":"closed","template":"","meta":{"site-sidebar-layout":"default","site-content-layout":"","ast-site-content-layout":"default","site-content-style":"default","site-sidebar-style":"default","ast-global-header-display":"","ast-banner-title-visibility":"","ast-main-header-display":"","ast-hfb-above-header-display":"","ast-hfb-below-header-display":"","ast-hfb-mobile-header-display":"","site-post-title":"","ast-breadcrumbs-content":"","ast-featured-img":"","footer-sml-layout":"","ast-disable-related-posts":"","theme-transparent-header-meta":"","adv-header-id-meta":"","stick-header-meta":"","header-above-stick-meta":"","header-main-stick-meta":"","header-below-stick-meta":"","astra-migrate-meta-layouts":"default","ast-page-background-enabled":"default","ast-page-background-meta":{"desktop":{"background-color":"var(--ast-global-color-4)","background-image":"","background-repeat":"repeat","background-position":"center center","background-size":"auto","background-attachment":"scroll","background-type":"","background-media":"","overlay-type":"","overlay-color":"","overlay-opacity":"","overlay-gradient":""},"tablet":{"background-color":"","background-image":"","background-repeat":"repeat","background-position":"center center","background-size":"auto","background-attachment":"scroll","background-type":"","background-media":"","overlay-type":"","overlay-color":"","overlay-opacity":"","overlay-gradient":""},"mobile":{"background-color":"","background-image":"","background-repeat":"repeat","background-position":"center center","background-size":"auto","background-attachment":"scroll","background-type":"","background-media":"","overlay-type":"","overlay-color":"","overlay-opacity":"","overlay-gradient":""}},"ast-content-background-meta":{"desktop":{"background-color":"var(--ast-global-color-5)","background-image":"","background-repeat":"repeat","background-position":"center center","background-size":"auto","background-attachment":"scroll","background-type":"","background-media":"","overlay-type":"","overlay-color":"","overlay-opacity":"","overlay-gradient":""},"tablet":{"background-color":"var(--ast-global-color-5)","background-image":"","background-repeat":"repeat","background-position":"center center","background-size":"auto","background-attachment":"scroll","background-type":"","background-media":"","overlay-type":"","overlay-color":"","overlay-opacity":"","overlay-gradient":""},"mobile":{"background-color":"var(--ast-global-color-5)","background-image":"","background-repeat":"repeat","background-position":"center center","background-size":"auto","background-attachment":"scroll","background-type":"","background-media":"","overlay-type":"","overlay-color":"","overlay-opacity":"","overlay-gradient":""}},"footnotes":""},"class_list":["post-120","page","type-page","status-publish","hentry"],"_links":{"self":[{"href":"https:\/\/artheodoc.fr\/index.php\/wp-json\/wp\/v2\/pages\/120","targetHints":{"allow":["GET"]}}],"collection":[{"href":"https:\/\/artheodoc.fr\/index.php\/wp-json\/wp\/v2\/pages"}],"about":[{"href":"https:\/\/artheodoc.fr\/index.php\/wp-json\/wp\/v2\/types\/page"}],"author":[{"embeddable":true,"href":"https:\/\/artheodoc.fr\/index.php\/wp-json\/wp\/v2\/users\/2"}],"replies":[{"embeddable":true,"href":"https:\/\/artheodoc.fr\/index.php\/wp-json\/wp\/v2\/comments?post=120"}],"version-history":[{"count":66,"href":"https:\/\/artheodoc.fr\/index.php\/wp-json\/wp\/v2\/pages\/120\/revisions"}],"predecessor-version":[{"id":2191,"href":"https:\/\/artheodoc.fr\/index.php\/wp-json\/wp\/v2\/pages\/120\/revisions\/2191"}],"wp:attachment":[{"href":"https:\/\/artheodoc.fr\/index.php\/wp-json\/wp\/v2\/media?parent=120"}],"curies":[{"name":"wp","href":"https:\/\/api.w.org\/{rel}","templated":true}]}}