{"id":1242,"date":"2024-10-02T18:28:23","date_gmt":"2024-10-02T16:28:23","guid":{"rendered":"https:\/\/artheodoc.fr\/?page_id=1242"},"modified":"2024-10-06T08:25:20","modified_gmt":"2024-10-06T06:25:20","slug":"regles-du-pare-feu-pfsense","status":"publish","type":"page","link":"https:\/\/artheodoc.fr\/index.php\/regles-du-pare-feu-pfsense\/","title":{"rendered":"R\u00e8gles du pare-feu pfSense"},"content":{"rendered":"\n<p class=\"has-large-font-size\">NAT<\/p>\n\n\n\n<h2 class=\"wp-block-heading has-medium-font-size\">Pour activer la cr\u00e9ation automatique des r\u00e8gles (par d\u00e9faut)<\/h2>\n\n\n\n<p><strong>Parefeu<\/strong> ==&gt; <strong>NAT<\/strong> \u21d2 <strong>Sortant<\/strong><\/p>\n\n\n\n<p>Cochez \u00ab\u00a0Cr\u00e9artion automatique de r\u00e8gle NAT sortantes. (IPsec passthrough inclus)\u00a0\u00bb<\/p>\n\n\n\n<p>Quand on configure le NAT, la r\u00e8gle correspondante est cr\u00e9\u00e9e automatiquement.<\/p>\n\n\n\n<hr class=\"wp-block-separator has-alpha-channel-opacity\"\/>\n\n\n\n<h2 class=\"wp-block-heading has-medium-font-size\"><strong>Exemple de configuration NAT de pfSense pour le port 80 HTTP<\/strong><\/h2>\n\n\n\n<p><strong>Configurer le transfert de port&nbsp;:<\/strong><\/p>\n\n\n\n<p>Allez dans <strong>Pare-feu<\/strong> ==&gt; <strong>NAT<\/strong> ==&gt; <strong>Transfert de port<\/strong><\/p>\n\n\n\n<p>Cliquez sur <strong>A<\/strong><strong>jouter<\/strong> pour cr\u00e9er une nouvelle r\u00e8gle de redirection de port.<\/p>\n\n\n\n<p>Interface&nbsp;: S\u00e9lectionnez <strong>WAN<\/strong>.<\/p>\n\n\n\n<p>Protocole&nbsp;: S\u00e9lectionnez <strong>TCP<\/strong>.<\/p>\n\n\n\n<p>Destination&nbsp;: S\u00e9lectionnez <strong>WAN address<\/strong>.<\/p>\n\n\n\n<p>Plage de port de destination&nbsp;: S\u00e9lectionnez du port <strong>HTTP<\/strong> au port <strong>HTTP<\/strong>.<\/p>\n\n\n\n<p>IP de redirection cible- Type&nbsp;: Address or Alias \u2013 Adresse&nbsp;: <em>Entrez l\u2019adresse IP de votre serveur web sur le LAN<\/em>.<\/p>\n\n\n\n<p>Port de redirection cible&nbsp;: <strong>HTTP<\/strong>.<\/p>\n\n\n\n<p>Cliquez sur <strong>[Enregister]<\/strong> et <strong>[A<\/strong><strong>ppliquez les <\/strong><strong>modifications]<\/strong>.<\/p>\n\n\n\n<hr class=\"wp-block-separator has-alpha-channel-opacity\"\/>\n\n\n\n<h2 class=\"wp-block-heading has-medium-font-size\"><strong>Exemple de configuration NAT de pfSense pour le port 443 HTTPS<\/strong><\/h2>\n\n\n\n<p><strong>Configurer le transfert de port&nbsp;:<\/strong><\/p>\n\n\n\n<p>Allez dans <strong>Pare-feu<\/strong> ==&gt; <strong>NAT<\/strong> ==&gt; <strong>Transfert de port<\/strong><\/p>\n\n\n\n<p>Cliquez sur <strong>A<\/strong><strong>jouter<\/strong> pour cr\u00e9er une nouvelle r\u00e8gle de redirection de port.<\/p>\n\n\n\n<p>Interface&nbsp;: S\u00e9lectionnez <strong>WAN<\/strong>.<\/p>\n\n\n\n<p>Protocole&nbsp;: S\u00e9lectionnez <strong>TCP<\/strong>.<\/p>\n\n\n\n<p>Destination&nbsp;: S\u00e9lectionnez <strong>WAN address<\/strong>.<\/p>\n\n\n\n<p>Plage de port de destination&nbsp;: S\u00e9lectionnez <strong>HTTPS (443)<\/strong>.<\/p>\n\n\n\n<p>IP de redirection cible- Type&nbsp;: Address or Alias \u2013 Adresse&nbsp;: <em>Entrez l\u2019adresse IP de votre serveur web sur le LAN<\/em>.<\/p>\n\n\n\n<p>Port de redirection cible&nbsp;: <strong>HTTPS (<\/strong><strong>443<\/strong><strong>)<\/strong>.<\/p>\n\n\n\n<p>Cliquez sur <strong>[Enregister]<\/strong> et <strong>[A<\/strong><strong>ppliquez les <\/strong><strong>modifications]<\/strong>.<\/p>\n\n\n\n<hr class=\"wp-block-separator has-alpha-channel-opacity\"\/>\n\n\n\n<h2 class=\"wp-block-heading has-medium-font-size\"><strong>Exemple de configuration <\/strong><strong>NAT <\/strong><strong>de pfSense <\/strong><strong>pour le port <\/strong><strong>22 <\/strong><strong>SSH<\/strong><\/h2>\n\n\n\n<p><strong>Configurer le transfert de port&nbsp;:<\/strong><\/p>\n\n\n\n<p>Allez dans <strong>Pare-feu<\/strong> ==&gt; <strong>NAT<\/strong> ==&gt; <strong>Transfert de port<\/strong><\/p>\n\n\n\n<p>Cliquez sur <strong>A<\/strong><strong>jouter<\/strong> pour cr\u00e9er une nouvelle r\u00e8gle de redirection de port.<\/p>\n\n\n\n<p>Interface&nbsp;: S\u00e9lectionnez <strong>WAN<\/strong>.<\/p>\n\n\n\n<p>Protocole&nbsp;: S\u00e9lectionnez <strong>TCP<\/strong>.<\/p>\n\n\n\n<p>Destination&nbsp;: S\u00e9lectionnez <strong>WAN address<\/strong>.<\/p>\n\n\n\n<p>Plage de port de destination&nbsp;: S\u00e9lectionnez <strong>SSH<\/strong><strong> (<\/strong><strong>22<\/strong><strong>)<\/strong>.<\/p>\n\n\n\n<p>IP de redirection cible- Type&nbsp;: Address or Alias \u2013 Adresse&nbsp;: <em>Entrez l\u2019adresse IP de votre serveur web sur le LAN<\/em>.<\/p>\n\n\n\n<p>Port de redirection cible&nbsp;: <strong>SSH<\/strong><strong> (<\/strong><strong>22<\/strong><strong>)<\/strong>.<\/p>\n\n\n\n<p>Cliquez sur <strong>[Enregister]<\/strong> et <strong>[Appliquez les modifications].<\/strong><\/p>\n\n\n\n<hr class=\"wp-block-separator has-alpha-channel-opacity is-style-wide\"\/>\n\n\n\n<p class=\"has-large-font-size\">R\u00e8gles<\/p>\n\n\n\n<p><em>Pour le ping on utilse le protocole ICMP.<\/em><\/p>\n\n\n\n<h2 class=\"wp-block-heading has-medium-font-size\"><strong>Exemple de configuration du ping du pare-feu pfSense depuis le WAN<\/strong><\/h2>\n\n\n\n<p>Allez dans <strong>Pare-feu<\/strong> ==&gt; <strong>R\u00e8gles<\/strong> ==&gt; <strong>WAN<\/strong><\/p>\n\n\n\n<p>Cliquez sur <strong>A<\/strong><strong>jouter<\/strong> pour cr\u00e9er une nouvelle r\u00e8gle.<\/p>\n\n\n\n<p>Action&nbsp;: <strong>Autoriser<\/strong><\/p>\n\n\n\n<p>Interface&nbsp;: S\u00e9lectionnez <strong>WAN<\/strong>.<\/p>\n\n\n\n<p>Protocole&nbsp;: S\u00e9lectionnez <strong>ICMP<\/strong>.<\/p>\n\n\n\n<p>Sous-types ICMP&nbsp;: <strong>Echo request<\/strong><\/p>\n\n\n\n<p>Source&nbsp;: <strong>Tous<\/strong><\/p>\n\n\n\n<p>Destination&nbsp;: <strong>Tous<\/strong><\/p>\n\n\n\n<p>Cliquez sur <strong>[Enregister]<\/strong> et <strong>[Appliquez les modifications].<\/strong><\/p>\n\n\n\n<hr class=\"wp-block-separator has-alpha-channel-opacity\"\/>\n\n\n\n<h2 class=\"wp-block-heading has-medium-font-size\"><strong>Exemple de configuration du ping du pare-feu pfSense depuis le LAN<\/strong><\/h2>\n\n\n\n<p>Allez dans <strong>Pare-feu<\/strong> ==&gt; <strong>R\u00e8gles<\/strong> ==&gt; <strong>LAN<\/strong><\/p>\n\n\n\n<p>Cliquez sur <strong>A<\/strong><strong>jouter<\/strong> pour cr\u00e9er une nouvelle r\u00e8gle.<\/p>\n\n\n\n<p>Action&nbsp;: <strong>Autoriser<\/strong><\/p>\n\n\n\n<p>Interface&nbsp;: S\u00e9lectionnez <strong>L<\/strong><strong>AN<\/strong>.<\/p>\n\n\n\n<p>Protocole&nbsp;: S\u00e9lectionnez <strong>ICMP<\/strong>.<\/p>\n\n\n\n<p>Sous-types ICMP&nbsp;: <strong>Echo request<\/strong><\/p>\n\n\n\n<p>Source&nbsp;: <strong>LAN subnet<\/strong><\/p>\n\n\n\n<p>Destination&nbsp;: <strong>LAN address<\/strong><\/p>\n\n\n\n<p>Cliquez sur [<strong>Enregister]<\/strong> et <strong>[Appliquez les modifications].<\/strong><\/p>\n\n\n\n<hr class=\"wp-block-separator has-alpha-channel-opacity is-style-wide\"\/>\n\n\n\n<h2 class=\"wp-block-heading has-medium-font-size\"><br><strong>Configuration par d\u00e9faut de pfSense<\/strong><\/h2>\n\n\n\n<p><br>Pare-feu ==&gt; NAT ==&gt; Sortant<\/p>\n\n\n\n<figure class=\"wp-block-image aligncenter size-large\"><img loading=\"lazy\" decoding=\"async\" width=\"1024\" height=\"123\" src=\"https:\/\/artheodoc.fr\/wp-content\/uploads\/2024\/08\/pfSense_Automatic_Rules_initiales-1024x123.png\" alt=\"\" class=\"wp-image-1082\" srcset=\"https:\/\/artheodoc.fr\/wp-content\/uploads\/2024\/08\/pfSense_Automatic_Rules_initiales-1024x123.png 1024w, https:\/\/artheodoc.fr\/wp-content\/uploads\/2024\/08\/pfSense_Automatic_Rules_initiales-300x36.png 300w, https:\/\/artheodoc.fr\/wp-content\/uploads\/2024\/08\/pfSense_Automatic_Rules_initiales-768x92.png 768w, https:\/\/artheodoc.fr\/wp-content\/uploads\/2024\/08\/pfSense_Automatic_Rules_initiales.png 1146w\" sizes=\"auto, (max-width: 1024px) 100vw, 1024px\" \/><\/figure>\n\n\n\n<p><br>Cliquez sur l&rsquo;onglet \u00ab\u00a0<strong>Sortant<\/strong>\u00a0\u00bb pour visualiser l&rsquo;\u00e9tat du NAT sur les flux sortants. Ici, on voit que le mode actif est \u00ab\u00a0<strong>Cr\u00e9artion automatique de r\u00e8gle NAT sortantes. (IPsec passthrough inclus)<\/strong>\u00a0\u00bb donc il y a une r\u00e8gle de NAT cr\u00e9\u00e9e automatiquement et qui permet d&rsquo;acc\u00e9der \u00e0 Internet. Au sein de cette r\u00e8gle, nous pouvons voir que<strong>le r\u00e9seau \u00ab\u00a0192.168.2.0\/24\u00a0\u00bb (Mon LAN) est bien d\u00e9clar\u00e9<\/strong>. <em>Afin de r\u00e9cup\u00e9rer la main sur la gestion du NAT et des r\u00e8gles, il fautdrait passer en mode \u00ab\u00a0<\/em><strong><em>Cr\u00e9ation manuelle de r\u00e8gles NAT sortantes.(NSA &#8211; NAT sortant avanc\u00e9e)<\/em><\/strong><em>\u00ab\u00a0<\/em><em>.<\/em><\/p>\n\n\n\n<figure class=\"wp-block-image aligncenter size-large\"><img loading=\"lazy\" decoding=\"async\" width=\"1024\" height=\"227\" src=\"https:\/\/artheodoc.fr\/wp-content\/uploads\/2024\/08\/pfSense_Regles_initiales-1024x227.png\" alt=\"\" class=\"wp-image-1081\" srcset=\"https:\/\/artheodoc.fr\/wp-content\/uploads\/2024\/08\/pfSense_Regles_initiales-1024x227.png 1024w, https:\/\/artheodoc.fr\/wp-content\/uploads\/2024\/08\/pfSense_Regles_initiales-300x67.png 300w, https:\/\/artheodoc.fr\/wp-content\/uploads\/2024\/08\/pfSense_Regles_initiales-768x170.png 768w, https:\/\/artheodoc.fr\/wp-content\/uploads\/2024\/08\/pfSense_Regles_initiales.png 1145w\" sizes=\"auto, (max-width: 1024px) 100vw, 1024px\" \/><\/figure>\n\n\n\n<ul class=\"wp-block-list\">\n<li>La premi\u00e8re r\u00e8gle nomm\u00e9e \u00ab\u00a0R\u00e8gle antiblocage\u00a0\u00bb sert \u00e0 autoriser explicitement l&rsquo;acc\u00e8s \u00e0 l&rsquo;interface de gestion du Pfsense, afin d&rsquo;\u00e9viter de perdre la main si une r\u00e8gle trop restrictive est cr\u00e9\u00e9e.<\/li>\n\n\n\n<li>La deuxi\u00e8me r\u00e8gle sert \u00e0 autoriser tous les flux du LAN vers le WAN, en IPv4<\/li>\n\n\n\n<li>La troisi\u00e8me r\u00e8gle sert \u00e0 autoriser tous les flux du LAN vers le WAN, en IPv6<\/li>\n<\/ul>\n\n\n\n<hr class=\"wp-block-separator has-alpha-channel-opacity is-style-wide\"\/>\n\n\n\n<h2 class=\"wp-block-heading has-medium-font-size\"><br><strong>Configuration du serveur DHCP dans pfSense<\/strong><\/h2>\n\n\n\n<p><br><strong>Services<\/strong> ==&gt; <strong>Serveur DHCP<\/strong><\/p>\n\n\n\n<p>Cochez \u00ab\u00a0<strong>Activer le serveur DHCP sur l&rsquo;interface LAN<\/strong>\u00ab\u00a0.<\/p>\n\n\n\n<p>Mon r\u00e9seau LAN est le 192.168.2.0\/24<\/p>\n\n\n\n<p>Ma plage DHCP <strong>192.168.2.10<\/strong>&#8211;<strong>192.168.2.30<\/strong><\/p>\n\n\n\n<figure class=\"wp-block-image aligncenter size-large\"><img loading=\"lazy\" decoding=\"async\" width=\"1024\" height=\"644\" src=\"https:\/\/artheodoc.fr\/wp-content\/uploads\/2024\/08\/pfSense_DNS1-1024x644.png\" alt=\"\" class=\"wp-image-1085\" srcset=\"https:\/\/artheodoc.fr\/wp-content\/uploads\/2024\/08\/pfSense_DNS1-1024x644.png 1024w, https:\/\/artheodoc.fr\/wp-content\/uploads\/2024\/08\/pfSense_DNS1-300x189.png 300w, https:\/\/artheodoc.fr\/wp-content\/uploads\/2024\/08\/pfSense_DNS1-768x483.png 768w, https:\/\/artheodoc.fr\/wp-content\/uploads\/2024\/08\/pfSense_DNS1.png 1147w\" sizes=\"auto, (max-width: 1024px) 100vw, 1024px\" \/><\/figure>\n\n\n\n<figure class=\"wp-block-image aligncenter size-large\"><img loading=\"lazy\" decoding=\"async\" width=\"1024\" height=\"295\" src=\"https:\/\/artheodoc.fr\/wp-content\/uploads\/2024\/08\/pfSense_DNS2-1024x295.png\" alt=\"\" class=\"wp-image-1086\" srcset=\"https:\/\/artheodoc.fr\/wp-content\/uploads\/2024\/08\/pfSense_DNS2-1024x295.png 1024w, https:\/\/artheodoc.fr\/wp-content\/uploads\/2024\/08\/pfSense_DNS2-300x87.png 300w, https:\/\/artheodoc.fr\/wp-content\/uploads\/2024\/08\/pfSense_DNS2-768x222.png 768w, https:\/\/artheodoc.fr\/wp-content\/uploads\/2024\/08\/pfSense_DNS2.png 1144w\" sizes=\"auto, (max-width: 1024px) 100vw, 1024px\" \/><\/figure>\n\n\n\n<p>Mes serveurs DNS : <strong>8.8.8.8<\/strong> et <strong>8.8.4.4<\/strong><\/p>\n\n\n\n<figure class=\"wp-block-image aligncenter size-large\"><img loading=\"lazy\" decoding=\"async\" width=\"1024\" height=\"358\" src=\"https:\/\/artheodoc.fr\/wp-content\/uploads\/2024\/08\/pfSense_DNS3-1024x358.png\" alt=\"\" class=\"wp-image-1087\" srcset=\"https:\/\/artheodoc.fr\/wp-content\/uploads\/2024\/08\/pfSense_DNS3-1024x358.png 1024w, https:\/\/artheodoc.fr\/wp-content\/uploads\/2024\/08\/pfSense_DNS3-300x105.png 300w, https:\/\/artheodoc.fr\/wp-content\/uploads\/2024\/08\/pfSense_DNS3-768x268.png 768w, https:\/\/artheodoc.fr\/wp-content\/uploads\/2024\/08\/pfSense_DNS3.png 1145w\" sizes=\"auto, (max-width: 1024px) 100vw, 1024px\" \/><\/figure>\n\n\n\n<p>La passerelle, l&rsquo;interface r\u00e9seau du pare-feu sur le LAN, dans mon cas 192.168.2.253.<\/p>\n\n\n\n<p>Le nom de domaine que j&rsquo;avais configur\u00e9 home.artheodoc.<\/p>\n\n\n\n<p>Cliquez sur le bouton ensuite sur <strong>[<\/strong><strong>Enregistrer<\/strong><strong>]<\/strong> pour d\u00e9marrer le service DHCP.<\/p>\n\n\n\n<p>Puis <strong>[Appliquez les modifications]<\/strong>.<\/p>\n\n\n\n<p>Pour v\u00e9rifier l\u2019\u00e9tat du service&nbsp;: <strong>\u00c9tat <\/strong>==&gt; <strong>Services<\/strong><\/p>\n\n\n\n<figure class=\"wp-block-image aligncenter size-large\"><img loading=\"lazy\" decoding=\"async\" width=\"1024\" height=\"216\" src=\"https:\/\/artheodoc.fr\/wp-content\/uploads\/2024\/08\/pfSense_Etat_Service-1024x216.png\" alt=\"\" class=\"wp-image-1089\" srcset=\"https:\/\/artheodoc.fr\/wp-content\/uploads\/2024\/08\/pfSense_Etat_Service-1024x216.png 1024w, https:\/\/artheodoc.fr\/wp-content\/uploads\/2024\/08\/pfSense_Etat_Service-300x63.png 300w, https:\/\/artheodoc.fr\/wp-content\/uploads\/2024\/08\/pfSense_Etat_Service-768x162.png 768w, https:\/\/artheodoc.fr\/wp-content\/uploads\/2024\/08\/pfSense_Etat_Service.png 1144w\" sizes=\"auto, (max-width: 1024px) 100vw, 1024px\" \/><\/figure>\n","protected":false},"excerpt":{"rendered":"<p>NAT Pour activer la cr\u00e9ation automatique des r\u00e8gles (par d\u00e9faut) Parefeu ==&gt; NAT \u21d2 Sortant Cochez \u00ab\u00a0Cr\u00e9artion automatique de r\u00e8gle NAT sortantes. (IPsec passthrough inclus)\u00a0\u00bb Quand on configure le NAT, la r\u00e8gle correspondante est cr\u00e9\u00e9e automatiquement. Exemple de configuration NAT de pfSense pour le port 80 HTTP Configurer le transfert de port&nbsp;: Allez dans Pare-feu [&hellip;]<\/p>\n","protected":false},"author":2,"featured_media":0,"parent":0,"menu_order":0,"comment_status":"closed","ping_status":"closed","template":"","meta":{"site-sidebar-layout":"default","site-content-layout":"","ast-site-content-layout":"default","site-content-style":"default","site-sidebar-style":"default","ast-global-header-display":"","ast-banner-title-visibility":"","ast-main-header-display":"","ast-hfb-above-header-display":"","ast-hfb-below-header-display":"","ast-hfb-mobile-header-display":"","site-post-title":"","ast-breadcrumbs-content":"","ast-featured-img":"","footer-sml-layout":"","ast-disable-related-posts":"","theme-transparent-header-meta":"","adv-header-id-meta":"","stick-header-meta":"","header-above-stick-meta":"","header-main-stick-meta":"","header-below-stick-meta":"","astra-migrate-meta-layouts":"default","ast-page-background-enabled":"default","ast-page-background-meta":{"desktop":{"background-color":"var(--ast-global-color-4)","background-image":"","background-repeat":"repeat","background-position":"center center","background-size":"auto","background-attachment":"scroll","background-type":"","background-media":"","overlay-type":"","overlay-color":"","overlay-opacity":"","overlay-gradient":""},"tablet":{"background-color":"","background-image":"","background-repeat":"repeat","background-position":"center center","background-size":"auto","background-attachment":"scroll","background-type":"","background-media":"","overlay-type":"","overlay-color":"","overlay-opacity":"","overlay-gradient":""},"mobile":{"background-color":"","background-image":"","background-repeat":"repeat","background-position":"center center","background-size":"auto","background-attachment":"scroll","background-type":"","background-media":"","overlay-type":"","overlay-color":"","overlay-opacity":"","overlay-gradient":""}},"ast-content-background-meta":{"desktop":{"background-color":"var(--ast-global-color-5)","background-image":"","background-repeat":"repeat","background-position":"center center","background-size":"auto","background-attachment":"scroll","background-type":"","background-media":"","overlay-type":"","overlay-color":"","overlay-opacity":"","overlay-gradient":""},"tablet":{"background-color":"var(--ast-global-color-5)","background-image":"","background-repeat":"repeat","background-position":"center center","background-size":"auto","background-attachment":"scroll","background-type":"","background-media":"","overlay-type":"","overlay-color":"","overlay-opacity":"","overlay-gradient":""},"mobile":{"background-color":"var(--ast-global-color-5)","background-image":"","background-repeat":"repeat","background-position":"center center","background-size":"auto","background-attachment":"scroll","background-type":"","background-media":"","overlay-type":"","overlay-color":"","overlay-opacity":"","overlay-gradient":""}},"footnotes":""},"class_list":["post-1242","page","type-page","status-publish","hentry"],"_links":{"self":[{"href":"https:\/\/artheodoc.fr\/index.php\/wp-json\/wp\/v2\/pages\/1242","targetHints":{"allow":["GET"]}}],"collection":[{"href":"https:\/\/artheodoc.fr\/index.php\/wp-json\/wp\/v2\/pages"}],"about":[{"href":"https:\/\/artheodoc.fr\/index.php\/wp-json\/wp\/v2\/types\/page"}],"author":[{"embeddable":true,"href":"https:\/\/artheodoc.fr\/index.php\/wp-json\/wp\/v2\/users\/2"}],"replies":[{"embeddable":true,"href":"https:\/\/artheodoc.fr\/index.php\/wp-json\/wp\/v2\/comments?post=1242"}],"version-history":[{"count":3,"href":"https:\/\/artheodoc.fr\/index.php\/wp-json\/wp\/v2\/pages\/1242\/revisions"}],"predecessor-version":[{"id":1275,"href":"https:\/\/artheodoc.fr\/index.php\/wp-json\/wp\/v2\/pages\/1242\/revisions\/1275"}],"wp:attachment":[{"href":"https:\/\/artheodoc.fr\/index.php\/wp-json\/wp\/v2\/media?parent=1242"}],"curies":[{"name":"wp","href":"https:\/\/api.w.org\/{rel}","templated":true}]}}