{"id":126,"date":"2023-11-28T13:35:45","date_gmt":"2023-11-28T12:35:45","guid":{"rendered":"https:\/\/artheodoc.fr\/?page_id=126"},"modified":"2024-08-14T11:43:30","modified_gmt":"2024-08-14T09:43:30","slug":"le-pare-feu-ipfire","status":"publish","type":"page","link":"https:\/\/artheodoc.fr\/index.php\/le-pare-feu-ipfire\/","title":{"rendered":"Le pare-feu IPFire"},"content":{"rendered":"\n<div class=\"wp-block-media-text is-stacked-on-mobile is-vertically-aligned-center\" style=\"grid-template-columns:18% auto\"><figure class=\"wp-block-media-text__media\"><img loading=\"lazy\" decoding=\"async\" width=\"197\" height=\"256\" src=\"https:\/\/artheodoc.fr\/wp-content\/uploads\/2023\/11\/IPFire.jpg\" alt=\"\" class=\"wp-image-127 size-full\"\/><\/figure><div class=\"wp-block-media-text__content\">\n<p class=\"has-background\" style=\"background:linear-gradient(135deg,rgb(241,244,182) 0%,rgb(228,156,112) 100%)\">Un pare-feu IPFire a \u00e9t\u00e9 install\u00e9 (sur le serveur de l&rsquo;association M\u00e9moire Vive), il s\u2019agit d\u2019une distribution GNU\/LINUX, les serveurs virtualis\u00e9s sont ensuite mis en place derri\u00e8re le pare-feu dans un r\u00e9seau IP diff\u00e9rent du r\u00e9seau local. Des r\u00e8gles sont mises en place dans le pare-feu pour autoriser les diff\u00e9rents acc\u00e8s. Un serveur DHCP (dans IPFire) est activ\u00e9 pour le r\u00e9seau se trouvant derri\u00e8re le pare-feu, cela permet aux machines d\u2019obtenir une adresse IP et les param\u00e8tres DNS durant leurs installations. Par la suite, on configure les serveurs en IP fixes pour garantir leurs acc\u00e8s tout en conservant les param\u00e8tres DNS.<\/p>\n<\/div><\/div>\n\n\n\n<hr class=\"wp-block-separator has-alpha-channel-opacity\"\/>\n\n\n\n<p class=\"has-large-font-size\">Mises \u00e0 jour<\/p>\n\n\n\n<p><strong>IPFire<\/strong> ==&gt; <strong>Pakfire<\/strong><\/p>\n\n\n\n<p>Dans <strong>Mises \u00e0 jour disponibles<\/strong> cliquez sur l\u2019ic\u00f4ne <strong>Am\u00e9liorer<\/strong>.<\/p>\n","protected":false},"excerpt":{"rendered":"<p>Un pare-feu IPFire a \u00e9t\u00e9 install\u00e9 (sur le serveur de l&rsquo;association M\u00e9moire Vive), il s\u2019agit d\u2019une distribution GNU\/LINUX, les serveurs virtualis\u00e9s sont ensuite mis en place derri\u00e8re le pare-feu dans un r\u00e9seau IP diff\u00e9rent du r\u00e9seau local. Des r\u00e8gles sont mises en place dans le pare-feu pour autoriser les diff\u00e9rents acc\u00e8s. Un serveur DHCP (dans [&hellip;]<\/p>\n","protected":false},"author":2,"featured_media":0,"parent":0,"menu_order":0,"comment_status":"closed","ping_status":"closed","template":"","meta":{"site-sidebar-layout":"default","site-content-layout":"","ast-site-content-layout":"default","site-content-style":"default","site-sidebar-style":"default","ast-global-header-display":"","ast-banner-title-visibility":"","ast-main-header-display":"","ast-hfb-above-header-display":"","ast-hfb-below-header-display":"","ast-hfb-mobile-header-display":"","site-post-title":"","ast-breadcrumbs-content":"","ast-featured-img":"","footer-sml-layout":"","ast-disable-related-posts":"","theme-transparent-header-meta":"","adv-header-id-meta":"","stick-header-meta":"","header-above-stick-meta":"","header-main-stick-meta":"","header-below-stick-meta":"","astra-migrate-meta-layouts":"default","ast-page-background-enabled":"default","ast-page-background-meta":{"desktop":{"background-color":"var(--ast-global-color-4)","background-image":"","background-repeat":"repeat","background-position":"center center","background-size":"auto","background-attachment":"scroll","background-type":"","background-media":"","overlay-type":"","overlay-color":"","overlay-opacity":"","overlay-gradient":""},"tablet":{"background-color":"","background-image":"","background-repeat":"repeat","background-position":"center center","background-size":"auto","background-attachment":"scroll","background-type":"","background-media":"","overlay-type":"","overlay-color":"","overlay-opacity":"","overlay-gradient":""},"mobile":{"background-color":"","background-image":"","background-repeat":"repeat","background-position":"center center","background-size":"auto","background-attachment":"scroll","background-type":"","background-media":"","overlay-type":"","overlay-color":"","overlay-opacity":"","overlay-gradient":""}},"ast-content-background-meta":{"desktop":{"background-color":"var(--ast-global-color-5)","background-image":"","background-repeat":"repeat","background-position":"center center","background-size":"auto","background-attachment":"scroll","background-type":"","background-media":"","overlay-type":"","overlay-color":"","overlay-opacity":"","overlay-gradient":""},"tablet":{"background-color":"var(--ast-global-color-5)","background-image":"","background-repeat":"repeat","background-position":"center center","background-size":"auto","background-attachment":"scroll","background-type":"","background-media":"","overlay-type":"","overlay-color":"","overlay-opacity":"","overlay-gradient":""},"mobile":{"background-color":"var(--ast-global-color-5)","background-image":"","background-repeat":"repeat","background-position":"center center","background-size":"auto","background-attachment":"scroll","background-type":"","background-media":"","overlay-type":"","overlay-color":"","overlay-opacity":"","overlay-gradient":""}},"footnotes":""},"class_list":["post-126","page","type-page","status-publish","hentry"],"_links":{"self":[{"href":"https:\/\/artheodoc.fr\/index.php\/wp-json\/wp\/v2\/pages\/126","targetHints":{"allow":["GET"]}}],"collection":[{"href":"https:\/\/artheodoc.fr\/index.php\/wp-json\/wp\/v2\/pages"}],"about":[{"href":"https:\/\/artheodoc.fr\/index.php\/wp-json\/wp\/v2\/types\/page"}],"author":[{"embeddable":true,"href":"https:\/\/artheodoc.fr\/index.php\/wp-json\/wp\/v2\/users\/2"}],"replies":[{"embeddable":true,"href":"https:\/\/artheodoc.fr\/index.php\/wp-json\/wp\/v2\/comments?post=126"}],"version-history":[{"count":6,"href":"https:\/\/artheodoc.fr\/index.php\/wp-json\/wp\/v2\/pages\/126\/revisions"}],"predecessor-version":[{"id":1050,"href":"https:\/\/artheodoc.fr\/index.php\/wp-json\/wp\/v2\/pages\/126\/revisions\/1050"}],"wp:attachment":[{"href":"https:\/\/artheodoc.fr\/index.php\/wp-json\/wp\/v2\/media?parent=126"}],"curies":[{"name":"wp","href":"https:\/\/api.w.org\/{rel}","templated":true}]}}