{"id":1365,"date":"2024-11-03T07:06:06","date_gmt":"2024-11-03T06:06:06","guid":{"rendered":"https:\/\/artheodoc.fr\/?page_id=1365"},"modified":"2026-02-16T08:44:23","modified_gmt":"2026-02-16T07:44:23","slug":"alpine-linux","status":"publish","type":"page","link":"https:\/\/artheodoc.fr\/index.php\/alpine-linux\/","title":{"rendered":"Alpine Linux"},"content":{"rendered":"\n<div class=\"wp-block-group has-background is-layout-constrained wp-block-group-is-layout-constrained\" style=\"background-color:#e0edf6\">\n<p><strong>Alpine Linux<\/strong> est une distribution Linux ultra-l\u00e9g\u00e8re orient\u00e9e s\u00e9curit\u00e9.<\/p>\n\n\n\n<figure class=\"wp-block-image aligncenter size-full\"><img loading=\"lazy\" decoding=\"async\" width=\"400\" height=\"97\" src=\"https:\/\/artheodoc.fr\/wp-content\/uploads\/2024\/11\/Alpine_Linux.svg_.png\" alt=\"\" class=\"wp-image-1448\" srcset=\"https:\/\/artheodoc.fr\/wp-content\/uploads\/2024\/11\/Alpine_Linux.svg_.png 400w, https:\/\/artheodoc.fr\/wp-content\/uploads\/2024\/11\/Alpine_Linux.svg_-300x73.png 300w\" sizes=\"auto, (max-width: 400px) 100vw, 400px\" \/><\/figure>\n<\/div>\n\n\n\n<hr class=\"wp-block-separator has-alpha-channel-opacity is-style-wide\"\/>\n\n\n\n<h1 class=\"wp-block-heading\">VirtualBox<\/h1>\n\n\n\n<p>Si on virtualise Alpine Linux sous VirtualBox, on doit supprimer le lecteur CD avec l\u2019image ISO pour pouvoir d\u00e9marrer sur l\u2019installation d\u00e9finie avec setup-alpine.<\/p>\n\n\n\n<hr class=\"wp-block-separator has-alpha-channel-opacity is-style-wide\"\/>\n\n\n\n<h2 class=\"wp-block-heading has-large-font-size\">Installation d\u2019Alpine Linux<\/h2>\n\n\n\n<p><strong>Exemple de proc\u00e9dure de configuration d&rsquo;Alpine Linux.<\/strong><\/p>\n\n\n\n<p>login : <strong>root<\/strong> <em>Pas de mot de passe<\/em><\/p>\n\n\n\n<p>Acc\u00e8s \u00e0 la configuration : <strong>setup-alpine<\/strong> <em>Attention le clavier est en qwerty<\/em> (q=a w=z)<\/p>\n\n\n\n<p>Select keyboard layout : <strong>fr <\/strong><em>Configuration due clavier fran\u00e7ais AZERTY<\/em><\/p>\n\n\n\n<p>Select keyboard layout : <strong>fr-azerty<\/strong><\/p>\n\n\n\n<p>Enter system hostname\u2026 : <strong><em>nom_de_le _machine<\/em>.<em>nom_de_domaine<\/em><\/strong> <em>Nom de ma machine avec le nom de domaine \u00e0 adapter<\/em><\/p>\n\n\n\n<p>Interface : <strong><em>eth0<\/em><\/strong> <em>S\u00e9lection de la carte r\u00e9seau, eth0 dans mon cas<\/em><\/p>\n\n\n\n<p>Ip address for eth0 : <strong><em>192.168.1.***<\/em><\/strong> <em>Adresse IP sur mon r\u00e9seau local, \u00e0 adapter (remplacez 192.168.1.*** par votre adresse)<\/em><\/p>\n\n\n\n<p>Netmask : <strong>255.255.255.0<\/strong> <em>Masque de sous r\u00e9seau, \/24 dans mon cas<\/em><\/p>\n\n\n\n<p>Gateway : <strong><em>192.168.1.1<\/em><\/strong> <em>La passerelle pour l&rsquo;acc\u00e8s internet, la box dans mon cas<\/em><\/p>\n\n\n\n<p>Do you want to do any manual configuration ? : <strong>n<\/strong><\/p>\n\n\n\n<p>DNS domain name ? : <strong><em>nom_de_domaine<\/em><\/strong> <em>Mon nom de domaine d\u00e9j\u00e0 pr\u00e9cis\u00e9 avec le nom de la machine FQDN<\/em><\/p>\n\n\n\n<p>DNS nameserver(s) : <strong><em>192.168.1.1<\/em><\/strong> <em>Adresse du serveur DNS, la box dans mon cas<\/em><\/p>\n\n\n\n<p>Root passeword \u2013 New passeword : <strong><em>******<\/em><\/strong> <em>Mot de passe Root<\/em><\/p>\n\n\n\n<p>Timezone : <strong>Europe<\/strong> <em>Praram\u00e8tres pour la France<\/em><\/p>\n\n\n\n<p>Timezone : <strong>Paris<\/strong><\/p>\n\n\n\n<p>Proxy : <strong>none<\/strong> <em>Dans mon cas pas de proxy<\/em><\/p>\n\n\n\n<p>Network Time Protocol : <strong>chrony<\/strong> <em>Param\u00e8tre pour le serveur de temps<\/em><\/p>\n\n\n\n<p>APK Mirror : <strong>f<\/strong> <em>S\u00e9lection du miroir APK \u00ab\u00a0Find and use fastest mirror\u00a0\u00bb<\/em><\/p>\n\n\n\n<p>Setup a user ? : <strong><em>Nom_utilisateur<\/em><\/strong> <em>Nom de mon utilisateur<\/em><\/p>\n\n\n\n<p>Full name : <strong><em>Nom_utilisateur<\/em><\/strong><\/p>\n\n\n\n<p>New passeword : <strong><em>******<\/em><\/strong><\/p>\n\n\n\n<p>Enter ssh key&#8230; : <strong><em>none<\/em><\/strong> <em>Pas de cl\u00e9 SSH dans mon cas<\/em><\/p>\n\n\n\n<p>Which ssh server ? : <strong><em>openssh<\/em><\/strong> <em>Je s\u00e9lectionne le serveur SSH, openssh dans mon cas<\/em><\/p>\n\n\n\n<p>Which disk(s) would you like to use ? <strong><em>sda<\/em><\/strong> <em>Je s\u00e9lectionne mon disque, sda dans mon cas<\/em><\/p>\n\n\n\n<p>How would you like to use it ? <strong><em>sys<\/em><\/strong> <em>Je s\u00e9lectionne sys dans mon cas<\/em><\/p>\n\n\n\n<p>WARNING : Erase the above disk(s) and continue ? : <strong>y<\/strong><\/p>\n\n\n\n<p>Installation is complete please reboot. : <strong>reboot<\/strong> <em>Je red\u00e9marre le syst\u00e8me<\/em><\/p>\n\n\n\n<p class=\"has-pale-ocean-gradient-background has-background\">Dans cet exemple, on est sur le r\u00e9seau local 192.168.1.0 \/24 derri\u00e8re notre box 192.168.1.1 ce qui est un cas courant. La notation CIDR \/24 correspond au masque 255.255.255.0 ce qui veut dire que les adresses disponibles vont de 192.168.1.2 \u00e0 192.168.1.254 (192.168.1.255 \u00e9tant l&rsquo;adresse de diffusion \u00ab\u00a0broadcast\u00a0\u00bb). Remplacez <strong>192.168.1.***<\/strong> par votre adresse sur le r\u00e9seau. Si vous avez du DHCP, veillez \u00e0 utiliser une adresse en dehors de sa plage.<\/p>\n\n\n\n<hr class=\"wp-block-separator has-alpha-channel-opacity is-style-wide\"\/>\n\n\n\n<h2 class=\"wp-block-heading\">Installation d\u2019un conteneur Alpine Linux sous Proxmox.<\/h2>\n\n\n\n<figure class=\"wp-block-embed is-type-video is-provider-youtube wp-block-embed-youtube wp-embed-aspect-16-9 wp-has-aspect-ratio\"><div class=\"wp-block-embed__wrapper\">\n<iframe loading=\"lazy\" title=\"Conteneur Alpine Linux sous Proxmox\" width=\"500\" height=\"281\" src=\"https:\/\/www.youtube.com\/embed\/S7jmlK7DPAM?feature=oembed\" frameborder=\"0\" allow=\"accelerometer; autoplay; clipboard-write; encrypted-media; gyroscope; picture-in-picture; web-share\" referrerpolicy=\"strict-origin-when-cross-origin\" allowfullscreen><\/iframe>\n<\/div><\/figure>\n\n\n\n<hr class=\"wp-block-separator has-alpha-channel-opacity is-style-wide\"\/>\n\n\n\n<p>Pour arr\u00eater la machine :<\/p>\n\n\n\n<pre class=\"wp-block-preformatted\"><strong>poweroff<\/strong><\/pre>\n\n\n\n<p>Si votre machine est virtualis\u00e9e sous Proxmox.<\/p>\n\n\n\n<p>Pour forcer l\u2019arr\u00eat dans Proxmox en cas de probl\u00e8mes : <strong>qm stop [vmid]<\/strong><\/p>\n\n\n\n<hr class=\"wp-block-separator has-alpha-channel-opacity is-style-wide\"\/>\n\n\n\n<h2 class=\"wp-block-heading has-large-font-size\">Gestion des paquets APK<\/h2>\n\n\n\n<p>Alpine Linux utilise son propre syst\u00e8me de management de paquet.<\/p>\n\n\n\n<p>Mise \u00e0 jour :<\/p>\n\n\n\n<pre class=\"wp-block-preformatted\"><strong>apk update<\/strong><\/pre>\n\n\n\n<p>Pour v\u00e9rifier si un paquet est install\u00e9, la commande affichera son nom :<\/p>\n\n\n\n<pre class=\"wp-block-preformatted\"><strong>apk info -e nano<\/strong><\/pre>\n\n\n\n<pre class=\"wp-block-preformatted\"><strong>apk info -e iptables<\/strong><\/pre>\n\n\n\n<p>Intallation de nano :<\/p>\n\n\n\n<pre class=\"wp-block-preformatted\"><strong>apk add nano<\/strong><\/pre>\n\n\n\n<hr class=\"wp-block-separator has-alpha-channel-opacity is-style-wide\"\/>\n\n\n\n<div class=\"wp-block-group has-pale-ocean-gradient-background has-background is-layout-constrained wp-block-group-is-layout-constrained\">\n<p><em>Un <strong>fully qualified domain name<\/strong> (<strong>FQDN<\/strong>, ou nom de domaine pleinement qualifi\u00e9) est un nom de domaine qui donne la position exacte de son n\u0153ud dans l&rsquo;arborescence DNS en indiquant tous les domaines de niveau sup\u00e9rieur. On parle \u00e9galement d&rsquo;un domaine absolu, par opposition \u00e0 un domaine relatif.<\/em><\/p>\n\n\n\n<p><em>Wikip\u00e9dia<\/em><\/p>\n<\/div>\n\n\n\n<hr class=\"wp-block-separator has-alpha-channel-opacity is-style-wide\"\/>\n\n\n\n<p class=\"has-large-font-size\">La suite&#8230;<\/p>\n\n\n\n<p>Installation du serveur VPN WireGuard sous Alpine Linux :<\/p>\n\n\n\n<p><a href=\"https:\/\/artheodoc.fr\/index.php\/installation-sous-alpine-linux-du-serveur-vpn-wireguard\/\" data-type=\"page\" data-id=\"1392\" target=\"_blank\" rel=\"noreferrer noopener\">Installation sous Alpine Linux du serveur VPN WireGuard<\/a><\/p>\n\n\n\n<p>Partage Samba sous Alpine Linux :<\/p>\n\n\n\n<p><a href=\"https:\/\/artheodoc.fr\/index.php\/creation-dun-partage-samba-sous-alpine-linux\/\" data-type=\"page\" data-id=\"2918\" target=\"_blank\" rel=\"noreferrer noopener\">Cr\u00e9ation d\u2019un partage Samba sous Alpine Linux<\/a><\/p>\n\n\n\n<p><\/p>\n","protected":false},"excerpt":{"rendered":"<p>Alpine Linux est une distribution Linux ultra-l\u00e9g\u00e8re orient\u00e9e s\u00e9curit\u00e9. VirtualBox Si on virtualise Alpine Linux sous VirtualBox, on doit supprimer le lecteur CD avec l\u2019image ISO pour pouvoir d\u00e9marrer sur l\u2019installation d\u00e9finie avec setup-alpine. Installation d\u2019Alpine Linux Exemple de proc\u00e9dure de configuration d&rsquo;Alpine Linux. login : root Pas de mot de passe Acc\u00e8s \u00e0 la [&hellip;]<\/p>\n","protected":false},"author":2,"featured_media":0,"parent":0,"menu_order":0,"comment_status":"closed","ping_status":"closed","template":"","meta":{"site-sidebar-layout":"default","site-content-layout":"","ast-site-content-layout":"default","site-content-style":"default","site-sidebar-style":"default","ast-global-header-display":"","ast-banner-title-visibility":"","ast-main-header-display":"","ast-hfb-above-header-display":"","ast-hfb-below-header-display":"","ast-hfb-mobile-header-display":"","site-post-title":"","ast-breadcrumbs-content":"","ast-featured-img":"","footer-sml-layout":"","ast-disable-related-posts":"","theme-transparent-header-meta":"","adv-header-id-meta":"","stick-header-meta":"","header-above-stick-meta":"","header-main-stick-meta":"","header-below-stick-meta":"","astra-migrate-meta-layouts":"default","ast-page-background-enabled":"default","ast-page-background-meta":{"desktop":{"background-color":"var(--ast-global-color-4)","background-image":"","background-repeat":"repeat","background-position":"center center","background-size":"auto","background-attachment":"scroll","background-type":"","background-media":"","overlay-type":"","overlay-color":"","overlay-opacity":"","overlay-gradient":""},"tablet":{"background-color":"","background-image":"","background-repeat":"repeat","background-position":"center center","background-size":"auto","background-attachment":"scroll","background-type":"","background-media":"","overlay-type":"","overlay-color":"","overlay-opacity":"","overlay-gradient":""},"mobile":{"background-color":"","background-image":"","background-repeat":"repeat","background-position":"center center","background-size":"auto","background-attachment":"scroll","background-type":"","background-media":"","overlay-type":"","overlay-color":"","overlay-opacity":"","overlay-gradient":""}},"ast-content-background-meta":{"desktop":{"background-color":"var(--ast-global-color-5)","background-image":"","background-repeat":"repeat","background-position":"center center","background-size":"auto","background-attachment":"scroll","background-type":"","background-media":"","overlay-type":"","overlay-color":"","overlay-opacity":"","overlay-gradient":""},"tablet":{"background-color":"var(--ast-global-color-5)","background-image":"","background-repeat":"repeat","background-position":"center center","background-size":"auto","background-attachment":"scroll","background-type":"","background-media":"","overlay-type":"","overlay-color":"","overlay-opacity":"","overlay-gradient":""},"mobile":{"background-color":"var(--ast-global-color-5)","background-image":"","background-repeat":"repeat","background-position":"center center","background-size":"auto","background-attachment":"scroll","background-type":"","background-media":"","overlay-type":"","overlay-color":"","overlay-opacity":"","overlay-gradient":""}},"footnotes":""},"class_list":["post-1365","page","type-page","status-publish","hentry"],"_links":{"self":[{"href":"https:\/\/artheodoc.fr\/index.php\/wp-json\/wp\/v2\/pages\/1365","targetHints":{"allow":["GET"]}}],"collection":[{"href":"https:\/\/artheodoc.fr\/index.php\/wp-json\/wp\/v2\/pages"}],"about":[{"href":"https:\/\/artheodoc.fr\/index.php\/wp-json\/wp\/v2\/types\/page"}],"author":[{"embeddable":true,"href":"https:\/\/artheodoc.fr\/index.php\/wp-json\/wp\/v2\/users\/2"}],"replies":[{"embeddable":true,"href":"https:\/\/artheodoc.fr\/index.php\/wp-json\/wp\/v2\/comments?post=1365"}],"version-history":[{"count":19,"href":"https:\/\/artheodoc.fr\/index.php\/wp-json\/wp\/v2\/pages\/1365\/revisions"}],"predecessor-version":[{"id":2921,"href":"https:\/\/artheodoc.fr\/index.php\/wp-json\/wp\/v2\/pages\/1365\/revisions\/2921"}],"wp:attachment":[{"href":"https:\/\/artheodoc.fr\/index.php\/wp-json\/wp\/v2\/media?parent=1365"}],"curies":[{"name":"wp","href":"https:\/\/api.w.org\/{rel}","templated":true}]}}