{"id":1506,"date":"2024-11-10T10:21:45","date_gmt":"2024-11-10T09:21:45","guid":{"rendered":"https:\/\/artheodoc.fr\/?page_id=1506"},"modified":"2024-11-10T10:25:48","modified_gmt":"2024-11-10T09:25:48","slug":"lancement-automatique-de-wireguard-au-demarrage-dun-serveur-sous-alpinelinux","status":"publish","type":"page","link":"https:\/\/artheodoc.fr\/index.php\/lancement-automatique-de-wireguard-au-demarrage-dun-serveur-sous-alpinelinux\/","title":{"rendered":"Lancement automatique de WireGuard au d\u00e9marrage d\u2019un serveur sous AlpineLinux"},"content":{"rendered":"\n<p>On cr\u00e9e un fichier de service pour WireGuard. Exemple pour une interface nomm\u00e9e <strong><em>wg0<\/em><\/strong> :<\/p>\n\n\n\n<p>En administrateur root.<\/p>\n\n\n\n<pre class=\"wp-block-preformatted\"><strong>nano \/etc\/init.d\/wg0<\/strong><\/pre>\n\n\n\n<pre class=\"wp-block-code has-background\" style=\"background-color:#f2e7cc\"><code>#!\/sbin\/openrc-run\ndepend() {\nneed net\n}\nstart() {\nebegin \"Starting WireGuard\"\nwg-quick up wg0\neend $?\n}\nstop() {\nebegin \"Stopping WireGuard\"\nwg-quick down wg0\neend $?\n}<\/code><\/pre>\n\n\n\n<p>Rendre le script ex\u00e9cutable :<\/p>\n\n\n\n<pre class=\"wp-block-preformatted\"><strong>chmod +x \/etc\/init.d\/wg0<\/strong><\/pre>\n\n\n\n<p>Ajouter le service au d\u00e9marrage :<\/p>\n\n\n\n<pre class=\"wp-block-preformatted\"><strong>rc-update add wg0<\/strong><\/pre>\n\n\n\n<p>Si on voulait d\u00e9marrer le service imm\u00e9diatement :<\/p>\n\n\n\n<pre class=\"wp-block-preformatted\"><strong>rc-service wg0 start<\/strong><\/pre>\n\n\n\n<p>On peut tester le red\u00e9marrage de la machine :<\/p>\n\n\n\n<pre class=\"wp-block-preformatted\"><strong>reboot<\/strong><\/pre>\n","protected":false},"excerpt":{"rendered":"<p>On cr\u00e9e un fichier de service pour WireGuard. Exemple pour une interface nomm\u00e9e wg0 : En administrateur root. nano \/etc\/init.d\/wg0 Rendre le script ex\u00e9cutable : chmod +x \/etc\/init.d\/wg0 Ajouter le service au d\u00e9marrage : rc-update add wg0 Si on voulait d\u00e9marrer le service imm\u00e9diatement : rc-service wg0 start On peut tester le red\u00e9marrage de la [&hellip;]<\/p>\n","protected":false},"author":2,"featured_media":0,"parent":0,"menu_order":0,"comment_status":"closed","ping_status":"closed","template":"","meta":{"site-sidebar-layout":"default","site-content-layout":"","ast-site-content-layout":"default","site-content-style":"default","site-sidebar-style":"default","ast-global-header-display":"","ast-banner-title-visibility":"","ast-main-header-display":"","ast-hfb-above-header-display":"","ast-hfb-below-header-display":"","ast-hfb-mobile-header-display":"","site-post-title":"","ast-breadcrumbs-content":"","ast-featured-img":"","footer-sml-layout":"","ast-disable-related-posts":"","theme-transparent-header-meta":"","adv-header-id-meta":"","stick-header-meta":"","header-above-stick-meta":"","header-main-stick-meta":"","header-below-stick-meta":"","astra-migrate-meta-layouts":"default","ast-page-background-enabled":"default","ast-page-background-meta":{"desktop":{"background-color":"var(--ast-global-color-4)","background-image":"","background-repeat":"repeat","background-position":"center center","background-size":"auto","background-attachment":"scroll","background-type":"","background-media":"","overlay-type":"","overlay-color":"","overlay-opacity":"","overlay-gradient":""},"tablet":{"background-color":"","background-image":"","background-repeat":"repeat","background-position":"center center","background-size":"auto","background-attachment":"scroll","background-type":"","background-media":"","overlay-type":"","overlay-color":"","overlay-opacity":"","overlay-gradient":""},"mobile":{"background-color":"","background-image":"","background-repeat":"repeat","background-position":"center center","background-size":"auto","background-attachment":"scroll","background-type":"","background-media":"","overlay-type":"","overlay-color":"","overlay-opacity":"","overlay-gradient":""}},"ast-content-background-meta":{"desktop":{"background-color":"var(--ast-global-color-5)","background-image":"","background-repeat":"repeat","background-position":"center center","background-size":"auto","background-attachment":"scroll","background-type":"","background-media":"","overlay-type":"","overlay-color":"","overlay-opacity":"","overlay-gradient":""},"tablet":{"background-color":"var(--ast-global-color-5)","background-image":"","background-repeat":"repeat","background-position":"center center","background-size":"auto","background-attachment":"scroll","background-type":"","background-media":"","overlay-type":"","overlay-color":"","overlay-opacity":"","overlay-gradient":""},"mobile":{"background-color":"var(--ast-global-color-5)","background-image":"","background-repeat":"repeat","background-position":"center center","background-size":"auto","background-attachment":"scroll","background-type":"","background-media":"","overlay-type":"","overlay-color":"","overlay-opacity":"","overlay-gradient":""}},"footnotes":""},"class_list":["post-1506","page","type-page","status-publish","hentry"],"_links":{"self":[{"href":"https:\/\/artheodoc.fr\/index.php\/wp-json\/wp\/v2\/pages\/1506","targetHints":{"allow":["GET"]}}],"collection":[{"href":"https:\/\/artheodoc.fr\/index.php\/wp-json\/wp\/v2\/pages"}],"about":[{"href":"https:\/\/artheodoc.fr\/index.php\/wp-json\/wp\/v2\/types\/page"}],"author":[{"embeddable":true,"href":"https:\/\/artheodoc.fr\/index.php\/wp-json\/wp\/v2\/users\/2"}],"replies":[{"embeddable":true,"href":"https:\/\/artheodoc.fr\/index.php\/wp-json\/wp\/v2\/comments?post=1506"}],"version-history":[{"count":3,"href":"https:\/\/artheodoc.fr\/index.php\/wp-json\/wp\/v2\/pages\/1506\/revisions"}],"predecessor-version":[{"id":1510,"href":"https:\/\/artheodoc.fr\/index.php\/wp-json\/wp\/v2\/pages\/1506\/revisions\/1510"}],"wp:attachment":[{"href":"https:\/\/artheodoc.fr\/index.php\/wp-json\/wp\/v2\/media?parent=1506"}],"curies":[{"name":"wp","href":"https:\/\/api.w.org\/{rel}","templated":true}]}}