{"id":1626,"date":"2024-11-18T15:06:55","date_gmt":"2024-11-18T14:06:55","guid":{"rendered":"https:\/\/artheodoc.fr\/?page_id=1626"},"modified":"2024-11-19T12:16:04","modified_gmt":"2024-11-19T11:16:04","slug":"home-assistant","status":"publish","type":"page","link":"https:\/\/artheodoc.fr\/index.php\/home-assistant\/","title":{"rendered":"Home Assistant"},"content":{"rendered":"\n<div class=\"wp-block-group has-pale-ocean-gradient-background has-background is-layout-constrained wp-block-group-is-layout-constrained\">\n<div class=\"wp-block-columns is-layout-flex wp-container-core-columns-is-layout-28f84493 wp-block-columns-is-layout-flex\">\n<div class=\"wp-block-column is-layout-flow wp-block-column-is-layout-flow\" style=\"flex-basis:33.33%\">\n<figure class=\"wp-block-image aligncenter size-full\"><img loading=\"lazy\" decoding=\"async\" width=\"250\" height=\"250\" src=\"https:\/\/artheodoc.fr\/wp-content\/uploads\/2024\/11\/Home_Assistant_logo.svg_.png\" alt=\"\" class=\"wp-image-1631\" srcset=\"https:\/\/artheodoc.fr\/wp-content\/uploads\/2024\/11\/Home_Assistant_logo.svg_.png 250w, https:\/\/artheodoc.fr\/wp-content\/uploads\/2024\/11\/Home_Assistant_logo.svg_-150x150.png 150w\" sizes=\"auto, (max-width: 250px) 100vw, 250px\" \/><\/figure>\n<\/div>\n\n\n\n<div class=\"wp-block-column is-layout-flow wp-block-column-is-layout-flow\" style=\"flex-basis:66.66%\">\n<p>Home Assistant est un logiciel libre gratuit op\u00e9rant comme un serveur central dans une installation domotique afin de contr\u00f4ler divers appareils \u00e9lectriques, relever des grandeurs physiques ou des consommations \u00e9lectriques. Il s&rsquo;installe sous le syst\u00e8me d&rsquo;exploitation Linux et peut fonctionner sur des ordinateurs \u00e0 faible capacit\u00e9 de calculs comme le Raspberry Pi.<\/p>\n\n\n\n<p><em>Wikip\u00e9dia<\/em><\/p>\n<\/div>\n<\/div>\n<\/div>\n\n\n\n<p class=\"has-medium-font-size\">Installation et configuration du VPN WireGuard dans Home Assistant sur un RaspBerry Pi&nbsp;:<\/p>\n\n\n\n<p><a href=\"https:\/\/artheodoc.fr\/index.php\/installation-et-configuration-de-wireguard-dans-home-assistant\/\" data-type=\"page\" data-id=\"1589\" target=\"_blank\" rel=\"noreferrer noopener\">Installation et configuration de WireGuard dans Home Assistant<\/a><\/p>\n\n\n\n<hr class=\"wp-block-separator has-alpha-channel-opacity is-style-wide\"\/>\n\n\n\n<p class=\"has-medium-font-size\">Page consacr\u00e9e \u00e0 Home Assistant sur mon ancien site.<\/p>\n\n\n\n<figure class=\"wp-block-embed is-type-wp-embed is-provider-artheodoc wp-block-embed-artheodoc\"><div class=\"wp-block-embed__wrapper\">\n<blockquote class=\"wp-embedded-content\" data-secret=\"fjp6cQDrw0\"><a href=\"https:\/\/artheodoc.wordpress.com\/home-assistant\/\">Home Assistant<\/a><\/blockquote><iframe loading=\"lazy\" class=\"wp-embedded-content\" sandbox=\"allow-scripts\" security=\"restricted\" style=\"position: absolute; visibility: hidden;\" title=\"&laquo;&nbsp;Home Assistant&nbsp;&raquo; &#8212; Artheodoc\" src=\"https:\/\/artheodoc.wordpress.com\/home-assistant\/embed\/#?secret=ky8hzswlDO#?secret=fjp6cQDrw0\" data-secret=\"fjp6cQDrw0\" width=\"500\" height=\"282\" frameborder=\"0\" marginwidth=\"0\" marginheight=\"0\" scrolling=\"no\"><\/iframe>\n<\/div><\/figure>\n","protected":false},"excerpt":{"rendered":"<p>Home Assistant est un logiciel libre gratuit op\u00e9rant comme un serveur central dans une installation domotique afin de contr\u00f4ler divers appareils \u00e9lectriques, relever des grandeurs physiques ou des consommations \u00e9lectriques. Il s&rsquo;installe sous le syst\u00e8me d&rsquo;exploitation Linux et peut fonctionner sur des ordinateurs \u00e0 faible capacit\u00e9 de calculs comme le Raspberry Pi. Wikip\u00e9dia Installation et [&hellip;]<\/p>\n","protected":false},"author":2,"featured_media":0,"parent":0,"menu_order":0,"comment_status":"closed","ping_status":"closed","template":"","meta":{"site-sidebar-layout":"default","site-content-layout":"","ast-site-content-layout":"default","site-content-style":"default","site-sidebar-style":"default","ast-global-header-display":"","ast-banner-title-visibility":"","ast-main-header-display":"","ast-hfb-above-header-display":"","ast-hfb-below-header-display":"","ast-hfb-mobile-header-display":"","site-post-title":"","ast-breadcrumbs-content":"","ast-featured-img":"","footer-sml-layout":"","ast-disable-related-posts":"","theme-transparent-header-meta":"","adv-header-id-meta":"","stick-header-meta":"","header-above-stick-meta":"","header-main-stick-meta":"","header-below-stick-meta":"","astra-migrate-meta-layouts":"default","ast-page-background-enabled":"default","ast-page-background-meta":{"desktop":{"background-color":"var(--ast-global-color-4)","background-image":"","background-repeat":"repeat","background-position":"center center","background-size":"auto","background-attachment":"scroll","background-type":"","background-media":"","overlay-type":"","overlay-color":"","overlay-opacity":"","overlay-gradient":""},"tablet":{"background-color":"","background-image":"","background-repeat":"repeat","background-position":"center center","background-size":"auto","background-attachment":"scroll","background-type":"","background-media":"","overlay-type":"","overlay-color":"","overlay-opacity":"","overlay-gradient":""},"mobile":{"background-color":"","background-image":"","background-repeat":"repeat","background-position":"center center","background-size":"auto","background-attachment":"scroll","background-type":"","background-media":"","overlay-type":"","overlay-color":"","overlay-opacity":"","overlay-gradient":""}},"ast-content-background-meta":{"desktop":{"background-color":"var(--ast-global-color-5)","background-image":"","background-repeat":"repeat","background-position":"center center","background-size":"auto","background-attachment":"scroll","background-type":"","background-media":"","overlay-type":"","overlay-color":"","overlay-opacity":"","overlay-gradient":""},"tablet":{"background-color":"var(--ast-global-color-5)","background-image":"","background-repeat":"repeat","background-position":"center center","background-size":"auto","background-attachment":"scroll","background-type":"","background-media":"","overlay-type":"","overlay-color":"","overlay-opacity":"","overlay-gradient":""},"mobile":{"background-color":"var(--ast-global-color-5)","background-image":"","background-repeat":"repeat","background-position":"center center","background-size":"auto","background-attachment":"scroll","background-type":"","background-media":"","overlay-type":"","overlay-color":"","overlay-opacity":"","overlay-gradient":""}},"footnotes":""},"class_list":["post-1626","page","type-page","status-publish","hentry"],"_links":{"self":[{"href":"https:\/\/artheodoc.fr\/index.php\/wp-json\/wp\/v2\/pages\/1626","targetHints":{"allow":["GET"]}}],"collection":[{"href":"https:\/\/artheodoc.fr\/index.php\/wp-json\/wp\/v2\/pages"}],"about":[{"href":"https:\/\/artheodoc.fr\/index.php\/wp-json\/wp\/v2\/types\/page"}],"author":[{"embeddable":true,"href":"https:\/\/artheodoc.fr\/index.php\/wp-json\/wp\/v2\/users\/2"}],"replies":[{"embeddable":true,"href":"https:\/\/artheodoc.fr\/index.php\/wp-json\/wp\/v2\/comments?post=1626"}],"version-history":[{"count":5,"href":"https:\/\/artheodoc.fr\/index.php\/wp-json\/wp\/v2\/pages\/1626\/revisions"}],"predecessor-version":[{"id":1636,"href":"https:\/\/artheodoc.fr\/index.php\/wp-json\/wp\/v2\/pages\/1626\/revisions\/1636"}],"wp:attachment":[{"href":"https:\/\/artheodoc.fr\/index.php\/wp-json\/wp\/v2\/media?parent=1626"}],"curies":[{"name":"wp","href":"https:\/\/api.w.org\/{rel}","templated":true}]}}