{"id":178,"date":"2023-12-15T12:46:07","date_gmt":"2023-12-15T11:46:07","guid":{"rendered":"https:\/\/artheodoc.fr\/?page_id=178"},"modified":"2025-03-08T11:31:07","modified_gmt":"2025-03-08T10:31:07","slug":"pour-augmenter-le-poid-des-medias-pouvant-etre-utilises","status":"publish","type":"page","link":"https:\/\/artheodoc.fr\/index.php\/pour-augmenter-le-poid-des-medias-pouvant-etre-utilises\/","title":{"rendered":"Pour augmenter le poid des m\u00e9dias pouvant \u00eatre utilis\u00e9s"},"content":{"rendered":"\n<figure class=\"wp-block-image aligncenter size-full\"><img loading=\"lazy\" decoding=\"async\" width=\"512\" height=\"117\" src=\"https:\/\/artheodoc.fr\/wp-content\/uploads\/2023\/12\/WordPress_logo.png\" alt=\"\" class=\"wp-image-166\" srcset=\"https:\/\/artheodoc.fr\/wp-content\/uploads\/2023\/12\/WordPress_logo.png 512w, https:\/\/artheodoc.fr\/wp-content\/uploads\/2023\/12\/WordPress_logo-300x69.png 300w\" sizes=\"auto, (max-width: 512px) 100vw, 512px\" \/><\/figure>\n\n\n\n<p>Exemple avec l\u2019installation d\u2019une extension.<\/p>\n\n\n\n<p>On peut utiliser l\u2019extension suivante&nbsp;:<\/p>\n\n\n\n<p>Increase Maximum Upload File Size | Increase Execution Time<\/p>\n\n\n\n<hr class=\"wp-block-separator has-alpha-channel-opacity\"\/>\n\n\n\n<p class=\"has-large-font-size\">Pour installer l\u2019extension<\/p>\n\n\n\n<p><strong>Extensions<\/strong> ==&gt; <strong>[Ajouter]<\/strong><\/p>\n\n\n\n<p>Rechercher l\u2019extension <em>Increase Maximum Upload File Size | Increase Execution Time<\/em><\/p>\n\n\n\n<p><strong>[Installer maitenant]<\/strong><\/p>\n\n\n\n<hr class=\"wp-block-separator has-alpha-channel-opacity\"\/>\n\n\n\n<p class=\"has-large-font-size\">Utilisation de l\u2019extension<\/p>\n\n\n\n<p><strong>Extensions<\/strong> ==&gt; <strong>Extensions install\u00e9es<\/strong><\/p>\n\n\n\n<p>Dans <strong>Wp Maximum Upload File Size<\/strong> cliquez sur <strong>Settings<\/strong>,<\/p>\n\n\n\n<p><em>Ou<\/em><\/p>\n\n\n\n<p><strong>M\u00e9dias<\/strong> ==&gt; <strong>Increase Upload Limit<\/strong><\/p>\n\n\n\n<p><strong>Choose Maximum Upload File Size<\/strong> puis <strong>[Enregistrer les modifications]<\/strong><\/p>\n\n\n\n<hr class=\"wp-block-separator has-alpha-channel-opacity\"\/>\n\n\n\n<p class=\"has-large-font-size\">Voir la taille maximale pour le t\u00e9l\u00e9versement de fichiers<\/p>\n\n\n\n<p><strong>M\u00e9dias<\/strong> ==&gt; <strong>Ajouter<\/strong><\/p>\n\n\n<div class=\"wp-block-post-date\"><time datetime=\"2023-12-15T12:46:07+01:00\">15 d\u00e9cembre 2023<\/time><\/div>","protected":false},"excerpt":{"rendered":"<p>Exemple avec l\u2019installation d\u2019une extension. On peut utiliser l\u2019extension suivante&nbsp;: Increase Maximum Upload File Size | Increase Execution Time Pour installer l\u2019extension Extensions ==&gt; [Ajouter] Rechercher l\u2019extension Increase Maximum Upload File Size | Increase Execution Time [Installer maitenant] Utilisation de l\u2019extension Extensions ==&gt; Extensions install\u00e9es Dans Wp Maximum Upload File Size cliquez sur Settings, Ou [&hellip;]<\/p>\n","protected":false},"author":2,"featured_media":0,"parent":0,"menu_order":0,"comment_status":"closed","ping_status":"closed","template":"","meta":{"site-sidebar-layout":"default","site-content-layout":"","ast-site-content-layout":"default","site-content-style":"default","site-sidebar-style":"default","ast-global-header-display":"","ast-banner-title-visibility":"","ast-main-header-display":"","ast-hfb-above-header-display":"","ast-hfb-below-header-display":"","ast-hfb-mobile-header-display":"","site-post-title":"","ast-breadcrumbs-content":"","ast-featured-img":"","footer-sml-layout":"","ast-disable-related-posts":"","theme-transparent-header-meta":"","adv-header-id-meta":"","stick-header-meta":"","header-above-stick-meta":"","header-main-stick-meta":"","header-below-stick-meta":"","astra-migrate-meta-layouts":"default","ast-page-background-enabled":"default","ast-page-background-meta":{"desktop":{"background-color":"var(--ast-global-color-4)","background-image":"","background-repeat":"repeat","background-position":"center center","background-size":"auto","background-attachment":"scroll","background-type":"","background-media":"","overlay-type":"","overlay-color":"","overlay-opacity":"","overlay-gradient":""},"tablet":{"background-color":"","background-image":"","background-repeat":"repeat","background-position":"center center","background-size":"auto","background-attachment":"scroll","background-type":"","background-media":"","overlay-type":"","overlay-color":"","overlay-opacity":"","overlay-gradient":""},"mobile":{"background-color":"","background-image":"","background-repeat":"repeat","background-position":"center center","background-size":"auto","background-attachment":"scroll","background-type":"","background-media":"","overlay-type":"","overlay-color":"","overlay-opacity":"","overlay-gradient":""}},"ast-content-background-meta":{"desktop":{"background-color":"var(--ast-global-color-5)","background-image":"","background-repeat":"repeat","background-position":"center center","background-size":"auto","background-attachment":"scroll","background-type":"","background-media":"","overlay-type":"","overlay-color":"","overlay-opacity":"","overlay-gradient":""},"tablet":{"background-color":"var(--ast-global-color-5)","background-image":"","background-repeat":"repeat","background-position":"center center","background-size":"auto","background-attachment":"scroll","background-type":"","background-media":"","overlay-type":"","overlay-color":"","overlay-opacity":"","overlay-gradient":""},"mobile":{"background-color":"var(--ast-global-color-5)","background-image":"","background-repeat":"repeat","background-position":"center center","background-size":"auto","background-attachment":"scroll","background-type":"","background-media":"","overlay-type":"","overlay-color":"","overlay-opacity":"","overlay-gradient":""}},"footnotes":""},"class_list":["post-178","page","type-page","status-publish","hentry"],"_links":{"self":[{"href":"https:\/\/artheodoc.fr\/index.php\/wp-json\/wp\/v2\/pages\/178","targetHints":{"allow":["GET"]}}],"collection":[{"href":"https:\/\/artheodoc.fr\/index.php\/wp-json\/wp\/v2\/pages"}],"about":[{"href":"https:\/\/artheodoc.fr\/index.php\/wp-json\/wp\/v2\/types\/page"}],"author":[{"embeddable":true,"href":"https:\/\/artheodoc.fr\/index.php\/wp-json\/wp\/v2\/users\/2"}],"replies":[{"embeddable":true,"href":"https:\/\/artheodoc.fr\/index.php\/wp-json\/wp\/v2\/comments?post=178"}],"version-history":[{"count":4,"href":"https:\/\/artheodoc.fr\/index.php\/wp-json\/wp\/v2\/pages\/178\/revisions"}],"predecessor-version":[{"id":1916,"href":"https:\/\/artheodoc.fr\/index.php\/wp-json\/wp\/v2\/pages\/178\/revisions\/1916"}],"wp:attachment":[{"href":"https:\/\/artheodoc.fr\/index.php\/wp-json\/wp\/v2\/media?parent=178"}],"curies":[{"name":"wp","href":"https:\/\/api.w.org\/{rel}","templated":true}]}}