{"id":1806,"date":"2024-12-23T07:32:12","date_gmt":"2024-12-23T06:32:12","guid":{"rendered":"https:\/\/artheodoc.fr\/?page_id=1806"},"modified":"2026-03-29T18:47:13","modified_gmt":"2026-03-29T16:47:13","slug":"windows","status":"publish","type":"page","link":"https:\/\/artheodoc.fr\/index.php\/windows\/","title":{"rendered":"Windows"},"content":{"rendered":"\n<div class=\"wp-block-group has-background is-layout-constrained wp-block-group-is-layout-constrained\" style=\"background:linear-gradient(135deg,rgb(225,241,247) 0%,rgb(163,167,217) 100%)\">\n<div class=\"wp-block-group has-background is-nowrap is-layout-flex wp-container-core-group-is-layout-6c531013 wp-block-group-is-layout-flex\" style=\"background:linear-gradient(135deg,rgb(248,249,250) 0%,rgb(117,173,233) 100%)\">\n<figure class=\"wp-block-image size-full\"><img loading=\"lazy\" decoding=\"async\" width=\"250\" height=\"250\" src=\"https:\/\/artheodoc.fr\/wp-content\/uploads\/2025\/03\/Windows-IA.jpg\" alt=\"\" class=\"wp-image-1939\" srcset=\"https:\/\/artheodoc.fr\/wp-content\/uploads\/2025\/03\/Windows-IA.jpg 250w, https:\/\/artheodoc.fr\/wp-content\/uploads\/2025\/03\/Windows-IA-150x150.jpg 150w\" sizes=\"auto, (max-width: 250px) 100vw, 250px\" \/><\/figure>\n\n\n\n<p class=\"has-large-font-size\">Les articles concernant Windows<\/p>\n<\/div>\n\n\n\n<p>Mise \u00e0 jour des applications depuis l&rsquo;invite de commande :<\/p>\n\n\n\n<p><a href=\"https:\/\/artheodoc.fr\/index.php\/2025\/03\/22\/mettre-a-jour-toutes-vos-applications-sous-windows-10-et-11\/\" data-type=\"post\" data-id=\"1947\" target=\"_blank\" rel=\"noreferrer noopener\">Mettre \u00e0 jour toutes vos applications sous Windows 10 et 11<\/a><\/p>\n\n\n\n<p>Outil de v\u00e9rification des fichiers syst\u00e8me (SFC) :<\/p>\n\n\n\n<p><a href=\"https:\/\/artheodoc.fr\/index.php\/2024\/12\/22\/reparer-windows-avec-system-file-checker\/\" data-type=\"post\" data-id=\"1799\" target=\"_blank\" rel=\"noreferrer noopener\">R\u00e9parer Windows avec System File Checker<\/a><\/p>\n\n\n\n<p>Fichiers .bat permettant de r\u00e9cup\u00e9rer les pilotes sous Windows 10 : <\/p>\n\n\n\n<p><a href=\"https:\/\/artheodoc.fr\/index.php\/2024\/01\/30\/recuperation-des-pilotes-sous-windows-10\/\" data-type=\"post\" data-id=\"416\" target=\"_blank\" rel=\"noreferrer noopener\">R\u00e9cup\u00e9ration des pilotes sous Windows 10 ou Windows 11<\/a><\/p>\n\n\n\n<p>R\u00e9cup\u00e9rer les mots de passe WIFI enregistr\u00e9s sous Windows 10 :<\/p>\n\n\n\n<p><a href=\"https:\/\/artheodoc.fr\/index.php\/2024\/02\/02\/affichez-les-mots-de-passe-wi-fi-depuis-linvite-de-commande-sous-windows-10\/\" data-type=\"post\" data-id=\"462\" target=\"_blank\" rel=\"noreferrer noopener\">Affichez les mots de passe Wi-Fi depuis l\u2019invite de commande sous Windows 10<\/a><\/p>\n\n\n\n<p>D\u00e9bit et le mode de n\u00e9gociation de votre carte r\u00e9seau Ethernet sous Windows 10 :<\/p>\n\n\n\n<p><a href=\"https:\/\/artheodoc.fr\/index.php\/2025\/03\/12\/windows-10-debit-et-le-mode-de-negociation-de-votre-carte-reseau-ethernet\/\" data-type=\"post\" data-id=\"1931\" target=\"_blank\" rel=\"noreferrer noopener\">Windows 10 &#8211; D\u00e9bit et le mode de n\u00e9gociation de votre carte r\u00e9seau Ethernet<\/a><\/p>\n\n\n\n<p>Installation du client VPN WireGuard sous Windows 11 :<\/p>\n\n\n\n<p><a href=\"https:\/\/artheodoc.fr\/index.php\/installer-et-configurer-le-client-wireguard-sous-windows-11\/\" data-type=\"page\" data-id=\"1485\" target=\"_blank\" rel=\"noreferrer noopener\">Installer et configurer le client WireGuard sous Windows 11<\/a><\/p>\n\n\n\n<p>Pointeurs de la souris :<\/p>\n\n\n\n<p><a href=\"https:\/\/artheodoc.fr\/index.php\/2025\/03\/23\/pour-remettre-les-pointeurs-de-souris-par-defaut-sous-windows-10\/\" data-type=\"post\" data-id=\"1958\" target=\"_blank\" rel=\"noreferrer noopener\">Pour remettre les pointeurs de souris par d\u00e9faut sous Windows 10<\/a><\/p>\n\n\n\n<p>Conversions de fichiers depuis le menu contextuel :<\/p>\n\n\n\n<p><a href=\"https:\/\/artheodoc.fr\/index.php\/2026\/03\/29\/convertir-vos-fichiers-depuis-le-menu-contextuel-de-lexplorateur-de-fichiers-avec-file-converter-sous-windows-11\/\" data-type=\"post\" data-id=\"2962\" target=\"_blank\" rel=\"noreferrer noopener\">Convertir vos fichiers depuis le menu contextuel de l\u2019Explorateur de fichiers avec File Converter sous Windows 11<\/a><\/p>\n\n\n\n<hr class=\"wp-block-separator has-alpha-channel-opacity is-style-wide\"\/>\n\n\n\n<p class=\"has-medium-font-size\"><strong>Sur le WEB<\/strong><\/p>\n\n\n\n<p><strong>TweakPower<\/strong><\/p>\n\n\n\n<p>Ce logiciel gratuit et l\u00e9ger est id\u00e9al pour optimiser votre PC comme un pro<\/p>\n\n\n\n<p><a href=\"https:\/\/www.commentcamarche.net\/informatique\/windows\/32475-tweakpower-bis\" target=\"_blank\" rel=\"noreferrer noopener\">https:\/\/www.commentcamarche.net\/informatique\/windows\/32475-tweakpower-bis<\/a><\/p>\n\n\n\n<p>Comment configurer votre nouveau PC Windows 11 sans compte Microsoft<\/p>\n\n\n\n<p><a href=\"https:\/\/www.01net.com\/astuces\/comment-configurer-votre-nouveau-pc-windows-11-sans-compte-microsoft.html\" target=\"_blank\" rel=\"noreferrer noopener\">https:\/\/www.01net.com\/astuces\/comment-configurer-votre-nouveau-pc-windows-11-sans-compte-microsoft.html<\/a><\/p>\n\n\n\n<p>BitLocker : comment utiliser cet outil de chiffrement de Windows pour prot\u00e9ger vos donn\u00e9es<\/p>\n\n\n\n<p><a href=\"https:\/\/www.zdnet.fr\/pratique\/bitlocker-comment-utiliser-cet-outil-de-chiffrement-de-windows-pour-proteger-vos-donnees-39944358.htm\" target=\"_blank\" rel=\"noreferrer noopener\">https:\/\/www.zdnet.fr\/pratique\/bitlocker-comment-utiliser-cet-outil-de-chiffrement-de-windows-pour-proteger-vos-donnees-39944358.htm<\/a><\/p>\n\n\n\n<p>Comment acc\u00e9l\u00e9rer Windows 10\/11 en d\u00e9sactivant les effets visuels ?<\/p>\n\n\n\n<p><a href=\"https:\/\/www.lesnumeriques.com\/informatique\/comment-accelerer-windows-10-11-en-desactivant-les-effets-visuels-a231125.html\" target=\"_blank\" rel=\"noreferrer noopener\">https:\/\/www.lesnumeriques.com\/informatique\/comment-accelerer-windows-10-11-en-desactivant-les-effets-visuels-a231125.html<\/a><\/p>\n\n\n\n<p>Comment activer le d\u00e9marrage rapide de Windows 11 ?<\/p>\n\n\n\n<p><a href=\"https:\/\/www.lesnumeriques.com\/informatique\/comment-activer-le-demarrage-rapide-de-windows-11-a230965.html\" target=\"_blank\" rel=\"noreferrer noopener\">https:\/\/www.lesnumeriques.com\/informatique\/comment-activer-le-demarrage-rapide-de-windows-11-a230965.html<\/a><\/p>\n\n\n\n<p>Windows 11 et 10 : Microsoft l&rsquo;admet sans honte, ces deux fonctions activ\u00e9es par d\u00e9faut plombent d\u00e9lib\u00e9r\u00e9ment votre PC<\/p>\n\n\n\n<p><a href=\"https:\/\/www.lesnumeriques.com\/informatique\/windows-11-et-10-microsoft-l-admet-sans-honte-ces-deux-fonctions-activees-par-defaut-plombent-deliberement-votre-pc-n243388.html\" target=\"_blank\" rel=\"noreferrer noopener\">https:\/\/www.lesnumeriques.com\/informatique\/windows-11-et-10-microsoft-l-admet-sans-honte-ces-deux-fonctions-activees-par-defaut-plombent-deliberement-votre-pc-n243388.html<\/a><\/p>\n\n\n\n<p>Windows 11 : comment convertir vos fichiers depuis le menu contextuel de l\u2019Explorateur de fichiers ?<\/p>\n\n\n\n<p><a href=\"https:\/\/www.01net.com\/astuces\/windows-11-comment-convertir-vos-fichiers-depuis-le-menu-contextuel-de-lexplorateur-de-fichiers.html\" target=\"_blank\" rel=\"noreferrer noopener\">https:\/\/www.01net.com\/astuces\/windows-11-comment-convertir-vos-fichiers-depuis-le-menu-contextuel-de-lexplorateur-de-fichiers.html<\/a><\/p>\n<\/div>\n\n\n\n<div style=\"height:10px\" aria-hidden=\"true\" class=\"wp-block-spacer\"><\/div>\n\n\n\n<hr class=\"wp-block-separator has-alpha-channel-opacity is-style-wide\"\/>\n\n\n\n<p class=\"has-medium-font-size\"><br><strong>Raccourcis clavier dans Windows<\/strong><\/p>\n\n\n\n<figure class=\"wp-block-table\"><table class=\"has-background has-fixed-layout\" style=\"background-color:#f6edd8\"><tbody><tr><td>Touche de <strong>logo Windows<\/strong> + <strong>E<\/strong><\/td><td>Ouvrez l\u2019<strong>Explorateur de fichiers<\/strong>.<\/td><\/tr><tr><td>Touche de <strong>logo Windows<\/strong> + <strong>I<\/strong><\/td><td>Ouvrez les <strong>Param\u00e8tres<\/strong>.<\/td><\/tr><tr><td>Touche de <strong>logo Windows<\/strong> + <strong>S<\/strong><\/td><td>Ouvrir la fonctionnalit\u00e9 de <strong>Recherche<\/strong>.<\/td><\/tr><tr><td>Touche de <strong>logo Windows <\/strong>+ <strong>R<\/strong><\/td><td>Ouvrir la bo\u00eete de dialogue <strong>Ex\u00e9cuter<\/strong>.<\/td><\/tr><tr><td>Touche de <strong>logo Windows<\/strong> + <strong>X<\/strong><\/td><td>Ouvrir le menu <strong>Lien rapide<\/strong>.<\/td><\/tr><tr><td>Touche de <strong>logo Windows<\/strong> + <strong>P<\/strong><\/td><td>Ouvrir l&rsquo;<strong>option d&rsquo;affichage<\/strong> (vid\u00e9oprojecteur)<\/td><\/tr><\/tbody><\/table><\/figure>\n\n\n\n<p class=\"has-medium-font-size\"><strong>Windows 11<\/strong><\/p>\n\n\n\n<figure class=\"wp-block-table\"><table class=\"has-background has-fixed-layout\" style=\"background-color:#f6edd8\"><tbody><tr><td>Touche de <strong>logo Windows<\/strong> + <strong>V<\/strong><\/td><td>Acc\u00e9der \u00e0 l&rsquo;historique du Presse-papiers<\/td><\/tr><tr><td><strong>Ctrl<\/strong> + <strong>Shift<\/strong> + <strong>Esc<\/strong><\/td><td>Acc\u00e9der directement au gestionnaire des t\u00e2ches<\/td><\/tr><tr><td>Touche de <strong>logo Windows<\/strong> + point-virgule (<strong>;<\/strong>)<\/td><td>Ins\u00e9rer des emojis n&rsquo;importe o\u00f9<\/td><\/tr><tr><td>Touche de <strong>logo Windows<\/strong> + <strong>H<\/strong><\/td><td>Lancer la saisie vocale<\/td><\/tr><tr><td><strong>Ctrl<\/strong> + <strong>logo Windows<\/strong> + <strong>V<\/strong><\/td><td>Acc\u00e9der aux param\u00e8tres sonores de l\u2019ordinateur<\/td><\/tr><tr><td>Touche de <strong>logo Windows<\/strong>+ <strong>T<\/strong><\/td><td>Parcourir les applications dans la barre des t\u00e2ches<\/td><\/tr><tr><td>Touche de <strong>logo Windows<\/strong> + <strong>L<\/strong><\/td><td>Verrouiller l\u2019ordinateur<\/td><\/tr><tr><td>Touche de <strong>logo Windows<\/strong> + <strong>Z<\/strong><\/td><td>Activer la fonction Snap Layouts (alignement)<\/td><\/tr><tr><td>Touche de <strong>logo Windows<\/strong> + <strong>fl\u00e8che<\/strong> gauche\/droite ou haut\/bas<\/td><td>D\u00e9placer la fen\u00eatre en cours d&rsquo;affichage vers la moiti\u00e9 gauche\/droite ou sup\u00e9rieure\/inf\u00e9rieure de l&rsquo;\u00e9cran<\/td><\/tr><tr><td>Touche de <strong>logo Windows<\/strong> + <strong>G<\/strong><\/td><td>Ouvrir la barre de jeu (Game Bar)<\/td><\/tr><tr><td><strong>Alt<\/strong> + <strong>Entr\u00e9e<\/strong><\/td><td>Basculer entre les modes \u201cfen\u00eatr\u00e9\u201d et \u201cplein \u00e9cran\u201d dans les jeux PC<\/td><\/tr><tr><td>Touche de <strong>logo Windows<\/strong> + <strong>Tab<\/strong><\/td><td>Ouvrir la vue des t\u00e2ches<\/td><\/tr><tr><td>Touche de <strong>logo Windows<\/strong> + <strong>Ctrl<\/strong> + <strong>fl\u00e8che<\/strong> gauche ou droite<\/td><td>Passer d&rsquo;un bureau virtuel \u00e0 l&rsquo;autre<\/td><\/tr><tr><td>Touche de <strong>logo Windows<\/strong> + <strong>Maj<\/strong> + <strong>fl\u00e8che<\/strong> gauche ou droite<\/td><td>D\u00e9placer des fen\u00eatres d&rsquo;un \u00e9cran \u00e0 l&rsquo;autre<\/td><\/tr><tr><td><strong>Ctrl<\/strong> + <strong>Shift<\/strong> + <strong>T<\/strong><\/td><td>Rouvrir un onglet de navigateur ferm\u00e9<\/td><\/tr><tr><td>Touche de <strong>logo Windows<\/strong> + <strong>M<\/strong><\/td><td>R\u00e9duire toutes les fen\u00eatres ouvertes<\/td><\/tr><tr><td>Touche de <strong>logo Windows<\/strong> + <strong>Ctrl<\/strong> + <strong>F<\/strong><\/td><td>Rechercher des PC sur un r\u00e9seau<\/td><\/tr><\/tbody><\/table><\/figure>\n\n\n\n<p><\/p>\n","protected":false},"excerpt":{"rendered":"<p>Les articles concernant Windows Mise \u00e0 jour des applications depuis l&rsquo;invite de commande : Mettre \u00e0 jour toutes vos applications sous Windows 10 et 11 Outil de v\u00e9rification des fichiers syst\u00e8me (SFC) : R\u00e9parer Windows avec System File Checker Fichiers .bat permettant de r\u00e9cup\u00e9rer les pilotes sous Windows 10 : R\u00e9cup\u00e9ration des pilotes sous Windows [&hellip;]<\/p>\n","protected":false},"author":2,"featured_media":0,"parent":0,"menu_order":0,"comment_status":"closed","ping_status":"closed","template":"","meta":{"site-sidebar-layout":"default","site-content-layout":"","ast-site-content-layout":"default","site-content-style":"default","site-sidebar-style":"default","ast-global-header-display":"","ast-banner-title-visibility":"","ast-main-header-display":"","ast-hfb-above-header-display":"","ast-hfb-below-header-display":"","ast-hfb-mobile-header-display":"","site-post-title":"","ast-breadcrumbs-content":"","ast-featured-img":"","footer-sml-layout":"","ast-disable-related-posts":"","theme-transparent-header-meta":"","adv-header-id-meta":"","stick-header-meta":"","header-above-stick-meta":"","header-main-stick-meta":"","header-below-stick-meta":"","astra-migrate-meta-layouts":"default","ast-page-background-enabled":"default","ast-page-background-meta":{"desktop":{"background-color":"var(--ast-global-color-4)","background-image":"","background-repeat":"repeat","background-position":"center center","background-size":"auto","background-attachment":"scroll","background-type":"","background-media":"","overlay-type":"","overlay-color":"","overlay-opacity":"","overlay-gradient":""},"tablet":{"background-color":"","background-image":"","background-repeat":"repeat","background-position":"center center","background-size":"auto","background-attachment":"scroll","background-type":"","background-media":"","overlay-type":"","overlay-color":"","overlay-opacity":"","overlay-gradient":""},"mobile":{"background-color":"","background-image":"","background-repeat":"repeat","background-position":"center center","background-size":"auto","background-attachment":"scroll","background-type":"","background-media":"","overlay-type":"","overlay-color":"","overlay-opacity":"","overlay-gradient":""}},"ast-content-background-meta":{"desktop":{"background-color":"var(--ast-global-color-5)","background-image":"","background-repeat":"repeat","background-position":"center center","background-size":"auto","background-attachment":"scroll","background-type":"","background-media":"","overlay-type":"","overlay-color":"","overlay-opacity":"","overlay-gradient":""},"tablet":{"background-color":"var(--ast-global-color-5)","background-image":"","background-repeat":"repeat","background-position":"center center","background-size":"auto","background-attachment":"scroll","background-type":"","background-media":"","overlay-type":"","overlay-color":"","overlay-opacity":"","overlay-gradient":""},"mobile":{"background-color":"var(--ast-global-color-5)","background-image":"","background-repeat":"repeat","background-position":"center center","background-size":"auto","background-attachment":"scroll","background-type":"","background-media":"","overlay-type":"","overlay-color":"","overlay-opacity":"","overlay-gradient":""}},"footnotes":""},"class_list":["post-1806","page","type-page","status-publish","hentry"],"_links":{"self":[{"href":"https:\/\/artheodoc.fr\/index.php\/wp-json\/wp\/v2\/pages\/1806","targetHints":{"allow":["GET"]}}],"collection":[{"href":"https:\/\/artheodoc.fr\/index.php\/wp-json\/wp\/v2\/pages"}],"about":[{"href":"https:\/\/artheodoc.fr\/index.php\/wp-json\/wp\/v2\/types\/page"}],"author":[{"embeddable":true,"href":"https:\/\/artheodoc.fr\/index.php\/wp-json\/wp\/v2\/users\/2"}],"replies":[{"embeddable":true,"href":"https:\/\/artheodoc.fr\/index.php\/wp-json\/wp\/v2\/comments?post=1806"}],"version-history":[{"count":24,"href":"https:\/\/artheodoc.fr\/index.php\/wp-json\/wp\/v2\/pages\/1806\/revisions"}],"predecessor-version":[{"id":2967,"href":"https:\/\/artheodoc.fr\/index.php\/wp-json\/wp\/v2\/pages\/1806\/revisions\/2967"}],"wp:attachment":[{"href":"https:\/\/artheodoc.fr\/index.php\/wp-json\/wp\/v2\/media?parent=1806"}],"curies":[{"name":"wp","href":"https:\/\/api.w.org\/{rel}","templated":true}]}}