{"id":1998,"date":"2025-04-06T10:02:43","date_gmt":"2025-04-06T08:02:43","guid":{"rendered":"https:\/\/artheodoc.fr\/?page_id=1998"},"modified":"2025-04-06T17:55:01","modified_gmt":"2025-04-06T15:55:01","slug":"pour-quollama-ecoute-sur-toutes-les-interfaces-reseau","status":"publish","type":"page","link":"https:\/\/artheodoc.fr\/index.php\/pour-quollama-ecoute-sur-toutes-les-interfaces-reseau\/","title":{"rendered":"Pour qu\u2019Ollama \u00e9coute sur toutes les interfaces r\u00e9seau"},"content":{"rendered":"\n<p>En pr\u00e9vision de l&rsquo;installation d&rsquo;Open WebUI Ollama configuration d&rsquo;Ollama pour \u00e9couter sur toutes les interfaces r\u00e9seau.<\/p>\n\n\n\n<p>En administrateur root (<strong>su<\/strong>).<\/p>\n\n\n\n<p>Pour voir sur quelle interface est \u00e9cout\u00e9e par Ollama&nbsp;:<\/p>\n\n\n\n<pre class=\"wp-block-preformatted\">ss -unplat | grep ollama<br>tcp   LISTEN 0      4096       127.0.0.1:11434       0.0.0.0:*<\/pre>\n\n\n\n<p>Pour modifier le fichier ollama.service cr\u00e9\u00e9 pr\u00e9c\u00e9demment&nbsp;:<\/p>\n\n\n\n<pre class=\"wp-block-preformatted\">nano \/etc\/systemd\/system\/ollama.service<\/pre>\n\n\n\n<p>Dans la section <strong>[Service]<\/strong> ajouter&nbsp;\u00e0 la fin&nbsp;:<\/p>\n\n\n\n<pre class=\"wp-block-preformatted\">Environment=\"OLLAMA_HOST=0.0.0.0\"<\/pre>\n\n\n\n<p><strong>[CRTL]<\/strong> + <strong>[X]<\/strong> pour quitter l\u2019\u00e9diteur nano.<\/p>\n\n\n\n<p><strong>[O]<\/strong> pour confirmer l\u2019enregistrement des modifications.<\/p>\n\n\n\n<p><strong>[Entr\u00e9e]<\/strong> pour confirmer le nom du fichier.<\/p>\n\n\n\n<p>Recharger systemd&nbsp;:<\/p>\n\n\n\n<pre class=\"wp-block-preformatted\">systemctl daemon-reload<\/pre>\n\n\n\n<p>On red\u00e9marre Ollama via le service&nbsp;:<\/p>\n\n\n\n<pre class=\"wp-block-preformatted\">systemctl restart ollama.service<\/pre>\n\n\n\n<p>On v\u00e9rifie que Ollama \u00e9coute sur toutes les adresses&nbsp;:<\/p>\n\n\n\n<pre class=\"wp-block-preformatted\">ss -unplat | grep 11434<br>tcp   LISTEN 0      4096               *:11434             *:*<\/pre>\n\n\n\n<p>La suite&#8230;<\/p>\n\n\n\n<p><a href=\"https:\/\/artheodoc.fr\/index.php\/installation-de-docker-sous-debian-12\/\" data-type=\"page\" data-id=\"1988\">Installation de Docker sous debian 12<\/a><\/p>\n\n\n\n<p><\/p>\n","protected":false},"excerpt":{"rendered":"<p>En pr\u00e9vision de l&rsquo;installation d&rsquo;Open WebUI Ollama configuration d&rsquo;Ollama pour \u00e9couter sur toutes les interfaces r\u00e9seau. En administrateur root (su). Pour voir sur quelle interface est \u00e9cout\u00e9e par Ollama&nbsp;: ss -unplat | grep ollamatcp LISTEN 0 4096 127.0.0.1:11434 0.0.0.0:* Pour modifier le fichier ollama.service cr\u00e9\u00e9 pr\u00e9c\u00e9demment&nbsp;: nano \/etc\/systemd\/system\/ollama.service Dans la section [Service] ajouter&nbsp;\u00e0 la fin&nbsp;: [&hellip;]<\/p>\n","protected":false},"author":2,"featured_media":0,"parent":0,"menu_order":0,"comment_status":"closed","ping_status":"closed","template":"","meta":{"site-sidebar-layout":"default","site-content-layout":"","ast-site-content-layout":"default","site-content-style":"default","site-sidebar-style":"default","ast-global-header-display":"","ast-banner-title-visibility":"","ast-main-header-display":"","ast-hfb-above-header-display":"","ast-hfb-below-header-display":"","ast-hfb-mobile-header-display":"","site-post-title":"","ast-breadcrumbs-content":"","ast-featured-img":"","footer-sml-layout":"","ast-disable-related-posts":"","theme-transparent-header-meta":"","adv-header-id-meta":"","stick-header-meta":"","header-above-stick-meta":"","header-main-stick-meta":"","header-below-stick-meta":"","astra-migrate-meta-layouts":"default","ast-page-background-enabled":"default","ast-page-background-meta":{"desktop":{"background-color":"var(--ast-global-color-4)","background-image":"","background-repeat":"repeat","background-position":"center center","background-size":"auto","background-attachment":"scroll","background-type":"","background-media":"","overlay-type":"","overlay-color":"","overlay-opacity":"","overlay-gradient":""},"tablet":{"background-color":"","background-image":"","background-repeat":"repeat","background-position":"center center","background-size":"auto","background-attachment":"scroll","background-type":"","background-media":"","overlay-type":"","overlay-color":"","overlay-opacity":"","overlay-gradient":""},"mobile":{"background-color":"","background-image":"","background-repeat":"repeat","background-position":"center center","background-size":"auto","background-attachment":"scroll","background-type":"","background-media":"","overlay-type":"","overlay-color":"","overlay-opacity":"","overlay-gradient":""}},"ast-content-background-meta":{"desktop":{"background-color":"var(--ast-global-color-5)","background-image":"","background-repeat":"repeat","background-position":"center center","background-size":"auto","background-attachment":"scroll","background-type":"","background-media":"","overlay-type":"","overlay-color":"","overlay-opacity":"","overlay-gradient":""},"tablet":{"background-color":"var(--ast-global-color-5)","background-image":"","background-repeat":"repeat","background-position":"center center","background-size":"auto","background-attachment":"scroll","background-type":"","background-media":"","overlay-type":"","overlay-color":"","overlay-opacity":"","overlay-gradient":""},"mobile":{"background-color":"var(--ast-global-color-5)","background-image":"","background-repeat":"repeat","background-position":"center center","background-size":"auto","background-attachment":"scroll","background-type":"","background-media":"","overlay-type":"","overlay-color":"","overlay-opacity":"","overlay-gradient":""}},"footnotes":""},"class_list":["post-1998","page","type-page","status-publish","hentry"],"_links":{"self":[{"href":"https:\/\/artheodoc.fr\/index.php\/wp-json\/wp\/v2\/pages\/1998","targetHints":{"allow":["GET"]}}],"collection":[{"href":"https:\/\/artheodoc.fr\/index.php\/wp-json\/wp\/v2\/pages"}],"about":[{"href":"https:\/\/artheodoc.fr\/index.php\/wp-json\/wp\/v2\/types\/page"}],"author":[{"embeddable":true,"href":"https:\/\/artheodoc.fr\/index.php\/wp-json\/wp\/v2\/users\/2"}],"replies":[{"embeddable":true,"href":"https:\/\/artheodoc.fr\/index.php\/wp-json\/wp\/v2\/comments?post=1998"}],"version-history":[{"count":3,"href":"https:\/\/artheodoc.fr\/index.php\/wp-json\/wp\/v2\/pages\/1998\/revisions"}],"predecessor-version":[{"id":2018,"href":"https:\/\/artheodoc.fr\/index.php\/wp-json\/wp\/v2\/pages\/1998\/revisions\/2018"}],"wp:attachment":[{"href":"https:\/\/artheodoc.fr\/index.php\/wp-json\/wp\/v2\/media?parent=1998"}],"curies":[{"name":"wp","href":"https:\/\/api.w.org\/{rel}","templated":true}]}}