{"id":2000,"date":"2025-04-06T10:05:06","date_gmt":"2025-04-06T08:05:06","guid":{"rendered":"https:\/\/artheodoc.fr\/?page_id=2000"},"modified":"2025-04-06T10:05:06","modified_gmt":"2025-04-06T08:05:06","slug":"installation-dopen-webui-une-interface-graphique-pour-ollama","status":"publish","type":"page","link":"https:\/\/artheodoc.fr\/index.php\/installation-dopen-webui-une-interface-graphique-pour-ollama\/","title":{"rendered":"Installation d&rsquo;Open WebUI une interface graphique pour Ollama"},"content":{"rendered":"\n<p>Sources\u00a0: <a href=\"https:\/\/docs.openwebui.com\/\" target=\"_blank\" rel=\"noreferrer noopener\">https:\/\/docs.openwebui.com\/<\/a><\/p>\n\n\n\n<p>On va installer un conteneur docker pour Open WebUI.<\/p>\n\n\n\n<p>\u00c9tape 1&nbsp;: Extraire l&rsquo;image Open WebUI<\/p>\n\n\n\n<p>Commencez par extraire la derni\u00e8re image Docker Open WebUI du registre de conteneurs GitHub.<\/p>\n\n\n\n<pre class=\"wp-block-preformatted\">docker pull ghcr.io\/open-webui\/open-webui:main<\/pre>\n\n\n\n<p>\u00c9tape 2&nbsp;: Ex\u00e9cuter le conteneur<\/p>\n\n\n\n<p>Si Ollama est sur le m\u00eame ordinateur (c&rsquo;est notre cas)&nbsp;:<\/p>\n\n\n\n<pre class=\"wp-block-preformatted\">docker run -d -p 3000:8080 --add-host=host.docker.internal:host-gateway -v open-webui:\/app\/backend\/data --name open-webui --restart always ghcr.io\/open-webui\/open-webui:main<\/pre>\n\n\n\n<p>On se connecte avec un navigateur WEB depuis le r\u00e9seau local ou \u00e0 distance via un VPN&nbsp;: http:\/\/adresse_ip:3000<\/p>\n\n\n\n<p><em>Cette derni\u00e8re ligne de commande est \u00e0 adapter selon que l\u2019on utilise CPU, GPU, et que le conteneur Docker d\u2019Open WebUI est install\u00e9 sur la m\u00eame machine Ollama ou non.<\/em><\/p>\n\n\n\n<p><\/p>\n","protected":false},"excerpt":{"rendered":"<p>Sources\u00a0: https:\/\/docs.openwebui.com\/ On va installer un conteneur docker pour Open WebUI. \u00c9tape 1&nbsp;: Extraire l&rsquo;image Open WebUI Commencez par extraire la derni\u00e8re image Docker Open WebUI du registre de conteneurs GitHub. docker pull ghcr.io\/open-webui\/open-webui:main \u00c9tape 2&nbsp;: Ex\u00e9cuter le conteneur Si Ollama est sur le m\u00eame ordinateur (c&rsquo;est notre cas)&nbsp;: docker run -d -p 3000:8080 &#8211;add-host=host.docker.internal:host-gateway [&hellip;]<\/p>\n","protected":false},"author":2,"featured_media":0,"parent":0,"menu_order":0,"comment_status":"closed","ping_status":"closed","template":"","meta":{"site-sidebar-layout":"default","site-content-layout":"","ast-site-content-layout":"default","site-content-style":"default","site-sidebar-style":"default","ast-global-header-display":"","ast-banner-title-visibility":"","ast-main-header-display":"","ast-hfb-above-header-display":"","ast-hfb-below-header-display":"","ast-hfb-mobile-header-display":"","site-post-title":"","ast-breadcrumbs-content":"","ast-featured-img":"","footer-sml-layout":"","ast-disable-related-posts":"","theme-transparent-header-meta":"","adv-header-id-meta":"","stick-header-meta":"","header-above-stick-meta":"","header-main-stick-meta":"","header-below-stick-meta":"","astra-migrate-meta-layouts":"default","ast-page-background-enabled":"default","ast-page-background-meta":{"desktop":{"background-color":"var(--ast-global-color-4)","background-image":"","background-repeat":"repeat","background-position":"center center","background-size":"auto","background-attachment":"scroll","background-type":"","background-media":"","overlay-type":"","overlay-color":"","overlay-opacity":"","overlay-gradient":""},"tablet":{"background-color":"","background-image":"","background-repeat":"repeat","background-position":"center center","background-size":"auto","background-attachment":"scroll","background-type":"","background-media":"","overlay-type":"","overlay-color":"","overlay-opacity":"","overlay-gradient":""},"mobile":{"background-color":"","background-image":"","background-repeat":"repeat","background-position":"center center","background-size":"auto","background-attachment":"scroll","background-type":"","background-media":"","overlay-type":"","overlay-color":"","overlay-opacity":"","overlay-gradient":""}},"ast-content-background-meta":{"desktop":{"background-color":"var(--ast-global-color-5)","background-image":"","background-repeat":"repeat","background-position":"center center","background-size":"auto","background-attachment":"scroll","background-type":"","background-media":"","overlay-type":"","overlay-color":"","overlay-opacity":"","overlay-gradient":""},"tablet":{"background-color":"var(--ast-global-color-5)","background-image":"","background-repeat":"repeat","background-position":"center center","background-size":"auto","background-attachment":"scroll","background-type":"","background-media":"","overlay-type":"","overlay-color":"","overlay-opacity":"","overlay-gradient":""},"mobile":{"background-color":"var(--ast-global-color-5)","background-image":"","background-repeat":"repeat","background-position":"center center","background-size":"auto","background-attachment":"scroll","background-type":"","background-media":"","overlay-type":"","overlay-color":"","overlay-opacity":"","overlay-gradient":""}},"footnotes":""},"class_list":["post-2000","page","type-page","status-publish","hentry"],"_links":{"self":[{"href":"https:\/\/artheodoc.fr\/index.php\/wp-json\/wp\/v2\/pages\/2000","targetHints":{"allow":["GET"]}}],"collection":[{"href":"https:\/\/artheodoc.fr\/index.php\/wp-json\/wp\/v2\/pages"}],"about":[{"href":"https:\/\/artheodoc.fr\/index.php\/wp-json\/wp\/v2\/types\/page"}],"author":[{"embeddable":true,"href":"https:\/\/artheodoc.fr\/index.php\/wp-json\/wp\/v2\/users\/2"}],"replies":[{"embeddable":true,"href":"https:\/\/artheodoc.fr\/index.php\/wp-json\/wp\/v2\/comments?post=2000"}],"version-history":[{"count":1,"href":"https:\/\/artheodoc.fr\/index.php\/wp-json\/wp\/v2\/pages\/2000\/revisions"}],"predecessor-version":[{"id":2001,"href":"https:\/\/artheodoc.fr\/index.php\/wp-json\/wp\/v2\/pages\/2000\/revisions\/2001"}],"wp:attachment":[{"href":"https:\/\/artheodoc.fr\/index.php\/wp-json\/wp\/v2\/media?parent=2000"}],"curies":[{"name":"wp","href":"https:\/\/api.w.org\/{rel}","templated":true}]}}