{"id":22,"date":"2023-11-26T15:59:37","date_gmt":"2023-11-26T14:59:37","guid":{"rendered":"https:\/\/artheodoc.fr\/?page_id=22"},"modified":"2026-01-14T15:36:40","modified_gmt":"2026-01-14T14:36:40","slug":"fichiers-et-dossiers-du-navigateur-web-apache-et-commandes-utiles-pour-la-configuration","status":"publish","type":"page","link":"https:\/\/artheodoc.fr\/index.php\/fichiers-et-dossiers-du-navigateur-web-apache-et-commandes-utiles-pour-la-configuration\/","title":{"rendered":"Fichiers et dossiers du serveur WEB Apache et commandes utiles pour la configuration"},"content":{"rendered":"\n<p><strong>Dossier par d\u00e9faut des site WEB<\/strong><\/p>\n\n\n\n<p>\/var\/www\/html\/<\/p>\n\n\n\n<hr class=\"wp-block-separator has-alpha-channel-opacity is-style-wide\"\/>\n\n\n\n<p><strong>Dossier des fichiers de configuration des h\u00f4tes virtuels ou virtalhost<\/strong><\/p>\n\n\n\n<p>\/etc\/apache2\/sites-available<\/p>\n\n\n\n<p>Sites par d\u00e9faut<\/p>\n\n\n\n<p>000-default.conf <em>\u00e9coute sur le port 80 HTTP<\/em><\/p>\n\n\n\n<p>default-ssl.conf <em>\u00e9coute sur le port 443 HTTPS<\/em><\/p>\n\n\n\n<p>les commandes&nbsp;:<\/p>\n\n\n\n<pre class=\"wp-block-preformatted\"><strong>a2ensite fichier.conf<\/strong> <em>pour activer l\u2019h\u00f4te virtuel<\/em><\/pre>\n\n\n\n<pre class=\"wp-block-preformatted\"><strong>a2dissite fichier.conf<\/strong> <em>pour d\u00e9sactiver l\u2019h\u00f4te virtuel<\/em><\/pre>\n\n\n\n<hr class=\"wp-block-separator has-alpha-channel-opacity is-style-wide\"\/>\n\n\n\n<p><strong>Dossier par d\u00e9faut des logs du serveur WEB Apache 2 sous Debian 11<\/strong><\/p>\n\n\n\n<p>\/var\/log\/apache2<\/p>\n\n\n\n<p>Exemple pour consulter la fin du fichier syslog.<\/p>\n\n\n\n<pre class=\"wp-block-preformatted\"><strong>tail -f \/var\/log\/syslog<\/strong><\/pre>\n\n\n\n<p><strong>[CTRL]<\/strong> + <strong>[C]<\/strong> pour quitter.<\/p>\n\n\n\n<p><strong>Sous Debian 12<\/strong><\/p>\n\n\n\n<p>V\u00e9rifier qu\u2019il n\u2019y a pas de messages d\u2019erreur pour le serveur WEB Apache (sous Debian 12)\u00a0:<\/p>\n\n\n\n<pre class=\"wp-block-preformatted\"><strong>journalctl -u apache2.service<\/strong><\/pre>\n\n\n\n<p><strong>[Q]<\/strong> pour quitter<\/p>\n\n\n\n<hr class=\"wp-block-separator has-alpha-channel-opacity is-style-wide\"\/>\n\n\n\n<p><strong>Fichier pour changer le port d\u2019\u00e9coute d\u2019Apache 2<\/strong><\/p>\n\n\n\n<p>\/etc\/apache2\/ports.conf<\/p>\n\n\n\n<p><em>Apr\u00e8s son installation Apache \u00e9coute les ports par d\u00e9faut 80 pour le HTTP et 443 pour le HTTPS.<\/em><\/p>\n\n\n\n<p><em>Exemple, si je veux qu\u2019Apache \u00e9coute en plus le port 8080, j\u2019ajoute la ligne suivante en d\u00e9but du fichier.<\/em><\/p>\n\n\n\n<pre class=\"wp-block-preformatted\"><strong>Listen 0.0.0.0:8080<\/strong><\/pre>\n\n\n\n<p><em>Le fichier de configuration de l\u2019h\u00f4te virtuel doit \u00e9galement \u00eatre modifi\u00e9 pour utiliser le port 8080.<\/em><\/p>\n\n\n\n<hr class=\"wp-block-separator has-alpha-channel-opacity is-style-wide\"\/>\n\n\n\n<p><strong>Commandes utiles<\/strong><\/p>\n\n\n\n<p>Recharger le fichier de configuration apache, sans red\u00e9marrer l&rsquo;ensemble du processus (en administrateur root <strong>su<\/strong>).<\/p>\n\n\n\n<pre class=\"wp-block-preformatted\"><strong>systemctl reload apache2<\/strong><\/pre>\n\n\n\n<pre class=\"wp-block-preformatted\"><strong>chown -R www-data:www-data <em>dossier<\/em><\/strong><\/pre>\n\n\n\n<p><em>Attribuer le dossier et tout ce qu\u2019il contient \u00e0 l\u2019utilisateur et au groupe d\u2019Apache (www-data).<\/em><\/p>\n\n\n\n<hr class=\"wp-block-separator has-alpha-channel-opacity is-style-wide\"\/>\n\n\n\n<p><strong>Plus d&rsquo;informations sur les commandes Shell Linux&nbsp;:<\/strong><\/p>\n\n\n\n<p><a href=\"https:\/\/artheodoc.fr\/index.php\/commandes-shell-linux\/\" data-type=\"page\" data-id=\"11\" target=\"_blank\" rel=\"noreferrer noopener\">Commandes Shell Linux<\/a><\/p>\n","protected":false},"excerpt":{"rendered":"<p>Dossier par d\u00e9faut des site WEB \/var\/www\/html\/ Dossier des fichiers de configuration des h\u00f4tes virtuels ou virtalhost \/etc\/apache2\/sites-available Sites par d\u00e9faut 000-default.conf \u00e9coute sur le port 80 HTTP default-ssl.conf \u00e9coute sur le port 443 HTTPS les commandes&nbsp;: a2ensite fichier.conf pour activer l\u2019h\u00f4te virtuel a2dissite fichier.conf pour d\u00e9sactiver l\u2019h\u00f4te virtuel Dossier par d\u00e9faut des logs du [&hellip;]<\/p>\n","protected":false},"author":2,"featured_media":0,"parent":0,"menu_order":0,"comment_status":"closed","ping_status":"closed","template":"","meta":{"site-sidebar-layout":"default","site-content-layout":"","ast-site-content-layout":"default","site-content-style":"default","site-sidebar-style":"default","ast-global-header-display":"","ast-banner-title-visibility":"","ast-main-header-display":"","ast-hfb-above-header-display":"","ast-hfb-below-header-display":"","ast-hfb-mobile-header-display":"","site-post-title":"","ast-breadcrumbs-content":"","ast-featured-img":"","footer-sml-layout":"","ast-disable-related-posts":"","theme-transparent-header-meta":"","adv-header-id-meta":"","stick-header-meta":"","header-above-stick-meta":"","header-main-stick-meta":"","header-below-stick-meta":"","astra-migrate-meta-layouts":"default","ast-page-background-enabled":"default","ast-page-background-meta":{"desktop":{"background-color":"var(--ast-global-color-4)","background-image":"","background-repeat":"repeat","background-position":"center center","background-size":"auto","background-attachment":"scroll","background-type":"","background-media":"","overlay-type":"","overlay-color":"","overlay-opacity":"","overlay-gradient":""},"tablet":{"background-color":"","background-image":"","background-repeat":"repeat","background-position":"center center","background-size":"auto","background-attachment":"scroll","background-type":"","background-media":"","overlay-type":"","overlay-color":"","overlay-opacity":"","overlay-gradient":""},"mobile":{"background-color":"","background-image":"","background-repeat":"repeat","background-position":"center center","background-size":"auto","background-attachment":"scroll","background-type":"","background-media":"","overlay-type":"","overlay-color":"","overlay-opacity":"","overlay-gradient":""}},"ast-content-background-meta":{"desktop":{"background-color":"var(--ast-global-color-5)","background-image":"","background-repeat":"repeat","background-position":"center center","background-size":"auto","background-attachment":"scroll","background-type":"","background-media":"","overlay-type":"","overlay-color":"","overlay-opacity":"","overlay-gradient":""},"tablet":{"background-color":"var(--ast-global-color-5)","background-image":"","background-repeat":"repeat","background-position":"center center","background-size":"auto","background-attachment":"scroll","background-type":"","background-media":"","overlay-type":"","overlay-color":"","overlay-opacity":"","overlay-gradient":""},"mobile":{"background-color":"var(--ast-global-color-5)","background-image":"","background-repeat":"repeat","background-position":"center center","background-size":"auto","background-attachment":"scroll","background-type":"","background-media":"","overlay-type":"","overlay-color":"","overlay-opacity":"","overlay-gradient":""}},"footnotes":""},"class_list":["post-22","page","type-page","status-publish","hentry"],"_links":{"self":[{"href":"https:\/\/artheodoc.fr\/index.php\/wp-json\/wp\/v2\/pages\/22","targetHints":{"allow":["GET"]}}],"collection":[{"href":"https:\/\/artheodoc.fr\/index.php\/wp-json\/wp\/v2\/pages"}],"about":[{"href":"https:\/\/artheodoc.fr\/index.php\/wp-json\/wp\/v2\/types\/page"}],"author":[{"embeddable":true,"href":"https:\/\/artheodoc.fr\/index.php\/wp-json\/wp\/v2\/users\/2"}],"replies":[{"embeddable":true,"href":"https:\/\/artheodoc.fr\/index.php\/wp-json\/wp\/v2\/comments?post=22"}],"version-history":[{"count":3,"href":"https:\/\/artheodoc.fr\/index.php\/wp-json\/wp\/v2\/pages\/22\/revisions"}],"predecessor-version":[{"id":2815,"href":"https:\/\/artheodoc.fr\/index.php\/wp-json\/wp\/v2\/pages\/22\/revisions\/2815"}],"wp:attachment":[{"href":"https:\/\/artheodoc.fr\/index.php\/wp-json\/wp\/v2\/media?parent=22"}],"curies":[{"name":"wp","href":"https:\/\/api.w.org\/{rel}","templated":true}]}}