{"id":2428,"date":"2025-08-05T10:23:15","date_gmt":"2025-08-05T08:23:15","guid":{"rendered":"https:\/\/artheodoc.fr\/?page_id=2428"},"modified":"2025-08-05T10:23:15","modified_gmt":"2025-08-05T08:23:15","slug":"serveur-web-nginx","status":"publish","type":"page","link":"https:\/\/artheodoc.fr\/index.php\/serveur-web-nginx\/","title":{"rendered":"Serveur WEB Nginx"},"content":{"rendered":"\n<p>Sous Debian 12 vous pouvez vous connecter en administrateur root (<strong>su<\/strong>) et supprimer la commande <strong>sudo<\/strong>.<\/p>\n\n\n\n<p>Tester la configuration&nbsp;:<\/p>\n\n\n\n<p>Avant de red\u00e9marrer nginx, testez la configuration pour vous assurer qu&rsquo;il n&rsquo;y a pas d&rsquo;erreurs&nbsp;:<\/p>\n\n\n\n<pre class=\"wp-block-preformatted\">sudo nginx -t<\/pre>\n\n\n\n<p>Red\u00e9marrer nginx&nbsp;:<\/p>\n\n\n\n<p>Si le test de configuration est r\u00e9ussi, red\u00e9marrez nginx pour appliquer des changements&nbsp;:<\/p>\n\n\n\n<pre class=\"wp-block-preformatted\">sudo systemctl restart nginx<\/pre>\n\n\n\n<p>V\u00e9rifier l\u2019\u00c9tat du Service :<\/p>\n\n\n\n<pre class=\"wp-block-preformatted\">systemctl status nginx<\/pre>\n\n\n\n<hr class=\"wp-block-separator has-alpha-channel-opacity is-style-wide\"\/>\n\n\n\n<h2 class=\"wp-block-heading\"><strong>Fichiers de configuration Nginx<\/strong><\/h2>\n\n\n\n<p>Les fichiers de configuration de Nginx se trouvent g\u00e9n\u00e9ralement dans le r\u00e9pertoire \/etc\/nginx\/ sur les syst\u00e8mes bas\u00e9s sur Unix, comme Linux. Voici une description des fichiers et dossiers importants que vous pouvez trouver dans ce r\u00e9pertoire&nbsp;:<\/p>\n\n\n\n<p><strong>\/etc\/nginx\/nginx.conf<\/strong>&nbsp;: C&rsquo;est le fichier de configuration principal de Nginx. Il inclut souvent des directives pour charger d&rsquo;autres fichiers de configuration.<\/p>\n\n\n\n<p><strong>\/etc\/nginx\/conf.d\/<\/strong>&nbsp;: Ce r\u00e9pertoire contient des fichiers de configuration suppl\u00e9mentaires qui sont inclus dans le fichier nginx.conf. Les fichiers dans ce r\u00e9pertoire sont g\u00e9n\u00e9ralement utilis\u00e9s pour configurer des blocs de serveur ou des param\u00e8tres suppl\u00e9mentaires.<\/p>\n\n\n\n<p><strong>\/etc\/nginx\/sites-available\/<\/strong>&nbsp;: Ce r\u00e9pertoire est utilis\u00e9 pour stocker les fichiers de configuration des sites web disponibles. Chaque fichier dans ce r\u00e9pertoire repr\u00e9sente un site web ou une application.<\/p>\n\n\n\n<p><strong>\/etc\/nginx\/sites-enabled\/<\/strong>&nbsp;: Ce r\u00e9pertoire contient des liens symboliques vers les fichiers de configuration dans \/etc\/nginx\/sites-available\/. Seuls les sites li\u00e9s dans ce r\u00e9pertoire sont activ\u00e9s et servis par Nginx.<\/p>\n\n\n\n<p><strong>\/etc\/nginx\/ssl\/<\/strong>&nbsp;: Parfois, un r\u00e9pertoire ssl est utilis\u00e9 pour stocker les certificats SSL et les cl\u00e9s associ\u00e9es.<\/p>\n\n\n\n<p>Pour apporter des modifications \u00e0 la configuration de Nginx, vous pouvez \u00e9diter les fichiers appropri\u00e9s dans ces r\u00e9pertoires, puis recharger ou red\u00e9marrer Nginx pour appliquer les changements. Assurez-vous de sauvegarder les fichiers de configuration avant de les modifier.<\/p>\n","protected":false},"excerpt":{"rendered":"<p>Sous Debian 12 vous pouvez vous connecter en administrateur root (su) et supprimer la commande sudo. Tester la configuration&nbsp;: Avant de red\u00e9marrer nginx, testez la configuration pour vous assurer qu&rsquo;il n&rsquo;y a pas d&rsquo;erreurs&nbsp;: sudo nginx -t Red\u00e9marrer nginx&nbsp;: Si le test de configuration est r\u00e9ussi, red\u00e9marrez nginx pour appliquer des changements&nbsp;: sudo systemctl restart [&hellip;]<\/p>\n","protected":false},"author":2,"featured_media":0,"parent":0,"menu_order":0,"comment_status":"closed","ping_status":"closed","template":"","meta":{"site-sidebar-layout":"default","site-content-layout":"","ast-site-content-layout":"default","site-content-style":"default","site-sidebar-style":"default","ast-global-header-display":"","ast-banner-title-visibility":"","ast-main-header-display":"","ast-hfb-above-header-display":"","ast-hfb-below-header-display":"","ast-hfb-mobile-header-display":"","site-post-title":"","ast-breadcrumbs-content":"","ast-featured-img":"","footer-sml-layout":"","ast-disable-related-posts":"","theme-transparent-header-meta":"","adv-header-id-meta":"","stick-header-meta":"","header-above-stick-meta":"","header-main-stick-meta":"","header-below-stick-meta":"","astra-migrate-meta-layouts":"default","ast-page-background-enabled":"default","ast-page-background-meta":{"desktop":{"background-color":"var(--ast-global-color-4)","background-image":"","background-repeat":"repeat","background-position":"center center","background-size":"auto","background-attachment":"scroll","background-type":"","background-media":"","overlay-type":"","overlay-color":"","overlay-opacity":"","overlay-gradient":""},"tablet":{"background-color":"","background-image":"","background-repeat":"repeat","background-position":"center center","background-size":"auto","background-attachment":"scroll","background-type":"","background-media":"","overlay-type":"","overlay-color":"","overlay-opacity":"","overlay-gradient":""},"mobile":{"background-color":"","background-image":"","background-repeat":"repeat","background-position":"center center","background-size":"auto","background-attachment":"scroll","background-type":"","background-media":"","overlay-type":"","overlay-color":"","overlay-opacity":"","overlay-gradient":""}},"ast-content-background-meta":{"desktop":{"background-color":"var(--ast-global-color-5)","background-image":"","background-repeat":"repeat","background-position":"center center","background-size":"auto","background-attachment":"scroll","background-type":"","background-media":"","overlay-type":"","overlay-color":"","overlay-opacity":"","overlay-gradient":""},"tablet":{"background-color":"var(--ast-global-color-5)","background-image":"","background-repeat":"repeat","background-position":"center center","background-size":"auto","background-attachment":"scroll","background-type":"","background-media":"","overlay-type":"","overlay-color":"","overlay-opacity":"","overlay-gradient":""},"mobile":{"background-color":"var(--ast-global-color-5)","background-image":"","background-repeat":"repeat","background-position":"center center","background-size":"auto","background-attachment":"scroll","background-type":"","background-media":"","overlay-type":"","overlay-color":"","overlay-opacity":"","overlay-gradient":""}},"footnotes":""},"class_list":["post-2428","page","type-page","status-publish","hentry"],"_links":{"self":[{"href":"https:\/\/artheodoc.fr\/index.php\/wp-json\/wp\/v2\/pages\/2428","targetHints":{"allow":["GET"]}}],"collection":[{"href":"https:\/\/artheodoc.fr\/index.php\/wp-json\/wp\/v2\/pages"}],"about":[{"href":"https:\/\/artheodoc.fr\/index.php\/wp-json\/wp\/v2\/types\/page"}],"author":[{"embeddable":true,"href":"https:\/\/artheodoc.fr\/index.php\/wp-json\/wp\/v2\/users\/2"}],"replies":[{"embeddable":true,"href":"https:\/\/artheodoc.fr\/index.php\/wp-json\/wp\/v2\/comments?post=2428"}],"version-history":[{"count":1,"href":"https:\/\/artheodoc.fr\/index.php\/wp-json\/wp\/v2\/pages\/2428\/revisions"}],"predecessor-version":[{"id":2429,"href":"https:\/\/artheodoc.fr\/index.php\/wp-json\/wp\/v2\/pages\/2428\/revisions\/2429"}],"wp:attachment":[{"href":"https:\/\/artheodoc.fr\/index.php\/wp-json\/wp\/v2\/media?parent=2428"}],"curies":[{"name":"wp","href":"https:\/\/api.w.org\/{rel}","templated":true}]}}