{"id":2475,"date":"2025-09-24T10:10:33","date_gmt":"2025-09-24T08:10:33","guid":{"rendered":"https:\/\/artheodoc.fr\/?page_id=2475"},"modified":"2025-09-25T15:55:51","modified_gmt":"2025-09-25T13:55:51","slug":"installation-de-docker-sous-debian-13","status":"publish","type":"page","link":"https:\/\/artheodoc.fr\/index.php\/installation-de-docker-sous-debian-13\/","title":{"rendered":"Installation de Docker sous Debian 13"},"content":{"rendered":"\n<p>Sources&nbsp;: <a href=\"https:\/\/www.it-connect.fr\/installation-pas-a-pas-de-docker-sur-debian-11\/\" target=\"_blank\" rel=\"noreferrer noopener\">https:\/\/www.it-connect.fr\/installation-pas-a-pas-de-docker-sur-debian-11\/<\/a><\/p>\n\n\n\n<p class=\"has-medium-font-size\"><strong>1 &#8211; Installer les d\u00e9pendances de Docker<\/strong><\/p>\n\n\n\n<p>En administrateur root (<strong>su<\/strong>)&nbsp;:<\/p>\n\n\n\n<pre class=\"wp-block-preformatted\"><strong>apt update &amp;&amp; apt upgrade<\/strong><\/pre>\n\n\n\n<pre class=\"wp-block-preformatted\"><strong>apt install apt-transport-https ca-certificates curl gnupg2<\/strong><\/pre>\n\n\n\n<div class=\"wp-block-group has-pale-ocean-gradient-background has-background is-layout-constrained wp-block-group-is-layout-constrained\">\n<p class=\"has-text-color has-link-color wp-elements-fcb24264b8c18566adc0e6e13223ff03\" style=\"color:#0d875a\"><em>Le paquet <strong>software-properties-common<\/strong> n\u2019est plus disponible pour Debian 13.<\/em><\/p>\n\n\n\n<p>Pour l&rsquo;installation de Docker sur Debian 13, la suppression du paquet software-properties-common (et donc de la commande add-apt-repository) n&rsquo;est pas bloquante. En effet, la documentation officielle de Docker pour Debian ne repose pas sur add-apt-repository, mais propose une m\u00e9thode manuelle pour ajouter le d\u00e9p\u00f4t Docker \u00e0 APT.<\/p>\n\n\n\n<p><em>Le Chat Mistral<\/em><\/p>\n<\/div>\n\n\n\n<div style=\"height:25px\" aria-hidden=\"true\" class=\"wp-block-spacer\"><\/div>\n\n\n\n<p class=\"has-medium-font-size\"><strong>2 &#8211; Ajouter le d\u00e9p\u00f4t officiel Docker<\/strong><\/p>\n\n\n\n<pre class=\"wp-block-preformatted\"><strong>curl -fsSL https:\/\/download.docker.com\/linux\/debian\/gpg | gpg --dearmor -o \/usr\/share\/keyrings\/docker-archive-keyring.gpg<\/strong><\/pre>\n\n\n\n<pre class=\"wp-block-preformatted\"><strong>echo \"deb [arch=amd64 signed-by=\/usr\/share\/keyrings\/docker-archive-keyring.gpg] https:\/\/download.docker.com\/linux\/debian $(lsb_release -cs) stable\" | tee \/etc\/apt\/sources.list.d\/docker.list <\/strong><\/pre>\n\n\n\n<pre class=\"wp-block-preformatted\"><strong>apt update<\/strong><\/pre>\n\n\n\n<p class=\"has-medium-font-size\"><strong>3 \u2013 Installation des paquets Docker<\/strong><\/p>\n\n\n\n<pre class=\"wp-block-preformatted\"><strong>apt install docker-ce docker-ce-cli containerd.io<\/strong><\/pre>\n\n\n\n<p>Pour que Docker d\u00e9marre automatiquement avec la machine&nbsp;:<\/p>\n\n\n\n<pre class=\"wp-block-preformatted\"><strong>systemctl enable docker<\/strong><\/pre>\n\n\n\n<p>Pour v\u00e9rifier que Docker est bien install\u00e9&nbsp;:<\/p>\n\n\n\n<pre class=\"wp-block-preformatted\"><strong>systemctl status docker<\/strong><\/pre>\n\n\n\n<p><\/p>\n","protected":false},"excerpt":{"rendered":"<p>Sources&nbsp;: https:\/\/www.it-connect.fr\/installation-pas-a-pas-de-docker-sur-debian-11\/ 1 &#8211; Installer les d\u00e9pendances de Docker En administrateur root (su)&nbsp;: apt update &amp;&amp; apt upgrade apt install apt-transport-https ca-certificates curl gnupg2 Le paquet software-properties-common n\u2019est plus disponible pour Debian 13. Pour l&rsquo;installation de Docker sur Debian 13, la suppression du paquet software-properties-common (et donc de la commande add-apt-repository) n&rsquo;est pas bloquante. En [&hellip;]<\/p>\n","protected":false},"author":2,"featured_media":0,"parent":0,"menu_order":0,"comment_status":"closed","ping_status":"closed","template":"","meta":{"site-sidebar-layout":"default","site-content-layout":"","ast-site-content-layout":"default","site-content-style":"default","site-sidebar-style":"default","ast-global-header-display":"","ast-banner-title-visibility":"","ast-main-header-display":"","ast-hfb-above-header-display":"","ast-hfb-below-header-display":"","ast-hfb-mobile-header-display":"","site-post-title":"","ast-breadcrumbs-content":"","ast-featured-img":"","footer-sml-layout":"","ast-disable-related-posts":"","theme-transparent-header-meta":"","adv-header-id-meta":"","stick-header-meta":"","header-above-stick-meta":"","header-main-stick-meta":"","header-below-stick-meta":"","astra-migrate-meta-layouts":"default","ast-page-background-enabled":"default","ast-page-background-meta":{"desktop":{"background-color":"var(--ast-global-color-4)","background-image":"","background-repeat":"repeat","background-position":"center center","background-size":"auto","background-attachment":"scroll","background-type":"","background-media":"","overlay-type":"","overlay-color":"","overlay-opacity":"","overlay-gradient":""},"tablet":{"background-color":"","background-image":"","background-repeat":"repeat","background-position":"center center","background-size":"auto","background-attachment":"scroll","background-type":"","background-media":"","overlay-type":"","overlay-color":"","overlay-opacity":"","overlay-gradient":""},"mobile":{"background-color":"","background-image":"","background-repeat":"repeat","background-position":"center center","background-size":"auto","background-attachment":"scroll","background-type":"","background-media":"","overlay-type":"","overlay-color":"","overlay-opacity":"","overlay-gradient":""}},"ast-content-background-meta":{"desktop":{"background-color":"var(--ast-global-color-5)","background-image":"","background-repeat":"repeat","background-position":"center center","background-size":"auto","background-attachment":"scroll","background-type":"","background-media":"","overlay-type":"","overlay-color":"","overlay-opacity":"","overlay-gradient":""},"tablet":{"background-color":"var(--ast-global-color-5)","background-image":"","background-repeat":"repeat","background-position":"center center","background-size":"auto","background-attachment":"scroll","background-type":"","background-media":"","overlay-type":"","overlay-color":"","overlay-opacity":"","overlay-gradient":""},"mobile":{"background-color":"var(--ast-global-color-5)","background-image":"","background-repeat":"repeat","background-position":"center center","background-size":"auto","background-attachment":"scroll","background-type":"","background-media":"","overlay-type":"","overlay-color":"","overlay-opacity":"","overlay-gradient":""}},"footnotes":""},"class_list":["post-2475","page","type-page","status-publish","hentry"],"_links":{"self":[{"href":"https:\/\/artheodoc.fr\/index.php\/wp-json\/wp\/v2\/pages\/2475","targetHints":{"allow":["GET"]}}],"collection":[{"href":"https:\/\/artheodoc.fr\/index.php\/wp-json\/wp\/v2\/pages"}],"about":[{"href":"https:\/\/artheodoc.fr\/index.php\/wp-json\/wp\/v2\/types\/page"}],"author":[{"embeddable":true,"href":"https:\/\/artheodoc.fr\/index.php\/wp-json\/wp\/v2\/users\/2"}],"replies":[{"embeddable":true,"href":"https:\/\/artheodoc.fr\/index.php\/wp-json\/wp\/v2\/comments?post=2475"}],"version-history":[{"count":5,"href":"https:\/\/artheodoc.fr\/index.php\/wp-json\/wp\/v2\/pages\/2475\/revisions"}],"predecessor-version":[{"id":2503,"href":"https:\/\/artheodoc.fr\/index.php\/wp-json\/wp\/v2\/pages\/2475\/revisions\/2503"}],"wp:attachment":[{"href":"https:\/\/artheodoc.fr\/index.php\/wp-json\/wp\/v2\/media?parent=2475"}],"curies":[{"name":"wp","href":"https:\/\/api.w.org\/{rel}","templated":true}]}}