{"id":2614,"date":"2025-11-19T18:20:00","date_gmt":"2025-11-19T17:20:00","guid":{"rendered":"https:\/\/artheodoc.fr\/?page_id=2614"},"modified":"2025-11-19T18:20:00","modified_gmt":"2025-11-19T17:20:00","slug":"file-browser","status":"publish","type":"page","link":"https:\/\/artheodoc.fr\/index.php\/file-browser\/","title":{"rendered":"File Browser"},"content":{"rendered":"\n<p class=\"has-pale-ocean-gradient-background has-background\"><strong>File Browser<\/strong><em> offre une interface de gestion de fichiers au sein d\u2019un r\u00e9pertoire sp\u00e9cifi\u00e9. Il permet de t\u00e9l\u00e9verser, supprimer, pr\u00e9visualiser et modifier vos fichiers. Ce logiciel, de type \u00ab\u00a0cr\u00e9ation de votre propre cloud\u00a0\u00bb, s\u2019installe facilement sur votre serveur, vous indique le chemin d\u2019acc\u00e8s et vous permet d\u2019acc\u00e9der \u00e0 vos fichiers via une interface web conviviale.<\/em><\/p>\n\n\n\n<p class=\"has-medium-font-size\"><strong>Les articles consacr\u00e9s \u00e0 File Browser<\/strong><\/p>\n\n\n\n<p><a href=\"https:\/\/artheodoc.fr\/index.php\/2025\/11\/17\/installation-de-file-browser-sous-debian-13\/\" data-type=\"post\" data-id=\"2584\" target=\"_blank\" rel=\"noreferrer noopener\">Installation de File Browser sous Debian 13<\/a><\/p>\n\n\n\n<p><a href=\"https:\/\/artheodoc.fr\/index.php\/2025\/11\/16\/installation-de-file-browser-avec-docker-sous-debian-13\/\" data-type=\"post\" data-id=\"2563\" target=\"_blank\" rel=\"noreferrer noopener\">Installation de File Browser avec Docker sous Debian 13<\/a><\/p>\n\n\n\n<p><a href=\"https:\/\/artheodoc.fr\/index.php\/2025\/11\/19\/installation-de-lextension-file-browser-dans-openmediavault\/\" data-type=\"post\" data-id=\"2607\" target=\"_blank\" rel=\"noreferrer noopener\">Installation de l\u2019extension File Browser dans OpenMediaVault<\/a><\/p>\n\n\n\n<p><\/p>\n","protected":false},"excerpt":{"rendered":"<p>File Browser offre une interface de gestion de fichiers au sein d\u2019un r\u00e9pertoire sp\u00e9cifi\u00e9. Il permet de t\u00e9l\u00e9verser, supprimer, pr\u00e9visualiser et modifier vos fichiers. Ce logiciel, de type \u00ab\u00a0cr\u00e9ation de votre propre cloud\u00a0\u00bb, s\u2019installe facilement sur votre serveur, vous indique le chemin d\u2019acc\u00e8s et vous permet d\u2019acc\u00e9der \u00e0 vos fichiers via une interface web conviviale. [&hellip;]<\/p>\n","protected":false},"author":2,"featured_media":0,"parent":0,"menu_order":0,"comment_status":"closed","ping_status":"closed","template":"","meta":{"site-sidebar-layout":"default","site-content-layout":"","ast-site-content-layout":"default","site-content-style":"default","site-sidebar-style":"default","ast-global-header-display":"","ast-banner-title-visibility":"","ast-main-header-display":"","ast-hfb-above-header-display":"","ast-hfb-below-header-display":"","ast-hfb-mobile-header-display":"","site-post-title":"","ast-breadcrumbs-content":"","ast-featured-img":"","footer-sml-layout":"","ast-disable-related-posts":"","theme-transparent-header-meta":"","adv-header-id-meta":"","stick-header-meta":"","header-above-stick-meta":"","header-main-stick-meta":"","header-below-stick-meta":"","astra-migrate-meta-layouts":"default","ast-page-background-enabled":"default","ast-page-background-meta":{"desktop":{"background-color":"var(--ast-global-color-4)","background-image":"","background-repeat":"repeat","background-position":"center center","background-size":"auto","background-attachment":"scroll","background-type":"","background-media":"","overlay-type":"","overlay-color":"","overlay-opacity":"","overlay-gradient":""},"tablet":{"background-color":"","background-image":"","background-repeat":"repeat","background-position":"center center","background-size":"auto","background-attachment":"scroll","background-type":"","background-media":"","overlay-type":"","overlay-color":"","overlay-opacity":"","overlay-gradient":""},"mobile":{"background-color":"","background-image":"","background-repeat":"repeat","background-position":"center center","background-size":"auto","background-attachment":"scroll","background-type":"","background-media":"","overlay-type":"","overlay-color":"","overlay-opacity":"","overlay-gradient":""}},"ast-content-background-meta":{"desktop":{"background-color":"var(--ast-global-color-5)","background-image":"","background-repeat":"repeat","background-position":"center center","background-size":"auto","background-attachment":"scroll","background-type":"","background-media":"","overlay-type":"","overlay-color":"","overlay-opacity":"","overlay-gradient":""},"tablet":{"background-color":"var(--ast-global-color-5)","background-image":"","background-repeat":"repeat","background-position":"center center","background-size":"auto","background-attachment":"scroll","background-type":"","background-media":"","overlay-type":"","overlay-color":"","overlay-opacity":"","overlay-gradient":""},"mobile":{"background-color":"var(--ast-global-color-5)","background-image":"","background-repeat":"repeat","background-position":"center center","background-size":"auto","background-attachment":"scroll","background-type":"","background-media":"","overlay-type":"","overlay-color":"","overlay-opacity":"","overlay-gradient":""}},"footnotes":""},"class_list":["post-2614","page","type-page","status-publish","hentry"],"_links":{"self":[{"href":"https:\/\/artheodoc.fr\/index.php\/wp-json\/wp\/v2\/pages\/2614","targetHints":{"allow":["GET"]}}],"collection":[{"href":"https:\/\/artheodoc.fr\/index.php\/wp-json\/wp\/v2\/pages"}],"about":[{"href":"https:\/\/artheodoc.fr\/index.php\/wp-json\/wp\/v2\/types\/page"}],"author":[{"embeddable":true,"href":"https:\/\/artheodoc.fr\/index.php\/wp-json\/wp\/v2\/users\/2"}],"replies":[{"embeddable":true,"href":"https:\/\/artheodoc.fr\/index.php\/wp-json\/wp\/v2\/comments?post=2614"}],"version-history":[{"count":1,"href":"https:\/\/artheodoc.fr\/index.php\/wp-json\/wp\/v2\/pages\/2614\/revisions"}],"predecessor-version":[{"id":2615,"href":"https:\/\/artheodoc.fr\/index.php\/wp-json\/wp\/v2\/pages\/2614\/revisions\/2615"}],"wp:attachment":[{"href":"https:\/\/artheodoc.fr\/index.php\/wp-json\/wp\/v2\/media?parent=2614"}],"curies":[{"name":"wp","href":"https:\/\/api.w.org\/{rel}","templated":true}]}}