{"id":2636,"date":"2025-11-30T14:44:44","date_gmt":"2025-11-30T13:44:44","guid":{"rendered":"https:\/\/artheodoc.fr\/?page_id=2636"},"modified":"2026-03-31T15:13:26","modified_gmt":"2026-03-31T13:13:26","slug":"linux","status":"publish","type":"page","link":"https:\/\/artheodoc.fr\/index.php\/linux\/","title":{"rendered":"Linux"},"content":{"rendered":"\n<p class=\"has-text-align-left has-background\" style=\"background:linear-gradient(135deg,rgb(242,242,237) 0%,rgb(182,227,212) 50%,rgb(133,176,236) 100%)\">Un shell Linux est un interpr\u00e9teur de commandes. Il permet d&rsquo;acc\u00e9der aux fonctionnalit\u00e9s internes du syst\u00e8me d&rsquo;exploitation. Il se pr\u00e9sente sous la forme d&rsquo;une interface en ligne de commande accessible depuis la console ou un terminal. L&rsquo;utilisateur lance des commandes sous forme d&rsquo;une entr\u00e9e texte ex\u00e9cut\u00e9e ensuite par le shell. Je me suis efforc\u00e9 de r\u00e9pertorier les commandes qui m\u2019ont \u00e9t\u00e9 utiles.<\/p>\n\n\n\n<div class=\"wp-block-columns has-background is-layout-flex wp-container-core-columns-is-layout-28f84493 wp-block-columns-is-layout-flex\" style=\"background-color:#f8f1ec\">\n<div class=\"wp-block-column is-layout-flow wp-block-column-is-layout-flow\" style=\"flex-basis:66.66%\">\n<p class=\"has-large-font-size\">Linux et le Shell Bash<\/p>\n\n\n\n<p><strong>Commandes Shell de base<\/strong><\/p>\n\n\n\n<ul class=\"wp-block-list\">\n<li><a href=\"https:\/\/artheodoc.fr\/index.php\/commandes-shell-linux\/\" data-type=\"page\" data-id=\"11\" target=\"_blank\" rel=\"noreferrer noopener\">Commandes Shell Linux<\/a><\/li>\n\n\n\n<li><a href=\"https:\/\/artheodoc.fr\/index.php\/ls-lister-les-fichiers-et-dossiers-dans-un-repertoire-sous-linux\/\" data-type=\"page\" data-id=\"2695\" target=\"_blank\" rel=\"noreferrer noopener\">Ls \u2013 Lister les fichiers et dossiers dans un r\u00e9pertoire sous Linux<\/a><\/li>\n<\/ul>\n\n\n\n<p><strong>Gestion des droits<\/strong><\/p>\n\n\n\n<ul class=\"wp-block-list\">\n<li><a href=\"https:\/\/artheodoc.fr\/index.php\/chmod-les-bases-des-permissions\/\" data-type=\"page\" data-id=\"2678\" target=\"_blank\" rel=\"noreferrer noopener\">Chmod \u2013 Les bases des permissions<\/a><\/li>\n\n\n\n<li><a href=\"https:\/\/artheodoc.fr\/index.php\/la-gestion-des-droits-sous-linux-sticky-bit-sgid-suid\/\" data-type=\"page\" data-id=\"2626\" target=\"_blank\" rel=\"noreferrer noopener\">La gestion des droits sous Linux (sticky bit &#8211; sgid &#8211; suid)<\/a><\/li>\n<\/ul>\n\n\n\n<p><strong>Utilisateurs et groupes<\/strong><\/p>\n\n\n\n<ul class=\"wp-block-list\">\n<li><a href=\"https:\/\/artheodoc.fr\/index.php\/la-creation-et-la-suppression-des-utilisateurs-et-des-groupes-avec-les-commandes-shell-linux\/\" data-type=\"page\" data-id=\"2683\" target=\"_blank\" rel=\"noreferrer noopener\">La cr\u00e9ation et la suppression des utilisateurs et des groupes avec les commandes Shell Linux<\/a><\/li>\n\n\n\n<li><a href=\"https:\/\/artheodoc.fr\/index.php\/modifier-les-proprietes-dun-compte-utilisateur-avec-usermod-sous-linux\/\" data-type=\"page\" data-id=\"2687\" target=\"_blank\" rel=\"noreferrer noopener\">Modifier les propri\u00e9t\u00e9s d\u2019un compte utilisateur avec usermod sous Linux<\/a><\/li>\n\n\n\n<li><a href=\"https:\/\/artheodoc.fr\/index.php\/modifier-le-proprietaire-et-ou-le-groupe-proprietaire-dun-fichier-ou-repertoire-avec-chgrp-et-chown-sous-linux\/\" data-type=\"page\" data-id=\"2691\" target=\"_blank\" rel=\"noreferrer noopener\">Modifier le propri\u00e9taire et\/ou le groupe propri\u00e9taire d\u2019un fichier ou r\u00e9pertoire avec chgrp et chown sous Linux<\/a><\/li>\n\n\n\n<li><a href=\"https:\/\/artheodoc.fr\/index.php\/modifier-les-mots-de-passe-avec-passwd\/\" data-type=\"page\" data-id=\"2989\" target=\"_blank\" rel=\"noreferrer noopener\">Modifier les mots de passe avec passwd<\/a><\/li>\n<\/ul>\n\n\n\n<p><strong>Fichiers, recherches et logs<\/strong><\/p>\n\n\n\n<ul class=\"wp-block-list\">\n<li><a href=\"https:\/\/artheodoc.fr\/index.php\/la-commande-cat-sous-linux\/\" data-type=\"page\" data-id=\"2726\" target=\"_blank\" rel=\"noreferrer noopener\">La commande cat sous Linux<\/a><\/li>\n\n\n\n<li><a href=\"https:\/\/artheodoc.fr\/index.php\/la-commande-less-sous-linux\/\" data-type=\"page\" data-id=\"2731\" target=\"_blank\" rel=\"noreferrer noopener\">La commande less sous Linux<\/a><\/li>\n\n\n\n<li><a href=\"https:\/\/artheodoc.fr\/index.php\/la-commande-grep-sous-linux\/\" data-type=\"page\" data-id=\"2445\" target=\"_blank\" rel=\"noreferrer noopener\">La commande grep sous Linux<\/a><\/li>\n\n\n\n<li><a href=\"https:\/\/artheodoc.fr\/index.php\/les-expressions-regulieres-de-base-utilisees-sous-bash\/\" data-type=\"page\" data-id=\"2756\" target=\"_blank\" rel=\"noreferrer noopener\">Les expressions r\u00e9guli\u00e8res de base utilis\u00e9es sous Bash<\/a><\/li>\n\n\n\n<li><a href=\"https:\/\/artheodoc.fr\/index.php\/la-commande-dmesg-sous-linux\/\" data-type=\"page\" data-id=\"2449\" target=\"_blank\" rel=\"noreferrer noopener\">La commande dmesg sous Linux<\/a><\/li>\n\n\n\n<li><a href=\"https:\/\/artheodoc.fr\/index.php\/consulter-les-logs-sous-linux\/\" data-type=\"page\" data-id=\"2416\" target=\"_blank\" rel=\"noreferrer noopener\">Consulter les logs sous Linux<\/a><\/li>\n\n\n\n<li><a href=\"https:\/\/artheodoc.fr\/index.php\/lediteur-nano-sous-linux\/\" data-type=\"page\" data-id=\"2743\" target=\"_blank\" rel=\"noreferrer noopener\">L\u2019\u00e9diteur Nano sous Linux<\/a><\/li>\n\n\n\n<li><a href=\"https:\/\/artheodoc.fr\/index.php\/rechercher-des-fichiers-avec-locate\/\" data-type=\"page\" data-id=\"2747\" target=\"_blank\" rel=\"noreferrer noopener\">Rechercher des fichiers avec locate<\/a><\/li>\n\n\n\n<li><a href=\"https:\/\/artheodoc.fr\/index.php\/rechercher-des-fichiers-avec-find\/\" data-type=\"page\" data-id=\"2751\" target=\"_blank\" rel=\"noreferrer noopener\">Rechercher des fichiers avec find<\/a><\/li>\n\n\n\n<li><a href=\"https:\/\/artheodoc.fr\/index.php\/rsync-synchronisation-de-fichiers-sous-linux\/\" data-type=\"page\" data-id=\"2930\" target=\"_blank\" rel=\"noreferrer noopener\">rsync &#8211; synchronisation de fichiers sous Linux<\/a><\/li>\n\n\n\n<li><a href=\"https:\/\/artheodoc.fr\/index.php\/les-liens-symboliques-avec-le-shell-bash\/\" data-type=\"page\" data-id=\"2933\" target=\"_blank\" rel=\"noreferrer noopener\">Les liens symboliques avec le Shell Bash<\/a><\/li>\n<\/ul>\n\n\n\n<p><strong>Gestion des processus<\/strong><\/p>\n\n\n\n<ul class=\"wp-block-list\">\n<li><a href=\"https:\/\/artheodoc.fr\/index.php\/les-commandes-kill-et-killall-sous-linux\/\" data-type=\"page\" data-id=\"2714\" target=\"_blank\" rel=\"noreferrer noopener\">Les commandes kill et killall sous Linux<\/a><\/li>\n\n\n\n<li><a href=\"https:\/\/artheodoc.fr\/index.php\/2025\/03\/30\/outils-de-surveillance-des-processus-et-des-ressources-systeme-sous-linux\/\" data-type=\"post\" data-id=\"1971\" target=\"_blank\" rel=\"noreferrer noopener\">Outils de surveillance des processus et des ressources syst\u00e8me sous Linux<\/a><\/li>\n<\/ul>\n\n\n\n<p><strong>Historique des commandes<\/strong><\/p>\n\n\n\n<ul class=\"wp-block-list\">\n<li><a href=\"https:\/\/artheodoc.fr\/index.php\/gestion-de-lhistorique-des-commandes-sous-linux\/\" data-type=\"page\" data-id=\"2413\" target=\"_blank\" rel=\"noreferrer noopener\">Gestion de l&rsquo;historique des commandes sous Linux<\/a><\/li>\n<\/ul>\n\n\n\n<p><strong>Services et systemd<\/strong><\/p>\n\n\n\n<ul class=\"wp-block-list\">\n<li><a href=\"https:\/\/artheodoc.fr\/index.php\/les-services-linux-avec-systemd\/\" data-type=\"page\" data-id=\"1979\" target=\"_blank\" rel=\"noreferrer noopener\">Les services Linux avec systemd<\/a><\/li>\n<\/ul>\n\n\n\n<p><strong>Configuration et Personnalisation du Shell Bash<\/strong><\/p>\n\n\n\n<ul class=\"wp-block-list\">\n<li><a href=\"https:\/\/artheodoc.fr\/index.php\/les-principales-variables-denvironnement-du-shell-bash-sous-linux\/\" data-type=\"page\" data-id=\"2706\" target=\"_blank\" rel=\"noreferrer noopener\">Les principales variables d\u2019environnement du shell Bash sous Linux<\/a><\/li>\n<\/ul>\n\n\n\n<p><strong>R\u00e9seau<\/strong><\/p>\n\n\n\n<ul class=\"wp-block-list\">\n<li><a href=\"https:\/\/artheodoc.fr\/index.php\/voir-les-ports-ouverts-sous-linux\/\" data-type=\"page\" data-id=\"168\" target=\"_blank\" rel=\"noreferrer noopener\">Voir les ports ouverts sous&nbsp;Linux<\/a><\/li>\n\n\n\n<li><a href=\"https:\/\/artheodoc.fr\/index.php\/commandes-shell-linux-pour-les-dns\/\" data-type=\"page\" data-id=\"2863\" target=\"_blank\" rel=\"noreferrer noopener\">Commandes Shell Linux pour les DNS<\/a><\/li>\n<\/ul>\n\n\n\n<p><strong>Syst\u00e8me<\/strong><\/p>\n\n\n\n<ul class=\"wp-block-list\">\n<li><a href=\"https:\/\/artheodoc.fr\/index.php\/2025\/07\/13\/modifier-le-fichier-de-configuration-de-grub\/\" data-type=\"post\" data-id=\"2378\" target=\"_blank\" rel=\"noreferrer noopener\">Modifier le fichier de configuration de GRUB<\/a><\/li>\n<\/ul>\n\n\n\n<p><strong>Divers<\/strong><\/p>\n\n\n\n<ul class=\"wp-block-list\">\n<li><a href=\"https:\/\/artheodoc.fr\/index.php\/2025\/10\/25\/nixite-une-application-web-qui-genere-automatiquement-des-scripts-bash-pour-installer-tous-vos-logiciels-linux-en-une-seule-fois\/\" data-type=\"post\" data-id=\"2550\" target=\"_blank\" rel=\"noreferrer noopener\">Nixite \u2013 Une application web qui g\u00e9n\u00e8re automatiquement des scripts Bash pour installer tous vos logiciels Linux en une seule fois<\/a><\/li>\n<\/ul>\n<\/div>\n\n\n\n<div class=\"wp-block-column is-layout-flow wp-block-column-is-layout-flow\" style=\"flex-basis:33.33%\">\n<figure class=\"wp-block-image aligncenter size-full\"><img loading=\"lazy\" decoding=\"async\" width=\"300\" height=\"300\" src=\"https:\/\/artheodoc.fr\/wp-content\/uploads\/2023\/12\/TUX-MV-IA-petit.jpg\" alt=\"\" class=\"wp-image-220\" srcset=\"https:\/\/artheodoc.fr\/wp-content\/uploads\/2023\/12\/TUX-MV-IA-petit.jpg 300w, https:\/\/artheodoc.fr\/wp-content\/uploads\/2023\/12\/TUX-MV-IA-petit-150x150.jpg 150w\" sizes=\"auto, (max-width: 300px) 100vw, 300px\" \/><\/figure>\n<\/div>\n<\/div>\n\n\n\n<hr class=\"wp-block-separator has-alpha-channel-opacity is-style-wide\"\/>\n\n\n\n<p class=\"has-background\" style=\"background:linear-gradient(135deg,rgb(251,248,245) 0%,rgb(237,187,187) 50%,rgb(247,183,180) 100%)\"><strong>Debian<\/strong> est une distribution Linux, compos\u00e9e presque exclusivement de logiciels libres.<\/p>\n\n\n\n<div class=\"wp-block-columns has-background is-layout-flex wp-container-core-columns-is-layout-28f84493 wp-block-columns-is-layout-flex\" style=\"background-color:#f8f1ec\">\n<div class=\"wp-block-column is-layout-flow wp-block-column-is-layout-flow\" style=\"flex-basis:66.66%\">\n<p class=\"has-large-font-size\">Debian 11, 12 et 13<\/p>\n\n\n\n<h4 class=\"wp-block-heading\"><br>Installation d\u2019un serveur sous Debian sans interface graphique :<\/h4>\n\n\n\n<p><a href=\"https:\/\/artheodoc.fr\/index.php\/installation-de-debian-12-dans-une-machine-virtuelle-sous-virtualbox\/\" data-type=\"page\" data-id=\"951\" target=\"_blank\" rel=\"noreferrer noopener\">Installation de Debian 12 dans une machine virtuelle sous VirtualBox<\/a><\/p>\n\n\n\n<h4 class=\"wp-block-heading\"><br>Mes pr\u00e9requis pour l\u2019installation d\u2019un serveur sous Debian :<\/h4>\n\n\n\n<ul class=\"wp-block-list\">\n<li><a href=\"https:\/\/artheodoc.fr\/index.php\/modification-de-la-variable-denvironnement-path-pour-pouvoir-utiliser-les-commandes-du-shell\/\" data-type=\"page\" data-id=\"34\" target=\"_blank\" rel=\"noreferrer noopener\">Modification de la variable d\u2019environnement PATH pour pouvoir utiliser les commandes du Shell<\/a><\/li>\n\n\n\n<li><a href=\"https:\/\/artheodoc.fr\/index.php\/modification-du-fichier-sources-list-sous-debian-11\/\" data-type=\"page\" data-id=\"38\" target=\"_blank\" rel=\"noreferrer noopener\">Modification du fichier sources.list sous Debian 11<\/a><\/li>\n\n\n\n<li><a href=\"https:\/\/artheodoc.fr\/index.php\/exemple-de-parametrages-en-ip-fixe-sous-debian-11\/\" data-type=\"page\" data-id=\"41\" target=\"_blank\" rel=\"noreferrer noopener\">Exemple de param\u00e9trages en IP fixe sous debian 11<\/a><\/li>\n<\/ul>\n\n\n\n<p><a href=\"https:\/\/artheodoc.fr\/index.php\/utilisation-de-sudo-sous-debian\/\" data-type=\"page\" data-id=\"44\" target=\"_blank\" rel=\"noreferrer noopener\">Utilisation de sudo sous Debian<\/a><\/p>\n\n\n\n<p><a href=\"https:\/\/artheodoc.fr\/index.php\/2026\/03\/30\/reinitialiser-un-mot-de-passe-sous-debian-avec-rescatux\/\" data-type=\"post\" data-id=\"2969\" target=\"_blank\" rel=\"noreferrer noopener\">R\u00e9initialiser un mot de passe sous Debian avec Rescatux<\/a><\/p>\n<\/div>\n\n\n\n<div class=\"wp-block-column is-layout-flow wp-block-column-is-layout-flow\" style=\"flex-basis:33.33%\">\n<figure class=\"wp-block-image aligncenter size-medium\"><img loading=\"lazy\" decoding=\"async\" width=\"228\" height=\"300\" src=\"https:\/\/artheodoc.fr\/wp-content\/uploads\/2023\/12\/Logo-Debian-Artheodoc-fr-228x300.png\" alt=\"\" class=\"wp-image-254\" srcset=\"https:\/\/artheodoc.fr\/wp-content\/uploads\/2023\/12\/Logo-Debian-Artheodoc-fr-228x300.png 228w, https:\/\/artheodoc.fr\/wp-content\/uploads\/2023\/12\/Logo-Debian-Artheodoc-fr.png 300w\" sizes=\"auto, (max-width: 228px) 100vw, 228px\" \/><\/figure>\n<\/div>\n<\/div>\n\n\n\n<hr class=\"wp-block-separator has-alpha-channel-opacity is-style-wide\"\/>\n\n\n\n<p class=\"has-very-light-gray-to-cyan-bluish-gray-gradient-background has-background\"><strong>Linux Mint<\/strong> est un syst\u00e8me d&rsquo;exploitation GNU\/Linux cr\u00e9\u00e9 en 2006 \u00e0 partir d&rsquo;Ubuntu, lui-m\u00eame bas\u00e9 sur Debian. Il est con\u00e7u pour s&rsquo;installer sur les ordinateurs individuels au m\u00eame titre que Windows.<\/p>\n\n\n\n<div class=\"wp-block-columns has-background is-layout-flex wp-container-core-columns-is-layout-28f84493 wp-block-columns-is-layout-flex\" style=\"background-color:#e3fae6\">\n<div class=\"wp-block-column is-layout-flow wp-block-column-is-layout-flow\" style=\"flex-basis:66.66%\">\n<p class=\"has-large-font-size\">Linux Mint<\/p>\n\n\n\n<p><strong>R\u00e9initialiser le mot de passe d&rsquo;un compte utilisateur<\/strong><\/p>\n\n\n\n<ul class=\"wp-block-list\">\n<li><a href=\"https:\/\/artheodoc.fr\/index.php\/2026\/03\/29\/changer-le-mot-de-passe-de-votre-compte-utilisateur-sous-linux-mint-depuis-le-mode-recovery\/\" data-type=\"post\" data-id=\"2958\" target=\"_blank\" rel=\"noreferrer noopener\">Changer le mot de passe de votre compte utilisateur sous Linux Mint depuis le mode recovery<\/a><\/li>\n<\/ul>\n\n\n\n<p><strong>Captvty<\/strong><\/p>\n\n\n\n<ul class=\"wp-block-list\">\n<li><a href=\"https:\/\/artheodoc.fr\/index.php\/2025\/07\/17\/installation-de-captvty-3-sous-linux\/\" data-type=\"post\" data-id=\"2399\" target=\"_blank\" rel=\"noreferrer noopener\">Installation de Captvty 3 sous Linux<\/a><\/li>\n<\/ul>\n\n\n\n<p><strong>NetPeek<\/strong><\/p>\n\n\n\n<p><em>NetPeek permet de scanner votre r\u00e9seau. Ce logiciel est disponible dans la logith\u00e8que<\/em>.<\/p>\n<\/div>\n\n\n\n<div class=\"wp-block-column is-layout-flow wp-block-column-is-layout-flow\" style=\"flex-basis:33.33%\">\n<figure class=\"wp-block-image aligncenter size-full\"><img loading=\"lazy\" decoding=\"async\" width=\"228\" height=\"215\" src=\"https:\/\/artheodoc.fr\/wp-content\/uploads\/2025\/07\/Logo_Linux_Mint.png\" alt=\"\" class=\"wp-image-2406\"\/><\/figure>\n<\/div>\n<\/div>\n\n\n\n<hr class=\"wp-block-separator has-alpha-channel-opacity is-style-wide\"\/>\n\n\n\n<p class=\"has-background\" style=\"background:linear-gradient(135deg,rgb(251,248,250) 0%,rgb(207,206,248) 100%)\"><strong>Alpine Linux<\/strong> est une distribution Linux ultra-l\u00e9g\u00e8re orient\u00e9e s\u00e9curit\u00e9.<\/p>\n\n\n\n<div class=\"wp-block-columns has-background is-layout-flex wp-container-core-columns-is-layout-28f84493 wp-block-columns-is-layout-flex\" style=\"background-color:#edf2f7\">\n<div class=\"wp-block-column is-layout-flow wp-block-column-is-layout-flow\">\n<p class=\"has-large-font-size\">Alpine Linux<\/p>\n\n\n\n<ul class=\"wp-block-list\">\n<li><a href=\"https:\/\/artheodoc.fr\/index.php\/creer-un-conteneur-lxc-alpine-linux-avec-proxmox-ve\/\" data-type=\"page\" data-id=\"1543\" target=\"_blank\" rel=\"noreferrer noopener\">Cr\u00e9er un conteneur LXC Alpine Linux avec Proxmox VE<\/a><\/li>\n\n\n\n<li><a href=\"https:\/\/artheodoc.fr\/index.php\/alpine-linux\/\" data-type=\"page\" data-id=\"1365\" target=\"_blank\" rel=\"noreferrer noopener\">Alpine Linux<\/a><\/li>\n\n\n\n<li><a href=\"https:\/\/artheodoc.fr\/index.php\/vpn-wireguard\/\" data-type=\"page\" data-id=\"1397\" target=\"_blank\" rel=\"noreferrer noopener\">VPN WireGuard<\/a> &#8211; Installation sous Alpine Linux<\/li>\n\n\n\n<li><a href=\"https:\/\/artheodoc.fr\/index.php\/creation-dun-partage-samba-sous-alpine-linux\/\" data-type=\"page\" data-id=\"2918\" target=\"_blank\" rel=\"noreferrer noopener\">Cr\u00e9ation d\u2019un partage Samba sous Alpine Linux<\/a><\/li>\n<\/ul>\n<\/div>\n<\/div>\n\n\n\n<p><\/p>\n","protected":false},"excerpt":{"rendered":"<p>Un shell Linux est un interpr\u00e9teur de commandes. Il permet d&rsquo;acc\u00e9der aux fonctionnalit\u00e9s internes du syst\u00e8me d&rsquo;exploitation. Il se pr\u00e9sente sous la forme d&rsquo;une interface en ligne de commande accessible depuis la console ou un terminal. L&rsquo;utilisateur lance des commandes sous forme d&rsquo;une entr\u00e9e texte ex\u00e9cut\u00e9e ensuite par le shell. Je me suis efforc\u00e9 de [&hellip;]<\/p>\n","protected":false},"author":2,"featured_media":0,"parent":0,"menu_order":0,"comment_status":"closed","ping_status":"closed","template":"","meta":{"site-sidebar-layout":"default","site-content-layout":"","ast-site-content-layout":"default","site-content-style":"default","site-sidebar-style":"default","ast-global-header-display":"","ast-banner-title-visibility":"","ast-main-header-display":"","ast-hfb-above-header-display":"","ast-hfb-below-header-display":"","ast-hfb-mobile-header-display":"","site-post-title":"","ast-breadcrumbs-content":"","ast-featured-img":"","footer-sml-layout":"","ast-disable-related-posts":"","theme-transparent-header-meta":"","adv-header-id-meta":"","stick-header-meta":"","header-above-stick-meta":"","header-main-stick-meta":"","header-below-stick-meta":"","astra-migrate-meta-layouts":"default","ast-page-background-enabled":"default","ast-page-background-meta":{"desktop":{"background-color":"var(--ast-global-color-4)","background-image":"","background-repeat":"repeat","background-position":"center center","background-size":"auto","background-attachment":"scroll","background-type":"","background-media":"","overlay-type":"","overlay-color":"","overlay-opacity":"","overlay-gradient":""},"tablet":{"background-color":"","background-image":"","background-repeat":"repeat","background-position":"center center","background-size":"auto","background-attachment":"scroll","background-type":"","background-media":"","overlay-type":"","overlay-color":"","overlay-opacity":"","overlay-gradient":""},"mobile":{"background-color":"","background-image":"","background-repeat":"repeat","background-position":"center center","background-size":"auto","background-attachment":"scroll","background-type":"","background-media":"","overlay-type":"","overlay-color":"","overlay-opacity":"","overlay-gradient":""}},"ast-content-background-meta":{"desktop":{"background-color":"var(--ast-global-color-5)","background-image":"","background-repeat":"repeat","background-position":"center center","background-size":"auto","background-attachment":"scroll","background-type":"","background-media":"","overlay-type":"","overlay-color":"","overlay-opacity":"","overlay-gradient":""},"tablet":{"background-color":"var(--ast-global-color-5)","background-image":"","background-repeat":"repeat","background-position":"center center","background-size":"auto","background-attachment":"scroll","background-type":"","background-media":"","overlay-type":"","overlay-color":"","overlay-opacity":"","overlay-gradient":""},"mobile":{"background-color":"var(--ast-global-color-5)","background-image":"","background-repeat":"repeat","background-position":"center center","background-size":"auto","background-attachment":"scroll","background-type":"","background-media":"","overlay-type":"","overlay-color":"","overlay-opacity":"","overlay-gradient":""}},"footnotes":""},"class_list":["post-2636","page","type-page","status-publish","hentry"],"_links":{"self":[{"href":"https:\/\/artheodoc.fr\/index.php\/wp-json\/wp\/v2\/pages\/2636","targetHints":{"allow":["GET"]}}],"collection":[{"href":"https:\/\/artheodoc.fr\/index.php\/wp-json\/wp\/v2\/pages"}],"about":[{"href":"https:\/\/artheodoc.fr\/index.php\/wp-json\/wp\/v2\/types\/page"}],"author":[{"embeddable":true,"href":"https:\/\/artheodoc.fr\/index.php\/wp-json\/wp\/v2\/users\/2"}],"replies":[{"embeddable":true,"href":"https:\/\/artheodoc.fr\/index.php\/wp-json\/wp\/v2\/comments?post=2636"}],"version-history":[{"count":45,"href":"https:\/\/artheodoc.fr\/index.php\/wp-json\/wp\/v2\/pages\/2636\/revisions"}],"predecessor-version":[{"id":3006,"href":"https:\/\/artheodoc.fr\/index.php\/wp-json\/wp\/v2\/pages\/2636\/revisions\/3006"}],"wp:attachment":[{"href":"https:\/\/artheodoc.fr\/index.php\/wp-json\/wp\/v2\/media?parent=2636"}],"curies":[{"name":"wp","href":"https:\/\/api.w.org\/{rel}","templated":true}]}}