{"id":2678,"date":"2025-12-14T14:24:07","date_gmt":"2025-12-14T13:24:07","guid":{"rendered":"https:\/\/artheodoc.fr\/?page_id=2678"},"modified":"2025-12-14T15:55:53","modified_gmt":"2025-12-14T14:55:53","slug":"chmod-les-bases-des-permissions","status":"publish","type":"page","link":"https:\/\/artheodoc.fr\/index.php\/chmod-les-bases-des-permissions\/","title":{"rendered":"Chmod &#8211; Les bases des permissions"},"content":{"rendered":"\n<h1 class=\"wp-block-heading\">Les diff\u00e9rentes cat\u00e9gories d&rsquo;utilisateurs avec leurs abr\u00e9viations<\/h1>\n\n\n\n<figure class=\"wp-block-table\"><table class=\"has-fixed-layout\"><tbody><tr><td><strong>Cat\u00e9gorie d\u2019utilisateur<\/strong><\/td><td><strong>Abr\u00e9viation<\/strong><\/td><\/tr><tr><td>Utilisateur (propri\u00e9taire)<\/td><td><code>u<\/code><\/td><\/tr><tr><td>Groupe<\/td><td><code>g<\/code><\/td><\/tr><tr><td>Autres (others)<\/td><td><code>o<\/code><\/td><\/tr><\/tbody><\/table><\/figure>\n\n\n\n<hr class=\"wp-block-separator has-alpha-channel-opacity is-style-wide\"\/>\n\n\n\n<h1 class=\"wp-block-heading\">Les diff\u00e9rents attributs avec leurs abr\u00e9viations<\/h1>\n\n\n\n<figure class=\"wp-block-table\"><table class=\"has-fixed-layout\"><thead><tr><th><strong>Attribut<\/strong><\/th><th><strong>Abr\u00e9viation<\/strong><\/th><th><strong>Signification pour un fichier<\/strong><\/th><th><strong>Signification pour un r\u00e9pertoire<\/strong><\/th><\/tr><\/thead><tbody><tr><td>Lecture<\/td><td><code>r<\/code><\/td><td>Lisible<\/td><td>Listable avec ls.<\/td><\/tr><tr><td>\u00c9criture<\/td><td><code>w<\/code><\/td><td>Modifiable<\/td><td>Peut \u00eatre effac\u00e9 renomm\u00e9 ou recevoir des fichiers.<\/td><\/tr><tr><td>Ex\u00e9cutable<\/td><td><code>x<\/code><\/td><td>Peut \u00eatre ex\u00e9cut\u00e9 en tant que programme<\/td><td>Acc\u00e8s en lecture des fichiers et sous r\u00e9pertoires et ex\u00e9cution des fichiers.<\/td><\/tr><tr><td>suid<\/td><td><code>s<\/code><\/td><td>N\u2019importe quel utilisateur peut ex\u00e9cuter le fichier avec les permissions du propri\u00e9taire.<\/td><td>Non applicable<\/td><\/tr><tr><td>sgid<\/td><td><code>s<\/code><\/td><td>N\u2019importe quel utilisateur peut ex\u00e9cuter le fichier avec les droits du groupe auquel il appartient.<\/td><td>Tous les fichiers nouvellement cr\u00e9\u00e9s dans le r\u00e9pertoire appartiennent au groupe propri\u00e9taire du r\u00e9pertoire.<\/td><\/tr><tr><td>Sticky bit<\/td><td><code>t<\/code><\/td><td><\/td><td>L\u2019utilisateur ne peut effacer ou renommer les fichiers \u00e0 moins qu\u2019il ne soit le propri\u00e9taire ou celui du r\u00e9pertoire qui les contient.<\/td><\/tr><\/tbody><\/table><\/figure>\n\n\n\n<hr class=\"wp-block-separator has-alpha-channel-opacity is-style-wide\"\/>\n\n\n\n<h1 class=\"wp-block-heading\">Modifier les permissions sur les fichiers et les r\u00e9pertoires en employant la notification alphab\u00e9tique<\/h1>\n\n\n\n<p>La notation alphab\u00e9tique utilise une formule simple&nbsp;: groupe \u00e0 modifier (<strong>u<\/strong>, <strong>g<\/strong>, <strong>o<\/strong>), suivi du symbole <strong>+<\/strong> pour donner une permission, du symbole <strong>&#8211;<\/strong> pour supprimer une permission ou du symbole <strong>=<\/strong> pour d\u00e9finir des permissions exactes, suivi des lettres (<strong>r<\/strong>, <strong>w<\/strong>, <strong>x<\/strong>, <strong>s<\/strong>, <strong>t<\/strong>) repr\u00e9sentant les permissions.<\/p>\n\n\n\n<p><strong>chmod [ugo] [+-=] [rwx]<\/strong><\/p>\n\n\n\n<p>Vous pouvez v\u00e9rifier le r\u00e9sultat avec la commande&nbsp;:<\/p>\n\n\n\n<pre class=\"wp-block-preformatted\">ls -l <em>mon_fichier<\/em><\/pre>\n\n\n\n<p>Exemples&nbsp;:<\/p>\n\n\n\n<pre class=\"wp-block-preformatted\">chmod g+w <em>mon_fichier<\/em><\/pre>\n\n\n\n<p>Autorisation en \u00e9criture pour le groupe.<\/p>\n\n\n\n<pre class=\"wp-block-preformatted\">chmod go+w <em>mon_fichier<\/em><\/pre>\n\n\n\n<p>Autorisation en \u00e9criture pour le groupe ainsi qu\u2019\u00e0 tous les autres utlisateurs.<\/p>\n\n\n\n<pre class=\"wp-block-preformatted\">chmod a=rw <em>mon_fichier<\/em><\/pre>\n\n\n\n<p>Autorisations en lecture et en \u00e9criture pour tout le monde (propri\u00e9taire, groupe et autres).<\/p>\n\n\n\n<pre class=\"wp-block-preformatted\">chmod go-w <em>mon_fichier<\/em><\/pre>\n\n\n\n<p>Retirer la permission en \u00e9criture au groupe et aux autres utilisateurs.<\/p>\n\n\n\n<pre class=\"wp-block-preformatted\">chmod o-r  <em>mon_fichier<\/em><\/pre>\n\n\n\n<p>Retirer la permission en lecture aux autres utilisateurs.<\/p>\n\n\n\n<pre class=\"wp-block-preformatted\">chmod g=r <em>mon_fichier<\/em><\/pre>\n\n\n\n<p>Le groupe aura seulement la permission en lecture.<\/p>\n\n\n\n<pre class=\"wp-block-preformatted\">chmod o= <em>mon_fichier<\/em><\/pre>\n\n\n\n<p>chmod est \u00e9gal \u00e0 rien, ce qui revient \u00e0 supprimer toutes les permissions pour les autres utilisateurs.<\/p>\n\n\n\n<hr class=\"wp-block-separator has-alpha-channel-opacity is-style-wide\"\/>\n\n\n\n<h1 class=\"wp-block-heading\">Modifier les permissions sur les fichiers et les r\u00e9pertoires en employant la notification num\u00e9rique<\/h1>\n\n\n\n<p>La lecture \u2013 read (<strong>r<\/strong>) vaut <strong>4<\/strong>, l\u2019\u00e9criture &#8211; write (<strong>w<\/strong>) vaut <strong>2<\/strong> et ex\u00e9cuter \u2013 execute (<strong>x<\/strong>) vaut <strong>1<\/strong>. Il y a trois cat\u00e9gories d\u2019utilisateurs &#8211; <strong>u<\/strong>ser&nbsp;: le propri\u00e9taire, le groupe \u2013 <strong>g<\/strong>roup et les autres &#8211; <strong>o<\/strong>thers. Chaque groupe d\u2019utilisateurs peut lire, \u00e9crire et ex\u00e9cuter.<\/p>\n\n\n\n<p><strong>chmod [0-7] [0-7] [0-7]<\/strong><\/p>\n\n\n\n<figure class=\"wp-block-table\"><table class=\"has-fixed-layout\"><tbody><tr><td><\/td><td><strong>Propri\u00e9taire<\/strong><\/td><td><strong>Groupe<\/strong><\/td><td><strong>Autre<\/strong><\/td><\/tr><tr><td>Permissions<\/td><td><code>r,w,x<\/code><\/td><td><code>r,w,x<\/code><\/td><td><code>r,w,x<\/code><\/td><\/tr><tr><td>Repr\u00e9sentation num\u00e9rique<\/td><td><code>4,2,1<\/code><\/td><td><code>4,2,1<\/code><\/td><td><code>4,2,1<\/code><\/td><\/tr><\/tbody><\/table><\/figure>\n\n\n\n<h2 class=\"wp-block-heading\">Permissions num\u00e9riques repr\u00e9sent\u00e9es avec <strong>ls -l<\/strong><\/h2>\n\n\n\n<p>L\u2019attribution des permissions revient \u00e0 effectuer une addition. Par exemple&nbsp;:<\/p>\n\n\n\n<ul class=\"wp-block-list\">\n<li>Un utilisateur a une autorisation en lecture\/\u00e9criture sur un fichier ou un r\u00e9pertoire. Lecture = <strong>4<\/strong> et \u00c9criture = <strong>2<\/strong>, permission finale <strong>4<\/strong>+<strong>2<\/strong> = 6<\/li>\n\n\n\n<li>Un utilisateur a une autorisation en lecture\/ex\u00e9cution sur un fichier ou un r\u00e9pertoire. Lecture = <strong>4<\/strong> et Ex\u00e9cution = <strong>1<\/strong>, permission finale <strong>4<\/strong>+<strong>1<\/strong> = 5<\/li>\n\n\n\n<li>Un utilisateur a une autorisation en lecture\/\u00e9criture\/ex\u00e9cution sur un fichier ou un r\u00e9pertoire. Lecture = <strong>4<\/strong>, \u00c9criture = <strong>2<\/strong> et Ex\u00e9cution = <strong>1<\/strong>, permission finale <strong>4<\/strong>+<strong>2<\/strong> + <strong>1<\/strong> = 7<\/li>\n<\/ul>\n\n\n\n<figure class=\"wp-block-table\"><table class=\"has-fixed-layout\"><tbody><tr><td>0<\/td><td><code>---<\/code><\/td><\/tr><tr><td>1<\/td><td><code>--x<\/code><\/td><\/tr><tr><td>2<\/td><td><code>-w-<\/code><\/td><\/tr><tr><td>3<\/td><td><code>-wx<\/code><\/td><\/tr><tr><td>4<\/td><td><code>r--<\/code><\/td><\/tr><tr><td>5<\/td><td><code>r-x<\/code><\/td><\/tr><tr><td>6<\/td><td><code>rw-<\/code><\/td><\/tr><tr><td>7<\/td><td><code>rwx<\/code><\/td><\/tr><\/tbody><\/table><\/figure>\n\n\n\n<h2 class=\"wp-block-heading\">Permissions courantes et repr\u00e9sentation <strong>ls -l<\/strong><\/h2>\n\n\n\n<figure class=\"wp-block-table\"><table class=\"has-fixed-layout\"><thead><tr><th><strong>Commande chmod<\/strong><\/th><th><strong>Repr\u00e9sentation ls -l<\/strong><\/th><th><strong>Signification<\/strong><\/th><\/tr><\/thead><tbody><tr><td>chmod 400<\/td><td><code>-r--------<\/code><\/td><td>Le propri\u00e9aire peut lire,les autres ne peuvent rien faire du tout.<\/td><\/tr><tr><td>chmod 644<\/td><td><code>-rw-r--r--<\/code><\/td><td>Tout le monde peut lire, seul le propri\u00e9taire peut modifier.<\/td><\/tr><tr><td>chmod 660<\/td><td><code>-rw-rw----<\/code><\/td><td>Le propri\u00e9taire et le groupe peuvent lire et modifier, les autres ne peuvent rien faire.<\/td><\/tr><tr><td>chmod 664<\/td><td><code>-rw-rw-r--<\/code><\/td><td>Tout le monde peut lire, le propri\u00e9taire et le groupe peuvent modifier.<\/td><\/tr><tr><td>chmod 700<\/td><td><code>-rwx------<\/code><\/td><td>Le propri\u00e9taire peut lire, \u00e9crire et ex\u00e9cuter, les autres ne peuvent rien faire.<\/td><\/tr><tr><td>chmod 744<\/td><td><code>-rwxr--r--<\/code><\/td><td>Tout le monde peut lire, seul le propri\u00e9taire peut modifier et ex\u00e9cuter.<\/td><\/tr><tr><td>chmod 750<\/td><td><code>-rwxr-x---<\/code><\/td><td>Le propri\u00e9taire et le groupe peuvent lire et ex\u00e9cuter, seul le propri\u00e9taire peut modifier, les autres ne peuvent rien faire.<\/td><\/tr><tr><td>chmod 755<\/td><td><code>-rwxr-xr-x<\/code><\/td><td>Tout le mode peut lire et ex\u00e9cuter, seul le propri\u00e9taire peut modifier.<\/td><\/tr><tr><td>chmod 777<\/td><td><code>-rwxrwxrwx<\/code><\/td><td>Tout le monde peut lire, \u00e9crire et ex\u00e9cuter.<\/td><\/tr><\/tbody><\/table><\/figure>\n\n\n\n<hr class=\"wp-block-separator has-alpha-channel-opacity is-style-wide\"\/>\n\n\n\n<h1 class=\"wp-block-heading\">Chmod &#8211; Modifier les permissions de fa\u00e7on r\u00e9cursive<\/h1>\n\n\n\n<p>Quelques exemples pratiques de la commande chmod avec l\u2019option r\u00e9cursive (-R) pour modifier les permissions des fichiers et dossiers dans un environnement Linux.<\/p>\n\n\n\n<p><strong>Donner la permission de lecture et d\u2019ex\u00e9cution \u00e0 tous les fichiers et dossiers dans un r\u00e9pertoire&nbsp;:<\/strong><\/p>\n\n\n\n<pre class=\"wp-block-preformatted\">chmod -R a+rx \/chemin\/vers\/le\/dossier\/<\/pre>\n\n\n\n<p>Explication&nbsp;:<\/p>\n\n\n\n<ul class=\"wp-block-list\">\n<li>Ajoute (+) les permissions de lecture (r) et d\u2019ex\u00e9cution (x) pour tous les utilisateurs (a) de mani\u00e8re r\u00e9cursive.<\/li>\n<\/ul>\n\n\n\n<p><strong>Retirer la permission d\u2019\u00e9criture pour le groupe et les autres utilisateurs&nbsp;:<\/strong><\/p>\n\n\n\n<pre class=\"wp-block-preformatted\">chmod -R go-w \/chemin\/vers\/le\/dossier\/<\/pre>\n\n\n\n<p>Explication&nbsp;:<\/p>\n\n\n\n<ul class=\"wp-block-list\">\n<li>Retire (-) la permission d\u2019\u00e9criture (w) pour le groupe (g) et les autres utilisateurs (o) de mani\u00e8re r\u00e9cursive.<\/li>\n<\/ul>\n\n\n\n<p><strong>D\u00e9finir des permissions sp\u00e9cifiques pour les fichiers et dossiers (exemple&nbsp;: 755 pour les dossiers, 644 pour les fichiers)&nbsp;:<\/strong><\/p>\n\n\n\n<pre class=\"wp-block-preformatted\">find \/chemin\/vers\/le\/dossier\/ -type d -exec chmod 755 {} \\;<\/pre>\n\n\n\n<pre class=\"wp-block-preformatted\">find \/chemin\/vers\/le\/dossier\/ -type f -exec chmod 644 {} \\;<\/pre>\n\n\n\n<p>Explication&nbsp;:<\/p>\n\n\n\n<ul class=\"wp-block-list\">\n<li>find permet de cibler uniquement les dossiers (-type d) ou les fichiers (-type f)&nbsp;:<\/li>\n\n\n\n<li>chmod 755 donne les permissions rwxr-xr-x aux dossiers.<\/li>\n\n\n\n<li>chmod 644 donne les permissions rw-r&#8211;r&#8211; aux fichiers.<\/li>\n<\/ul>\n\n\n\n<p><strong>Donner uniquement au propri\u00e9taire le droit de lecture et d\u2019\u00e9criture, et interdire tout acc\u00e8s aux autres&nbsp;:<\/strong><\/p>\n\n\n\n<pre class=\"wp-block-preformatted\">chmod -R 700 \/chemin\/vers\/le\/dossier\/<\/pre>\n\n\n\n<p>Explication&nbsp;:<\/p>\n\n\n\n<ul class=\"wp-block-list\">\n<li>D\u00e9finit les permissions \u00e0 rwx&#8212;&#8212; pour le propri\u00e9taire, et retire tous les droits pour le groupe et les autres.<\/li>\n<\/ul>\n\n\n\n<p><strong>Ajouter la permission d\u2019ex\u00e9cution pour tous les fichiers .sh dans un r\u00e9pertoire&nbsp;:<\/strong><\/p>\n\n\n\n<pre class=\"wp-block-preformatted\">chmod -R +x \/chemin\/vers\/le\/dossier\/*.sh<\/pre>\n\n\n\n<p>Explication&nbsp;:<\/p>\n\n\n\n<ul class=\"wp-block-list\">\n<li>Ajoute la permission d\u2019ex\u00e9cution (+x) \u00e0 tous les fichiers avec l\u2019extension .sh dans le r\u00e9pertoire et ses sous-r\u00e9pertoires.<\/li>\n<\/ul>\n\n\n\n<p><strong>Copier les permissions d\u2019un fichier\/dossier vers un autre (en utilisant chmod avec \u2013reference)&nbsp;:<\/strong><\/p>\n\n\n\n<pre class=\"wp-block-preformatted\">chmod -R --reference=\/chemin\/vers\/le\/fichier_source \/chemin\/vers\/le\/dossier_cible\/<\/pre>\n\n\n\n<ul class=\"wp-block-list\">\n<li>Explication&nbsp;: Applique les m\u00eames permissions que le fichier\/dossier source \u00e0 la cible, de mani\u00e8re r\u00e9cursive.<\/li>\n<\/ul>\n\n\n\n<p><strong>Retirer toutes les permissions pour \u00ab\u00a0autres\u00a0\u00bb utilisateurs&nbsp;:<\/strong><\/p>\n\n\n\n<pre class=\"wp-block-preformatted\">chmod -R o-rwx \/chemin\/vers\/le\/dossier\/<\/pre>\n\n\n\n<p>Explication&nbsp;:<\/p>\n\n\n\n<ul class=\"wp-block-list\">\n<li>Retire toutes les permissions (rwx) pour les \u00ab\u00a0autres\u00a0\u00bb utilisateurs (o) de mani\u00e8re r\u00e9cursive.<\/li>\n<\/ul>\n\n\n\n<hr class=\"wp-block-separator has-alpha-channel-opacity is-style-wide\"\/>\n\n\n\n<h1 class=\"wp-block-heading\">Voir \u00e9galement<\/h1>\n\n\n\n<p><a href=\"https:\/\/artheodoc.fr\/index.php\/ls-lister-les-fichiers-et-dossiers-dans-un-repertoire-sous-linux\/\" data-type=\"page\" data-id=\"2695\" target=\"_blank\" rel=\"noreferrer noopener\">Ls \u2013 Lister les fichiers et dossiers dans un r\u00e9pertoire sous Linux<\/a><\/p>\n\n\n\n<p><a href=\"https:\/\/artheodoc.fr\/index.php\/la-gestion-des-droits-sous-linux-sticky-bit-sgid-suid\/\" data-type=\"page\" data-id=\"2626\" target=\"_blank\" rel=\"noreferrer noopener\">La gestion des droits sous Linux (sticky bit &#8211; sgid &#8211; suid)<\/a><\/p>\n\n\n\n<p><a href=\"https:\/\/artheodoc.fr\/index.php\/la-creation-et-la-suppression-des-utilisateurs-et-des-groupes-avec-les-commandes-shell-linux\/\" data-type=\"page\" data-id=\"2683\" target=\"_blank\" rel=\"noreferrer noopener\">La cr\u00e9ation et la suppression des utilisateurs et des groupes avec les commandes Shell Linux<\/a><\/p>\n\n\n\n<p><a href=\"https:\/\/artheodoc.fr\/index.php\/modifier-les-proprietes-dun-compte-utilisateur-avec-usermod-sous-linux\/\" data-type=\"page\" data-id=\"2687\" target=\"_blank\" rel=\"noreferrer noopener\">Modifier les propri\u00e9t\u00e9s d\u2019un compte utilisateur avec usermod sous Linux<\/a><\/p>\n\n\n\n<p><a href=\"https:\/\/artheodoc.fr\/index.php\/modifier-le-proprietaire-et-ou-le-groupe-proprietaire-dun-fichier-ou-repertoire-avec-chgrp-et-chown-sous-linux\/\" data-type=\"page\" data-id=\"2691\" target=\"_blank\" rel=\"noreferrer noopener\">Modifier le propri\u00e9taire et\/ou le groupe propri\u00e9taire d\u2019un fichier ou r\u00e9pertoire avec chgrp et chown sous Linux<\/a><\/p>\n\n\n\n<p><\/p>\n","protected":false},"excerpt":{"rendered":"<p>Les diff\u00e9rentes cat\u00e9gories d&rsquo;utilisateurs avec leurs abr\u00e9viations Cat\u00e9gorie d\u2019utilisateur Abr\u00e9viation Utilisateur (propri\u00e9taire) u Groupe g Autres (others) o Les diff\u00e9rents attributs avec leurs abr\u00e9viations Attribut Abr\u00e9viation Signification pour un fichier Signification pour un r\u00e9pertoire Lecture r Lisible Listable avec ls. \u00c9criture w Modifiable Peut \u00eatre effac\u00e9 renomm\u00e9 ou recevoir des fichiers. Ex\u00e9cutable x Peut \u00eatre [&hellip;]<\/p>\n","protected":false},"author":2,"featured_media":0,"parent":0,"menu_order":0,"comment_status":"closed","ping_status":"closed","template":"","meta":{"site-sidebar-layout":"default","site-content-layout":"","ast-site-content-layout":"default","site-content-style":"default","site-sidebar-style":"default","ast-global-header-display":"","ast-banner-title-visibility":"","ast-main-header-display":"","ast-hfb-above-header-display":"","ast-hfb-below-header-display":"","ast-hfb-mobile-header-display":"","site-post-title":"","ast-breadcrumbs-content":"","ast-featured-img":"","footer-sml-layout":"","ast-disable-related-posts":"","theme-transparent-header-meta":"","adv-header-id-meta":"","stick-header-meta":"","header-above-stick-meta":"","header-main-stick-meta":"","header-below-stick-meta":"","astra-migrate-meta-layouts":"default","ast-page-background-enabled":"default","ast-page-background-meta":{"desktop":{"background-color":"var(--ast-global-color-4)","background-image":"","background-repeat":"repeat","background-position":"center center","background-size":"auto","background-attachment":"scroll","background-type":"","background-media":"","overlay-type":"","overlay-color":"","overlay-opacity":"","overlay-gradient":""},"tablet":{"background-color":"","background-image":"","background-repeat":"repeat","background-position":"center center","background-size":"auto","background-attachment":"scroll","background-type":"","background-media":"","overlay-type":"","overlay-color":"","overlay-opacity":"","overlay-gradient":""},"mobile":{"background-color":"","background-image":"","background-repeat":"repeat","background-position":"center center","background-size":"auto","background-attachment":"scroll","background-type":"","background-media":"","overlay-type":"","overlay-color":"","overlay-opacity":"","overlay-gradient":""}},"ast-content-background-meta":{"desktop":{"background-color":"var(--ast-global-color-5)","background-image":"","background-repeat":"repeat","background-position":"center center","background-size":"auto","background-attachment":"scroll","background-type":"","background-media":"","overlay-type":"","overlay-color":"","overlay-opacity":"","overlay-gradient":""},"tablet":{"background-color":"var(--ast-global-color-5)","background-image":"","background-repeat":"repeat","background-position":"center center","background-size":"auto","background-attachment":"scroll","background-type":"","background-media":"","overlay-type":"","overlay-color":"","overlay-opacity":"","overlay-gradient":""},"mobile":{"background-color":"var(--ast-global-color-5)","background-image":"","background-repeat":"repeat","background-position":"center center","background-size":"auto","background-attachment":"scroll","background-type":"","background-media":"","overlay-type":"","overlay-color":"","overlay-opacity":"","overlay-gradient":""}},"footnotes":""},"class_list":["post-2678","page","type-page","status-publish","hentry"],"_links":{"self":[{"href":"https:\/\/artheodoc.fr\/index.php\/wp-json\/wp\/v2\/pages\/2678","targetHints":{"allow":["GET"]}}],"collection":[{"href":"https:\/\/artheodoc.fr\/index.php\/wp-json\/wp\/v2\/pages"}],"about":[{"href":"https:\/\/artheodoc.fr\/index.php\/wp-json\/wp\/v2\/types\/page"}],"author":[{"embeddable":true,"href":"https:\/\/artheodoc.fr\/index.php\/wp-json\/wp\/v2\/users\/2"}],"replies":[{"embeddable":true,"href":"https:\/\/artheodoc.fr\/index.php\/wp-json\/wp\/v2\/comments?post=2678"}],"version-history":[{"count":3,"href":"https:\/\/artheodoc.fr\/index.php\/wp-json\/wp\/v2\/pages\/2678\/revisions"}],"predecessor-version":[{"id":2701,"href":"https:\/\/artheodoc.fr\/index.php\/wp-json\/wp\/v2\/pages\/2678\/revisions\/2701"}],"wp:attachment":[{"href":"https:\/\/artheodoc.fr\/index.php\/wp-json\/wp\/v2\/media?parent=2678"}],"curies":[{"name":"wp","href":"https:\/\/api.w.org\/{rel}","templated":true}]}}