{"id":2687,"date":"2025-12-14T14:39:33","date_gmt":"2025-12-14T13:39:33","guid":{"rendered":"https:\/\/artheodoc.fr\/?page_id=2687"},"modified":"2025-12-14T16:00:59","modified_gmt":"2025-12-14T15:00:59","slug":"modifier-les-proprietes-dun-compte-utilisateur-avec-usermod-sous-linux","status":"publish","type":"page","link":"https:\/\/artheodoc.fr\/index.php\/modifier-les-proprietes-dun-compte-utilisateur-avec-usermod-sous-linux\/","title":{"rendered":"Modifier les propri\u00e9t\u00e9s d\u2019un compte utilisateur avec usermod sous Linux"},"content":{"rendered":"\n<h1 class=\"wp-block-heading\">D\u00e9finition<\/h1>\n\n\n\n<p><strong>usermod<\/strong> est une commande Linux utilis\u00e9e pour modifier les propri\u00e9t\u00e9s d&rsquo;un compte utilisateur existant. Elle permet de changer des attributs comme le nom d&rsquo;utilisateur, le groupe principal, le shell par d\u00e9faut, le r\u00e9pertoire personnel, ou encore la date d&rsquo;expiration du compte. Elle fait partie des utilitaires d\u00e9finis par la norme POSIX<\/p>\n\n\n\n<p>Syntaxe de base&nbsp;:<\/p>\n\n\n\n<p>usermod [options] LOGIN<\/p>\n\n\n\n<hr class=\"wp-block-separator has-alpha-channel-opacity is-style-wide\"\/>\n\n\n\n<h1 class=\"wp-block-heading\">Options courantes<\/h1>\n\n\n\n<p>Voici les options les plus utilis\u00e9es avec usermod&nbsp;:<\/p>\n\n\n\n<figure class=\"wp-block-table\"><table class=\"has-fixed-layout\"><thead><tr><th><strong>Option<\/strong><\/th><th><strong>Description<\/strong><\/th><\/tr><\/thead><tbody><tr><td>Option<\/td><td>Description<\/td><\/tr><tr><td><code>-l<\/code><\/td><td>Change le nom de connexion (login) de l&rsquo;utilisateur.<\/td><\/tr><tr><td><code>-u<\/code><\/td><td>Modifie l&rsquo;UID (User ID) de l&rsquo;utilisateur.<\/td><\/tr><tr><td><code>-g<\/code><\/td><td>Change le groupe principal de l&rsquo;utilisateur.<\/td><\/tr><tr><td><code>-G<\/code><\/td><td>Modifie les groupes secondaires de l&rsquo;utilisateur.<\/td><\/tr><tr><td><code>-d<\/code><\/td><td>Change le r\u00e9pertoire personnel de l&rsquo;utilisateur.<\/td><\/tr><tr><td><code>-s<\/code><\/td><td>Modifie le shell par d\u00e9faut de l&rsquo;utilisateur.<\/td><\/tr><tr><td><code>-e<\/code><\/td><td>D\u00e9finit une date d&rsquo;expiration pour le compte.<\/td><\/tr><tr><td><code>-L<\/code><\/td><td>Verrouille le compte utilisateur.<\/td><\/tr><tr><td><code>-U<\/code><\/td><td>D\u00e9verrouille le compte utilisateur.<\/td><\/tr><\/tbody><\/table><\/figure>\n\n\n\n<p><strong>Options standardis\u00e9es<\/strong><\/p>\n\n\n\n<p>Les options suivantes sont explicitement d\u00e9finies par POSIX pour usermod&nbsp;:<\/p>\n\n\n\n<ul class=\"wp-block-list\">\n<li>-u&nbsp;: Modifier l&rsquo;UID (User ID).<\/li>\n\n\n\n<li>-g&nbsp;: Modifier le GID (Group ID) principal.<\/li>\n\n\n\n<li>-G&nbsp;: Modifier la liste des groupes secondaires.<\/li>\n\n\n\n<li>-d&nbsp;: Modifier le r\u00e9pertoire personnel.<\/li>\n\n\n\n<li>-s&nbsp;: Modifier le shell par d\u00e9faut.<\/li>\n\n\n\n<li>-l&nbsp;: Modifier le nom de connexion (login).<\/li>\n\n\n\n<li>-e&nbsp;: D\u00e9finir une date d&rsquo;expiration pour le compte.<\/li>\n<\/ul>\n\n\n\n<p><strong>Extensions non-POSIX<\/strong><\/p>\n\n\n\n<p>Certaines options ou comportements de usermod peuvent \u00eatre sp\u00e9cifiques \u00e0 GNU\/Linux (par exemple, <strong>-L<\/strong> pour verrouiller un compte) et ne sont pas d\u00e9finis par POSIX. Ces extensions sont souvent document\u00e9es dans les pages de manuel (man usermod).<\/p>\n\n\n\n<hr class=\"wp-block-separator has-alpha-channel-opacity is-style-wide\"\/>\n\n\n\n<h1 class=\"wp-block-heading\">Exemples d&rsquo;utilisation<\/h1>\n\n\n\n<p>En administrateur sudo ou <strong>root<\/strong> (<strong>su<\/strong>).<\/p>\n\n\n\n<p>Changer le nom de connexion&nbsp;:<\/p>\n\n\n\n<pre class=\"wp-block-preformatted\">sudo usermod -l nouveau_nom ancien_nom<\/pre>\n\n\n\n<p>Modifier le groupe principal&nbsp;:<\/p>\n\n\n\n<pre class=\"wp-block-preformatted\">sudo usermod -g nouveau_groupe utilisateur<\/pre>\n\n\n\n<p>Changer le r\u00e9pertoire personnel&nbsp;:<\/p>\n\n\n\n<pre class=\"wp-block-preformatted\">sudo usermod -d \/nouveau\/chemin -m utilisateur<\/pre>\n\n\n\n<p><em>L&rsquo;option <strong>-m<\/strong> d\u00e9place le contenu de l&rsquo;ancien r\u00e9pertoire vers le nouveau.).<\/em><\/p>\n\n\n\n<p>Verrouiller un compte&nbsp;:<\/p>\n\n\n\n<pre class=\"wp-block-preformatted\">sudo usermod -L utilisateur<\/pre>\n\n\n\n<p>Un exemple de commande POSIX conforme&nbsp;:<\/p>\n\n\n\n<pre class=\"wp-block-preformatted\">sudo usermod -u 1002 -g developers -d \/home\/newuser -s \/bin\/bash john<\/pre>\n\n\n\n<p>La commande suivante permet d&rsquo;ajouter un utilisateur existant \u00e0 un groupe existant&nbsp;:<\/p>\n\n\n\n<pre class=\"wp-block-preformatted\">sudo usermod -aG  nom_groupe nom_utilisateur<\/pre>\n\n\n\n<ul class=\"wp-block-list\">\n<li>-a&nbsp;: Ajoute l&rsquo;utilisateur au groupe sans le retirer des autres groupes.<\/li>\n\n\n\n<li>-G&nbsp;: Sp\u00e9cifie le groupe suppl\u00e9mentaire.<\/li>\n<\/ul>\n\n\n\n<hr class=\"wp-block-separator has-alpha-channel-opacity is-style-wide\"\/>\n\n\n\n<h1 class=\"wp-block-heading\">Voir \u00e9galement<\/h1>\n\n\n\n<p><a href=\"https:\/\/artheodoc.fr\/index.php\/ls-lister-les-fichiers-et-dossiers-dans-un-repertoire-sous-linux\/\" data-type=\"page\" data-id=\"2695\" target=\"_blank\" rel=\"noreferrer noopener\">Ls \u2013 Lister les fichiers et dossiers dans un r\u00e9pertoire sous Linux<\/a><\/p>\n\n\n\n<p><a href=\"https:\/\/artheodoc.fr\/index.php\/chmod-les-bases-des-permissions\/\" data-type=\"page\" data-id=\"2678\" target=\"_blank\" rel=\"noreferrer noopener\">Chmod \u2013 Les bases des permissions<\/a><\/p>\n\n\n\n<p><a href=\"https:\/\/artheodoc.fr\/index.php\/la-gestion-des-droits-sous-linux-sticky-bit-sgid-suid\/\" data-type=\"page\" data-id=\"2626\" target=\"_blank\" rel=\"noreferrer noopener\">La gestion des droits sous Linux (sticky bit &#8211; sgid &#8211; suid)<\/a><\/p>\n\n\n\n<p><a href=\"https:\/\/artheodoc.fr\/index.php\/la-creation-et-la-suppression-des-utilisateurs-et-des-groupes-avec-les-commandes-shell-linux\/\" data-type=\"page\" data-id=\"2683\" target=\"_blank\" rel=\"noreferrer noopener\">La cr\u00e9ation et la suppression des utilisateurs et des groupes avec les commandes Shell Linux<\/a><\/p>\n\n\n\n<p><a href=\"https:\/\/artheodoc.fr\/index.php\/modifier-le-proprietaire-et-ou-le-groupe-proprietaire-dun-fichier-ou-repertoire-avec-chgrp-et-chown-sous-linux\/\" data-type=\"page\" data-id=\"2691\" target=\"_blank\" rel=\"noreferrer noopener\">Modifier le propri\u00e9taire et\/ou le groupe propri\u00e9taire d\u2019un fichier ou r\u00e9pertoire avec chgrp et chown sous Linux<\/a><\/p>\n\n\n\n<p><\/p>\n","protected":false},"excerpt":{"rendered":"<p>D\u00e9finition usermod est une commande Linux utilis\u00e9e pour modifier les propri\u00e9t\u00e9s d&rsquo;un compte utilisateur existant. Elle permet de changer des attributs comme le nom d&rsquo;utilisateur, le groupe principal, le shell par d\u00e9faut, le r\u00e9pertoire personnel, ou encore la date d&rsquo;expiration du compte. Elle fait partie des utilitaires d\u00e9finis par la norme POSIX Syntaxe de base&nbsp;: [&hellip;]<\/p>\n","protected":false},"author":2,"featured_media":0,"parent":0,"menu_order":0,"comment_status":"closed","ping_status":"closed","template":"","meta":{"site-sidebar-layout":"default","site-content-layout":"","ast-site-content-layout":"default","site-content-style":"default","site-sidebar-style":"default","ast-global-header-display":"","ast-banner-title-visibility":"","ast-main-header-display":"","ast-hfb-above-header-display":"","ast-hfb-below-header-display":"","ast-hfb-mobile-header-display":"","site-post-title":"","ast-breadcrumbs-content":"","ast-featured-img":"","footer-sml-layout":"","ast-disable-related-posts":"","theme-transparent-header-meta":"","adv-header-id-meta":"","stick-header-meta":"","header-above-stick-meta":"","header-main-stick-meta":"","header-below-stick-meta":"","astra-migrate-meta-layouts":"default","ast-page-background-enabled":"default","ast-page-background-meta":{"desktop":{"background-color":"var(--ast-global-color-4)","background-image":"","background-repeat":"repeat","background-position":"center center","background-size":"auto","background-attachment":"scroll","background-type":"","background-media":"","overlay-type":"","overlay-color":"","overlay-opacity":"","overlay-gradient":""},"tablet":{"background-color":"","background-image":"","background-repeat":"repeat","background-position":"center center","background-size":"auto","background-attachment":"scroll","background-type":"","background-media":"","overlay-type":"","overlay-color":"","overlay-opacity":"","overlay-gradient":""},"mobile":{"background-color":"","background-image":"","background-repeat":"repeat","background-position":"center center","background-size":"auto","background-attachment":"scroll","background-type":"","background-media":"","overlay-type":"","overlay-color":"","overlay-opacity":"","overlay-gradient":""}},"ast-content-background-meta":{"desktop":{"background-color":"var(--ast-global-color-5)","background-image":"","background-repeat":"repeat","background-position":"center center","background-size":"auto","background-attachment":"scroll","background-type":"","background-media":"","overlay-type":"","overlay-color":"","overlay-opacity":"","overlay-gradient":""},"tablet":{"background-color":"var(--ast-global-color-5)","background-image":"","background-repeat":"repeat","background-position":"center center","background-size":"auto","background-attachment":"scroll","background-type":"","background-media":"","overlay-type":"","overlay-color":"","overlay-opacity":"","overlay-gradient":""},"mobile":{"background-color":"var(--ast-global-color-5)","background-image":"","background-repeat":"repeat","background-position":"center center","background-size":"auto","background-attachment":"scroll","background-type":"","background-media":"","overlay-type":"","overlay-color":"","overlay-opacity":"","overlay-gradient":""}},"footnotes":""},"class_list":["post-2687","page","type-page","status-publish","hentry"],"_links":{"self":[{"href":"https:\/\/artheodoc.fr\/index.php\/wp-json\/wp\/v2\/pages\/2687","targetHints":{"allow":["GET"]}}],"collection":[{"href":"https:\/\/artheodoc.fr\/index.php\/wp-json\/wp\/v2\/pages"}],"about":[{"href":"https:\/\/artheodoc.fr\/index.php\/wp-json\/wp\/v2\/types\/page"}],"author":[{"embeddable":true,"href":"https:\/\/artheodoc.fr\/index.php\/wp-json\/wp\/v2\/users\/2"}],"replies":[{"embeddable":true,"href":"https:\/\/artheodoc.fr\/index.php\/wp-json\/wp\/v2\/comments?post=2687"}],"version-history":[{"count":2,"href":"https:\/\/artheodoc.fr\/index.php\/wp-json\/wp\/v2\/pages\/2687\/revisions"}],"predecessor-version":[{"id":2704,"href":"https:\/\/artheodoc.fr\/index.php\/wp-json\/wp\/v2\/pages\/2687\/revisions\/2704"}],"wp:attachment":[{"href":"https:\/\/artheodoc.fr\/index.php\/wp-json\/wp\/v2\/media?parent=2687"}],"curies":[{"name":"wp","href":"https:\/\/api.w.org\/{rel}","templated":true}]}}