{"id":2781,"date":"2026-01-12T12:18:01","date_gmt":"2026-01-12T11:18:01","guid":{"rendered":"https:\/\/artheodoc.fr\/?page_id=2781"},"modified":"2026-02-10T08:15:45","modified_gmt":"2026-02-10T07:15:45","slug":"python","status":"publish","type":"page","link":"https:\/\/artheodoc.fr\/index.php\/python\/","title":{"rendered":"Python"},"content":{"rendered":"\n<div class=\"wp-block-columns is-layout-flex wp-container-core-columns-is-layout-28f84493 wp-block-columns-is-layout-flex\">\n<div class=\"wp-block-column is-layout-flow wp-block-column-is-layout-flow\" style=\"flex-basis:66.66%\">\n<p><a href=\"https:\/\/artheodoc.fr\/index.php\/programmer-en-python-sous-debian\/\" data-type=\"page\" data-id=\"468\" target=\"_blank\" rel=\"noreferrer noopener\">Programmer en Python sous&nbsp;Debian<\/a><\/p>\n\n\n\n<p><a href=\"https:\/\/artheodoc.fr\/index.php\/affichage-dynamique-en-python-sous-debian-13\/\" data-type=\"page\" data-id=\"2875\" target=\"_blank\" rel=\"noreferrer noopener\">Affichage dynamique en Python sous Debian 13<\/a><\/p>\n\n\n\n<p><a href=\"https:\/\/artheodoc.fr\/index.php\/2026\/02\/10\/code-en-python-sous-linux-pour-telecharger-un-fichier-qui-se-trouve-sur-un-serveur-nextcloud\/\" data-type=\"post\" data-id=\"2893\" target=\"_blank\" rel=\"noreferrer noopener\">Code en Python sous Linux pour t\u00e9l\u00e9charger un fichier qui se trouve sur un serveur Nextcloud<\/a><\/p>\n\n\n\n<p><a href=\"https:\/\/artheodoc.fr\/index.php\/2024\/02\/26\/problemes-pour-linstallation-de-pillow-avec-pip3-sous-debian-12\/\" data-type=\"post\" data-id=\"592\" target=\"_blank\" rel=\"noreferrer noopener\">Probl\u00e8mes pour l\u2019installation de pillow avec pip3 sous Debian 12<\/a><\/p>\n\n\n\n<p><a href=\"https:\/\/artheodoc.fr\/index.php\/2024\/12\/22\/installation-de-flask-pour-python-3-sous-debian-12\/\" data-type=\"post\" data-id=\"1792\" target=\"_blank\" rel=\"noreferrer noopener\">Installation de flask pour Python 3 sous Debian 12<\/a><\/p>\n\n\n\n<p class=\"has-background\" style=\"background:linear-gradient(135deg,rgb(123,192,233) 0%,rgb(246,246,194) 100%)\">Affichage dynamique en Python sous Debian, un fichier LibreOffice Impress se trouvant sur un partage r\u00e9seau est automatiquement t\u00e9l\u00e9charg\u00e9 et affich\u00e9 sur un \u00e9cran de t\u00e9l\u00e9vision lorsqu&rsquo;il a \u00e9t\u00e9 modifi\u00e9. <\/p>\n<\/div>\n\n\n\n<div class=\"wp-block-column is-layout-flow wp-block-column-is-layout-flow\" style=\"flex-basis:33.33%\">\n<figure class=\"wp-block-image aligncenter size-full\"><img loading=\"lazy\" decoding=\"async\" width=\"320\" height=\"351\" src=\"https:\/\/artheodoc.fr\/wp-content\/uploads\/2024\/01\/Python-logo.png\" alt=\"\" class=\"wp-image-356\" srcset=\"https:\/\/artheodoc.fr\/wp-content\/uploads\/2024\/01\/Python-logo.png 320w, https:\/\/artheodoc.fr\/wp-content\/uploads\/2024\/01\/Python-logo-274x300.png 274w\" sizes=\"auto, (max-width: 320px) 100vw, 320px\" \/><\/figure>\n<\/div>\n<\/div>\n\n\n\n<p><\/p>\n","protected":false},"excerpt":{"rendered":"<p>Programmer en Python sous&nbsp;Debian Affichage dynamique en Python sous Debian 13 Code en Python sous Linux pour t\u00e9l\u00e9charger un fichier qui se trouve sur un serveur Nextcloud Probl\u00e8mes pour l\u2019installation de pillow avec pip3 sous Debian 12 Installation de flask pour Python 3 sous Debian 12 Affichage dynamique en Python sous Debian, un fichier LibreOffice [&hellip;]<\/p>\n","protected":false},"author":2,"featured_media":0,"parent":0,"menu_order":0,"comment_status":"closed","ping_status":"closed","template":"","meta":{"site-sidebar-layout":"default","site-content-layout":"","ast-site-content-layout":"default","site-content-style":"default","site-sidebar-style":"default","ast-global-header-display":"","ast-banner-title-visibility":"","ast-main-header-display":"","ast-hfb-above-header-display":"","ast-hfb-below-header-display":"","ast-hfb-mobile-header-display":"","site-post-title":"","ast-breadcrumbs-content":"","ast-featured-img":"","footer-sml-layout":"","ast-disable-related-posts":"","theme-transparent-header-meta":"","adv-header-id-meta":"","stick-header-meta":"","header-above-stick-meta":"","header-main-stick-meta":"","header-below-stick-meta":"","astra-migrate-meta-layouts":"default","ast-page-background-enabled":"default","ast-page-background-meta":{"desktop":{"background-color":"var(--ast-global-color-4)","background-image":"","background-repeat":"repeat","background-position":"center center","background-size":"auto","background-attachment":"scroll","background-type":"","background-media":"","overlay-type":"","overlay-color":"","overlay-opacity":"","overlay-gradient":""},"tablet":{"background-color":"","background-image":"","background-repeat":"repeat","background-position":"center center","background-size":"auto","background-attachment":"scroll","background-type":"","background-media":"","overlay-type":"","overlay-color":"","overlay-opacity":"","overlay-gradient":""},"mobile":{"background-color":"","background-image":"","background-repeat":"repeat","background-position":"center center","background-size":"auto","background-attachment":"scroll","background-type":"","background-media":"","overlay-type":"","overlay-color":"","overlay-opacity":"","overlay-gradient":""}},"ast-content-background-meta":{"desktop":{"background-color":"var(--ast-global-color-5)","background-image":"","background-repeat":"repeat","background-position":"center center","background-size":"auto","background-attachment":"scroll","background-type":"","background-media":"","overlay-type":"","overlay-color":"","overlay-opacity":"","overlay-gradient":""},"tablet":{"background-color":"var(--ast-global-color-5)","background-image":"","background-repeat":"repeat","background-position":"center center","background-size":"auto","background-attachment":"scroll","background-type":"","background-media":"","overlay-type":"","overlay-color":"","overlay-opacity":"","overlay-gradient":""},"mobile":{"background-color":"var(--ast-global-color-5)","background-image":"","background-repeat":"repeat","background-position":"center center","background-size":"auto","background-attachment":"scroll","background-type":"","background-media":"","overlay-type":"","overlay-color":"","overlay-opacity":"","overlay-gradient":""}},"footnotes":""},"class_list":["post-2781","page","type-page","status-publish","hentry"],"_links":{"self":[{"href":"https:\/\/artheodoc.fr\/index.php\/wp-json\/wp\/v2\/pages\/2781","targetHints":{"allow":["GET"]}}],"collection":[{"href":"https:\/\/artheodoc.fr\/index.php\/wp-json\/wp\/v2\/pages"}],"about":[{"href":"https:\/\/artheodoc.fr\/index.php\/wp-json\/wp\/v2\/types\/page"}],"author":[{"embeddable":true,"href":"https:\/\/artheodoc.fr\/index.php\/wp-json\/wp\/v2\/users\/2"}],"replies":[{"embeddable":true,"href":"https:\/\/artheodoc.fr\/index.php\/wp-json\/wp\/v2\/comments?post=2781"}],"version-history":[{"count":3,"href":"https:\/\/artheodoc.fr\/index.php\/wp-json\/wp\/v2\/pages\/2781\/revisions"}],"predecessor-version":[{"id":2895,"href":"https:\/\/artheodoc.fr\/index.php\/wp-json\/wp\/v2\/pages\/2781\/revisions\/2895"}],"wp:attachment":[{"href":"https:\/\/artheodoc.fr\/index.php\/wp-json\/wp\/v2\/media?parent=2781"}],"curies":[{"name":"wp","href":"https:\/\/api.w.org\/{rel}","templated":true}]}}