{"id":2785,"date":"2026-01-12T12:45:51","date_gmt":"2026-01-12T11:45:51","guid":{"rendered":"https:\/\/artheodoc.fr\/?page_id=2785"},"modified":"2026-01-12T12:45:51","modified_gmt":"2026-01-12T11:45:51","slug":"sauvegardes-nas-vpn","status":"publish","type":"page","link":"https:\/\/artheodoc.fr\/index.php\/sauvegardes-nas-vpn\/","title":{"rendered":"Sauvegardes \u2013 NAS \u2013 VPN"},"content":{"rendered":"\n<div class=\"wp-block-columns is-layout-flex wp-container-core-columns-is-layout-28f84493 wp-block-columns-is-layout-flex\">\n<div class=\"wp-block-column is-layout-flow wp-block-column-is-layout-flow\" style=\"flex-basis:66.66%\">\n<p><a href=\"https:\/\/artheodoc.fr\/index.php\/sauvegardes-avec-phpmyadmin-et-filezilla\/\" data-type=\"page\" data-id=\"281\" target=\"_blank\" rel=\"noreferrer noopener\">Sauvegardes avec phpMyAdmin et FileZilla<\/a><\/p>\n\n\n\n<p class=\"has-pale-ocean-gradient-background has-background\">phpMyAdmin permet de sauvegarder les bases de donn\u00e9es et FileZilla les fichiers.<\/p>\n\n\n\n<p><a href=\"https:\/\/artheodoc.fr\/index.php\/openmediavault\/\" data-type=\"page\" data-id=\"1150\" target=\"_blank\" rel=\"noreferrer noopener\">OpenMediaVault<\/a><\/p>\n\n\n\n<p><a href=\"https:\/\/artheodoc.fr\/index.php\/sauvegardes-des-machines-virtuelles-sous-proxmox\/\" target=\"_blank\" rel=\"noreferrer noopener\">Sauvegardes des Machines Virtuelles sous Proxmox<\/a><\/p>\n\n\n\n<p class=\"has-pale-ocean-gradient-background has-background\">OpenMediaVault permet de transformer un ordinateur en NAS. On peut cr\u00e9er des partages NFS et SAMBA utilis\u00e9s comme stockages dans Proxmox pour les sauvegardes.<\/p>\n\n\n\n<p><a href=\"https:\/\/artheodoc.fr\/index.php\/vpn-wireguard\/\" data-type=\"page\" data-id=\"1397\" target=\"_blank\" rel=\"noreferrer noopener\">VPN WireGuard<\/a><\/p>\n\n\n\n<p class=\"has-pale-ocean-gradient-background has-background\">Page consacr\u00e9e \u00e0 l\u2019installation du serveur VPN WireGuard sous Alpine Linux. Cela permet l\u2019acc\u00e8s \u00e0 un r\u00e9seau local \u00e0 distance. Acc\u00e8s au NAS, \u00e0 la box, etc.<\/p>\n<\/div>\n\n\n\n<div class=\"wp-block-column is-layout-flow wp-block-column-is-layout-flow\" style=\"flex-basis:33.33%\">\n<figure class=\"wp-block-image aligncenter size-full\"><img loading=\"lazy\" decoding=\"async\" width=\"320\" height=\"320\" src=\"https:\/\/artheodoc.fr\/wp-content\/uploads\/2023\/12\/Sauvegardes-IA.jpeg\" alt=\"\" class=\"wp-image-288\" srcset=\"https:\/\/artheodoc.fr\/wp-content\/uploads\/2023\/12\/Sauvegardes-IA.jpeg 320w, https:\/\/artheodoc.fr\/wp-content\/uploads\/2023\/12\/Sauvegardes-IA-300x300.jpeg 300w, https:\/\/artheodoc.fr\/wp-content\/uploads\/2023\/12\/Sauvegardes-IA-150x150.jpeg 150w\" sizes=\"auto, (max-width: 320px) 100vw, 320px\" \/><\/figure>\n<\/div>\n<\/div>\n","protected":false},"excerpt":{"rendered":"<p>Sauvegardes avec phpMyAdmin et FileZilla phpMyAdmin permet de sauvegarder les bases de donn\u00e9es et FileZilla les fichiers. OpenMediaVault Sauvegardes des Machines Virtuelles sous Proxmox OpenMediaVault permet de transformer un ordinateur en NAS. On peut cr\u00e9er des partages NFS et SAMBA utilis\u00e9s comme stockages dans Proxmox pour les sauvegardes. VPN WireGuard Page consacr\u00e9e \u00e0 l\u2019installation du [&hellip;]<\/p>\n","protected":false},"author":2,"featured_media":0,"parent":0,"menu_order":0,"comment_status":"closed","ping_status":"closed","template":"","meta":{"site-sidebar-layout":"default","site-content-layout":"","ast-site-content-layout":"default","site-content-style":"default","site-sidebar-style":"default","ast-global-header-display":"","ast-banner-title-visibility":"","ast-main-header-display":"","ast-hfb-above-header-display":"","ast-hfb-below-header-display":"","ast-hfb-mobile-header-display":"","site-post-title":"","ast-breadcrumbs-content":"","ast-featured-img":"","footer-sml-layout":"","ast-disable-related-posts":"","theme-transparent-header-meta":"","adv-header-id-meta":"","stick-header-meta":"","header-above-stick-meta":"","header-main-stick-meta":"","header-below-stick-meta":"","astra-migrate-meta-layouts":"default","ast-page-background-enabled":"default","ast-page-background-meta":{"desktop":{"background-color":"var(--ast-global-color-4)","background-image":"","background-repeat":"repeat","background-position":"center center","background-size":"auto","background-attachment":"scroll","background-type":"","background-media":"","overlay-type":"","overlay-color":"","overlay-opacity":"","overlay-gradient":""},"tablet":{"background-color":"","background-image":"","background-repeat":"repeat","background-position":"center center","background-size":"auto","background-attachment":"scroll","background-type":"","background-media":"","overlay-type":"","overlay-color":"","overlay-opacity":"","overlay-gradient":""},"mobile":{"background-color":"","background-image":"","background-repeat":"repeat","background-position":"center center","background-size":"auto","background-attachment":"scroll","background-type":"","background-media":"","overlay-type":"","overlay-color":"","overlay-opacity":"","overlay-gradient":""}},"ast-content-background-meta":{"desktop":{"background-color":"var(--ast-global-color-5)","background-image":"","background-repeat":"repeat","background-position":"center center","background-size":"auto","background-attachment":"scroll","background-type":"","background-media":"","overlay-type":"","overlay-color":"","overlay-opacity":"","overlay-gradient":""},"tablet":{"background-color":"var(--ast-global-color-5)","background-image":"","background-repeat":"repeat","background-position":"center center","background-size":"auto","background-attachment":"scroll","background-type":"","background-media":"","overlay-type":"","overlay-color":"","overlay-opacity":"","overlay-gradient":""},"mobile":{"background-color":"var(--ast-global-color-5)","background-image":"","background-repeat":"repeat","background-position":"center center","background-size":"auto","background-attachment":"scroll","background-type":"","background-media":"","overlay-type":"","overlay-color":"","overlay-opacity":"","overlay-gradient":""}},"footnotes":""},"class_list":["post-2785","page","type-page","status-publish","hentry"],"_links":{"self":[{"href":"https:\/\/artheodoc.fr\/index.php\/wp-json\/wp\/v2\/pages\/2785","targetHints":{"allow":["GET"]}}],"collection":[{"href":"https:\/\/artheodoc.fr\/index.php\/wp-json\/wp\/v2\/pages"}],"about":[{"href":"https:\/\/artheodoc.fr\/index.php\/wp-json\/wp\/v2\/types\/page"}],"author":[{"embeddable":true,"href":"https:\/\/artheodoc.fr\/index.php\/wp-json\/wp\/v2\/users\/2"}],"replies":[{"embeddable":true,"href":"https:\/\/artheodoc.fr\/index.php\/wp-json\/wp\/v2\/comments?post=2785"}],"version-history":[{"count":1,"href":"https:\/\/artheodoc.fr\/index.php\/wp-json\/wp\/v2\/pages\/2785\/revisions"}],"predecessor-version":[{"id":2786,"href":"https:\/\/artheodoc.fr\/index.php\/wp-json\/wp\/v2\/pages\/2785\/revisions\/2786"}],"wp:attachment":[{"href":"https:\/\/artheodoc.fr\/index.php\/wp-json\/wp\/v2\/media?parent=2785"}],"curies":[{"name":"wp","href":"https:\/\/api.w.org\/{rel}","templated":true}]}}