{"id":281,"date":"2023-12-24T18:00:15","date_gmt":"2023-12-24T17:00:15","guid":{"rendered":"https:\/\/artheodoc.fr\/?page_id=281"},"modified":"2023-12-24T18:44:09","modified_gmt":"2023-12-24T17:44:09","slug":"sauvegardes-avec-phpmyadmin-et-filezilla","status":"publish","type":"page","link":"https:\/\/artheodoc.fr\/index.php\/sauvegardes-avec-phpmyadmin-et-filezilla\/","title":{"rendered":"Sauvegardes avec phpMyAdmin et FileZilla"},"content":{"rendered":"\n<p>Sauvegardes avec phpMyAdmin et FileZilla<\/p>\n\n\n\n<p class=\"has-large-font-size\">Pour sauvegarder une base de donn\u00e9es avec phpMyAdmin<\/p>\n\n\n\n<ol class=\"wp-block-list\">\n<li>Avec phpMyAdmin&nbsp;: <strong>http:\/\/<em>adresse_IP<\/em>:<em>\u00e9ventuellement_le_port<\/em><\/strong> Login&nbsp;: <em><strong>root<\/strong><\/em> Mot de passe <em><strong>administrateur MariaDB<\/strong><\/em><\/li>\n\n\n\n<li>S\u00e9lectionnez la base de donn\u00e9es puis cliquez sur <strong>Exporter<\/strong><\/li>\n\n\n\n<li><strong>Rapide, n\u2019afficher qu\u2019un mimnimun d\u2019options<\/strong> ==&gt; Format&nbsp;: <strong>SQL<\/strong> &#8211; Cliquez sur <strong>[Ex\u00e9cuter]<\/strong><\/li>\n\n\n\n<li>Je r\u00e9cup\u00e8re le fichier <strong><em>nom_de_la_base de_donn\u00e9es<\/em>.sql<\/strong> dans mon r\u00e9pertoire <strong>T\u00e9l\u00e9chargements<\/strong>.<\/li>\n<\/ol>\n\n\n\n<hr class=\"wp-block-separator has-alpha-channel-opacity is-style-wide\"\/>\n\n\n\n<p class=\"has-large-font-size\">Pour sauvegarder les fichiers avec FileZilla<\/p>\n\n\n\n<div class=\"wp-block-columns is-layout-flex wp-container-core-columns-is-layout-28f84493 wp-block-columns-is-layout-flex\">\n<div class=\"wp-block-column is-layout-flow wp-block-column-is-layout-flow\">\n<p>H\u00f4te\u00a0: <strong>sftp:\/\/<em>adresse_IP<\/em><\/strong><\/p>\n\n\n\n<p><em>Nom d\u2019utilisateur<\/em><\/p>\n\n\n\n<p><em>Mot de passe<\/em><\/p>\n\n\n\n<p>Port\u00a0: <em><strong>port_SSH<\/strong><\/em><\/p>\n\n\n\n<p>Sauvegarder le dossier<\/p>\n<\/div>\n\n\n\n<div class=\"wp-block-column is-layout-flow wp-block-column-is-layout-flow\">\n<p class=\"has-text-color has-link-color wp-elements-c536199c40e704a7809262f7cd01254d\" style=\"color:#058b5a\"><em>L\u2019adresse IP peut \u00eatre celle du serveur sur le r\u00e9seau local, celle du pare-feu, l\u2019ip publique \u00e0 distance, cela d\u00e9pend de la configuration r\u00e9seau.<\/em><\/p>\n\n\n\n<p class=\"has-text-color has-link-color wp-elements-7699e881426075589584d4dd1597b198\" style=\"color:#058b5a\"><em>Le <strong>port SSH<\/strong> 22 par d\u00e9faut peut \u00eatre modifi\u00e9.<\/em><\/p>\n\n\n\n<p class=\"has-text-color has-link-color wp-elements-44f058540a5fc9b5d9f87ef2e9167e71\" style=\"color:#058b5a\"><em>On se connecte avec un <strong>utilisateur<\/strong> et son <strong>mot de passe<\/strong> (pas en root).<\/em><\/p>\n<\/div>\n<\/div>\n\n\n\n<hr class=\"wp-block-separator has-alpha-channel-opacity is-style-wide\"\/>\n\n\n\n<p class=\"has-large-font-size\">Plus d&rsquo;informations<\/p>\n\n\n\n<p><a href=\"https:\/\/artheodoc.fr\/index.php\/changer-le-port-pour-ssh\/\" data-type=\"page\" data-id=\"50\" target=\"_blank\" rel=\"noreferrer noopener\">Changer le port SSH<\/a><\/p>\n","protected":false},"excerpt":{"rendered":"<p>Sauvegardes avec phpMyAdmin et FileZilla Pour sauvegarder une base de donn\u00e9es avec phpMyAdmin Pour sauvegarder les fichiers avec FileZilla H\u00f4te\u00a0: sftp:\/\/adresse_IP Nom d\u2019utilisateur Mot de passe Port\u00a0: port_SSH Sauvegarder le dossier L\u2019adresse IP peut \u00eatre celle du serveur sur le r\u00e9seau local, celle du pare-feu, l\u2019ip publique \u00e0 distance, cela d\u00e9pend de la configuration r\u00e9seau. [&hellip;]<\/p>\n","protected":false},"author":2,"featured_media":0,"parent":0,"menu_order":0,"comment_status":"closed","ping_status":"closed","template":"","meta":{"site-sidebar-layout":"default","site-content-layout":"","ast-site-content-layout":"default","site-content-style":"default","site-sidebar-style":"default","ast-global-header-display":"","ast-banner-title-visibility":"","ast-main-header-display":"","ast-hfb-above-header-display":"","ast-hfb-below-header-display":"","ast-hfb-mobile-header-display":"","site-post-title":"","ast-breadcrumbs-content":"","ast-featured-img":"","footer-sml-layout":"","ast-disable-related-posts":"","theme-transparent-header-meta":"","adv-header-id-meta":"","stick-header-meta":"","header-above-stick-meta":"","header-main-stick-meta":"","header-below-stick-meta":"","astra-migrate-meta-layouts":"default","ast-page-background-enabled":"default","ast-page-background-meta":{"desktop":{"background-color":"var(--ast-global-color-4)","background-image":"","background-repeat":"repeat","background-position":"center center","background-size":"auto","background-attachment":"scroll","background-type":"","background-media":"","overlay-type":"","overlay-color":"","overlay-opacity":"","overlay-gradient":""},"tablet":{"background-color":"","background-image":"","background-repeat":"repeat","background-position":"center center","background-size":"auto","background-attachment":"scroll","background-type":"","background-media":"","overlay-type":"","overlay-color":"","overlay-opacity":"","overlay-gradient":""},"mobile":{"background-color":"","background-image":"","background-repeat":"repeat","background-position":"center center","background-size":"auto","background-attachment":"scroll","background-type":"","background-media":"","overlay-type":"","overlay-color":"","overlay-opacity":"","overlay-gradient":""}},"ast-content-background-meta":{"desktop":{"background-color":"var(--ast-global-color-5)","background-image":"","background-repeat":"repeat","background-position":"center center","background-size":"auto","background-attachment":"scroll","background-type":"","background-media":"","overlay-type":"","overlay-color":"","overlay-opacity":"","overlay-gradient":""},"tablet":{"background-color":"var(--ast-global-color-5)","background-image":"","background-repeat":"repeat","background-position":"center center","background-size":"auto","background-attachment":"scroll","background-type":"","background-media":"","overlay-type":"","overlay-color":"","overlay-opacity":"","overlay-gradient":""},"mobile":{"background-color":"var(--ast-global-color-5)","background-image":"","background-repeat":"repeat","background-position":"center center","background-size":"auto","background-attachment":"scroll","background-type":"","background-media":"","overlay-type":"","overlay-color":"","overlay-opacity":"","overlay-gradient":""}},"footnotes":""},"class_list":["post-281","page","type-page","status-publish","hentry"],"_links":{"self":[{"href":"https:\/\/artheodoc.fr\/index.php\/wp-json\/wp\/v2\/pages\/281","targetHints":{"allow":["GET"]}}],"collection":[{"href":"https:\/\/artheodoc.fr\/index.php\/wp-json\/wp\/v2\/pages"}],"about":[{"href":"https:\/\/artheodoc.fr\/index.php\/wp-json\/wp\/v2\/types\/page"}],"author":[{"embeddable":true,"href":"https:\/\/artheodoc.fr\/index.php\/wp-json\/wp\/v2\/users\/2"}],"replies":[{"embeddable":true,"href":"https:\/\/artheodoc.fr\/index.php\/wp-json\/wp\/v2\/comments?post=281"}],"version-history":[{"count":5,"href":"https:\/\/artheodoc.fr\/index.php\/wp-json\/wp\/v2\/pages\/281\/revisions"}],"predecessor-version":[{"id":294,"href":"https:\/\/artheodoc.fr\/index.php\/wp-json\/wp\/v2\/pages\/281\/revisions\/294"}],"wp:attachment":[{"href":"https:\/\/artheodoc.fr\/index.php\/wp-json\/wp\/v2\/media?parent=281"}],"curies":[{"name":"wp","href":"https:\/\/api.w.org\/{rel}","templated":true}]}}