{"id":2811,"date":"2026-01-14T10:40:21","date_gmt":"2026-01-14T09:40:21","guid":{"rendered":"https:\/\/artheodoc.fr\/?page_id=2811"},"modified":"2026-01-14T10:40:21","modified_gmt":"2026-01-14T09:40:21","slug":"installation-des-serveurs","status":"publish","type":"page","link":"https:\/\/artheodoc.fr\/index.php\/installation-des-serveurs\/","title":{"rendered":"Installation des serveurs"},"content":{"rendered":"\n<div class=\"wp-block-columns is-layout-flex wp-container-core-columns-is-layout-28f84493 wp-block-columns-is-layout-flex\">\n<div class=\"wp-block-column is-layout-flow wp-block-column-is-layout-flow\" style=\"flex-basis:66.66%\">\n<p><a href=\"https:\/\/artheodoc.fr\/index.php\/changer-le-port-pour-ssh\/\" data-type=\"page\" data-id=\"50\" target=\"_blank\" rel=\"noreferrer noopener\">Changer le port pour SSH<\/a><\/p>\n\n\n\n<p><a href=\"https:\/\/artheodoc.fr\/index.php\/utilisation-de-putty-depuis-le-reseau-local-ou-a-distance\/\" data-type=\"page\" data-id=\"54\" target=\"_blank\" rel=\"noreferrer noopener\">Utilisation de PuTTY depuis le r\u00e9seau local ou \u00e0 distance<\/a><\/p>\n\n\n\n<p><a href=\"https:\/\/artheodoc.fr\/index.php\/utilisation-de-filezilla-depuis-le-reseau-local-ou-a-distance\/\" data-type=\"page\" data-id=\"58\" target=\"_blank\" rel=\"noreferrer noopener\">Utilisation de FileZilla depuis le r\u00e9seau local ou \u00e0 distance<\/a><\/p>\n\n\n\n<p><a href=\"https:\/\/artheodoc.fr\/index.php\/lediteur-de-texte-nano\/\" data-type=\"page\" data-id=\"972\" target=\"_blank\" rel=\"noreferrer noopener\">L\u2019\u00e9diteur de texte&nbsp;Nano<\/a><\/p>\n\n\n\n<p><a href=\"https:\/\/artheodoc.fr\/index.php\/securisation-de-linstallation-de-mariadb\/\" data-type=\"page\" data-id=\"66\" target=\"_blank\" rel=\"noreferrer noopener\">S\u00e9curisation de l&rsquo;installation de MariaDB<\/a><\/p>\n\n\n\n<p><a href=\"https:\/\/artheodoc.fr\/index.php\/ip-publique-et-noms-de-domaine\/\" data-type=\"page\" data-id=\"69\" target=\"_blank\" rel=\"noreferrer noopener\">IP publique et noms de domaine<\/a><\/p>\n\n\n\n<p class=\"has-background\" style=\"background:linear-gradient(135deg,rgb(19,160,242) 0%,rgb(246,217,145) 100%)\">Ici, vous trouvez des informations utiles pour la maintenance de nos serveurs.<\/p>\n<\/div>\n\n\n\n<div class=\"wp-block-column is-layout-flow wp-block-column-is-layout-flow\" style=\"flex-basis:33.33%\">\n<figure class=\"wp-block-image aligncenter size-full\"><img loading=\"lazy\" decoding=\"async\" width=\"320\" height=\"320\" src=\"https:\/\/artheodoc.fr\/wp-content\/uploads\/2023\/12\/Installation-Serveurs-IA-petit.jpg\" alt=\"\" class=\"wp-image-229\" srcset=\"https:\/\/artheodoc.fr\/wp-content\/uploads\/2023\/12\/Installation-Serveurs-IA-petit.jpg 320w, https:\/\/artheodoc.fr\/wp-content\/uploads\/2023\/12\/Installation-Serveurs-IA-petit-300x300.jpg 300w, https:\/\/artheodoc.fr\/wp-content\/uploads\/2023\/12\/Installation-Serveurs-IA-petit-150x150.jpg 150w\" sizes=\"auto, (max-width: 320px) 100vw, 320px\" \/><\/figure>\n<\/div>\n<\/div>\n","protected":false},"excerpt":{"rendered":"<p>Changer le port pour SSH Utilisation de PuTTY depuis le r\u00e9seau local ou \u00e0 distance Utilisation de FileZilla depuis le r\u00e9seau local ou \u00e0 distance L\u2019\u00e9diteur de texte&nbsp;Nano S\u00e9curisation de l&rsquo;installation de MariaDB IP publique et noms de domaine Ici, vous trouvez des informations utiles pour la maintenance de nos serveurs.<\/p>\n","protected":false},"author":2,"featured_media":0,"parent":0,"menu_order":0,"comment_status":"closed","ping_status":"closed","template":"","meta":{"site-sidebar-layout":"default","site-content-layout":"","ast-site-content-layout":"default","site-content-style":"default","site-sidebar-style":"default","ast-global-header-display":"","ast-banner-title-visibility":"","ast-main-header-display":"","ast-hfb-above-header-display":"","ast-hfb-below-header-display":"","ast-hfb-mobile-header-display":"","site-post-title":"","ast-breadcrumbs-content":"","ast-featured-img":"","footer-sml-layout":"","ast-disable-related-posts":"","theme-transparent-header-meta":"","adv-header-id-meta":"","stick-header-meta":"","header-above-stick-meta":"","header-main-stick-meta":"","header-below-stick-meta":"","astra-migrate-meta-layouts":"default","ast-page-background-enabled":"default","ast-page-background-meta":{"desktop":{"background-color":"var(--ast-global-color-4)","background-image":"","background-repeat":"repeat","background-position":"center center","background-size":"auto","background-attachment":"scroll","background-type":"","background-media":"","overlay-type":"","overlay-color":"","overlay-opacity":"","overlay-gradient":""},"tablet":{"background-color":"","background-image":"","background-repeat":"repeat","background-position":"center center","background-size":"auto","background-attachment":"scroll","background-type":"","background-media":"","overlay-type":"","overlay-color":"","overlay-opacity":"","overlay-gradient":""},"mobile":{"background-color":"","background-image":"","background-repeat":"repeat","background-position":"center center","background-size":"auto","background-attachment":"scroll","background-type":"","background-media":"","overlay-type":"","overlay-color":"","overlay-opacity":"","overlay-gradient":""}},"ast-content-background-meta":{"desktop":{"background-color":"var(--ast-global-color-5)","background-image":"","background-repeat":"repeat","background-position":"center center","background-size":"auto","background-attachment":"scroll","background-type":"","background-media":"","overlay-type":"","overlay-color":"","overlay-opacity":"","overlay-gradient":""},"tablet":{"background-color":"var(--ast-global-color-5)","background-image":"","background-repeat":"repeat","background-position":"center center","background-size":"auto","background-attachment":"scroll","background-type":"","background-media":"","overlay-type":"","overlay-color":"","overlay-opacity":"","overlay-gradient":""},"mobile":{"background-color":"var(--ast-global-color-5)","background-image":"","background-repeat":"repeat","background-position":"center center","background-size":"auto","background-attachment":"scroll","background-type":"","background-media":"","overlay-type":"","overlay-color":"","overlay-opacity":"","overlay-gradient":""}},"footnotes":""},"class_list":["post-2811","page","type-page","status-publish","hentry"],"_links":{"self":[{"href":"https:\/\/artheodoc.fr\/index.php\/wp-json\/wp\/v2\/pages\/2811","targetHints":{"allow":["GET"]}}],"collection":[{"href":"https:\/\/artheodoc.fr\/index.php\/wp-json\/wp\/v2\/pages"}],"about":[{"href":"https:\/\/artheodoc.fr\/index.php\/wp-json\/wp\/v2\/types\/page"}],"author":[{"embeddable":true,"href":"https:\/\/artheodoc.fr\/index.php\/wp-json\/wp\/v2\/users\/2"}],"replies":[{"embeddable":true,"href":"https:\/\/artheodoc.fr\/index.php\/wp-json\/wp\/v2\/comments?post=2811"}],"version-history":[{"count":1,"href":"https:\/\/artheodoc.fr\/index.php\/wp-json\/wp\/v2\/pages\/2811\/revisions"}],"predecessor-version":[{"id":2812,"href":"https:\/\/artheodoc.fr\/index.php\/wp-json\/wp\/v2\/pages\/2811\/revisions\/2812"}],"wp:attachment":[{"href":"https:\/\/artheodoc.fr\/index.php\/wp-json\/wp\/v2\/media?parent=2811"}],"curies":[{"name":"wp","href":"https:\/\/api.w.org\/{rel}","templated":true}]}}