{"id":2824,"date":"2026-01-14T16:19:50","date_gmt":"2026-01-14T15:19:50","guid":{"rendered":"https:\/\/artheodoc.fr\/?page_id=2824"},"modified":"2026-02-27T18:40:49","modified_gmt":"2026-02-27T17:40:49","slug":"bases-de-donnees-mariadb-postgresql","status":"publish","type":"page","link":"https:\/\/artheodoc.fr\/index.php\/bases-de-donnees-mariadb-postgresql\/","title":{"rendered":"Bases de donn\u00e9es \u2013 MariaDB \u2013 PostgreSQL"},"content":{"rendered":"\n<div class=\"wp-block-columns is-layout-flex wp-container-core-columns-is-layout-28f84493 wp-block-columns-is-layout-flex\">\n<div class=\"wp-block-column is-layout-flow wp-block-column-is-layout-flow\" style=\"flex-basis:66.66%\">\n<p><a href=\"https:\/\/artheodoc.fr\/index.php\/syntaxe-des-commandes-pour-mariadb\/\" data-type=\"page\" data-id=\"139\" target=\"_blank\" rel=\"noreferrer noopener\">Syntaxe des commandes pour MariaDB<\/a><\/p>\n\n\n\n<p><a href=\"https:\/\/artheodoc.fr\/index.php\/2026\/02\/27\/definir-un-mot-de-passe-root-sur-une-installation-de-mariadb\/\" target=\"_blank\" rel=\"noreferrer noopener\">D\u00e9finir un mot de passe root sur une installation de MariaDB<\/a><\/p>\n\n\n\n<p><a href=\"https:\/\/artheodoc.fr\/index.php\/securisation-de-linstallation-de-mariadb\/\" data-type=\"page\" data-id=\"66\" target=\"_blank\" rel=\"noreferrer noopener\">S\u00e9curisation de l&rsquo;installation de MariaDB<\/a><\/p>\n\n\n\n<p class=\"has-background\" style=\"background:linear-gradient(135deg,rgb(247,245,240) 0%,rgb(233,173,130) 100%)\">MariaDB est un syst\u00e8me de gestion de base de donn\u00e9es \u00e9dit\u00e9 sous licence GPL. Il s&rsquo;agit d&rsquo;un embranchement communautaire de MySQL.<\/p>\n\n\n\n<p><a href=\"https:\/\/artheodoc.fr\/index.php\/comment-configurer-et-utiliser-postgresql-sur-debian-12\/\" data-type=\"page\" data-id=\"658\" target=\"_blank\" rel=\"noreferrer noopener\">Comment configurer et utiliser PostgreSQL sur Debian 12 ?<\/a><\/p>\n<\/div>\n\n\n\n<div class=\"wp-block-column is-layout-flow wp-block-column-is-layout-flow\" style=\"flex-basis:33.33%\">\n<figure class=\"wp-block-image aligncenter size-full\"><img loading=\"lazy\" decoding=\"async\" width=\"320\" height=\"289\" src=\"https:\/\/artheodoc.fr\/wp-content\/uploads\/2023\/12\/MariaDB-Logo.png\" alt=\"\" class=\"wp-image-265\" srcset=\"https:\/\/artheodoc.fr\/wp-content\/uploads\/2023\/12\/MariaDB-Logo.png 320w, https:\/\/artheodoc.fr\/wp-content\/uploads\/2023\/12\/MariaDB-Logo-300x271.png 300w\" sizes=\"auto, (max-width: 320px) 100vw, 320px\" \/><\/figure>\n<\/div>\n<\/div>\n","protected":false},"excerpt":{"rendered":"<p>Syntaxe des commandes pour MariaDB D\u00e9finir un mot de passe root sur une installation de MariaDB S\u00e9curisation de l&rsquo;installation de MariaDB MariaDB est un syst\u00e8me de gestion de base de donn\u00e9es \u00e9dit\u00e9 sous licence GPL. Il s&rsquo;agit d&rsquo;un embranchement communautaire de MySQL. Comment configurer et utiliser PostgreSQL sur Debian 12 ?<\/p>\n","protected":false},"author":2,"featured_media":0,"parent":0,"menu_order":0,"comment_status":"closed","ping_status":"closed","template":"","meta":{"site-sidebar-layout":"default","site-content-layout":"","ast-site-content-layout":"default","site-content-style":"default","site-sidebar-style":"default","ast-global-header-display":"","ast-banner-title-visibility":"","ast-main-header-display":"","ast-hfb-above-header-display":"","ast-hfb-below-header-display":"","ast-hfb-mobile-header-display":"","site-post-title":"","ast-breadcrumbs-content":"","ast-featured-img":"","footer-sml-layout":"","ast-disable-related-posts":"","theme-transparent-header-meta":"","adv-header-id-meta":"","stick-header-meta":"","header-above-stick-meta":"","header-main-stick-meta":"","header-below-stick-meta":"","astra-migrate-meta-layouts":"default","ast-page-background-enabled":"default","ast-page-background-meta":{"desktop":{"background-color":"var(--ast-global-color-4)","background-image":"","background-repeat":"repeat","background-position":"center center","background-size":"auto","background-attachment":"scroll","background-type":"","background-media":"","overlay-type":"","overlay-color":"","overlay-opacity":"","overlay-gradient":""},"tablet":{"background-color":"","background-image":"","background-repeat":"repeat","background-position":"center center","background-size":"auto","background-attachment":"scroll","background-type":"","background-media":"","overlay-type":"","overlay-color":"","overlay-opacity":"","overlay-gradient":""},"mobile":{"background-color":"","background-image":"","background-repeat":"repeat","background-position":"center center","background-size":"auto","background-attachment":"scroll","background-type":"","background-media":"","overlay-type":"","overlay-color":"","overlay-opacity":"","overlay-gradient":""}},"ast-content-background-meta":{"desktop":{"background-color":"var(--ast-global-color-5)","background-image":"","background-repeat":"repeat","background-position":"center center","background-size":"auto","background-attachment":"scroll","background-type":"","background-media":"","overlay-type":"","overlay-color":"","overlay-opacity":"","overlay-gradient":""},"tablet":{"background-color":"var(--ast-global-color-5)","background-image":"","background-repeat":"repeat","background-position":"center center","background-size":"auto","background-attachment":"scroll","background-type":"","background-media":"","overlay-type":"","overlay-color":"","overlay-opacity":"","overlay-gradient":""},"mobile":{"background-color":"var(--ast-global-color-5)","background-image":"","background-repeat":"repeat","background-position":"center center","background-size":"auto","background-attachment":"scroll","background-type":"","background-media":"","overlay-type":"","overlay-color":"","overlay-opacity":"","overlay-gradient":""}},"footnotes":""},"class_list":["post-2824","page","type-page","status-publish","hentry"],"_links":{"self":[{"href":"https:\/\/artheodoc.fr\/index.php\/wp-json\/wp\/v2\/pages\/2824","targetHints":{"allow":["GET"]}}],"collection":[{"href":"https:\/\/artheodoc.fr\/index.php\/wp-json\/wp\/v2\/pages"}],"about":[{"href":"https:\/\/artheodoc.fr\/index.php\/wp-json\/wp\/v2\/types\/page"}],"author":[{"embeddable":true,"href":"https:\/\/artheodoc.fr\/index.php\/wp-json\/wp\/v2\/users\/2"}],"replies":[{"embeddable":true,"href":"https:\/\/artheodoc.fr\/index.php\/wp-json\/wp\/v2\/comments?post=2824"}],"version-history":[{"count":2,"href":"https:\/\/artheodoc.fr\/index.php\/wp-json\/wp\/v2\/pages\/2824\/revisions"}],"predecessor-version":[{"id":2947,"href":"https:\/\/artheodoc.fr\/index.php\/wp-json\/wp\/v2\/pages\/2824\/revisions\/2947"}],"wp:attachment":[{"href":"https:\/\/artheodoc.fr\/index.php\/wp-json\/wp\/v2\/media?parent=2824"}],"curies":[{"name":"wp","href":"https:\/\/api.w.org\/{rel}","templated":true}]}}