{"id":2827,"date":"2026-01-14T18:27:50","date_gmt":"2026-01-14T17:27:50","guid":{"rendered":"https:\/\/artheodoc.fr\/?page_id=2827"},"modified":"2026-01-14T18:27:50","modified_gmt":"2026-01-14T17:27:50","slug":"retouche-photo","status":"publish","type":"page","link":"https:\/\/artheodoc.fr\/index.php\/retouche-photo\/","title":{"rendered":"Retouche photo"},"content":{"rendered":"\n<div class=\"wp-block-columns is-layout-flex wp-container-core-columns-is-layout-28f84493 wp-block-columns-is-layout-flex\">\n<div class=\"wp-block-column is-layout-flow wp-block-column-is-layout-flow\" style=\"flex-basis:66.66%\">\n<p class=\"has-medium-font-size\">WEB<\/p>\n\n\n\n<p><a href=\"https:\/\/artheodoc.fr\/index.php\/2024\/01\/15\/detourer-une-image\/\" target=\"_blank\" rel=\"noreferrer noopener\">D\u00e9tourer une image<\/a><\/p>\n\n\n\n<p><a href=\"https:\/\/artheodoc.fr\/index.php\/2024\/03\/09\/effacer-un-element-dans-une-image\/\" data-type=\"post\" data-id=\"600\" target=\"_blank\" rel=\"noreferrer noopener\">Effacer un \u00e9l\u00e9ment dans une image<\/a><\/p>\n\n\n\n<p class=\"has-medium-font-size\">Gimp<\/p>\n\n\n\n<p><a href=\"https:\/\/artheodoc.fr\/index.php\/2024\/04\/17\/fusionner-les-calques-avec-gimp\/\" data-type=\"post\" data-id=\"693\" target=\"_blank\" rel=\"noreferrer noopener\">Fusionner les calques avec Gimp<\/a><\/p>\n\n\n\n<p><a href=\"https:\/\/artheodoc.fr\/index.php\/2024\/04\/16\/creer-des-gifs-animes-avec-gimp\/\" data-type=\"post\" data-id=\"685\" target=\"_blank\" rel=\"noreferrer noopener\">Cr\u00e9er des gifs anim\u00e9s avec Gimp<\/a><\/p>\n\n\n\n<p><a href=\"https:\/\/artheodoc.fr\/index.php\/2025\/07\/17\/installer-alpha-vers-logo-dans-gimp-sous-linux\/\" data-type=\"post\" data-id=\"2392\" target=\"_blank\" rel=\"noreferrer noopener\">Installer Alpha vers Logo dans Gimp sous Linux<\/a><\/p>\n\n\n\n<p><strong>La page consacr\u00e9e \u00e0 Gimp sur mon site artheodoc.wordpress.com&nbsp;:<\/strong><\/p>\n\n\n\n<figure class=\"wp-block-embed is-type-wp-embed is-provider-artheodoc wp-block-embed-artheodoc\"><div class=\"wp-block-embed__wrapper\">\n<blockquote class=\"wp-embedded-content\" data-secret=\"wBFF60pwdm\"><a href=\"https:\/\/artheodoc.wordpress.com\/logiciels-libres\/gimp\/\">Gimp<\/a><\/blockquote><iframe loading=\"lazy\" class=\"wp-embedded-content\" sandbox=\"allow-scripts\" security=\"restricted\" style=\"position: absolute; visibility: hidden;\" title=\"&laquo;&nbsp;Gimp&nbsp;&raquo; &#8212; Artheodoc\" src=\"https:\/\/artheodoc.wordpress.com\/logiciels-libres\/gimp\/embed\/#?secret=5FkiixZDpz#?secret=wBFF60pwdm\" data-secret=\"wBFF60pwdm\" width=\"500\" height=\"282\" frameborder=\"0\" marginwidth=\"0\" marginheight=\"0\" scrolling=\"no\"><\/iframe>\n<\/div><\/figure>\n<\/div>\n\n\n\n<div class=\"wp-block-column is-layout-flow wp-block-column-is-layout-flow\" style=\"flex-basis:33.33%\">\n<figure class=\"wp-block-image aligncenter size-full\"><img loading=\"lazy\" decoding=\"async\" width=\"300\" height=\"300\" src=\"https:\/\/artheodoc.fr\/wp-content\/uploads\/2024\/03\/Retouche_photo-petit.jpeg\" alt=\"\" class=\"wp-image-605\" srcset=\"https:\/\/artheodoc.fr\/wp-content\/uploads\/2024\/03\/Retouche_photo-petit.jpeg 300w, https:\/\/artheodoc.fr\/wp-content\/uploads\/2024\/03\/Retouche_photo-petit-150x150.jpeg 150w\" sizes=\"auto, (max-width: 300px) 100vw, 300px\" \/><\/figure>\n<\/div>\n<\/div>\n\n\n\n<p><\/p>\n","protected":false},"excerpt":{"rendered":"<p>WEB D\u00e9tourer une image Effacer un \u00e9l\u00e9ment dans une image Gimp Fusionner les calques avec Gimp Cr\u00e9er des gifs anim\u00e9s avec Gimp Installer Alpha vers Logo dans Gimp sous Linux La page consacr\u00e9e \u00e0 Gimp sur mon site artheodoc.wordpress.com&nbsp;:<\/p>\n","protected":false},"author":2,"featured_media":0,"parent":0,"menu_order":0,"comment_status":"closed","ping_status":"closed","template":"","meta":{"site-sidebar-layout":"default","site-content-layout":"","ast-site-content-layout":"default","site-content-style":"default","site-sidebar-style":"default","ast-global-header-display":"","ast-banner-title-visibility":"","ast-main-header-display":"","ast-hfb-above-header-display":"","ast-hfb-below-header-display":"","ast-hfb-mobile-header-display":"","site-post-title":"","ast-breadcrumbs-content":"","ast-featured-img":"","footer-sml-layout":"","ast-disable-related-posts":"","theme-transparent-header-meta":"","adv-header-id-meta":"","stick-header-meta":"","header-above-stick-meta":"","header-main-stick-meta":"","header-below-stick-meta":"","astra-migrate-meta-layouts":"default","ast-page-background-enabled":"default","ast-page-background-meta":{"desktop":{"background-color":"var(--ast-global-color-4)","background-image":"","background-repeat":"repeat","background-position":"center center","background-size":"auto","background-attachment":"scroll","background-type":"","background-media":"","overlay-type":"","overlay-color":"","overlay-opacity":"","overlay-gradient":""},"tablet":{"background-color":"","background-image":"","background-repeat":"repeat","background-position":"center center","background-size":"auto","background-attachment":"scroll","background-type":"","background-media":"","overlay-type":"","overlay-color":"","overlay-opacity":"","overlay-gradient":""},"mobile":{"background-color":"","background-image":"","background-repeat":"repeat","background-position":"center center","background-size":"auto","background-attachment":"scroll","background-type":"","background-media":"","overlay-type":"","overlay-color":"","overlay-opacity":"","overlay-gradient":""}},"ast-content-background-meta":{"desktop":{"background-color":"var(--ast-global-color-5)","background-image":"","background-repeat":"repeat","background-position":"center center","background-size":"auto","background-attachment":"scroll","background-type":"","background-media":"","overlay-type":"","overlay-color":"","overlay-opacity":"","overlay-gradient":""},"tablet":{"background-color":"var(--ast-global-color-5)","background-image":"","background-repeat":"repeat","background-position":"center center","background-size":"auto","background-attachment":"scroll","background-type":"","background-media":"","overlay-type":"","overlay-color":"","overlay-opacity":"","overlay-gradient":""},"mobile":{"background-color":"var(--ast-global-color-5)","background-image":"","background-repeat":"repeat","background-position":"center center","background-size":"auto","background-attachment":"scroll","background-type":"","background-media":"","overlay-type":"","overlay-color":"","overlay-opacity":"","overlay-gradient":""}},"footnotes":""},"class_list":["post-2827","page","type-page","status-publish","hentry"],"_links":{"self":[{"href":"https:\/\/artheodoc.fr\/index.php\/wp-json\/wp\/v2\/pages\/2827","targetHints":{"allow":["GET"]}}],"collection":[{"href":"https:\/\/artheodoc.fr\/index.php\/wp-json\/wp\/v2\/pages"}],"about":[{"href":"https:\/\/artheodoc.fr\/index.php\/wp-json\/wp\/v2\/types\/page"}],"author":[{"embeddable":true,"href":"https:\/\/artheodoc.fr\/index.php\/wp-json\/wp\/v2\/users\/2"}],"replies":[{"embeddable":true,"href":"https:\/\/artheodoc.fr\/index.php\/wp-json\/wp\/v2\/comments?post=2827"}],"version-history":[{"count":1,"href":"https:\/\/artheodoc.fr\/index.php\/wp-json\/wp\/v2\/pages\/2827\/revisions"}],"predecessor-version":[{"id":2828,"href":"https:\/\/artheodoc.fr\/index.php\/wp-json\/wp\/v2\/pages\/2827\/revisions\/2828"}],"wp:attachment":[{"href":"https:\/\/artheodoc.fr\/index.php\/wp-json\/wp\/v2\/media?parent=2827"}],"curies":[{"name":"wp","href":"https:\/\/api.w.org\/{rel}","templated":true}]}}