{"id":2838,"date":"2026-01-15T14:06:00","date_gmt":"2026-01-15T13:06:00","guid":{"rendered":"https:\/\/artheodoc.fr\/?page_id=2838"},"modified":"2026-01-15T14:06:00","modified_gmt":"2026-01-15T13:06:00","slug":"piwigo","status":"publish","type":"page","link":"https:\/\/artheodoc.fr\/index.php\/piwigo\/","title":{"rendered":"Piwigo"},"content":{"rendered":"\n<div class=\"wp-block-columns is-layout-flex wp-container-core-columns-is-layout-28f84493 wp-block-columns-is-layout-flex\">\n<div class=\"wp-block-column is-layout-flow wp-block-column-is-layout-flow\" style=\"flex-basis:66.66%\">\n<p><strong>Insertion de photos dans uMap depuis un serveur Piwigo :<\/strong><\/p>\n\n\n\n<p><a href=\"https:\/\/artheodoc.fr\/index.php\/piwigo-et-umap\/\" data-type=\"page\" data-id=\"499\" target=\"_blank\" rel=\"noreferrer noopener\">Piwigo et uMap<\/a><\/p>\n\n\n\n<p class=\"has-background\" style=\"background:linear-gradient(135deg,rgb(246,242,234) 0%,rgb(237,163,111) 100%)\">Piwigo est une application de gestion d\u2019albums photo pour le web, disponible sous licence GPL. Elle est \u00e9crite en PHP et n\u00e9cessite une base de donn\u00e9es MySQL (on peut installer MariaDB). Piwigo peut s\u2019installer de plusieurs fa\u00e7ons sur un h\u00e9bergement web. Les utilisateurs peuvent t\u00e9l\u00e9charger la derni\u00e8re version de Piwigo sur le site officiel.<\/p>\n<\/div>\n\n\n\n<div class=\"wp-block-column is-layout-flow wp-block-column-is-layout-flow\" style=\"flex-basis:33.33%\">\n<figure class=\"wp-block-image aligncenter size-full\"><img loading=\"lazy\" decoding=\"async\" width=\"304\" height=\"76\" src=\"https:\/\/artheodoc.fr\/wp-content\/uploads\/2024\/02\/piwigo_logo-removebg.png\" alt=\"\" class=\"wp-image-515\" srcset=\"https:\/\/artheodoc.fr\/wp-content\/uploads\/2024\/02\/piwigo_logo-removebg.png 304w, https:\/\/artheodoc.fr\/wp-content\/uploads\/2024\/02\/piwigo_logo-removebg-300x75.png 300w\" sizes=\"auto, (max-width: 304px) 100vw, 304px\" \/><\/figure>\n<\/div>\n<\/div>\n\n\n\n<p><\/p>\n","protected":false},"excerpt":{"rendered":"<p>Insertion de photos dans uMap depuis un serveur Piwigo : Piwigo et uMap Piwigo est une application de gestion d\u2019albums photo pour le web, disponible sous licence GPL. Elle est \u00e9crite en PHP et n\u00e9cessite une base de donn\u00e9es MySQL (on peut installer MariaDB). Piwigo peut s\u2019installer de plusieurs fa\u00e7ons sur un h\u00e9bergement web. Les [&hellip;]<\/p>\n","protected":false},"author":2,"featured_media":0,"parent":0,"menu_order":0,"comment_status":"closed","ping_status":"closed","template":"","meta":{"site-sidebar-layout":"default","site-content-layout":"","ast-site-content-layout":"default","site-content-style":"default","site-sidebar-style":"default","ast-global-header-display":"","ast-banner-title-visibility":"","ast-main-header-display":"","ast-hfb-above-header-display":"","ast-hfb-below-header-display":"","ast-hfb-mobile-header-display":"","site-post-title":"","ast-breadcrumbs-content":"","ast-featured-img":"","footer-sml-layout":"","ast-disable-related-posts":"","theme-transparent-header-meta":"","adv-header-id-meta":"","stick-header-meta":"","header-above-stick-meta":"","header-main-stick-meta":"","header-below-stick-meta":"","astra-migrate-meta-layouts":"default","ast-page-background-enabled":"default","ast-page-background-meta":{"desktop":{"background-color":"var(--ast-global-color-4)","background-image":"","background-repeat":"repeat","background-position":"center center","background-size":"auto","background-attachment":"scroll","background-type":"","background-media":"","overlay-type":"","overlay-color":"","overlay-opacity":"","overlay-gradient":""},"tablet":{"background-color":"","background-image":"","background-repeat":"repeat","background-position":"center center","background-size":"auto","background-attachment":"scroll","background-type":"","background-media":"","overlay-type":"","overlay-color":"","overlay-opacity":"","overlay-gradient":""},"mobile":{"background-color":"","background-image":"","background-repeat":"repeat","background-position":"center center","background-size":"auto","background-attachment":"scroll","background-type":"","background-media":"","overlay-type":"","overlay-color":"","overlay-opacity":"","overlay-gradient":""}},"ast-content-background-meta":{"desktop":{"background-color":"var(--ast-global-color-5)","background-image":"","background-repeat":"repeat","background-position":"center center","background-size":"auto","background-attachment":"scroll","background-type":"","background-media":"","overlay-type":"","overlay-color":"","overlay-opacity":"","overlay-gradient":""},"tablet":{"background-color":"var(--ast-global-color-5)","background-image":"","background-repeat":"repeat","background-position":"center center","background-size":"auto","background-attachment":"scroll","background-type":"","background-media":"","overlay-type":"","overlay-color":"","overlay-opacity":"","overlay-gradient":""},"mobile":{"background-color":"var(--ast-global-color-5)","background-image":"","background-repeat":"repeat","background-position":"center center","background-size":"auto","background-attachment":"scroll","background-type":"","background-media":"","overlay-type":"","overlay-color":"","overlay-opacity":"","overlay-gradient":""}},"footnotes":""},"class_list":["post-2838","page","type-page","status-publish","hentry"],"_links":{"self":[{"href":"https:\/\/artheodoc.fr\/index.php\/wp-json\/wp\/v2\/pages\/2838","targetHints":{"allow":["GET"]}}],"collection":[{"href":"https:\/\/artheodoc.fr\/index.php\/wp-json\/wp\/v2\/pages"}],"about":[{"href":"https:\/\/artheodoc.fr\/index.php\/wp-json\/wp\/v2\/types\/page"}],"author":[{"embeddable":true,"href":"https:\/\/artheodoc.fr\/index.php\/wp-json\/wp\/v2\/users\/2"}],"replies":[{"embeddable":true,"href":"https:\/\/artheodoc.fr\/index.php\/wp-json\/wp\/v2\/comments?post=2838"}],"version-history":[{"count":1,"href":"https:\/\/artheodoc.fr\/index.php\/wp-json\/wp\/v2\/pages\/2838\/revisions"}],"predecessor-version":[{"id":2839,"href":"https:\/\/artheodoc.fr\/index.php\/wp-json\/wp\/v2\/pages\/2838\/revisions\/2839"}],"wp:attachment":[{"href":"https:\/\/artheodoc.fr\/index.php\/wp-json\/wp\/v2\/media?parent=2838"}],"curies":[{"name":"wp","href":"https:\/\/api.w.org\/{rel}","templated":true}]}}