{"id":2842,"date":"2026-01-15T14:55:13","date_gmt":"2026-01-15T13:55:13","guid":{"rendered":"https:\/\/artheodoc.fr\/?page_id=2842"},"modified":"2026-01-15T14:55:13","modified_gmt":"2026-01-15T13:55:13","slug":"intelligences-artificielles","status":"publish","type":"page","link":"https:\/\/artheodoc.fr\/index.php\/intelligences-artificielles\/","title":{"rendered":"Intelligences artificielles"},"content":{"rendered":"\n<div class=\"wp-block-columns is-layout-flex wp-container-core-columns-is-layout-28f84493 wp-block-columns-is-layout-flex\">\n<div class=\"wp-block-column is-layout-flow wp-block-column-is-layout-flow\" style=\"flex-basis:66.66%\">\n<p><a href=\"https:\/\/artheodoc.fr\/index.php\/installer-un-modele-de-langage-llm-avec-ollama-et-une-interface-web-avec-open-webui\/\" data-type=\"page\" data-id=\"2002\" target=\"_blank\" rel=\"noreferrer noopener\">Installer un Mod\u00e8le de Langage (LLM) avec Ollama et une interface WEB avec Open WebUI<\/a><\/p>\n\n\n\n<p><a href=\"https:\/\/artheodoc.fr\/index.php\/creation-dimages-avec-bing-image-creator\/\" data-type=\"page\" data-id=\"184\" target=\"_blank\" rel=\"noreferrer noopener\">Cr\u00e9ation d&rsquo;images avec Bing Image Creator<\/a><\/p>\n\n\n\n<p class=\"has-background\" style=\"background:linear-gradient(135deg,rgb(248,246,241) 0%,rgb(255,105,0) 100%)\">Bing Image Creator est le g\u00e9n\u00e9rateur d\u2019images par intelligence artificielle de Microsoft. Il permet de cr\u00e9er des visuels \u00e0 partir d\u2019une recherche textuelle.<\/p>\n<\/div>\n\n\n\n<div class=\"wp-block-column is-layout-flow wp-block-column-is-layout-flow\" style=\"flex-basis:33.33%\">\n<figure class=\"wp-block-image aligncenter size-full\"><img loading=\"lazy\" decoding=\"async\" width=\"320\" height=\"320\" src=\"https:\/\/artheodoc.fr\/wp-content\/uploads\/2023\/12\/IA-Dessin-petit.jpg\" alt=\"\" class=\"wp-image-225\" srcset=\"https:\/\/artheodoc.fr\/wp-content\/uploads\/2023\/12\/IA-Dessin-petit.jpg 320w, https:\/\/artheodoc.fr\/wp-content\/uploads\/2023\/12\/IA-Dessin-petit-300x300.jpg 300w, https:\/\/artheodoc.fr\/wp-content\/uploads\/2023\/12\/IA-Dessin-petit-150x150.jpg 150w\" sizes=\"auto, (max-width: 320px) 100vw, 320px\" \/><\/figure>\n<\/div>\n<\/div>\n\n\n\n<p><\/p>\n","protected":false},"excerpt":{"rendered":"<p>Installer un Mod\u00e8le de Langage (LLM) avec Ollama et une interface WEB avec Open WebUI Cr\u00e9ation d&rsquo;images avec Bing Image Creator Bing Image Creator est le g\u00e9n\u00e9rateur d\u2019images par intelligence artificielle de Microsoft. Il permet de cr\u00e9er des visuels \u00e0 partir d\u2019une recherche textuelle.<\/p>\n","protected":false},"author":2,"featured_media":0,"parent":0,"menu_order":0,"comment_status":"closed","ping_status":"closed","template":"","meta":{"site-sidebar-layout":"default","site-content-layout":"","ast-site-content-layout":"default","site-content-style":"default","site-sidebar-style":"default","ast-global-header-display":"","ast-banner-title-visibility":"","ast-main-header-display":"","ast-hfb-above-header-display":"","ast-hfb-below-header-display":"","ast-hfb-mobile-header-display":"","site-post-title":"","ast-breadcrumbs-content":"","ast-featured-img":"","footer-sml-layout":"","ast-disable-related-posts":"","theme-transparent-header-meta":"","adv-header-id-meta":"","stick-header-meta":"","header-above-stick-meta":"","header-main-stick-meta":"","header-below-stick-meta":"","astra-migrate-meta-layouts":"default","ast-page-background-enabled":"default","ast-page-background-meta":{"desktop":{"background-color":"var(--ast-global-color-4)","background-image":"","background-repeat":"repeat","background-position":"center center","background-size":"auto","background-attachment":"scroll","background-type":"","background-media":"","overlay-type":"","overlay-color":"","overlay-opacity":"","overlay-gradient":""},"tablet":{"background-color":"","background-image":"","background-repeat":"repeat","background-position":"center center","background-size":"auto","background-attachment":"scroll","background-type":"","background-media":"","overlay-type":"","overlay-color":"","overlay-opacity":"","overlay-gradient":""},"mobile":{"background-color":"","background-image":"","background-repeat":"repeat","background-position":"center center","background-size":"auto","background-attachment":"scroll","background-type":"","background-media":"","overlay-type":"","overlay-color":"","overlay-opacity":"","overlay-gradient":""}},"ast-content-background-meta":{"desktop":{"background-color":"var(--ast-global-color-5)","background-image":"","background-repeat":"repeat","background-position":"center center","background-size":"auto","background-attachment":"scroll","background-type":"","background-media":"","overlay-type":"","overlay-color":"","overlay-opacity":"","overlay-gradient":""},"tablet":{"background-color":"var(--ast-global-color-5)","background-image":"","background-repeat":"repeat","background-position":"center center","background-size":"auto","background-attachment":"scroll","background-type":"","background-media":"","overlay-type":"","overlay-color":"","overlay-opacity":"","overlay-gradient":""},"mobile":{"background-color":"var(--ast-global-color-5)","background-image":"","background-repeat":"repeat","background-position":"center center","background-size":"auto","background-attachment":"scroll","background-type":"","background-media":"","overlay-type":"","overlay-color":"","overlay-opacity":"","overlay-gradient":""}},"footnotes":""},"class_list":["post-2842","page","type-page","status-publish","hentry"],"_links":{"self":[{"href":"https:\/\/artheodoc.fr\/index.php\/wp-json\/wp\/v2\/pages\/2842","targetHints":{"allow":["GET"]}}],"collection":[{"href":"https:\/\/artheodoc.fr\/index.php\/wp-json\/wp\/v2\/pages"}],"about":[{"href":"https:\/\/artheodoc.fr\/index.php\/wp-json\/wp\/v2\/types\/page"}],"author":[{"embeddable":true,"href":"https:\/\/artheodoc.fr\/index.php\/wp-json\/wp\/v2\/users\/2"}],"replies":[{"embeddable":true,"href":"https:\/\/artheodoc.fr\/index.php\/wp-json\/wp\/v2\/comments?post=2842"}],"version-history":[{"count":1,"href":"https:\/\/artheodoc.fr\/index.php\/wp-json\/wp\/v2\/pages\/2842\/revisions"}],"predecessor-version":[{"id":2843,"href":"https:\/\/artheodoc.fr\/index.php\/wp-json\/wp\/v2\/pages\/2842\/revisions\/2843"}],"wp:attachment":[{"href":"https:\/\/artheodoc.fr\/index.php\/wp-json\/wp\/v2\/media?parent=2842"}],"curies":[{"name":"wp","href":"https:\/\/api.w.org\/{rel}","templated":true}]}}