{"id":2854,"date":"2026-01-17T07:51:16","date_gmt":"2026-01-17T06:51:16","guid":{"rendered":"https:\/\/artheodoc.fr\/?page_id=2854"},"modified":"2026-01-17T07:51:16","modified_gmt":"2026-01-17T06:51:16","slug":"obs-studio-2","status":"publish","type":"page","link":"https:\/\/artheodoc.fr\/index.php\/obs-studio-2\/","title":{"rendered":"OBS Studio"},"content":{"rendered":"\n<p><a href=\"https:\/\/artheodoc.fr\/index.php\/obs-studio\/\" data-type=\"page\" data-id=\"708\" target=\"_blank\" rel=\"noreferrer noopener\">OBS Studio<\/a><\/p>\n\n\n\n<blockquote class=\"wp-block-quote is-layout-flow wp-block-quote-is-layout-flow\">\n<p>OBS Studio, abr\u00e9g\u00e9 en OBS, est un logiciel libre et open source de capture d&rsquo;\u00e9cran et de streaming pour Microsoft Windows, MacOS et Linux. Cette plateforme est tr\u00e8s appr\u00e9ci\u00e9e par les Youtubeurs et Streamers.<\/p>\n\n\n\n<p>En France, OBS Studio est int\u00e9gr\u00e9 \u00e0 la liste des logiciels libres recommand\u00e9s pour le secteur public et au socle interminist\u00e9riel de logiciels libres.<\/p>\n<cite>Wikip\u00e9dia<\/cite><\/blockquote>\n","protected":false},"excerpt":{"rendered":"<p>OBS Studio OBS Studio, abr\u00e9g\u00e9 en OBS, est un logiciel libre et open source de capture d&rsquo;\u00e9cran et de streaming pour Microsoft Windows, MacOS et Linux. Cette plateforme est tr\u00e8s appr\u00e9ci\u00e9e par les Youtubeurs et Streamers. En France, OBS Studio est int\u00e9gr\u00e9 \u00e0 la liste des logiciels libres recommand\u00e9s pour le secteur public et au [&hellip;]<\/p>\n","protected":false},"author":2,"featured_media":0,"parent":0,"menu_order":0,"comment_status":"closed","ping_status":"closed","template":"","meta":{"site-sidebar-layout":"default","site-content-layout":"","ast-site-content-layout":"default","site-content-style":"default","site-sidebar-style":"default","ast-global-header-display":"","ast-banner-title-visibility":"","ast-main-header-display":"","ast-hfb-above-header-display":"","ast-hfb-below-header-display":"","ast-hfb-mobile-header-display":"","site-post-title":"","ast-breadcrumbs-content":"","ast-featured-img":"","footer-sml-layout":"","ast-disable-related-posts":"","theme-transparent-header-meta":"","adv-header-id-meta":"","stick-header-meta":"","header-above-stick-meta":"","header-main-stick-meta":"","header-below-stick-meta":"","astra-migrate-meta-layouts":"default","ast-page-background-enabled":"default","ast-page-background-meta":{"desktop":{"background-color":"var(--ast-global-color-4)","background-image":"","background-repeat":"repeat","background-position":"center center","background-size":"auto","background-attachment":"scroll","background-type":"","background-media":"","overlay-type":"","overlay-color":"","overlay-opacity":"","overlay-gradient":""},"tablet":{"background-color":"","background-image":"","background-repeat":"repeat","background-position":"center center","background-size":"auto","background-attachment":"scroll","background-type":"","background-media":"","overlay-type":"","overlay-color":"","overlay-opacity":"","overlay-gradient":""},"mobile":{"background-color":"","background-image":"","background-repeat":"repeat","background-position":"center center","background-size":"auto","background-attachment":"scroll","background-type":"","background-media":"","overlay-type":"","overlay-color":"","overlay-opacity":"","overlay-gradient":""}},"ast-content-background-meta":{"desktop":{"background-color":"var(--ast-global-color-5)","background-image":"","background-repeat":"repeat","background-position":"center center","background-size":"auto","background-attachment":"scroll","background-type":"","background-media":"","overlay-type":"","overlay-color":"","overlay-opacity":"","overlay-gradient":""},"tablet":{"background-color":"var(--ast-global-color-5)","background-image":"","background-repeat":"repeat","background-position":"center center","background-size":"auto","background-attachment":"scroll","background-type":"","background-media":"","overlay-type":"","overlay-color":"","overlay-opacity":"","overlay-gradient":""},"mobile":{"background-color":"var(--ast-global-color-5)","background-image":"","background-repeat":"repeat","background-position":"center center","background-size":"auto","background-attachment":"scroll","background-type":"","background-media":"","overlay-type":"","overlay-color":"","overlay-opacity":"","overlay-gradient":""}},"footnotes":""},"class_list":["post-2854","page","type-page","status-publish","hentry"],"_links":{"self":[{"href":"https:\/\/artheodoc.fr\/index.php\/wp-json\/wp\/v2\/pages\/2854","targetHints":{"allow":["GET"]}}],"collection":[{"href":"https:\/\/artheodoc.fr\/index.php\/wp-json\/wp\/v2\/pages"}],"about":[{"href":"https:\/\/artheodoc.fr\/index.php\/wp-json\/wp\/v2\/types\/page"}],"author":[{"embeddable":true,"href":"https:\/\/artheodoc.fr\/index.php\/wp-json\/wp\/v2\/users\/2"}],"replies":[{"embeddable":true,"href":"https:\/\/artheodoc.fr\/index.php\/wp-json\/wp\/v2\/comments?post=2854"}],"version-history":[{"count":1,"href":"https:\/\/artheodoc.fr\/index.php\/wp-json\/wp\/v2\/pages\/2854\/revisions"}],"predecessor-version":[{"id":2855,"href":"https:\/\/artheodoc.fr\/index.php\/wp-json\/wp\/v2\/pages\/2854\/revisions\/2855"}],"wp:attachment":[{"href":"https:\/\/artheodoc.fr\/index.php\/wp-json\/wp\/v2\/media?parent=2854"}],"curies":[{"name":"wp","href":"https:\/\/api.w.org\/{rel}","templated":true}]}}