{"id":3025,"date":"2026-04-25T17:24:33","date_gmt":"2026-04-25T15:24:33","guid":{"rendered":"https:\/\/artheodoc.fr\/?page_id=3025"},"modified":"2026-04-25T17:28:13","modified_gmt":"2026-04-25T15:28:13","slug":"pegaprox","status":"publish","type":"page","link":"https:\/\/artheodoc.fr\/index.php\/pegaprox\/","title":{"rendered":"PegaProx"},"content":{"rendered":"\n<p>Un dashboard pour pour vos cluster Proxmox, etc. encore en beta. Un projet \u00e0 suivre&#8230;<\/p>\n\n\n\n<p>Sources&nbsp;:<\/p>\n\n\n\n<p>PegaProx &#8211; Un dashboard pour les gouverner tous&nbsp;:<\/p>\n\n\n\n<p><a href=\"https:\/\/korben.info\/pegaprox-dashboard-proxmox.html\" target=\"_blank\" rel=\"noreferrer noopener\">https:\/\/korben.info\/pegaprox-dashboard-proxmox.html<\/a><\/p>\n\n\n\n<p>Proc\u00e9dures d\u2019installations&nbsp;:<\/p>\n\n\n\n<p><a href=\"https:\/\/github.com\/PegaProx\/project-pegaprox\" target=\"_blank\" rel=\"noreferrer noopener\">https:\/\/github.com\/PegaProx\/project-pegaprox<\/a><\/p>\n\n\n\n<hr class=\"wp-block-separator has-alpha-channel-opacity is-style-wide\"\/>\n\n\n\n<h3 class=\"wp-block-heading\">J&rsquo;ai install\u00e9 une machine virtuelle sous <strong>Debian 13<\/strong><\/h3>\n\n\n\n<p>Voici les pr\u00e9requis pour Debian 13&nbsp;:<\/p>\n\n\n\n<ul class=\"wp-block-list\">\n<li><a href=\"https:\/\/artheodoc.fr\/index.php\/modification-de-la-variable-denvironnement-path-pour-pouvoir-utiliser-les-commandes-du-shell\/\" data-type=\"page\" data-id=\"34\" target=\"_blank\" rel=\"noreferrer noopener\">Modification de la variable d\u2019environnement PATH pour pouvoir utiliser les commandes du Shell<\/a><\/li>\n\n\n\n<li><a href=\"https:\/\/artheodoc.fr\/index.php\/modification-du-fichier-sources-list-sous-debian-11\/\" data-type=\"page\" data-id=\"38\" target=\"_blank\" rel=\"noreferrer noopener\">Modification du fichier sources.list sous Debian 11<\/a><\/li>\n\n\n\n<li><a href=\"https:\/\/artheodoc.fr\/index.php\/exemple-de-parametrages-en-ip-fixe-sous-debian-11\/\" data-type=\"page\" data-id=\"41\" target=\"_blank\" rel=\"noreferrer noopener\">Exemple de param\u00e9trages en IP fixe sous debian 11<\/a><\/li>\n\n\n\n<li><a href=\"https:\/\/artheodoc.fr\/index.php\/configurer-les-serveurs-dns-sous-debian-13\/\" data-type=\"page\" data-id=\"3028\" target=\"_blank\" rel=\"noreferrer noopener\">Configurer les serveurs DNS sous Debian 13<\/a><\/li>\n\n\n\n<li><a href=\"https:\/\/artheodoc.fr\/index.php\/changer-le-port-pour-ssh\/\" data-type=\"page\" data-id=\"50\" target=\"_blank\" rel=\"noreferrer noopener\">Changer le port pour SSH<\/a><\/li>\n<\/ul>\n\n\n\n<hr class=\"wp-block-separator has-alpha-channel-opacity is-style-wide\"\/>\n\n\n\n<h3 class=\"wp-block-heading\">J&rsquo;ai test\u00e9 dans un premier temps l&rsquo;<strong>installation automatis\u00e9e<\/strong><\/h3>\n\n\n\n<p>Cette m\u00e9thode d&rsquo;installation r\u00e9cup\u00e8re le script de d\u00e9ploiement directement depuis la branche principale (HEAD) actuelle. Vous recevrez ainsi toujours la derni\u00e8re version disponible, incluant les fonctionnalit\u00e9s et am\u00e9liorations les plus r\u00e9centes. Cependant, comme elle n&rsquo;est pas li\u00e9e \u00e0 une version sp\u00e9cifique, elle peut \u00e9galement contenir des modifications non publi\u00e9es ou des bogues n&rsquo;ayant pas encore \u00e9t\u00e9 enti\u00e8rement test\u00e9s. Si vous pr\u00e9f\u00e9rez une version stable et test\u00e9e, il est recommand\u00e9 d&rsquo;installer PegaProx \u00e0 partir d&rsquo;une version \u00e9tiquet\u00e9e.<\/p>\n\n\n\n<p>Installation de curl en administrateur root (<strong>su<\/strong>)&nbsp;:<\/p>\n\n\n\n<pre class=\"wp-block-preformatted\">apt install curl<\/pre>\n\n\n\n<p>T\u00e9l\u00e9chargement du script deploy.sh&nbsp;:<\/p>\n\n\n\n<pre class=\"wp-block-preformatted\">curl -O https:\/\/raw.githubusercontent.com\/PegaProx\/project-pegaprox\/refs\/heads\/main\/deploy.sh<\/pre>\n\n\n\n<p>Rendre le script ex\u00e9cutable&nbsp;:<\/p>\n\n\n\n<pre class=\"wp-block-preformatted\">chmod +x deploy.sh<\/pre>\n\n\n\n<p>Ex\u00e9cuter le script&nbsp;:<\/p>\n\n\n\n<pre class=\"wp-block-preformatted\">.\/deploy.sh<\/pre>\n\n\n\n<hr class=\"wp-block-separator has-alpha-channel-opacity is-style-wide\"\/>\n\n\n\n<h3 class=\"wp-block-heading\">Connexion<\/h3>\n\n\n\n<p>J&rsquo;ai au pr\u00e9alable configur\u00e9 le pare-feu pour l&rsquo;acc\u00e8s SSH et l&rsquo;acc\u00e8s avec le port 5000.<\/p>\n\n\n\n<p>Web Interface: https:\/\/adresse_IP:5000<\/p>\n\n\n\n<p>VNC WebSocket: https:\/\/adresse_IP:5001<\/p>\n\n\n\n<p>SSH WebSocket: https:\/\/adresse_IP:5002<\/p>\n\n\n\n<p>Je me suis connect\u00e9 \u00e0 l&rsquo;interface WEB avec le port 5000&nbsp;:<\/p>\n\n\n\n<p>https:\/\/adresse_IP:5000<\/p>\n\n\n\n<p>Username: <strong>pegaprox<\/strong><\/p>\n\n\n\n<p>Password: <strong>admin<\/strong><\/p>\n\n\n\n<p>J&rsquo;ai chang\u00e9 le mot de passe \u00e0 la premi\u00e8re connexion.<\/p>\n","protected":false},"excerpt":{"rendered":"<p>Un dashboard pour pour vos cluster Proxmox, etc. encore en beta. Un projet \u00e0 suivre&#8230; Sources&nbsp;: PegaProx &#8211; Un dashboard pour les gouverner tous&nbsp;: https:\/\/korben.info\/pegaprox-dashboard-proxmox.html Proc\u00e9dures d\u2019installations&nbsp;: https:\/\/github.com\/PegaProx\/project-pegaprox J&rsquo;ai install\u00e9 une machine virtuelle sous Debian 13 Voici les pr\u00e9requis pour Debian 13&nbsp;: J&rsquo;ai test\u00e9 dans un premier temps l&rsquo;installation automatis\u00e9e Cette m\u00e9thode d&rsquo;installation r\u00e9cup\u00e8re le [&hellip;]<\/p>\n","protected":false},"author":2,"featured_media":0,"parent":0,"menu_order":0,"comment_status":"closed","ping_status":"closed","template":"","meta":{"site-sidebar-layout":"default","site-content-layout":"","ast-site-content-layout":"default","site-content-style":"default","site-sidebar-style":"default","ast-global-header-display":"","ast-banner-title-visibility":"","ast-main-header-display":"","ast-hfb-above-header-display":"","ast-hfb-below-header-display":"","ast-hfb-mobile-header-display":"","site-post-title":"","ast-breadcrumbs-content":"","ast-featured-img":"","footer-sml-layout":"","ast-disable-related-posts":"","theme-transparent-header-meta":"","adv-header-id-meta":"","stick-header-meta":"","header-above-stick-meta":"","header-main-stick-meta":"","header-below-stick-meta":"","astra-migrate-meta-layouts":"default","ast-page-background-enabled":"default","ast-page-background-meta":{"desktop":{"background-color":"var(--ast-global-color-4)","background-image":"","background-repeat":"repeat","background-position":"center center","background-size":"auto","background-attachment":"scroll","background-type":"","background-media":"","overlay-type":"","overlay-color":"","overlay-opacity":"","overlay-gradient":""},"tablet":{"background-color":"","background-image":"","background-repeat":"repeat","background-position":"center center","background-size":"auto","background-attachment":"scroll","background-type":"","background-media":"","overlay-type":"","overlay-color":"","overlay-opacity":"","overlay-gradient":""},"mobile":{"background-color":"","background-image":"","background-repeat":"repeat","background-position":"center center","background-size":"auto","background-attachment":"scroll","background-type":"","background-media":"","overlay-type":"","overlay-color":"","overlay-opacity":"","overlay-gradient":""}},"ast-content-background-meta":{"desktop":{"background-color":"var(--ast-global-color-5)","background-image":"","background-repeat":"repeat","background-position":"center center","background-size":"auto","background-attachment":"scroll","background-type":"","background-media":"","overlay-type":"","overlay-color":"","overlay-opacity":"","overlay-gradient":""},"tablet":{"background-color":"var(--ast-global-color-5)","background-image":"","background-repeat":"repeat","background-position":"center center","background-size":"auto","background-attachment":"scroll","background-type":"","background-media":"","overlay-type":"","overlay-color":"","overlay-opacity":"","overlay-gradient":""},"mobile":{"background-color":"var(--ast-global-color-5)","background-image":"","background-repeat":"repeat","background-position":"center center","background-size":"auto","background-attachment":"scroll","background-type":"","background-media":"","overlay-type":"","overlay-color":"","overlay-opacity":"","overlay-gradient":""}},"footnotes":""},"class_list":["post-3025","page","type-page","status-publish","hentry"],"_links":{"self":[{"href":"https:\/\/artheodoc.fr\/index.php\/wp-json\/wp\/v2\/pages\/3025","targetHints":{"allow":["GET"]}}],"collection":[{"href":"https:\/\/artheodoc.fr\/index.php\/wp-json\/wp\/v2\/pages"}],"about":[{"href":"https:\/\/artheodoc.fr\/index.php\/wp-json\/wp\/v2\/types\/page"}],"author":[{"embeddable":true,"href":"https:\/\/artheodoc.fr\/index.php\/wp-json\/wp\/v2\/users\/2"}],"replies":[{"embeddable":true,"href":"https:\/\/artheodoc.fr\/index.php\/wp-json\/wp\/v2\/comments?post=3025"}],"version-history":[{"count":3,"href":"https:\/\/artheodoc.fr\/index.php\/wp-json\/wp\/v2\/pages\/3025\/revisions"}],"predecessor-version":[{"id":3030,"href":"https:\/\/artheodoc.fr\/index.php\/wp-json\/wp\/v2\/pages\/3025\/revisions\/3030"}],"wp:attachment":[{"href":"https:\/\/artheodoc.fr\/index.php\/wp-json\/wp\/v2\/media?parent=3025"}],"curies":[{"name":"wp","href":"https:\/\/api.w.org\/{rel}","templated":true}]}}