{"id":303,"date":"2023-12-30T16:26:57","date_gmt":"2023-12-30T15:26:57","guid":{"rendered":"https:\/\/artheodoc.fr\/?page_id=303"},"modified":"2023-12-30T16:51:10","modified_gmt":"2023-12-30T15:51:10","slug":"creation-dune-page-sur-un-wiki","status":"publish","type":"page","link":"https:\/\/artheodoc.fr\/index.php\/creation-dune-page-sur-un-wiki\/","title":{"rendered":"Cr\u00e9ation d\u2019une page sur un Wiki"},"content":{"rendered":"\n<p class=\"has-large-font-size\">Pour cr\u00e9er votre page sur le Wiki<\/p>\n\n\n\n<p>Tapez le titre de votre nouvelle page dans la zone \u00ab\u00a0<strong>Rechercher<\/strong>\u00a0\u00bb sur le Wiki.<\/p>\n\n\n\n<p>Si la page n\u2019existe pas encore vous avez le message \u00ab\u00a0<strong>Aucun r\u00e9sultat ne correspond \u00e0 la requ\u00eate<\/strong>\u00ab\u00a0.<\/p>\n\n\n\n<p>Cliquez sur le nom de la page pour la cr\u00e9er.<\/p>\n\n\n\n<p>Vous pouvez saisir le texte de votre page.<\/p>\n\n\n\n<p>Si par la suite vous d\u00e9sirez modifier une page existante, cliquez sur l\u2019onglet <strong>Modifier<\/strong>.<\/p>\n\n\n\n<p class=\"has-large-font-size\">Mises en forme<\/p>\n\n\n\n<p>Pour mettre le texte en gras on l\u2019encadre de trois apostrophes.<\/p>\n\n\n\n<pre class=\"wp-block-preformatted\">'''texte en gras'''<\/pre>\n\n\n\n<p>Pour mettre le texte en italique on l\u2019encadre de deux apostrophes.<\/p>\n\n\n\n<pre class=\"wp-block-preformatted\">''texte en italique''<\/pre>\n\n\n\n<p>Pour mettre le texte en gras et en italique on l\u2019encadre de cinq apostrophes.<\/p>\n\n\n\n<pre class=\"wp-block-preformatted\">'''''texte en gras et en italique'''''<\/pre>\n\n\n\n<p>Pour grossir le texte en peut l\u2019encadrer de la balise big.<\/p>\n\n\n\n<pre class=\"wp-block-preformatted\">&lt;big&gt;texte plus gros&lt;\/big&gt;<\/pre>\n\n\n\n<p>Exemple texte plus gros et en gras.<\/p>\n\n\n\n<pre class=\"wp-block-preformatted\">&lt;big&gt;'''texte plus gros et en gras'''&lt;\/big&gt;<\/pre>\n\n\n\n<p>Pour ins\u00e9rer un trait horizontal quatre tirets.<\/p>\n\n\n\n<pre class=\"wp-block-preformatted\">----<\/pre>\n\n\n\n<p class=\"has-large-font-size\">Mettre le texte en couleur avec l\u2019hexad\u00e9cimal<\/p>\n\n\n\n<p>Texte de la ligne en bleu, plus gros et en gras.<\/p>\n\n\n\n<pre class=\"wp-block-preformatted\">&lt;span style=\"color: #0000FF;\"&gt;&lt;big&gt;'''texte en bleu plus gros et en gras'''&lt;\/big&gt;<\/pre>\n\n\n\n<p>Texte en rouge d\u00e9limit\u00e9 par la balise span.<\/p>\n\n\n\n<pre class=\"wp-block-preformatted\">&lt;span style=\"color: #FF0000;\"&gt;texte en rouge&lt;\/span&gt;<\/pre>\n\n\n\n<p class=\"has-large-font-size\">Exemple d\u2019insertion d\u2019un fichier image dans une page de Wiki<\/p>\n\n\n\n<pre class=\"wp-block-preformatted\"> [[Fichier:Logo_OBS.png]]<\/pre>\n\n\n\n<p><strong>Pour cr\u00e9er un lien vers votre page dans la page d\u2019accueil<\/strong><\/p>\n\n\n\n<p>Pour cr\u00e9er le lien vers votre page dans la page d\u2019accueil en param\u00e8tre le titre de votre page et le texte que vous d\u00e9sirez faire appara\u00eetre dans le lien.<\/p>\n\n\n\n<pre class=\"wp-block-preformatted\">[[titre de votre page|texte qui appara\u00eet dans le lien]]<\/pre>\n\n\n\n<p class=\"has-large-font-size\">Sommaire plus titres<\/p>\n\n\n\n<pre class=\"wp-block-preformatted\">=1. Titre&nbsp;:=<\/pre>\n\n\n\n<p>Incr\u00e9mentez le num\u00e9ro des titres.<\/p>\n\n\n\n<hr class=\"wp-block-separator has-alpha-channel-opacity is-style-wide\"\/>\n\n\n\n<p class=\"has-large-font-size\">Plus d\u2019information sur la mise en forme du texte<\/p>\n\n\n\n<p><a href=\"https:\/\/www.mediawiki.org\/wiki\/Help:Formatting\/fr\" target=\"_blank\" rel=\"noreferrer noopener\">https:\/\/www.mediawiki.org\/wiki\/Help:Formatting\/fr<\/a><\/p>\n","protected":false},"excerpt":{"rendered":"<p>Pour cr\u00e9er votre page sur le Wiki Tapez le titre de votre nouvelle page dans la zone \u00ab\u00a0Rechercher\u00a0\u00bb sur le Wiki. Si la page n\u2019existe pas encore vous avez le message \u00ab\u00a0Aucun r\u00e9sultat ne correspond \u00e0 la requ\u00eate\u00ab\u00a0. Cliquez sur le nom de la page pour la cr\u00e9er. Vous pouvez saisir le texte de votre [&hellip;]<\/p>\n","protected":false},"author":2,"featured_media":0,"parent":0,"menu_order":0,"comment_status":"closed","ping_status":"closed","template":"","meta":{"site-sidebar-layout":"default","site-content-layout":"","ast-site-content-layout":"default","site-content-style":"default","site-sidebar-style":"default","ast-global-header-display":"","ast-banner-title-visibility":"","ast-main-header-display":"","ast-hfb-above-header-display":"","ast-hfb-below-header-display":"","ast-hfb-mobile-header-display":"","site-post-title":"","ast-breadcrumbs-content":"","ast-featured-img":"","footer-sml-layout":"","ast-disable-related-posts":"","theme-transparent-header-meta":"","adv-header-id-meta":"","stick-header-meta":"","header-above-stick-meta":"","header-main-stick-meta":"","header-below-stick-meta":"","astra-migrate-meta-layouts":"default","ast-page-background-enabled":"default","ast-page-background-meta":{"desktop":{"background-color":"var(--ast-global-color-4)","background-image":"","background-repeat":"repeat","background-position":"center center","background-size":"auto","background-attachment":"scroll","background-type":"","background-media":"","overlay-type":"","overlay-color":"","overlay-opacity":"","overlay-gradient":""},"tablet":{"background-color":"","background-image":"","background-repeat":"repeat","background-position":"center center","background-size":"auto","background-attachment":"scroll","background-type":"","background-media":"","overlay-type":"","overlay-color":"","overlay-opacity":"","overlay-gradient":""},"mobile":{"background-color":"","background-image":"","background-repeat":"repeat","background-position":"center center","background-size":"auto","background-attachment":"scroll","background-type":"","background-media":"","overlay-type":"","overlay-color":"","overlay-opacity":"","overlay-gradient":""}},"ast-content-background-meta":{"desktop":{"background-color":"var(--ast-global-color-5)","background-image":"","background-repeat":"repeat","background-position":"center center","background-size":"auto","background-attachment":"scroll","background-type":"","background-media":"","overlay-type":"","overlay-color":"","overlay-opacity":"","overlay-gradient":""},"tablet":{"background-color":"var(--ast-global-color-5)","background-image":"","background-repeat":"repeat","background-position":"center center","background-size":"auto","background-attachment":"scroll","background-type":"","background-media":"","overlay-type":"","overlay-color":"","overlay-opacity":"","overlay-gradient":""},"mobile":{"background-color":"var(--ast-global-color-5)","background-image":"","background-repeat":"repeat","background-position":"center center","background-size":"auto","background-attachment":"scroll","background-type":"","background-media":"","overlay-type":"","overlay-color":"","overlay-opacity":"","overlay-gradient":""}},"footnotes":""},"class_list":["post-303","page","type-page","status-publish","hentry"],"_links":{"self":[{"href":"https:\/\/artheodoc.fr\/index.php\/wp-json\/wp\/v2\/pages\/303","targetHints":{"allow":["GET"]}}],"collection":[{"href":"https:\/\/artheodoc.fr\/index.php\/wp-json\/wp\/v2\/pages"}],"about":[{"href":"https:\/\/artheodoc.fr\/index.php\/wp-json\/wp\/v2\/types\/page"}],"author":[{"embeddable":true,"href":"https:\/\/artheodoc.fr\/index.php\/wp-json\/wp\/v2\/users\/2"}],"replies":[{"embeddable":true,"href":"https:\/\/artheodoc.fr\/index.php\/wp-json\/wp\/v2\/comments?post=303"}],"version-history":[{"count":5,"href":"https:\/\/artheodoc.fr\/index.php\/wp-json\/wp\/v2\/pages\/303\/revisions"}],"predecessor-version":[{"id":314,"href":"https:\/\/artheodoc.fr\/index.php\/wp-json\/wp\/v2\/pages\/303\/revisions\/314"}],"wp:attachment":[{"href":"https:\/\/artheodoc.fr\/index.php\/wp-json\/wp\/v2\/media?parent=303"}],"curies":[{"name":"wp","href":"https:\/\/api.w.org\/{rel}","templated":true}]}}