{"id":315,"date":"2023-12-30T17:34:24","date_gmt":"2023-12-30T16:34:24","guid":{"rendered":"https:\/\/artheodoc.fr\/?page_id=315"},"modified":"2023-12-30T17:34:24","modified_gmt":"2023-12-30T16:34:24","slug":"activer-lutilisation-dimages-dans-mediawiki","status":"publish","type":"page","link":"https:\/\/artheodoc.fr\/index.php\/activer-lutilisation-dimages-dans-mediawiki\/","title":{"rendered":"Activer l\u2019utilisation d\u2019images dans MediaWiki"},"content":{"rendered":"\n<p>Pour MediaWiki 1.37.2<\/p>\n\n\n\n<p>Pour activer le du t\u00e9l\u00e9versement des images.<\/p>\n\n\n\n<p>On doit modifier le fichier : <strong>LocalSettings.php<\/strong><\/p>\n\n\n\n<p>Ce fichier appartient dans mon cas \u00e0 l\u2019utilisateur et au groupe dominique.<\/p>\n\n\n\n<p>Je fais une copie de sauvegarde du fichier en administrateur root.<\/p>\n\n\n\n<pre class=\"wp-block-preformatted\"><strong>cp LocalSettings.php LocalSettings.php.sav<\/strong><\/pre>\n\n\n\n<p>Pour t\u00e9l\u00e9verser des images, ces conditions doivent \u00eatre r\u00e9unies :<\/p>\n\n\n\n<p>MediaWiki doit avoir le t\u00e9l\u00e9versement activ\u00e9. Param\u00e9trer $wgEnableUploads sur true.<\/p>\n\n\n\n<pre class=\"wp-block-preformatted\">$wgEnableUploads = true;<\/pre>\n\n\n\n<p>Le type de fichier doit \u00eatre autoris\u00e9 voir $wgFileExtensions.<\/p>\n\n\n\n<pre class=\"wp-block-preformatted\">$wgFileExtensions = [ 'png', 'gif', 'jpg', 'jpeg', 'webp', ];<\/pre>\n\n\n\n<p>L&rsquo;utilisateur doit appartenir \u00e0 un groupe qui d\u00e9tient les droits de t\u00e9l\u00e9versement. Par d\u00e9faut, ils sont allou\u00e9s \u00e0 tous les utilisateurs logu\u00e9s. On doit donc se loguer pour avoir acc\u00e8s \u00ab <strong>T\u00e9l\u00e9verser un fichier<\/strong> \u00bb dans <strong>Outils<\/strong>.<\/p>\n\n\n\n<p>Le dossier images se trouve dans le dossier d&rsquo;installation de MediaWiki.<\/p>\n\n\n\n<p>Droits sur le dossier images 664 modifi\u00e9s en 755 (pour son contenu \u00e9galement).<\/p>\n\n\n\n<p>En administrateur root.<\/p>\n\n\n\n<pre class=\"wp-block-preformatted\"><strong>chmod -R 755 images<\/strong><\/pre>\n\n\n\n<p>J\u2019attribue le dossier images et ce qu\u2019il contient \u00e0 l\u2019utilisateur et au groupe www-data (serveur WEB Apache).<\/p>\n\n\n\n<pre class=\"wp-block-preformatted\"><strong>chown -R www-data:ww-data images<\/strong><\/pre>\n\n\n\n<hr class=\"wp-block-separator has-alpha-channel-opacity is-style-wide\"\/>\n\n\n\n<p class=\"has-large-font-size\">Plus d\u2019informations<\/p>\n\n\n\n<p>Aide:Images<\/p>\n\n\n\n<p><a href=\"https:\/\/www.mediawiki.org\/wiki\/Help:Images\/fr\" target=\"_blank\" rel=\"noreferrer noopener\">https:\/\/www.mediawiki.org\/wiki\/Help:Images\/fr<\/a><\/p>\n\n\n\n<p>Manuel:$wgUploadDirectory<\/p>\n\n\n\n<p><a href=\"https:\/\/www.mediawiki.org\/wiki\/Manual:$wgUploadDirectory\/fr\" target=\"_blank\" rel=\"noreferrer noopener\">https:\/\/www.mediawiki.org\/wiki\/Manual:$wgUploadDirectory\/fr<\/a><\/p>\n\n\n\n<hr class=\"wp-block-separator has-alpha-channel-opacity is-style-wide\"\/>\n\n\n\n<p class=\"has-large-font-size\">Exemple d\u2019insertion d\u2019un fichier image dans une page de Wiki<\/p>\n\n\n\n<pre class=\"wp-block-preformatted\">[[Fichier:Logo_OBS.png]]<\/pre>\n","protected":false},"excerpt":{"rendered":"<p>Pour MediaWiki 1.37.2 Pour activer le du t\u00e9l\u00e9versement des images. On doit modifier le fichier : LocalSettings.php Ce fichier appartient dans mon cas \u00e0 l\u2019utilisateur et au groupe dominique. Je fais une copie de sauvegarde du fichier en administrateur root. cp LocalSettings.php LocalSettings.php.sav Pour t\u00e9l\u00e9verser des images, ces conditions doivent \u00eatre r\u00e9unies : MediaWiki doit [&hellip;]<\/p>\n","protected":false},"author":2,"featured_media":0,"parent":0,"menu_order":0,"comment_status":"closed","ping_status":"closed","template":"","meta":{"site-sidebar-layout":"default","site-content-layout":"","ast-site-content-layout":"default","site-content-style":"default","site-sidebar-style":"default","ast-global-header-display":"","ast-banner-title-visibility":"","ast-main-header-display":"","ast-hfb-above-header-display":"","ast-hfb-below-header-display":"","ast-hfb-mobile-header-display":"","site-post-title":"","ast-breadcrumbs-content":"","ast-featured-img":"","footer-sml-layout":"","ast-disable-related-posts":"","theme-transparent-header-meta":"","adv-header-id-meta":"","stick-header-meta":"","header-above-stick-meta":"","header-main-stick-meta":"","header-below-stick-meta":"","astra-migrate-meta-layouts":"default","ast-page-background-enabled":"default","ast-page-background-meta":{"desktop":{"background-color":"var(--ast-global-color-4)","background-image":"","background-repeat":"repeat","background-position":"center center","background-size":"auto","background-attachment":"scroll","background-type":"","background-media":"","overlay-type":"","overlay-color":"","overlay-opacity":"","overlay-gradient":""},"tablet":{"background-color":"","background-image":"","background-repeat":"repeat","background-position":"center center","background-size":"auto","background-attachment":"scroll","background-type":"","background-media":"","overlay-type":"","overlay-color":"","overlay-opacity":"","overlay-gradient":""},"mobile":{"background-color":"","background-image":"","background-repeat":"repeat","background-position":"center center","background-size":"auto","background-attachment":"scroll","background-type":"","background-media":"","overlay-type":"","overlay-color":"","overlay-opacity":"","overlay-gradient":""}},"ast-content-background-meta":{"desktop":{"background-color":"var(--ast-global-color-5)","background-image":"","background-repeat":"repeat","background-position":"center center","background-size":"auto","background-attachment":"scroll","background-type":"","background-media":"","overlay-type":"","overlay-color":"","overlay-opacity":"","overlay-gradient":""},"tablet":{"background-color":"var(--ast-global-color-5)","background-image":"","background-repeat":"repeat","background-position":"center center","background-size":"auto","background-attachment":"scroll","background-type":"","background-media":"","overlay-type":"","overlay-color":"","overlay-opacity":"","overlay-gradient":""},"mobile":{"background-color":"var(--ast-global-color-5)","background-image":"","background-repeat":"repeat","background-position":"center center","background-size":"auto","background-attachment":"scroll","background-type":"","background-media":"","overlay-type":"","overlay-color":"","overlay-opacity":"","overlay-gradient":""}},"footnotes":""},"class_list":["post-315","page","type-page","status-publish","hentry"],"_links":{"self":[{"href":"https:\/\/artheodoc.fr\/index.php\/wp-json\/wp\/v2\/pages\/315","targetHints":{"allow":["GET"]}}],"collection":[{"href":"https:\/\/artheodoc.fr\/index.php\/wp-json\/wp\/v2\/pages"}],"about":[{"href":"https:\/\/artheodoc.fr\/index.php\/wp-json\/wp\/v2\/types\/page"}],"author":[{"embeddable":true,"href":"https:\/\/artheodoc.fr\/index.php\/wp-json\/wp\/v2\/users\/2"}],"replies":[{"embeddable":true,"href":"https:\/\/artheodoc.fr\/index.php\/wp-json\/wp\/v2\/comments?post=315"}],"version-history":[{"count":1,"href":"https:\/\/artheodoc.fr\/index.php\/wp-json\/wp\/v2\/pages\/315\/revisions"}],"predecessor-version":[{"id":316,"href":"https:\/\/artheodoc.fr\/index.php\/wp-json\/wp\/v2\/pages\/315\/revisions\/316"}],"wp:attachment":[{"href":"https:\/\/artheodoc.fr\/index.php\/wp-json\/wp\/v2\/media?parent=315"}],"curies":[{"name":"wp","href":"https:\/\/api.w.org\/{rel}","templated":true}]}}