{"id":441,"date":"2024-01-31T18:29:26","date_gmt":"2024-01-31T17:29:26","guid":{"rendered":"https:\/\/artheodoc.fr\/?page_id=441"},"modified":"2024-02-01T10:33:17","modified_gmt":"2024-02-01T09:33:17","slug":"depannages-de-nextcloud","status":"publish","type":"page","link":"https:\/\/artheodoc.fr\/index.php\/depannages-de-nextcloud\/","title":{"rendered":"D\u00e9pannages de Nextcloud"},"content":{"rendered":"\n<p>Dans mon cas, Nextcloud est install\u00e9 dans le dossier <strong>\/var\/www\/html\/nextcloud<\/strong><\/p>\n\n\n\n<p class=\"has-large-font-size\">Probl\u00e8mes durant la mise \u00e0 jour<\/p>\n\n\n\n<p>En cas de probl\u00e8mes durant la mise \u00e0 jour de Nextcloud pour consulter le journal :<\/p>\n\n\n\n<pre class=\"wp-block-preformatted\"><strong>cd \/var\/www\/html\/nextcloud\/data<\/strong><\/pre>\n\n\n\n<pre class=\"wp-block-preformatted\"><strong>cat updater.log<\/strong><\/pre>\n\n\n\n<p>Probl\u00e8mes pendant l\u2019\u00e9tape \u00ab&nbsp;<strong>Create backup<\/strong>&nbsp;\u00bb.<\/p>\n\n\n\n<p>J\u2019ai eu un probl\u00e8me de droits sur le fichier <strong>config.php.sav<\/strong>. Pour voir les droits sur un fichier <strong>ls -l<\/strong>. <strong>www-data<\/strong> utilisateur et groupe pour le serveur WEB Apache.<\/p>\n\n\n\n<p>Solution&nbsp;:<\/p>\n\n\n\n<pre class=\"wp-block-preformatted\"><strong>chown www-data:www-data \/var\/www\/html\/nextcloud\/config\/config.php.sav<\/strong><\/pre>\n\n\n\n<p class=\"has-large-font-size\">Si vous \u00eates bloqu\u00e9 avec le mode maintenance activ\u00e9 pour le d\u00e9sactiver<\/p>\n\n\n\n<p>Pour \u00e9diter le fichier <strong>config.php<\/strong>\u00a0:<\/p>\n\n\n\n<pre class=\"wp-block-preformatted\"><strong>nano \/var\/www\/html\/nextcloud\/config\/config.php<\/strong><\/pre>\n\n\n\n<p><em>Mettre le param\u00e8tre maintenance \u00e0 false.<\/em><\/p>\n\n\n\n<pre class=\"wp-block-preformatted\">'maintenance' =&gt; false,<\/pre>\n","protected":false},"excerpt":{"rendered":"<p>Dans mon cas, Nextcloud est install\u00e9 dans le dossier \/var\/www\/html\/nextcloud Probl\u00e8mes durant la mise \u00e0 jour En cas de probl\u00e8mes durant la mise \u00e0 jour de Nextcloud pour consulter le journal : cd \/var\/www\/html\/nextcloud\/data cat updater.log Probl\u00e8mes pendant l\u2019\u00e9tape \u00ab&nbsp;Create backup&nbsp;\u00bb. J\u2019ai eu un probl\u00e8me de droits sur le fichier config.php.sav. Pour voir les droits [&hellip;]<\/p>\n","protected":false},"author":2,"featured_media":0,"parent":0,"menu_order":0,"comment_status":"closed","ping_status":"closed","template":"","meta":{"site-sidebar-layout":"default","site-content-layout":"","ast-site-content-layout":"default","site-content-style":"default","site-sidebar-style":"default","ast-global-header-display":"","ast-banner-title-visibility":"","ast-main-header-display":"","ast-hfb-above-header-display":"","ast-hfb-below-header-display":"","ast-hfb-mobile-header-display":"","site-post-title":"","ast-breadcrumbs-content":"","ast-featured-img":"","footer-sml-layout":"","ast-disable-related-posts":"","theme-transparent-header-meta":"","adv-header-id-meta":"","stick-header-meta":"","header-above-stick-meta":"","header-main-stick-meta":"","header-below-stick-meta":"","astra-migrate-meta-layouts":"default","ast-page-background-enabled":"default","ast-page-background-meta":{"desktop":{"background-color":"var(--ast-global-color-4)","background-image":"","background-repeat":"repeat","background-position":"center center","background-size":"auto","background-attachment":"scroll","background-type":"","background-media":"","overlay-type":"","overlay-color":"","overlay-opacity":"","overlay-gradient":""},"tablet":{"background-color":"","background-image":"","background-repeat":"repeat","background-position":"center center","background-size":"auto","background-attachment":"scroll","background-type":"","background-media":"","overlay-type":"","overlay-color":"","overlay-opacity":"","overlay-gradient":""},"mobile":{"background-color":"","background-image":"","background-repeat":"repeat","background-position":"center center","background-size":"auto","background-attachment":"scroll","background-type":"","background-media":"","overlay-type":"","overlay-color":"","overlay-opacity":"","overlay-gradient":""}},"ast-content-background-meta":{"desktop":{"background-color":"var(--ast-global-color-5)","background-image":"","background-repeat":"repeat","background-position":"center center","background-size":"auto","background-attachment":"scroll","background-type":"","background-media":"","overlay-type":"","overlay-color":"","overlay-opacity":"","overlay-gradient":""},"tablet":{"background-color":"var(--ast-global-color-5)","background-image":"","background-repeat":"repeat","background-position":"center center","background-size":"auto","background-attachment":"scroll","background-type":"","background-media":"","overlay-type":"","overlay-color":"","overlay-opacity":"","overlay-gradient":""},"mobile":{"background-color":"var(--ast-global-color-5)","background-image":"","background-repeat":"repeat","background-position":"center center","background-size":"auto","background-attachment":"scroll","background-type":"","background-media":"","overlay-type":"","overlay-color":"","overlay-opacity":"","overlay-gradient":""}},"footnotes":""},"class_list":["post-441","page","type-page","status-publish","hentry"],"_links":{"self":[{"href":"https:\/\/artheodoc.fr\/index.php\/wp-json\/wp\/v2\/pages\/441","targetHints":{"allow":["GET"]}}],"collection":[{"href":"https:\/\/artheodoc.fr\/index.php\/wp-json\/wp\/v2\/pages"}],"about":[{"href":"https:\/\/artheodoc.fr\/index.php\/wp-json\/wp\/v2\/types\/page"}],"author":[{"embeddable":true,"href":"https:\/\/artheodoc.fr\/index.php\/wp-json\/wp\/v2\/users\/2"}],"replies":[{"embeddable":true,"href":"https:\/\/artheodoc.fr\/index.php\/wp-json\/wp\/v2\/comments?post=441"}],"version-history":[{"count":5,"href":"https:\/\/artheodoc.fr\/index.php\/wp-json\/wp\/v2\/pages\/441\/revisions"}],"predecessor-version":[{"id":451,"href":"https:\/\/artheodoc.fr\/index.php\/wp-json\/wp\/v2\/pages\/441\/revisions\/451"}],"wp:attachment":[{"href":"https:\/\/artheodoc.fr\/index.php\/wp-json\/wp\/v2\/media?parent=441"}],"curies":[{"name":"wp","href":"https:\/\/api.w.org\/{rel}","templated":true}]}}