{"id":54,"date":"2023-11-26T17:51:41","date_gmt":"2023-11-26T16:51:41","guid":{"rendered":"https:\/\/artheodoc.fr\/?page_id=54"},"modified":"2024-07-22T11:35:50","modified_gmt":"2024-07-22T09:35:50","slug":"utilisation-de-putty-depuis-le-reseau-local-ou-a-distance","status":"publish","type":"page","link":"https:\/\/artheodoc.fr\/index.php\/utilisation-de-putty-depuis-le-reseau-local-ou-a-distance\/","title":{"rendered":"Utilisation de PuTTY depuis le r\u00e9seau local ou \u00e0 distance"},"content":{"rendered":"\n<p><strong>Le serveur SSH doit \u00eatre install\u00e9 sur la machine sur laquelle on prend la main. Pour Debian, c\u2019est lors de l\u2019installation de ce syst\u00e8me d\u2019exploitation que j\u2019effectue cette t\u00e2che.<\/strong><\/p>\n\n\n\n<p><strong>Sous Windows<\/strong>, on peut utiliser PuTTY pour prendre la main sur une machine depuis le r\u00e9seau local ou \u00e0 distance en lignes de commande.<\/p>\n\n\n\n<p>Pour t\u00e9l\u00e9charger Putty&nbsp;:<\/p>\n\n\n\n<p><a href=\"https:\/\/www.putty.org\/\" target=\"_blank\" rel=\"noreferrer noopener\">https:\/\/www.putty.org\/<\/a><\/p>\n\n\n\n<p>Exemple d\u2019utilisation de PuTTY depuis le r\u00e9seau local.<\/p>\n\n\n\n<figure class=\"wp-block-image size-full\"><img loading=\"lazy\" decoding=\"async\" width=\"466\" height=\"449\" src=\"https:\/\/artheodoc.fr\/wp-content\/uploads\/2023\/11\/PuTTY_Local.png\" alt=\"\" class=\"wp-image-55\" srcset=\"https:\/\/artheodoc.fr\/wp-content\/uploads\/2023\/11\/PuTTY_Local.png 466w, https:\/\/artheodoc.fr\/wp-content\/uploads\/2023\/11\/PuTTY_Local-300x289.png 300w\" sizes=\"auto, (max-width: 466px) 100vw, 466px\" \/><\/figure>\n\n\n\n<p>Ici, on utilise PuTTY en <strong>SSH<\/strong> depuis le r\u00e9seau local avec pour param\u00e8tre l\u2019IP de la machine que l\u2019on veut atteindre et le port <strong>22<\/strong> (par d\u00e9faut).<\/p>\n\n\n\n<p>On peut faire la m\u00eame chose pour se connecter \u00e0 une machine se trouvant sur un site distant, on utilise alors l\u2019<strong>IP publique<\/strong> de la box, <a href=\"https:\/\/wiki.memoirevive79.mooo.com\/index.php\/Changer_le_port_pour_SSH\">le port peut \u00eatre personnalis\u00e9<\/a>.<\/p>\n\n\n\n<p>Une fois les param\u00e8tres saisis, on clique ensuite sur <strong>[Open]<\/strong>.<\/p>\n\n\n\n<p>On peut si on le veut enregistrer les param\u00e8tres de connexion dans PuTTY.<\/p>\n\n\n\n<p>On saisit ensuite son utilisateur et son mot de passe, on peut par la suite basculer sur le compte root administrateur avec la commande su.<\/p>\n\n\n\n<p>Pour la connexion sur un site distant, sur ce site les r\u00e8gles NAT de la box et \u00e9ventuellement celles du pare-feu doivent \u00eatre configur\u00e9es.<\/p>\n\n\n\n<hr class=\"wp-block-separator has-alpha-channel-opacity is-style-wide\"\/>\n\n\n\n<p class=\"has-large-font-size\">Copier\/Coller dans PuTTY<\/p>\n\n\n\n<p>Pour copier, <strong>on s\u00e9lectionne le texte avec la souris<\/strong>.<\/p>\n\n\n\n<p>Pour coller du texte dans PuTTY, <strong>on clique droit avec la souris<\/strong>.<\/p>\n\n\n\n<p>Pour quitter PuTTY, <strong>exit<\/strong>.<\/p>\n\n\n\n<hr class=\"wp-block-separator has-alpha-channel-opacity is-style-wide\"\/>\n\n\n\n<p class=\"has-large-font-size\">Utilisation de PuTTY et FileZilla<\/p>\n\n\n\n<figure class=\"wp-block-embed is-type-video is-provider-youtube wp-block-embed-youtube wp-embed-aspect-16-9 wp-has-aspect-ratio\"><div class=\"wp-block-embed__wrapper\">\n<iframe loading=\"lazy\" title=\"Utilisation de PuTTY et FileZilla\" width=\"500\" height=\"281\" src=\"https:\/\/www.youtube.com\/embed\/1JMhQlnMa1k?feature=oembed\" frameborder=\"0\" allow=\"accelerometer; autoplay; clipboard-write; encrypted-media; gyroscope; picture-in-picture; web-share\" referrerpolicy=\"strict-origin-when-cross-origin\" allowfullscreen><\/iframe>\n<\/div><\/figure>\n\n\n\n<hr class=\"wp-block-separator has-alpha-channel-opacity is-style-wide\"\/>\n\n\n\n<p class=\"has-large-font-size\">Et sous Linux&nbsp;?<\/p>\n\n\n\n<p>Exemple de connexion \u00e0 un serveur ayant l&rsquo;IP <strong>192.168.1.79<\/strong> avec l\u2019utilisateur <strong>dominique<\/strong> en utilisant SSH depuis un terminal sous Linux&nbsp;:<\/p>\n\n\n\n<pre class=\"wp-block-preformatted\"><strong>ssh dominique@192.168.1.79<\/strong><\/pre>\n\n\n\n<p>Si on a modifi\u00e9 le port par d\u00e9faut (qui est le 22) \u2013 exemple avec le port <strong>2200<\/strong>&nbsp;:<\/p>\n\n\n\n<pre class=\"wp-block-preformatted\"><strong>ssh dominique@192.168.1.79 -p 2200<\/strong><\/pre>\n\n\n\n<p>On peut \u00e9galement joindre un serveur distant avec une IP publique (sous r\u00e9serve que cela soit configur\u00e9). Exemple avec l\u2019IP publique <strong>83.130.133.20<\/strong>.<\/p>\n\n\n\n<pre class=\"wp-block-preformatted\"><strong>ssh dominique@83.130.133.20 -p 2200<\/strong><\/pre>\n\n\n\n<p><strong>Connexion avec le compte root d&rsquo;un serveur sous Linux<\/strong><\/p>\n\n\n\n<p>De base on ne peut pas se connecter directement en SSH avec le compte <strong>root<\/strong> sur un serveur Linux.<\/p>\n\n\n\n<p>Ce n&rsquo;est pas d\u00e9rangeant, une fois connect\u00e9 avec un autre compte, on peut basculer sur le compte <strong>root<\/strong> (<strong>su<\/strong> sous Debian).<\/p>\n\n\n\n<hr class=\"wp-block-separator has-alpha-channel-opacity is-style-wide\"\/>\n\n\n\n<p class=\"has-large-font-size\">Voir \u00e9galement<\/p>\n\n\n\n<p><a href=\"https:\/\/artheodoc.fr\/index.php\/commandes-shell-linux\/\" data-type=\"page\" data-id=\"11\" target=\"_blank\" rel=\"noreferrer noopener\">Commandes Shell Linux<\/a><\/p>\n\n\n\n<p><a href=\"https:\/\/artheodoc.fr\/index.php\/changer-le-port-pour-ssh\/\" data-type=\"page\" data-id=\"50\" target=\"_blank\" rel=\"noreferrer noopener\">Changer le port pour SSH<\/a><\/p>\n\n\n\n<p><a href=\"https:\/\/artheodoc.fr\/index.php\/utilisation-de-filezilla-depuis-le-reseau-local-ou-a-distance\/\" data-type=\"page\" data-id=\"58\" target=\"_blank\" rel=\"noreferrer noopener\">Utilisation de FileZilla depuis le r\u00e9seau local ou \u00e0 distance<\/a><\/p>\n","protected":false},"excerpt":{"rendered":"<p>Le serveur SSH doit \u00eatre install\u00e9 sur la machine sur laquelle on prend la main. Pour Debian, c\u2019est lors de l\u2019installation de ce syst\u00e8me d\u2019exploitation que j\u2019effectue cette t\u00e2che. Sous Windows, on peut utiliser PuTTY pour prendre la main sur une machine depuis le r\u00e9seau local ou \u00e0 distance en lignes de commande. Pour t\u00e9l\u00e9charger [&hellip;]<\/p>\n","protected":false},"author":2,"featured_media":0,"parent":0,"menu_order":0,"comment_status":"closed","ping_status":"closed","template":"","meta":{"site-sidebar-layout":"default","site-content-layout":"","ast-site-content-layout":"default","site-content-style":"default","site-sidebar-style":"default","ast-global-header-display":"","ast-banner-title-visibility":"","ast-main-header-display":"","ast-hfb-above-header-display":"","ast-hfb-below-header-display":"","ast-hfb-mobile-header-display":"","site-post-title":"","ast-breadcrumbs-content":"","ast-featured-img":"","footer-sml-layout":"","ast-disable-related-posts":"","theme-transparent-header-meta":"","adv-header-id-meta":"","stick-header-meta":"","header-above-stick-meta":"","header-main-stick-meta":"","header-below-stick-meta":"","astra-migrate-meta-layouts":"default","ast-page-background-enabled":"default","ast-page-background-meta":{"desktop":{"background-color":"var(--ast-global-color-4)","background-image":"","background-repeat":"repeat","background-position":"center center","background-size":"auto","background-attachment":"scroll","background-type":"","background-media":"","overlay-type":"","overlay-color":"","overlay-opacity":"","overlay-gradient":""},"tablet":{"background-color":"","background-image":"","background-repeat":"repeat","background-position":"center center","background-size":"auto","background-attachment":"scroll","background-type":"","background-media":"","overlay-type":"","overlay-color":"","overlay-opacity":"","overlay-gradient":""},"mobile":{"background-color":"","background-image":"","background-repeat":"repeat","background-position":"center center","background-size":"auto","background-attachment":"scroll","background-type":"","background-media":"","overlay-type":"","overlay-color":"","overlay-opacity":"","overlay-gradient":""}},"ast-content-background-meta":{"desktop":{"background-color":"var(--ast-global-color-5)","background-image":"","background-repeat":"repeat","background-position":"center center","background-size":"auto","background-attachment":"scroll","background-type":"","background-media":"","overlay-type":"","overlay-color":"","overlay-opacity":"","overlay-gradient":""},"tablet":{"background-color":"var(--ast-global-color-5)","background-image":"","background-repeat":"repeat","background-position":"center center","background-size":"auto","background-attachment":"scroll","background-type":"","background-media":"","overlay-type":"","overlay-color":"","overlay-opacity":"","overlay-gradient":""},"mobile":{"background-color":"var(--ast-global-color-5)","background-image":"","background-repeat":"repeat","background-position":"center center","background-size":"auto","background-attachment":"scroll","background-type":"","background-media":"","overlay-type":"","overlay-color":"","overlay-opacity":"","overlay-gradient":""}},"footnotes":""},"class_list":["post-54","page","type-page","status-publish","hentry"],"_links":{"self":[{"href":"https:\/\/artheodoc.fr\/index.php\/wp-json\/wp\/v2\/pages\/54","targetHints":{"allow":["GET"]}}],"collection":[{"href":"https:\/\/artheodoc.fr\/index.php\/wp-json\/wp\/v2\/pages"}],"about":[{"href":"https:\/\/artheodoc.fr\/index.php\/wp-json\/wp\/v2\/types\/page"}],"author":[{"embeddable":true,"href":"https:\/\/artheodoc.fr\/index.php\/wp-json\/wp\/v2\/users\/2"}],"replies":[{"embeddable":true,"href":"https:\/\/artheodoc.fr\/index.php\/wp-json\/wp\/v2\/comments?post=54"}],"version-history":[{"count":4,"href":"https:\/\/artheodoc.fr\/index.php\/wp-json\/wp\/v2\/pages\/54\/revisions"}],"predecessor-version":[{"id":1019,"href":"https:\/\/artheodoc.fr\/index.php\/wp-json\/wp\/v2\/pages\/54\/revisions\/1019"}],"wp:attachment":[{"href":"https:\/\/artheodoc.fr\/index.php\/wp-json\/wp\/v2\/media?parent=54"}],"curies":[{"name":"wp","href":"https:\/\/api.w.org\/{rel}","templated":true}]}}