{"id":58,"date":"2023-11-26T18:00:22","date_gmt":"2023-11-26T17:00:22","guid":{"rendered":"https:\/\/artheodoc.fr\/?page_id=58"},"modified":"2024-07-23T18:08:35","modified_gmt":"2024-07-23T16:08:35","slug":"utilisation-de-filezilla-depuis-le-reseau-local-ou-a-distance","status":"publish","type":"page","link":"https:\/\/artheodoc.fr\/index.php\/utilisation-de-filezilla-depuis-le-reseau-local-ou-a-distance\/","title":{"rendered":"Utilisation de FileZilla depuis le r\u00e9seau local ou \u00e0 distance"},"content":{"rendered":"\n<p><strong>Le serveur SSH doit \u00eatre install\u00e9 sur la machine sur laquelle on prend la main. Pour Debian, c\u2019est lors de l\u2019installation de ce syst\u00e8me d\u2019exploitation que j\u2019effectue cette t\u00e2che.<\/strong><\/p>\n\n\n\n<p>J\u2019utilise FileZilla pour transf\u00e9rer des fichiers depuis mon poste de travail vers un serveur.<\/p>\n\n\n\n<p>Pour t\u00e9l\u00e9charger FileZilla client&nbsp;:<\/p>\n\n\n\n<p><a href=\"https:\/\/filezilla-project.org\/\" target=\"_blank\" rel=\"noreferrer noopener\">https:\/\/filezilla-project.org\/<\/a><\/p>\n\n\n\n<p>Mon poste de travail peut \u00eatre sur le m\u00eame r\u00e9seau local que le serveur ou \u00e0 distance dans ce cas (la box et le pare-feu du site distant ont \u00e9t\u00e9 param\u00e9tr\u00e9s pour cela). SSH doit \u00eatre activ\u00e9 sur le serveur.<\/p>\n\n\n\n<p>Dans mon exemple j\u2019utilise les param\u00e8tres suivants&nbsp;:<\/p>\n\n\n\n<figure class=\"wp-block-image size-full\"><img loading=\"lazy\" decoding=\"async\" width=\"830\" height=\"115\" src=\"https:\/\/artheodoc.fr\/wp-content\/uploads\/2023\/11\/Filezilla_1_Local.png\" alt=\"\" class=\"wp-image-59\" srcset=\"https:\/\/artheodoc.fr\/wp-content\/uploads\/2023\/11\/Filezilla_1_Local.png 830w, https:\/\/artheodoc.fr\/wp-content\/uploads\/2023\/11\/Filezilla_1_Local-300x42.png 300w, https:\/\/artheodoc.fr\/wp-content\/uploads\/2023\/11\/Filezilla_1_Local-768x106.png 768w\" sizes=\"auto, (max-width: 830px) 100vw, 830px\" \/><\/figure>\n\n\n\n<p>H\u00f4te&nbsp;: <strong>sftp:\/\/<em>ip_publique<\/em><\/strong> pour la connexion \u00e0 distance <em><strong>ip_locale<\/strong><\/em> depuis le r\u00e9seau local.<\/p>\n\n\n\n<p>Nom d\u2019utilisateur&nbsp;: <em><strong>dominique&rsquo;<\/strong> dans mon cas (cr\u00e9\u00e9 sur le serveur).<\/em><\/p>\n\n\n\n<p>Mot de passe&nbsp;: Celui de mon utilisateur sur le serveur.<\/p>\n\n\n\n<p>Port&nbsp;: C\u2019est le port SSH, <strong>22<\/strong> par d\u00e9faut mais <a href=\"https:\/\/artheodoc.fr\/index.php\/changer-le-port-pour-ssh\/\" data-type=\"page\" data-id=\"50\" target=\"_blank\" rel=\"noreferrer noopener\">il peut avoir \u00e9t\u00e9 modifi\u00e9<\/a>.<\/p>\n\n\n\n<p>On peut ensuite cliquer sur <strong>[Connexion rapide]<\/strong>.<\/p>\n\n\n\n<p><strong>Attention&nbsp;!<\/strong> on ne peut pas se connecter en administrateur root.<\/p>\n\n\n\n<p>Dans cet exemple mon serveur est sur le r\u00e9seau local avec l\u2019IP <em>192.168.1.79<\/em>.<\/p>\n\n\n\n<p>Le port SSH peut \u00eatre <a href=\"https:\/\/artheodoc.fr\/index.php\/changer-le-port-pour-ssh\/\" data-type=\"page\" data-id=\"50\" target=\"_blank\" rel=\"noreferrer noopener\">modifi\u00e9 sur le serveur<\/a>.<\/p>\n\n\n\n<figure class=\"wp-block-image size-full\"><img loading=\"lazy\" decoding=\"async\" width=\"800\" height=\"495\" src=\"https:\/\/artheodoc.fr\/wp-content\/uploads\/2023\/11\/800px-Filezilla_2_Local.png\" alt=\"\" class=\"wp-image-60\" srcset=\"https:\/\/artheodoc.fr\/wp-content\/uploads\/2023\/11\/800px-Filezilla_2_Local.png 800w, https:\/\/artheodoc.fr\/wp-content\/uploads\/2023\/11\/800px-Filezilla_2_Local-300x186.png 300w, https:\/\/artheodoc.fr\/wp-content\/uploads\/2023\/11\/800px-Filezilla_2_Local-768x475.png 768w\" sizes=\"auto, (max-width: 800px) 100vw, 800px\" \/><\/figure>\n\n\n\n<p>Je peux ensuite transf\u00e9rer des fichiers en les d\u00e9pla\u00e7ant comme cela se fait avec un explorateur de fichiers.<\/p>\n\n\n\n<p>Une fois les fichiers transf\u00e9r\u00e9s sur les serveurs, je peux utiliser le terminal ou prendre la main \u00e0 distance avec <a href=\"https:\/\/wiki.memoirevive79.mooo.com\/index.php\/Utilisation_de_PuTTY_depuis_le_r%C3%A9seau_local_ou_%C3%A0_distance\">PuTTY<\/a> pour utiliser le compte administrateur root si n\u00e9cessaire, d\u00e9placer les fichiers, etc<\/p>\n\n\n\n<hr class=\"wp-block-separator has-alpha-channel-opacity is-style-wide\"\/>\n\n\n\n<p class=\"has-large-font-size\">Utilisation de PuTTY et FileZilla<\/p>\n\n\n\n<figure class=\"wp-block-embed is-type-video is-provider-youtube wp-block-embed-youtube wp-embed-aspect-16-9 wp-has-aspect-ratio\"><div class=\"wp-block-embed__wrapper\">\n<iframe loading=\"lazy\" title=\"Utilisation de PuTTY et FileZilla\" width=\"500\" height=\"281\" src=\"https:\/\/www.youtube.com\/embed\/1JMhQlnMa1k?feature=oembed\" frameborder=\"0\" allow=\"accelerometer; autoplay; clipboard-write; encrypted-media; gyroscope; picture-in-picture; web-share\" referrerpolicy=\"strict-origin-when-cross-origin\" allowfullscreen><\/iframe>\n<\/div><\/figure>\n\n\n\n<hr class=\"wp-block-separator has-alpha-channel-opacity is-style-wide\"\/>\n\n\n\n<p class=\"has-large-font-size\">Pour t\u00e9l\u00e9charger un fichier en ligne de commande depuis Linux<\/p>\n\n\n\n<p>Wget est un utilitaire de ligne de commande utilis\u00e9 pour t\u00e9l\u00e9charger des fichiers depuis Internet.<\/p>\n\n\n\n<p>Exemples de t\u00e9l\u00e9chargements d\u2019archives dans le dossier courant :<\/p>\n\n\n\n<pre class=\"wp-block-preformatted\"><strong>wget <em>https:\/\/releases.wikimedia.org\/mediawiki\/1.42\/mediawiki-1.42.1.tar.gz<\/em><\/strong><\/pre>\n\n\n\n<pre class=\"wp-block-preformatted\"><strong>wget <em>https:\/\/download.nextcloud.com\/server\/releases\/nextcloud-29.0.4.tar.bz2<\/em><\/strong><\/pre>\n\n\n\n<hr class=\"wp-block-separator has-alpha-channel-opacity is-style-wide\"\/>\n\n\n\n<p><strong>Voir \u00e9galement<\/strong><\/p>\n\n\n\n<p><a href=\"https:\/\/artheodoc.fr\/index.php\/changer-le-port-pour-ssh\/\" data-type=\"page\" data-id=\"50\" target=\"_blank\" rel=\"noreferrer noopener\">Changer le port pour SSH<\/a><\/p>\n\n\n\n<p><a href=\"https:\/\/artheodoc.fr\/index.php\/utilisation-de-putty-depuis-le-reseau-local-ou-a-distance\/\" data-type=\"page\" data-id=\"54\" target=\"_blank\" rel=\"noreferrer noopener\">Utilisation de PuTTY depuis le r\u00e9seau local ou \u00e0 distanc<\/a>e<\/p>\n\n\n\n<p><\/p>\n","protected":false},"excerpt":{"rendered":"<p>Le serveur SSH doit \u00eatre install\u00e9 sur la machine sur laquelle on prend la main. Pour Debian, c\u2019est lors de l\u2019installation de ce syst\u00e8me d\u2019exploitation que j\u2019effectue cette t\u00e2che. J\u2019utilise FileZilla pour transf\u00e9rer des fichiers depuis mon poste de travail vers un serveur. Pour t\u00e9l\u00e9charger FileZilla client&nbsp;: https:\/\/filezilla-project.org\/ Mon poste de travail peut \u00eatre sur [&hellip;]<\/p>\n","protected":false},"author":2,"featured_media":0,"parent":0,"menu_order":0,"comment_status":"closed","ping_status":"closed","template":"","meta":{"site-sidebar-layout":"default","site-content-layout":"","ast-site-content-layout":"default","site-content-style":"default","site-sidebar-style":"default","ast-global-header-display":"","ast-banner-title-visibility":"","ast-main-header-display":"","ast-hfb-above-header-display":"","ast-hfb-below-header-display":"","ast-hfb-mobile-header-display":"","site-post-title":"","ast-breadcrumbs-content":"","ast-featured-img":"","footer-sml-layout":"","ast-disable-related-posts":"","theme-transparent-header-meta":"","adv-header-id-meta":"","stick-header-meta":"","header-above-stick-meta":"","header-main-stick-meta":"","header-below-stick-meta":"","astra-migrate-meta-layouts":"default","ast-page-background-enabled":"default","ast-page-background-meta":{"desktop":{"background-color":"var(--ast-global-color-4)","background-image":"","background-repeat":"repeat","background-position":"center center","background-size":"auto","background-attachment":"scroll","background-type":"","background-media":"","overlay-type":"","overlay-color":"","overlay-opacity":"","overlay-gradient":""},"tablet":{"background-color":"","background-image":"","background-repeat":"repeat","background-position":"center center","background-size":"auto","background-attachment":"scroll","background-type":"","background-media":"","overlay-type":"","overlay-color":"","overlay-opacity":"","overlay-gradient":""},"mobile":{"background-color":"","background-image":"","background-repeat":"repeat","background-position":"center center","background-size":"auto","background-attachment":"scroll","background-type":"","background-media":"","overlay-type":"","overlay-color":"","overlay-opacity":"","overlay-gradient":""}},"ast-content-background-meta":{"desktop":{"background-color":"var(--ast-global-color-5)","background-image":"","background-repeat":"repeat","background-position":"center center","background-size":"auto","background-attachment":"scroll","background-type":"","background-media":"","overlay-type":"","overlay-color":"","overlay-opacity":"","overlay-gradient":""},"tablet":{"background-color":"var(--ast-global-color-5)","background-image":"","background-repeat":"repeat","background-position":"center center","background-size":"auto","background-attachment":"scroll","background-type":"","background-media":"","overlay-type":"","overlay-color":"","overlay-opacity":"","overlay-gradient":""},"mobile":{"background-color":"var(--ast-global-color-5)","background-image":"","background-repeat":"repeat","background-position":"center center","background-size":"auto","background-attachment":"scroll","background-type":"","background-media":"","overlay-type":"","overlay-color":"","overlay-opacity":"","overlay-gradient":""}},"footnotes":""},"class_list":["post-58","page","type-page","status-publish","hentry"],"_links":{"self":[{"href":"https:\/\/artheodoc.fr\/index.php\/wp-json\/wp\/v2\/pages\/58","targetHints":{"allow":["GET"]}}],"collection":[{"href":"https:\/\/artheodoc.fr\/index.php\/wp-json\/wp\/v2\/pages"}],"about":[{"href":"https:\/\/artheodoc.fr\/index.php\/wp-json\/wp\/v2\/types\/page"}],"author":[{"embeddable":true,"href":"https:\/\/artheodoc.fr\/index.php\/wp-json\/wp\/v2\/users\/2"}],"replies":[{"embeddable":true,"href":"https:\/\/artheodoc.fr\/index.php\/wp-json\/wp\/v2\/comments?post=58"}],"version-history":[{"count":5,"href":"https:\/\/artheodoc.fr\/index.php\/wp-json\/wp\/v2\/pages\/58\/revisions"}],"predecessor-version":[{"id":1031,"href":"https:\/\/artheodoc.fr\/index.php\/wp-json\/wp\/v2\/pages\/58\/revisions\/1031"}],"wp:attachment":[{"href":"https:\/\/artheodoc.fr\/index.php\/wp-json\/wp\/v2\/media?parent=58"}],"curies":[{"name":"wp","href":"https:\/\/api.w.org\/{rel}","templated":true}]}}