{"id":69,"date":"2023-11-26T18:15:55","date_gmt":"2023-11-26T17:15:55","guid":{"rendered":"https:\/\/artheodoc.fr\/?page_id=69"},"modified":"2023-12-24T15:17:17","modified_gmt":"2023-12-24T14:17:17","slug":"ip-publique-et-noms-de-domaine","status":"publish","type":"page","link":"https:\/\/artheodoc.fr\/index.php\/ip-publique-et-noms-de-domaine\/","title":{"rendered":"IP publique et noms de domaine"},"content":{"rendered":"\n<p><strong>IP publique de la box<\/strong><\/p>\n\n\n\n<p>Pour acc\u00e9der \u00e0 la box depuis l\u2019ext\u00e9rieur on doit utiliser son adresse IP publique (en IPv4 dans notre cas). Cette adresse peut \u00eatre fixe ou dynamique.<\/p>\n\n\n\n<p>On peut conna\u00eetre son IP publique gr\u00e2ce \u00e0 des sites comme&nbsp;:<\/p>\n\n\n\n<p><a href=\"https:\/\/www.monippublique.com\/\" target=\"_blank\" rel=\"noreferrer noopener\">https:\/\/www.monippublique.com\/<\/a><\/p>\n\n\n\n<p><strong>Les noms de domaine<\/strong><\/p>\n\n\n\n<p>On peut associer des noms de domaine \u00e0 son IP publique sur des sites comme FreeDNS&nbsp;:<\/p>\n\n\n\n<p><a href=\"https:\/\/freedns.afraid.org\/\" target=\"_blank\" rel=\"noreferrer noopener\">https:\/\/freedns.afraid.org\/<\/a><\/p>\n\n\n\n<p>On doit cr\u00e9er un compte, on peut ensuite (<em>dans mon cas<\/em>) cr\u00e9er gratuitement un nom de sous domaine (<em>.mooo.com<\/em>).<\/p>\n\n\n\n<p>On peut apr\u00e8s un peu d&rsquo;attente faire un ping du nom de domaine pour v\u00e9rifier qu\u2019il est bien actif et associ\u00e9 \u00e0 la bonne adresse IP.<\/p>\n\n\n\n<p>Si votre IP publique n&rsquo;est pas fixe il faudra parfois la mettre \u00e0 jour pour son association avec le nom de domaine.<\/p>\n\n\n\n<p><strong>R\u00e8gles NAT de la box<\/strong><\/p>\n\n\n\n<p>Une r\u00e8gle NAT configur\u00e9e dans votre box permet d\u2019associer le port utilis\u00e9 \u00e0 l\u2019IP de votre serveur ou du pare-feu (IPFire dans notre cas) sur le r\u00e9seau local.<\/p>\n\n\n\n<p><strong>Les ports par d\u00e9faut<\/strong><\/p>\n\n\n\n<p>HTTP 80 &#8211; HTTPS 443 &#8211; SSH 22<\/p>\n\n\n\n<hr class=\"wp-block-separator has-alpha-channel-opacity is-style-wide\"\/>\n\n\n\n<p class=\"has-large-font-size\">Plus d&rsquo;informations<\/p>\n\n\n\n<p><a href=\"https:\/\/artheodoc.fr\/index.php\/changer-le-port-pour-ssh\/\" data-type=\"page\" data-id=\"50\" target=\"_blank\" rel=\"noreferrer noopener\">Changer le port pour SSH<\/a><\/p>\n","protected":false},"excerpt":{"rendered":"<p>IP publique de la box Pour acc\u00e9der \u00e0 la box depuis l\u2019ext\u00e9rieur on doit utiliser son adresse IP publique (en IPv4 dans notre cas). Cette adresse peut \u00eatre fixe ou dynamique. On peut conna\u00eetre son IP publique gr\u00e2ce \u00e0 des sites comme&nbsp;: https:\/\/www.monippublique.com\/ Les noms de domaine On peut associer des noms de domaine \u00e0 [&hellip;]<\/p>\n","protected":false},"author":2,"featured_media":0,"parent":0,"menu_order":0,"comment_status":"closed","ping_status":"closed","template":"","meta":{"site-sidebar-layout":"default","site-content-layout":"","ast-site-content-layout":"default","site-content-style":"default","site-sidebar-style":"default","ast-global-header-display":"","ast-banner-title-visibility":"","ast-main-header-display":"","ast-hfb-above-header-display":"","ast-hfb-below-header-display":"","ast-hfb-mobile-header-display":"","site-post-title":"","ast-breadcrumbs-content":"","ast-featured-img":"","footer-sml-layout":"","ast-disable-related-posts":"","theme-transparent-header-meta":"","adv-header-id-meta":"","stick-header-meta":"","header-above-stick-meta":"","header-main-stick-meta":"","header-below-stick-meta":"","astra-migrate-meta-layouts":"default","ast-page-background-enabled":"default","ast-page-background-meta":{"desktop":{"background-color":"var(--ast-global-color-4)","background-image":"","background-repeat":"repeat","background-position":"center center","background-size":"auto","background-attachment":"scroll","background-type":"","background-media":"","overlay-type":"","overlay-color":"","overlay-opacity":"","overlay-gradient":""},"tablet":{"background-color":"","background-image":"","background-repeat":"repeat","background-position":"center center","background-size":"auto","background-attachment":"scroll","background-type":"","background-media":"","overlay-type":"","overlay-color":"","overlay-opacity":"","overlay-gradient":""},"mobile":{"background-color":"","background-image":"","background-repeat":"repeat","background-position":"center center","background-size":"auto","background-attachment":"scroll","background-type":"","background-media":"","overlay-type":"","overlay-color":"","overlay-opacity":"","overlay-gradient":""}},"ast-content-background-meta":{"desktop":{"background-color":"var(--ast-global-color-5)","background-image":"","background-repeat":"repeat","background-position":"center center","background-size":"auto","background-attachment":"scroll","background-type":"","background-media":"","overlay-type":"","overlay-color":"","overlay-opacity":"","overlay-gradient":""},"tablet":{"background-color":"var(--ast-global-color-5)","background-image":"","background-repeat":"repeat","background-position":"center center","background-size":"auto","background-attachment":"scroll","background-type":"","background-media":"","overlay-type":"","overlay-color":"","overlay-opacity":"","overlay-gradient":""},"mobile":{"background-color":"var(--ast-global-color-5)","background-image":"","background-repeat":"repeat","background-position":"center center","background-size":"auto","background-attachment":"scroll","background-type":"","background-media":"","overlay-type":"","overlay-color":"","overlay-opacity":"","overlay-gradient":""}},"footnotes":""},"class_list":["post-69","page","type-page","status-publish","hentry"],"_links":{"self":[{"href":"https:\/\/artheodoc.fr\/index.php\/wp-json\/wp\/v2\/pages\/69","targetHints":{"allow":["GET"]}}],"collection":[{"href":"https:\/\/artheodoc.fr\/index.php\/wp-json\/wp\/v2\/pages"}],"about":[{"href":"https:\/\/artheodoc.fr\/index.php\/wp-json\/wp\/v2\/types\/page"}],"author":[{"embeddable":true,"href":"https:\/\/artheodoc.fr\/index.php\/wp-json\/wp\/v2\/users\/2"}],"replies":[{"embeddable":true,"href":"https:\/\/artheodoc.fr\/index.php\/wp-json\/wp\/v2\/comments?post=69"}],"version-history":[{"count":5,"href":"https:\/\/artheodoc.fr\/index.php\/wp-json\/wp\/v2\/pages\/69\/revisions"}],"predecessor-version":[{"id":278,"href":"https:\/\/artheodoc.fr\/index.php\/wp-json\/wp\/v2\/pages\/69\/revisions\/278"}],"wp:attachment":[{"href":"https:\/\/artheodoc.fr\/index.php\/wp-json\/wp\/v2\/media?parent=69"}],"curies":[{"name":"wp","href":"https:\/\/api.w.org\/{rel}","templated":true}]}}