{"id":790,"date":"2024-06-15T13:32:20","date_gmt":"2024-06-15T11:32:20","guid":{"rendered":"https:\/\/artheodoc.fr\/?page_id=790"},"modified":"2025-04-28T09:21:53","modified_gmt":"2025-04-28T07:21:53","slug":"creation-de-pages-et-darticles-avec-wordpress","status":"publish","type":"page","link":"https:\/\/artheodoc.fr\/index.php\/creation-de-pages-et-darticles-avec-wordpress\/","title":{"rendered":"Cr\u00e9ation de pages et d&rsquo;articles avec WordPress"},"content":{"rendered":"\n<p class=\"has-pale-ocean-gradient-background has-background\">Pr\u00e9c\u00e9demment, nous avons vu comment r\u00e9aliser l\u2019<a href=\"https:\/\/artheodoc.fr\/index.php\/installation-de-wordpress-sous-debian-12-dans-une-machine-virtuelle-sous-virtualbox\/\" data-type=\"page\" data-id=\"779\" target=\"_blank\" rel=\"noreferrer noopener\">installation du CMS WordPress sur un serveur sous Debian 12<\/a> avec le serveur WEB Apache, PHP et MariaDB. Dans un premier temps pour cette machine virtuelle (VirtualBox) pas de nom de domaine ni de certificat. Maintenant, il est temps de cr\u00e9er du contenu\u2026<\/p>\n\n\n\n<p>Quelques tutoriels pour vous aider \u00e0 cr\u00e9er vos pages et vos articles avec WordPress.<\/p>\n\n\n\n<div class=\"wp-block-columns is-layout-flex wp-container-core-columns-is-layout-28f84493 wp-block-columns-is-layout-flex\">\n<div class=\"wp-block-column is-layout-flow wp-block-column-is-layout-flow\" style=\"flex-basis:66.66%\">\n<p>Comment cr\u00e9er une page ou un article avec WordPress, comment les supprimer, mettre un lien sur la page d\u2019accueil vers une page ou un article, d\u00e9finir la page d\u2019accueil et la page des articles ?<\/p>\n\n\n\n<p><a href=\"https:\/\/artheodoc.fr\/wp-content\/uploads\/2025\/04\/Creer_une_page_ou_un_article_avec_WordPress.pdf\" data-type=\"attachment\" data-id=\"2058\" target=\"_blank\" rel=\"noreferrer noopener\">Cr\u00e9er une page ou un article avec WordPress<\/a><\/p>\n\n\n\n<p>Comment utiliser les blocs avec l\u2019\u00e9diteur Gutenberg et les d\u00e9placer&nbsp;?<\/p>\n\n\n\n<p><a href=\"https:\/\/artheodoc.fr\/wp-content\/uploads\/2025\/04\/Gutenberg_l_editeur_de_WordPress-Utiliser_les_blocs.pdf\" data-type=\"link\" data-id=\"https:\/\/artheodoc.fr\/wp-content\/uploads\/2025\/04\/Gutenberg_l_editeur_de_WordPress-Utiliser_les_blocs.pdf\" target=\"_blank\" rel=\"noreferrer noopener\">Gutenberg l\u2019\u00e9diteur de WordPress<\/a><\/p>\n\n\n\n<p>Comment ins\u00e9rer une image, la t\u00e9l\u00e9verser dans la m\u00e9diath\u00e8que&nbsp;?<\/p>\n\n\n\n<p><a href=\"https:\/\/artheodoc.fr\/wp-content\/uploads\/2024\/06\/Inserer_une_image_avec_WordPress.pdf\" data-type=\"link\" data-id=\"https:\/\/artheodoc.fr\/wp-content\/uploads\/2024\/06\/Inserer_une_image_avec_WordPress.pdf\" target=\"_blank\" rel=\"noreferrer noopener\">Ins\u00e9rer une image avec WordPress<\/a><\/p>\n\n\n\n<p class=\"has-medium-font-size\"><strong>Exemples d&rsquo;utilisations des blocs<\/strong><\/p>\n\n\n\n<p>Les blocs que j&rsquo;utilise ou que j&rsquo;ai utilis\u00e9s :<\/p>\n\n\n\n<p><a href=\"https:\/\/artheodoc.fr\/index.php\/les-blocs-dans-wordpress\/\" data-type=\"page\" data-id=\"2024\" target=\"_blank\" rel=\"noreferrer noopener\">Les blocs dans WordPress<\/a><\/p>\n<\/div>\n\n\n\n<div class=\"wp-block-column is-layout-flow wp-block-column-is-layout-flow\" style=\"flex-basis:33.33%\">\n<figure class=\"wp-block-image aligncenter size-full\"><img loading=\"lazy\" decoding=\"async\" width=\"266\" height=\"190\" src=\"https:\/\/artheodoc.fr\/wp-content\/uploads\/2024\/06\/logowordpress.png\" alt=\"\" class=\"wp-image-814\"\/><\/figure>\n<\/div>\n<\/div>\n\n\n\n<hr class=\"wp-block-separator has-alpha-channel-opacity is-style-wide\"\/>\n\n\n\n<p class=\"has-large-font-size\"><strong>Les vid\u00e9os<\/strong><\/p>\n\n\n\n<p class=\"has-medium-font-size\"><strong>Cr\u00e9ation avec WordPress d&rsquo;une page d&rsquo;accueil, d&rsquo;une page pour les articles, d&rsquo;un lien, d&rsquo;un menu, changer de th\u00e8me\u2026<\/strong><\/p>\n\n\n\n<figure class=\"wp-block-embed is-type-video is-provider-youtube wp-block-embed-youtube wp-embed-aspect-16-9 wp-has-aspect-ratio\"><div class=\"wp-block-embed__wrapper\">\n<iframe loading=\"lazy\" title=\"Premiers pas avec WordPress\" width=\"500\" height=\"281\" src=\"https:\/\/www.youtube.com\/embed\/4Fsvq0IkiUI?feature=oembed\" frameborder=\"0\" allow=\"accelerometer; autoplay; clipboard-write; encrypted-media; gyroscope; picture-in-picture; web-share\" referrerpolicy=\"strict-origin-when-cross-origin\" allowfullscreen><\/iframe>\n<\/div><\/figure>\n\n\n\n<p class=\"has-medium-font-size\"><strong>Comment d\u00e9placer les blocs dans WordPress ?<\/strong><\/p>\n\n\n\n<figure class=\"wp-block-embed is-type-video is-provider-youtube wp-block-embed-youtube wp-embed-aspect-16-9 wp-has-aspect-ratio\"><div class=\"wp-block-embed__wrapper\">\n<iframe loading=\"lazy\" title=\"D\u00e9placer les blocs dans WordPress\" width=\"500\" height=\"281\" src=\"https:\/\/www.youtube.com\/embed\/Zjeua3KUDWA?feature=oembed\" frameborder=\"0\" allow=\"accelerometer; autoplay; clipboard-write; encrypted-media; gyroscope; picture-in-picture; web-share\" referrerpolicy=\"strict-origin-when-cross-origin\" allowfullscreen><\/iframe>\n<\/div><\/figure>\n\n\n\n<p class=\"has-medium-font-size\"><strong>Design et couleurs dans WordPress. Quelques petits trucs&#8230;<\/strong><\/p>\n\n\n\n<figure class=\"wp-block-embed is-type-video is-provider-youtube wp-block-embed-youtube wp-embed-aspect-16-9 wp-has-aspect-ratio\"><div class=\"wp-block-embed__wrapper\">\n<iframe loading=\"lazy\" title=\"Design et couleurs dans WordPress\" width=\"500\" height=\"281\" src=\"https:\/\/www.youtube.com\/embed\/AASYjXsvffU?feature=oembed\" frameborder=\"0\" allow=\"accelerometer; autoplay; clipboard-write; encrypted-media; gyroscope; picture-in-picture; web-share\" referrerpolicy=\"strict-origin-when-cross-origin\" allowfullscreen><\/iframe>\n<\/div><\/figure>\n\n\n\n<hr class=\"wp-block-separator has-alpha-channel-opacity is-style-wide\"\/>\n\n\n\n<h2 class=\"wp-block-heading has-medium-font-size\"><strong>Plus d&rsquo;informations<\/strong><\/h2>\n\n\n\n<div class=\"wp-block-columns has-background is-layout-flex wp-container-core-columns-is-layout-28f84493 wp-block-columns-is-layout-flex\" style=\"background-color:#f3ede9\">\n<div class=\"wp-block-column is-layout-flow wp-block-column-is-layout-flow\">\n<p><a href=\"https:\/\/artheodoc.fr\/index.php\/mise-a-jour-de-wordpress-sans-utiliser-le-ftp\/\" data-type=\"page\" data-id=\"160\" target=\"_blank\" rel=\"noreferrer noopener\">Mise \u00e0 jour de WordPress sans utiliser le FTP<\/a><\/p>\n\n\n\n<p><a href=\"https:\/\/artheodoc.fr\/index.php\/pour-augmenter-le-poid-des-medias-pouvant-etre-utilises\/\" data-type=\"page\" data-id=\"178\" target=\"_blank\" rel=\"noreferrer noopener\">Pour augmenter le poid des m\u00e9dias pouvant \u00eatre utilis\u00e9s<\/a><\/p>\n\n\n\n<p><a href=\"https:\/\/artheodoc.fr\/index.php\/2024\/01\/28\/compression-video\/\" data-type=\"link\" data-id=\"https:\/\/artheodoc.fr\/index.php\/2024\/01\/28\/compression-video\/\" target=\"_blank\" rel=\"noreferrer noopener\">Compression vid\u00e9o<\/a><\/p>\n\n\n\n<p><a href=\"https:\/\/artheodoc.fr\/index.php\/2024\/02\/23\/pour-telecharger-des-fichiers-depuis-un-site-wordpress\/\" data-type=\"post\" data-id=\"570\" target=\"_blank\" rel=\"noreferrer noopener\">Pour t\u00e9l\u00e9charger des fichiers depuis un site WordPress<\/a><\/p>\n\n\n\n<p><a href=\"https:\/\/artheodoc.fr\/index.php\/2024\/02\/25\/integrer-un-pdf-dans-un-site-wordpress-avec-le-bloc-fichier\/\" data-type=\"post\" data-id=\"588\" target=\"_blank\" rel=\"noreferrer noopener\">Int\u00e9grer un PDF dans un site WordPress avec le bloc Fichier<\/a><\/p>\n<\/div>\n\n\n\n<div class=\"wp-block-column is-layout-flow wp-block-column-is-layout-flow\">\n<p><a href=\"https:\/\/artheodoc.fr\/index.php\/2024\/04\/11\/creation-dun-forum-avec-wordpress\/\" data-type=\"post\" data-id=\"667\" target=\"_blank\" rel=\"noreferrer noopener\">Cr\u00e9ation d&rsquo;un forum avec WordPress<\/a><\/p>\n\n\n\n<p><a href=\"https:\/\/artheodoc.fr\/index.php\/2024\/04\/11\/creation-de-la-faq-foire-aux-questions-avec-wordpress\/\" data-type=\"post\" data-id=\"671\" target=\"_blank\" rel=\"noreferrer noopener\">Cr\u00e9ation de la FAQ \u2013 Foire aux questions &#8211; avec WordPress<\/a><\/p>\n\n\n\n<p><a href=\"https:\/\/artheodoc.fr\/index.php\/2024\/04\/11\/afficher-un-shortcode-wordpress-sans-quil-soit-execute\/\" data-type=\"post\" data-id=\"674\" target=\"_blank\" rel=\"noreferrer noopener\">Afficher un shortcode WordPress sans qu&rsquo;il soit ex\u00e9cut\u00e9<\/a><\/p>\n<\/div>\n<\/div>\n\n\n<div class=\"wp-block-post-date__modified-date wp-block-post-date\"><time datetime=\"2025-04-28T09:21:53+02:00\">28 avril 2025<\/time><\/div>\n\n\n<p><\/p>\n","protected":false},"excerpt":{"rendered":"<p>Pr\u00e9c\u00e9demment, nous avons vu comment r\u00e9aliser l\u2019installation du CMS WordPress sur un serveur sous Debian 12 avec le serveur WEB Apache, PHP et MariaDB. Dans un premier temps pour cette machine virtuelle (VirtualBox) pas de nom de domaine ni de certificat. Maintenant, il est temps de cr\u00e9er du contenu\u2026 Quelques tutoriels pour vous aider \u00e0 [&hellip;]<\/p>\n","protected":false},"author":2,"featured_media":0,"parent":0,"menu_order":0,"comment_status":"closed","ping_status":"closed","template":"","meta":{"site-sidebar-layout":"default","site-content-layout":"","ast-site-content-layout":"default","site-content-style":"default","site-sidebar-style":"default","ast-global-header-display":"","ast-banner-title-visibility":"","ast-main-header-display":"","ast-hfb-above-header-display":"","ast-hfb-below-header-display":"","ast-hfb-mobile-header-display":"","site-post-title":"","ast-breadcrumbs-content":"","ast-featured-img":"","footer-sml-layout":"","ast-disable-related-posts":"","theme-transparent-header-meta":"","adv-header-id-meta":"","stick-header-meta":"","header-above-stick-meta":"","header-main-stick-meta":"","header-below-stick-meta":"","astra-migrate-meta-layouts":"default","ast-page-background-enabled":"default","ast-page-background-meta":{"desktop":{"background-color":"var(--ast-global-color-4)","background-image":"","background-repeat":"repeat","background-position":"center center","background-size":"auto","background-attachment":"scroll","background-type":"","background-media":"","overlay-type":"","overlay-color":"","overlay-opacity":"","overlay-gradient":""},"tablet":{"background-color":"","background-image":"","background-repeat":"repeat","background-position":"center center","background-size":"auto","background-attachment":"scroll","background-type":"","background-media":"","overlay-type":"","overlay-color":"","overlay-opacity":"","overlay-gradient":""},"mobile":{"background-color":"","background-image":"","background-repeat":"repeat","background-position":"center center","background-size":"auto","background-attachment":"scroll","background-type":"","background-media":"","overlay-type":"","overlay-color":"","overlay-opacity":"","overlay-gradient":""}},"ast-content-background-meta":{"desktop":{"background-color":"var(--ast-global-color-5)","background-image":"","background-repeat":"repeat","background-position":"center center","background-size":"auto","background-attachment":"scroll","background-type":"","background-media":"","overlay-type":"","overlay-color":"","overlay-opacity":"","overlay-gradient":""},"tablet":{"background-color":"var(--ast-global-color-5)","background-image":"","background-repeat":"repeat","background-position":"center center","background-size":"auto","background-attachment":"scroll","background-type":"","background-media":"","overlay-type":"","overlay-color":"","overlay-opacity":"","overlay-gradient":""},"mobile":{"background-color":"var(--ast-global-color-5)","background-image":"","background-repeat":"repeat","background-position":"center center","background-size":"auto","background-attachment":"scroll","background-type":"","background-media":"","overlay-type":"","overlay-color":"","overlay-opacity":"","overlay-gradient":""}},"footnotes":""},"class_list":["post-790","page","type-page","status-publish","hentry"],"_links":{"self":[{"href":"https:\/\/artheodoc.fr\/index.php\/wp-json\/wp\/v2\/pages\/790","targetHints":{"allow":["GET"]}}],"collection":[{"href":"https:\/\/artheodoc.fr\/index.php\/wp-json\/wp\/v2\/pages"}],"about":[{"href":"https:\/\/artheodoc.fr\/index.php\/wp-json\/wp\/v2\/types\/page"}],"author":[{"embeddable":true,"href":"https:\/\/artheodoc.fr\/index.php\/wp-json\/wp\/v2\/users\/2"}],"replies":[{"embeddable":true,"href":"https:\/\/artheodoc.fr\/index.php\/wp-json\/wp\/v2\/comments?post=790"}],"version-history":[{"count":28,"href":"https:\/\/artheodoc.fr\/index.php\/wp-json\/wp\/v2\/pages\/790\/revisions"}],"predecessor-version":[{"id":2090,"href":"https:\/\/artheodoc.fr\/index.php\/wp-json\/wp\/v2\/pages\/790\/revisions\/2090"}],"wp:attachment":[{"href":"https:\/\/artheodoc.fr\/index.php\/wp-json\/wp\/v2\/media?parent=790"}],"curies":[{"name":"wp","href":"https:\/\/api.w.org\/{rel}","templated":true}]}}