{"id":889,"date":"2024-06-30T10:04:35","date_gmt":"2024-06-30T08:04:35","guid":{"rendered":"https:\/\/artheodoc.fr\/?page_id=889"},"modified":"2025-03-08T11:27:08","modified_gmt":"2025-03-08T10:27:08","slug":"installation-de-wordpress-sur-le-site-avec-nom-de-domaine-et-certificat","status":"publish","type":"page","link":"https:\/\/artheodoc.fr\/index.php\/installation-de-wordpress-sur-le-site-avec-nom-de-domaine-et-certificat\/","title":{"rendered":"Installation de WordPress sur le site avec nom de domaine et certificat"},"content":{"rendered":"\n<p>Pr\u00e9c\u00e9demment, nous avons configur\u00e9 le serveur WEB Apache avec un nom de domaine et un certificat. Nous allons poursuivre avec l\u2019installation du CMS WordPress.<\/p>\n\n\n\n<p><a href=\"https:\/\/artheodoc.fr\/wp-content\/uploads\/2024\/06\/Installation_de_WordPress_apres_configuration_du_nom_de_domaine_et_du_certificat.pdf\" data-type=\"link\" data-id=\"https:\/\/artheodoc.fr\/wp-content\/uploads\/2024\/06\/Installation_de_WordPress_apres_configuration_du_nom_de_domaine_et_du_certificat.pdf\" target=\"_blank\" rel=\"noreferrer noopener\">Installation de WordPress apr\u00e8s configuration du nom de domaine et du certificat<\/a><\/p>\n\n\n\n<hr class=\"wp-block-separator has-alpha-channel-opacity is-style-wide\"\/>\n\n\n\n<p class=\"has-medium-font-size\"><strong>Plus d\u2019informations<\/strong><\/p>\n\n\n\n<p><a href=\"https:\/\/artheodoc.fr\/index.php\/utilisation-de-putty-depuis-le-reseau-local-ou-a-distance\/\" data-type=\"page\" data-id=\"54\" target=\"_blank\" rel=\"noreferrer noopener\">Utilisation de PuTTY depuis le r\u00e9seau local ou \u00e0 distance<\/a><\/p>\n\n\n\n<p><a href=\"https:\/\/artheodoc.fr\/index.php\/utilisation-de-filezilla-depuis-le-reseau-local-ou-a-distance\/\" data-type=\"page\" data-id=\"58\" target=\"_blank\" rel=\"noreferrer noopener\">Utilisation de FileZilla depuis le r\u00e9seau local ou \u00e0 distance<\/a><\/p>\n\n\n\n<p>Dans la page sur les commandes Shell Linux, vous trouverez des informations sur l\u2019utilisation de Nano.<\/p>\n\n\n\n<p><a href=\"https:\/\/artheodoc.fr\/index.php\/commandes-shell-linux\/\" data-type=\"page\" data-id=\"11\" target=\"_blank\" rel=\"noreferrer noopener\">Commandes Shell Linux<\/a><\/p>\n\n\n\n<p><a href=\"https:\/\/artheodoc.fr\/index.php\/securisation-de-linstallation-de-mariadb\/\" data-type=\"page\" data-id=\"66\" target=\"_blank\" rel=\"noreferrer noopener\">S\u00e9curisation de l\u2019installation de MariaDB<\/a><\/p>\n\n\n<div class=\"wp-block-post-date\"><time datetime=\"2024-06-30T10:04:35+02:00\">30 juin 2024<\/time><\/div>","protected":false},"excerpt":{"rendered":"<p>Pr\u00e9c\u00e9demment, nous avons configur\u00e9 le serveur WEB Apache avec un nom de domaine et un certificat. Nous allons poursuivre avec l\u2019installation du CMS WordPress. Installation de WordPress apr\u00e8s configuration du nom de domaine et du certificat Plus d\u2019informations Utilisation de PuTTY depuis le r\u00e9seau local ou \u00e0 distance Utilisation de FileZilla depuis le r\u00e9seau local [&hellip;]<\/p>\n","protected":false},"author":2,"featured_media":0,"parent":0,"menu_order":0,"comment_status":"closed","ping_status":"closed","template":"","meta":{"site-sidebar-layout":"default","site-content-layout":"","ast-site-content-layout":"default","site-content-style":"default","site-sidebar-style":"default","ast-global-header-display":"","ast-banner-title-visibility":"","ast-main-header-display":"","ast-hfb-above-header-display":"","ast-hfb-below-header-display":"","ast-hfb-mobile-header-display":"","site-post-title":"","ast-breadcrumbs-content":"","ast-featured-img":"","footer-sml-layout":"","ast-disable-related-posts":"","theme-transparent-header-meta":"","adv-header-id-meta":"","stick-header-meta":"","header-above-stick-meta":"","header-main-stick-meta":"","header-below-stick-meta":"","astra-migrate-meta-layouts":"default","ast-page-background-enabled":"default","ast-page-background-meta":{"desktop":{"background-color":"var(--ast-global-color-4)","background-image":"","background-repeat":"repeat","background-position":"center center","background-size":"auto","background-attachment":"scroll","background-type":"","background-media":"","overlay-type":"","overlay-color":"","overlay-opacity":"","overlay-gradient":""},"tablet":{"background-color":"","background-image":"","background-repeat":"repeat","background-position":"center center","background-size":"auto","background-attachment":"scroll","background-type":"","background-media":"","overlay-type":"","overlay-color":"","overlay-opacity":"","overlay-gradient":""},"mobile":{"background-color":"","background-image":"","background-repeat":"repeat","background-position":"center center","background-size":"auto","background-attachment":"scroll","background-type":"","background-media":"","overlay-type":"","overlay-color":"","overlay-opacity":"","overlay-gradient":""}},"ast-content-background-meta":{"desktop":{"background-color":"var(--ast-global-color-5)","background-image":"","background-repeat":"repeat","background-position":"center center","background-size":"auto","background-attachment":"scroll","background-type":"","background-media":"","overlay-type":"","overlay-color":"","overlay-opacity":"","overlay-gradient":""},"tablet":{"background-color":"var(--ast-global-color-5)","background-image":"","background-repeat":"repeat","background-position":"center center","background-size":"auto","background-attachment":"scroll","background-type":"","background-media":"","overlay-type":"","overlay-color":"","overlay-opacity":"","overlay-gradient":""},"mobile":{"background-color":"var(--ast-global-color-5)","background-image":"","background-repeat":"repeat","background-position":"center center","background-size":"auto","background-attachment":"scroll","background-type":"","background-media":"","overlay-type":"","overlay-color":"","overlay-opacity":"","overlay-gradient":""}},"footnotes":""},"class_list":["post-889","page","type-page","status-publish","hentry"],"_links":{"self":[{"href":"https:\/\/artheodoc.fr\/index.php\/wp-json\/wp\/v2\/pages\/889","targetHints":{"allow":["GET"]}}],"collection":[{"href":"https:\/\/artheodoc.fr\/index.php\/wp-json\/wp\/v2\/pages"}],"about":[{"href":"https:\/\/artheodoc.fr\/index.php\/wp-json\/wp\/v2\/types\/page"}],"author":[{"embeddable":true,"href":"https:\/\/artheodoc.fr\/index.php\/wp-json\/wp\/v2\/users\/2"}],"replies":[{"embeddable":true,"href":"https:\/\/artheodoc.fr\/index.php\/wp-json\/wp\/v2\/comments?post=889"}],"version-history":[{"count":3,"href":"https:\/\/artheodoc.fr\/index.php\/wp-json\/wp\/v2\/pages\/889\/revisions"}],"predecessor-version":[{"id":1913,"href":"https:\/\/artheodoc.fr\/index.php\/wp-json\/wp\/v2\/pages\/889\/revisions\/1913"}],"wp:attachment":[{"href":"https:\/\/artheodoc.fr\/index.php\/wp-json\/wp\/v2\/media?parent=889"}],"curies":[{"name":"wp","href":"https:\/\/api.w.org\/{rel}","templated":true}]}}