{"id":951,"date":"2024-07-17T08:59:06","date_gmt":"2024-07-17T06:59:06","guid":{"rendered":"https:\/\/artheodoc.fr\/?page_id=951"},"modified":"2024-07-17T08:59:06","modified_gmt":"2024-07-17T06:59:06","slug":"installation-de-debian-12-dans-une-machine-virtuelle-sous-virtualbox","status":"publish","type":"page","link":"https:\/\/artheodoc.fr\/index.php\/installation-de-debian-12-dans-une-machine-virtuelle-sous-virtualbox\/","title":{"rendered":"Installation de Debian 12 dans une machine virtuelle sous VirtualBox"},"content":{"rendered":"\n<p class=\"has-medium-font-size\"><strong>1 &#8211; Cr\u00e9ation et configuration de la machine virtuelle dans VirtualBox<\/strong><\/p>\n\n\n\n<p>Tutoriel au format PDF, l&rsquo;interface de VirtualBox peut \u00eatre diff\u00e9rente dans votre cas.<\/p>\n\n\n\n<p><a href=\"https:\/\/artheodoc.fr\/wp-content\/uploads\/2024\/06\/Creation_de_la_machine_virtuelle_sous_Debian_12_dans_VirtualBox.pdf\" data-type=\"link\" data-id=\"https:\/\/artheodoc.fr\/wp-content\/uploads\/2024\/06\/Creation_de_la_machine_virtuelle_sous_Debian_12_dans_VirtualBox.pdf\" target=\"_blank\" rel=\"noreferrer noopener\">Cr\u00e9ation de la machine virtuelle sous Debian 12 dans VirtualBox<\/a><\/p>\n\n\n\n<p class=\"has-medium-font-size\"><strong>2 &#8211; Installation d&rsquo;un serveur sous Debian sans interface graphique<\/strong><\/p>\n\n\n\n<p>Dans la vid\u00e9o qui suit on voit comment installer Debian 11 sans interface graphique avec les serveurs WEB Apache et SSH. La proc\u00e9dure est identique pour Debian 12.<\/p>\n\n\n\n<p class=\"has-text-align-center has-vivid-red-color has-text-color has-link-color has-medium-font-size wp-elements-f293abf752b1d1c59bdd1a79e53a1f86\"><strong>\u00c0 vous de r\u00e9aliser la m\u00eame chose sous Debian 12<\/strong>.<\/p>\n\n\n\n<figure class=\"wp-block-embed is-type-video is-provider-youtube wp-block-embed-youtube wp-embed-aspect-16-9 wp-has-aspect-ratio\"><div class=\"wp-block-embed__wrapper\">\n<iframe loading=\"lazy\" title=\"Installation de Debian11 sans interface graphique pour un serveur (VirtualBox)\" width=\"500\" height=\"281\" src=\"https:\/\/www.youtube.com\/embed\/Bt5k4nV5coI?feature=oembed\" frameborder=\"0\" allow=\"accelerometer; autoplay; clipboard-write; encrypted-media; gyroscope; picture-in-picture; web-share\" referrerpolicy=\"strict-origin-when-cross-origin\" allowfullscreen><\/iframe>\n<\/div><\/figure>\n\n\n\n<p class=\"has-medium-font-size\"><strong>3 &#8211; Param\u00e9trages de la machine virtuelle sous Debian 12<\/strong><\/p>\n\n\n\n<p>Si votre Debian n\u2019a plus acc\u00e8s aux lignes de commandes m\u00eame en root, c\u2019est probablement d\u00fb \u00e0 la variable d\u2019environnement PATH. Remplacez l\u2019utilisateur <em>dominique<\/em> par le votre.<\/p>\n\n\n\n<p><a href=\"https:\/\/artheodoc.fr\/index.php\/modification-de-la-variable-denvironnement-path-pour-pouvoir-utiliser-les-commandes-du-shell\/\" data-type=\"page\" data-id=\"34\" target=\"_blank\" rel=\"noreferrer noopener\">Modification de la variable d\u2019environnement PATH pour pouvoir utiliser les commandes du Shell<\/a><\/p>\n\n\n\n<p>Commentez la ligne concernant le CD-ROM si n\u00e9cessaire (Debian 11 ou 12).<\/p>\n\n\n\n<p><a href=\"https:\/\/artheodoc.fr\/index.php\/modification-du-fichier-sources-list-sous-debian-11\/\" data-type=\"page\" data-id=\"38\" target=\"_blank\" rel=\"noreferrer noopener\">Modification du fichier sources.list sous Debian 11<\/a><\/p>\n\n\n\n<p>On peut par exemple dans un premier temps utiliser l\u2019IP <em>192.168.1.100<\/em> (pour les exercices suivants, nous pourrons choisir d\u2019autres IP sur notre r\u00e9seau local) avec le masque de sous-r\u00e9seau 255.255.255.0 la passerelle est 192.168.1.1 (box orange). Voir si vous devez r\u00e9duire la plage DHCP de votre box internet. \u00c0 vous d\u2019adapter le tutoriel qui suit. Faites attention au nom de votre interface r\u00e9seau. Par la suite, si on multiplie les installations, il faudra utiliser d\u2019autres IP du r\u00e9seau local. La proc\u00e9dure est la m\u00eame pour Debian 11 et 12.<\/p>\n\n\n\n<p><a href=\"https:\/\/artheodoc.fr\/index.php\/exemple-de-parametrages-en-ip-fixe-sous-debian-11\/\" data-type=\"page\" data-id=\"41\" target=\"_blank\" rel=\"noreferrer noopener\">Exemple de param\u00e9trages en IP fixe sous Debian 11<\/a><\/p>\n\n\n\n<p class=\"has-text-align-center has-vivid-red-color has-pale-ocean-gradient-background has-text-color has-background has-link-color has-medium-font-size wp-elements-e9d67f04e4bfac6a20f664db36f0351b\"><strong>Voil\u00e0&nbsp;! Notre machine virtuelle est configur\u00e9e. Nous aurons l\u2019occasion de r\u00e9aliser \u00e0 nouveau cette proc\u00e9dure pour d\u2019autres installations de serveurs.<\/strong><\/p>\n","protected":false},"excerpt":{"rendered":"<p>1 &#8211; Cr\u00e9ation et configuration de la machine virtuelle dans VirtualBox Tutoriel au format PDF, l&rsquo;interface de VirtualBox peut \u00eatre diff\u00e9rente dans votre cas. Cr\u00e9ation de la machine virtuelle sous Debian 12 dans VirtualBox 2 &#8211; Installation d&rsquo;un serveur sous Debian sans interface graphique Dans la vid\u00e9o qui suit on voit comment installer Debian 11 [&hellip;]<\/p>\n","protected":false},"author":2,"featured_media":0,"parent":0,"menu_order":0,"comment_status":"closed","ping_status":"closed","template":"","meta":{"site-sidebar-layout":"default","site-content-layout":"","ast-site-content-layout":"default","site-content-style":"default","site-sidebar-style":"default","ast-global-header-display":"","ast-banner-title-visibility":"","ast-main-header-display":"","ast-hfb-above-header-display":"","ast-hfb-below-header-display":"","ast-hfb-mobile-header-display":"","site-post-title":"","ast-breadcrumbs-content":"","ast-featured-img":"","footer-sml-layout":"","ast-disable-related-posts":"","theme-transparent-header-meta":"","adv-header-id-meta":"","stick-header-meta":"","header-above-stick-meta":"","header-main-stick-meta":"","header-below-stick-meta":"","astra-migrate-meta-layouts":"default","ast-page-background-enabled":"default","ast-page-background-meta":{"desktop":{"background-color":"var(--ast-global-color-4)","background-image":"","background-repeat":"repeat","background-position":"center center","background-size":"auto","background-attachment":"scroll","background-type":"","background-media":"","overlay-type":"","overlay-color":"","overlay-opacity":"","overlay-gradient":""},"tablet":{"background-color":"","background-image":"","background-repeat":"repeat","background-position":"center center","background-size":"auto","background-attachment":"scroll","background-type":"","background-media":"","overlay-type":"","overlay-color":"","overlay-opacity":"","overlay-gradient":""},"mobile":{"background-color":"","background-image":"","background-repeat":"repeat","background-position":"center center","background-size":"auto","background-attachment":"scroll","background-type":"","background-media":"","overlay-type":"","overlay-color":"","overlay-opacity":"","overlay-gradient":""}},"ast-content-background-meta":{"desktop":{"background-color":"var(--ast-global-color-5)","background-image":"","background-repeat":"repeat","background-position":"center center","background-size":"auto","background-attachment":"scroll","background-type":"","background-media":"","overlay-type":"","overlay-color":"","overlay-opacity":"","overlay-gradient":""},"tablet":{"background-color":"var(--ast-global-color-5)","background-image":"","background-repeat":"repeat","background-position":"center center","background-size":"auto","background-attachment":"scroll","background-type":"","background-media":"","overlay-type":"","overlay-color":"","overlay-opacity":"","overlay-gradient":""},"mobile":{"background-color":"var(--ast-global-color-5)","background-image":"","background-repeat":"repeat","background-position":"center center","background-size":"auto","background-attachment":"scroll","background-type":"","background-media":"","overlay-type":"","overlay-color":"","overlay-opacity":"","overlay-gradient":""}},"footnotes":""},"class_list":["post-951","page","type-page","status-publish","hentry"],"_links":{"self":[{"href":"https:\/\/artheodoc.fr\/index.php\/wp-json\/wp\/v2\/pages\/951","targetHints":{"allow":["GET"]}}],"collection":[{"href":"https:\/\/artheodoc.fr\/index.php\/wp-json\/wp\/v2\/pages"}],"about":[{"href":"https:\/\/artheodoc.fr\/index.php\/wp-json\/wp\/v2\/types\/page"}],"author":[{"embeddable":true,"href":"https:\/\/artheodoc.fr\/index.php\/wp-json\/wp\/v2\/users\/2"}],"replies":[{"embeddable":true,"href":"https:\/\/artheodoc.fr\/index.php\/wp-json\/wp\/v2\/comments?post=951"}],"version-history":[{"count":1,"href":"https:\/\/artheodoc.fr\/index.php\/wp-json\/wp\/v2\/pages\/951\/revisions"}],"predecessor-version":[{"id":952,"href":"https:\/\/artheodoc.fr\/index.php\/wp-json\/wp\/v2\/pages\/951\/revisions\/952"}],"wp:attachment":[{"href":"https:\/\/artheodoc.fr\/index.php\/wp-json\/wp\/v2\/media?parent=951"}],"curies":[{"name":"wp","href":"https:\/\/api.w.org\/{rel}","templated":true}]}}