{"id":972,"date":"2024-07-19T10:43:45","date_gmt":"2024-07-19T08:43:45","guid":{"rendered":"https:\/\/artheodoc.fr\/?page_id=972"},"modified":"2024-11-08T08:01:02","modified_gmt":"2024-11-08T07:01:02","slug":"lediteur-de-texte-nano","status":"publish","type":"page","link":"https:\/\/artheodoc.fr\/index.php\/lediteur-de-texte-nano\/","title":{"rendered":"L\u2019\u00e9diteur de texte\u00a0Nano"},"content":{"rendered":"\n<p>Nano est un \u00e9diteur de texte pour Linux simple \u00e0 utiliser depuis le terminal (utile quand on n\u2019a pas d\u2019interface graphique d\u2019install\u00e9e). Je l\u2019utilise pour modifier des fichiers de configuration ou des scripts Shell.<\/p>\n\n\n\n<p>Pour Ubuntu, normalement, Nano est d\u00e9j\u00e0 install\u00e9 sur votre syst\u00e8me.<\/p>\n\n\n\n<p>Si Nano n\u2019est pas pr\u00e9sent sur votre syst\u00e8me (par exemple pour Ubuntu, Debian), il suffit d\u2019installer le paquet nano&nbsp;:<\/p>\n\n\n\n<p>Pour Ubuntu avec sudo<\/p>\n\n\n\n<pre class=\"wp-block-preformatted\"><strong>sudo apt-get install nano<\/strong><\/pre>\n\n\n\n<p>Pour Debian en administrateur (root)<\/p>\n\n\n\n<pre class=\"wp-block-preformatted\"><strong>apt-get install nano<\/strong><\/pre>\n\n\n\n<p>Sous Alpine Linux<\/p>\n\n\n\n<p>Pour v\u00e9rifier si le paquet nano est install\u00e9, la commande affichera son nom :<\/p>\n\n\n\n<pre class=\"wp-block-preformatted\"><strong>apk info -e nano<\/strong><\/pre>\n\n\n\n<p>Intallation de nano en administrateur (root)<\/p>\n\n\n\n<pre class=\"wp-block-preformatted\"><strong>apk add nano<\/strong><\/pre>\n\n\n\n<p>Pour ouvrir un fichier avec nano&nbsp;:<\/p>\n\n\n\n<pre class=\"wp-block-preformatted\"><strong>nano <em>nomdufichier<\/em><\/strong><\/pre>\n\n\n\n<p>Si vous ne vous trouvez pas dans le dossier contenant le fichier, vous pouvez utiliser un chemin relatif ou absolu.<\/p>\n\n\n\n<p>Apr\u00e8s avoir modifi\u00e9 votre fichier vous pouvez enregistrer les modifications et quitter Nano&nbsp;:<\/p>\n\n\n\n<p>[Ctrl] + [X]<\/p>\n\n\n\n<p>[O]<\/p>\n\n\n\n<p>[Entr\u00e9e]<\/p>\n\n\n\n<p>Pour rechercher une cha\u00eene de caract\u00e8res :<\/p>\n\n\n\n<p>[Ctrl] + [W]<\/p>\n\n\n\n<p>Pour v\u00e9rifier le contenu votre fichier vous pouvez utiliser la commande cat qui permet de visualiser son contenu&nbsp;:<\/p>\n\n\n\n<pre class=\"wp-block-preformatted\"><strong>cat <em>nomdufichier<\/em><\/strong><\/pre>\n\n\n\n<p><\/p>\n","protected":false},"excerpt":{"rendered":"<p>Nano est un \u00e9diteur de texte pour Linux simple \u00e0 utiliser depuis le terminal (utile quand on n\u2019a pas d\u2019interface graphique d\u2019install\u00e9e). Je l\u2019utilise pour modifier des fichiers de configuration ou des scripts Shell. Pour Ubuntu, normalement, Nano est d\u00e9j\u00e0 install\u00e9 sur votre syst\u00e8me. Si Nano n\u2019est pas pr\u00e9sent sur votre syst\u00e8me (par exemple pour [&hellip;]<\/p>\n","protected":false},"author":2,"featured_media":0,"parent":0,"menu_order":0,"comment_status":"closed","ping_status":"closed","template":"","meta":{"site-sidebar-layout":"default","site-content-layout":"","ast-site-content-layout":"default","site-content-style":"default","site-sidebar-style":"default","ast-global-header-display":"","ast-banner-title-visibility":"","ast-main-header-display":"","ast-hfb-above-header-display":"","ast-hfb-below-header-display":"","ast-hfb-mobile-header-display":"","site-post-title":"","ast-breadcrumbs-content":"","ast-featured-img":"","footer-sml-layout":"","ast-disable-related-posts":"","theme-transparent-header-meta":"","adv-header-id-meta":"","stick-header-meta":"","header-above-stick-meta":"","header-main-stick-meta":"","header-below-stick-meta":"","astra-migrate-meta-layouts":"default","ast-page-background-enabled":"default","ast-page-background-meta":{"desktop":{"background-color":"var(--ast-global-color-4)","background-image":"","background-repeat":"repeat","background-position":"center center","background-size":"auto","background-attachment":"scroll","background-type":"","background-media":"","overlay-type":"","overlay-color":"","overlay-opacity":"","overlay-gradient":""},"tablet":{"background-color":"","background-image":"","background-repeat":"repeat","background-position":"center center","background-size":"auto","background-attachment":"scroll","background-type":"","background-media":"","overlay-type":"","overlay-color":"","overlay-opacity":"","overlay-gradient":""},"mobile":{"background-color":"","background-image":"","background-repeat":"repeat","background-position":"center center","background-size":"auto","background-attachment":"scroll","background-type":"","background-media":"","overlay-type":"","overlay-color":"","overlay-opacity":"","overlay-gradient":""}},"ast-content-background-meta":{"desktop":{"background-color":"var(--ast-global-color-5)","background-image":"","background-repeat":"repeat","background-position":"center center","background-size":"auto","background-attachment":"scroll","background-type":"","background-media":"","overlay-type":"","overlay-color":"","overlay-opacity":"","overlay-gradient":""},"tablet":{"background-color":"var(--ast-global-color-5)","background-image":"","background-repeat":"repeat","background-position":"center center","background-size":"auto","background-attachment":"scroll","background-type":"","background-media":"","overlay-type":"","overlay-color":"","overlay-opacity":"","overlay-gradient":""},"mobile":{"background-color":"var(--ast-global-color-5)","background-image":"","background-repeat":"repeat","background-position":"center center","background-size":"auto","background-attachment":"scroll","background-type":"","background-media":"","overlay-type":"","overlay-color":"","overlay-opacity":"","overlay-gradient":""}},"footnotes":""},"class_list":["post-972","page","type-page","status-publish","hentry"],"_links":{"self":[{"href":"https:\/\/artheodoc.fr\/index.php\/wp-json\/wp\/v2\/pages\/972","targetHints":{"allow":["GET"]}}],"collection":[{"href":"https:\/\/artheodoc.fr\/index.php\/wp-json\/wp\/v2\/pages"}],"about":[{"href":"https:\/\/artheodoc.fr\/index.php\/wp-json\/wp\/v2\/types\/page"}],"author":[{"embeddable":true,"href":"https:\/\/artheodoc.fr\/index.php\/wp-json\/wp\/v2\/users\/2"}],"replies":[{"embeddable":true,"href":"https:\/\/artheodoc.fr\/index.php\/wp-json\/wp\/v2\/comments?post=972"}],"version-history":[{"count":5,"href":"https:\/\/artheodoc.fr\/index.php\/wp-json\/wp\/v2\/pages\/972\/revisions"}],"predecessor-version":[{"id":1431,"href":"https:\/\/artheodoc.fr\/index.php\/wp-json\/wp\/v2\/pages\/972\/revisions\/1431"}],"wp:attachment":[{"href":"https:\/\/artheodoc.fr\/index.php\/wp-json\/wp\/v2\/media?parent=972"}],"curies":[{"name":"wp","href":"https:\/\/api.w.org\/{rel}","templated":true}]}}